{"id":6,"date":"2024-02-11T10:10:31","date_gmt":"2024-02-11T10:10:31","guid":{"rendered":"https:\/\/jetx-player.com\/?page_id=6"},"modified":"2024-02-28T20:04:10","modified_gmt":"2024-02-28T20:04:10","slug":"play-lucky-jet","status":"publish","type":"page","link":"https:\/\/jetx-player.com\/ro\/","title":{"rendered":"Joac\u0103 Lucky Jet"},"content":{"rendered":"<p>Jocul Lucky Jet este unic pe pia\u021ba jocurilor de noroc. Unicitatea sa const\u0103 \u00een faptul c\u0103 este unul dintre pu\u021binele jocuri de noroc \u00een care juc\u0103torii pot verifica corectitudinea jocului.<\/p>\n<p>\u00cen jocul Lucky Jet, juc\u0103torii pariaz\u0103 pe c\u00e2t de sus va zbura Lucky Joe. Cu c\u00e2t zborul dureaz\u0103 mai mult, cu at\u00e2t coeficientul este mai mare, iar astfel c\u00e2\u0219tigurile poten\u021biale sunt mai mari. Dar dac\u0103 Lucky Joe zboar\u0103 departe \u0219i nu reu\u0219i\u021bi s\u0103 v\u0103 retrage\u021bi pariu \u00een timp util, pariul este pierdut, iar banii sunt pierdu\u021bi.<\/p>\n<p>Jocul Lucky Jet a c\u00e2\u0219tigat popularitate datorit\u0103 simplit\u0103\u021bii sale, jocului captivant \u0219i posibilit\u0103\u021bii pentru juc\u0103tori de a controla momentul \u00een care \u00ee\u0219i revendic\u0103 c\u00e2\u0219tigurile. Aceasta creeaz\u0103 un element de strategie, deoarece juc\u0103torii trebuie s\u0103 decid\u0103 c\u00e2nd este cel mai bun moment pentru a-\u0219i revendica c\u00e2\u0219tigurile \u00eenainte ca obiectul s\u0103 zboare departe.<\/p>\n<h2><strong>Cum s\u0103 joci Lucky Jet?<\/strong><\/h2>\n<p>Jocul are loc \u00een timp real. Sarcina ta este s\u0103 plasezi o pariu \u0219i s\u0103 urm\u0103re\u0219ti cum Lucky Joe \u00ee\u0219i \u00eencepe zborul. Cu c\u00e2t urc\u0103 mai sus, cu at\u00e2t sunt mai mari c\u00e2\u0219tigurile tale poten\u021biale. Dar aminte\u0219te-\u021bi: trebuie s\u0103 \u00ee\u021bi retragi c\u00e2\u0219tigurile \u00eenainte ca Lucky Jet s\u0103 zboare departe! Intui\u021bia ta \u0219i abilitatea de a prevedea momentul perfect pentru a te opri sunt cheia succesului.<\/p>\n<h2><strong>Caracteristici ale jocului Lucky Jet:<\/strong><\/h2>\n<ul>\n<li><strong>Recompense instantanee:<\/strong> C\u00e2\u0219tigurile sunt pl\u0103tite instantaneu, iar tu le po\u021bi folosi imediat pentru alte jocuri sau le po\u021bi retrage \u00een contul t\u0103u. Retragerea banilor dintr-un cazinou online pe cardul t\u0103u bancar poate dura ceva timp, \u00een func\u021bie de banc\u0103, \u021bar\u0103 \u0219i moned\u0103.<\/li>\n<li><strong>Simplitate \u0219i comoditate:<\/strong> Jocul este u\u0219or de \u00eenv\u0103\u021bat pentru \u00eencep\u0103tori, oferind \u00een acela\u0219i timp oportunit\u0103\u021bi strategice profunde pentru juc\u0103torii experimenta\u021bi. Este un joc de c\u0103dere foarte clar \u0219i atr\u0103g\u0103tor.<\/li>\n<li><strong>Comunicare cu al\u021bi juc\u0103tori:<\/strong> Conversa\u021bi cu al\u021bi juc\u0103tori, \u00eemp\u0103rt\u0103\u0219i\u021bi strategii \u0219i bucura\u021bi-v\u0103 \u00eempreun\u0103 cu c\u00e2\u0219tig\u0103torii. Dar aminte\u0219te-\u021bi s\u0103 respec\u021bi ceilal\u021bi juc\u0103tori, deoarece orice negativitate va fi rapid blocat\u0103 de administratorii chatului.<\/li>\n<li><strong>Siguran\u021b\u0103 \u0219i corectitudine:<\/strong> Garant\u0103m transparen\u021ba complet\u0103 \u0219i corectitudinea jocului, datorit\u0103 unui generator de numere aleatorii certificat. Po\u021bi fi sigur de corectitudinea jocului Lucky Jet. Pe site, vei g\u0103si o sec\u021biune separat\u0103 despre corectitudinea jocului Lucky Jet.<\/li>\n<\/ul>\n<h2><strong>De ce s\u0103 joci Lucky Jet?<\/strong><\/h2>\n<p>Lucky Jet nu este doar un joc. Este o oportunitate de a-\u021bi testa norocul, de a sim\u021bi emo\u021bia riscului \u0219i poate de a c\u00e2\u0219tiga o sum\u0103 mare de bani. Indiferent dac\u0103 faci pariuri mici sau e\u0219ti preg\u0103tit s\u0103 iei un mare risc, fiecare zbor Lucky Jet promite s\u0103 fie plin de emo\u021bii \u0219i \u00eenc\u00e2ntare. Este cu adev\u0103rat un joc revolu\u021bionar care a devenit popular \u00een diverse \u021b\u0103ri din \u00eentreaga lume.<\/p>\n<h2><strong>Autobet \u0219i Autowithdrawal<\/strong><\/h2>\n<p>Func\u021bia autobet poate fi activat\u0103 pe panoul de joc. Trebuie doar s\u0103 bifezi caseta l\u00e2ng\u0103 func\u021bia corespunz\u0103toare. \u00cen acest caz, trebuie doar s\u0103 setezi suma pariului \u0219i num\u0103rul de runde. Cu toate acestea, retragerea c\u00e2\u0219tigurilor trebuie f\u0103cut\u0103 totu\u0219i manual.<\/p>\n<p>O alt\u0103 func\u021bie util\u0103 este autowithdrawal. \u00cen acest caz, setezi valoarea coeficientului, iar c\u00e2nd coeficientul atinge valoarea corespunz\u0103toare, autowithdrawal va func\u021biona. Cu toate acestea, dac\u0103 t\u00e2n\u0103rul cu rucsacul zboar\u0103 mai devreme, pariu va fi pierdut \u0219i retragerea automat\u0103 va fi imposibil\u0103.<\/p>\n<h2><strong>Chat \u00een joc<\/strong><\/h2>\n<p>Interfa\u021ba jocului include un chat \u00een joc. \u00cen interfa\u021ba jocului, vei vedea o astfel de func\u021bie pe partea dreapt\u0103. Chat-ul este conceput pentru comunicarea cu al\u021bi juc\u0103tori. Acest lucru ofer\u0103 oportunitatea excelent\u0103 de a schimba experien\u021be, precum \u0219i \u0219ansa de a urm\u0103ri rezultatele altor juc\u0103tori, deoarece rezultatele rundelor apar automat \u00een chat.<\/p>\n<p>Dar aminte\u0219te-\u021bi c\u0103 este interzis s\u0103 postezi linkuri c\u0103tre alte site-uri \u00een chat. Este interzis\u0103 publicitatea serviciilor tale, iar \u00eencerc\u0103rile de a face reclam\u0103 la previziunile rezultatelor rundei vor fi blocate rapid de administratorii chat-ului. De asemenea, nu uita regulile de polite\u021be c\u00e2nd comunici cu al\u021bi juc\u0103tori \u00een chat, deoarece \u00een c\u0103ldura emo\u021biilor, este at\u00e2t de u\u0219or s\u0103 ui\u021bi de regulile de decen\u021b\u0103.<\/p>\n","protected":false},"excerpt":{"rendered":"<p>Jocul Lucky Jet este unic pe pia\u021ba jocurilor de noroc. Unicitatea sa const\u0103 \u00een faptul c\u0103 este unul dintre pu\u021binele jocuri de noroc \u00een care [&hellip;]<\/p>\n","protected":false},"author":1,"featured_media":0,"parent":0,"menu_order":0,"comment_status":"closed","ping_status":"closed","template":"","meta":{"footnotes":"","_links_to":"","_links_to_target":""},"class_list":["post-6","page","type-page","status-publish","hentry"],"yoast_head":"<!-- This site is optimized with the Yoast SEO plugin v27.2 - https:\/\/yoast.com\/product\/yoast-seo-wordpress\/ -->\n<title>\u0418\u0433\u0440\u0430\u0442\u044c \u0432 Lucky Jet \u043d\u0430 \u0440\u0435\u0430\u043b\u044c\u043d\u044b\u0435 \u0434\u0435\u043d\u044c\u0433\u0438 \u0432 \u043e\u043d\u043b\u0430\u0439\u043d \u043a\u0430\u0437\u0438\u043d\u043e<\/title>\n<meta name=\"description\" content=\"Joac\u0103 \u0219i c\u00e2\u0219tig\u0103 \u00een jocul de pr\u0103bu\u0219ire Lucky Jet la cazinoul online 1win. C\u00e2\u0219tig\u0103 bani reali \u00een slotul online Lucky Jet.\" \/>\n<meta name=\"robots\" content=\"index, follow, max-snippet:-1, max-image-preview:large, max-video-preview:-1\" \/>\n<link rel=\"canonical\" href=\"https:\/\/jetx-player.com\/ro\/\" \/>\n<meta property=\"og:locale\" content=\"ro_RO\" \/>\n<meta property=\"og:locale:alternate\" content=\"ru_RU\" \/>\n<meta property=\"og:locale:alternate\" content=\"en_US\" \/>\n<meta property=\"og:locale:alternate\" content=\"pt_PT\" \/>\n<meta property=\"og:locale:alternate\" content=\"es_ES\" \/>\n<meta property=\"og:locale:alternate\" content=\"sr_RS\" \/>\n<meta property=\"og:locale:alternate\" content=\"bg_BG\" \/>\n<meta property=\"og:locale:alternate\" content=\"pl_PL\" \/>\n<meta property=\"og:locale:alternate\" content=\"it_IT\" \/>\n<meta property=\"og:locale:alternate\" content=\"fr_FR\" \/>\n<meta property=\"og:type\" content=\"article\" \/>\n<meta property=\"og:title\" content=\"\u0418\u0433\u0440\u0430\u0442\u044c \u0432 Lucky Jet \u043d\u0430 \u0440\u0435\u0430\u043b\u044c\u043d\u044b\u0435 \u0434\u0435\u043d\u044c\u0433\u0438 \u0432 \u043e\u043d\u043b\u0430\u0439\u043d \u043a\u0430\u0437\u0438\u043d\u043e\" \/>\n<meta property=\"og:description\" content=\"\u0418\u0433\u0440\u0430\u0442\u044c \u0438 \u043f\u043e\u0431\u0435\u0436\u0434\u0430\u0442\u044c \u0432 \u043a\u0440\u0430\u0448 \u0438\u0433\u0440\u0435 Lucky Jet \u0432 \u043e\u043d\u043b\u0430\u0439\u043d \u043a\u0430\u0437\u0438\u043d\u043e 1win. \u0412\u044b\u0438\u0433\u0440\u044b\u0432\u0430\u0442\u044c \u043d\u0430\u0441\u0442\u043e\u044f\u0449\u0438\u0435 \u0434\u0435\u043d\u044c\u0433\u0438 \u0432 \u043e\u043d\u043b\u0430\u0439\u043d \u0441\u043b\u043e\u0442\u0435 Lucky Jet\" \/>\n<meta property=\"og:url\" content=\"https:\/\/jetx-player.com\/ro\/\" \/>\n<meta property=\"og:site_name\" content=\"JetX\" \/>\n<meta property=\"article:modified_time\" content=\"2024-02-28T20:04:10+00:00\" \/>\n<meta name=\"twitter:card\" content=\"summary_large_image\" \/>\n<meta name=\"twitter:label1\" content=\"Timp estimat pentru citire\" \/>\n\t<meta name=\"twitter:data1\" content=\"24 de minute\" \/>\n<script type=\"application\/ld+json\" class=\"yoast-schema-graph\">{\"@context\":\"https:\/\/schema.org\",\"@graph\":[{\"@type\":\"WebPage\",\"@id\":\"https:\/\/jetx-player.com\/\",\"url\":\"https:\/\/jetx-player.com\/\",\"name\":\"\u0418\u0433\u0440\u0430\u0442\u044c \u0432 Lucky Jet \u043d\u0430 \u0440\u0435\u0430\u043b\u044c\u043d\u044b\u0435 \u0434\u0435\u043d\u044c\u0433\u0438 \u0432 \u043e\u043d\u043b\u0430\u0439\u043d \u043a\u0430\u0437\u0438\u043d\u043e\",\"isPartOf\":{\"@id\":\"https:\/\/jetx-player.com\/#website\"},\"datePublished\":\"2024-02-11T10:10:31+00:00\",\"dateModified\":\"2024-02-28T20:04:10+00:00\",\"description\":\"\u0418\u0433\u0440\u0430\u0442\u044c \u0438 \u043f\u043e\u0431\u0435\u0436\u0434\u0430\u0442\u044c \u0432 \u043a\u0440\u0430\u0448 \u0438\u0433\u0440\u0435 Lucky Jet \u0432 \u043e\u043d\u043b\u0430\u0439\u043d \u043a\u0430\u0437\u0438\u043d\u043e 1win. \u0412\u044b\u0438\u0433\u0440\u044b\u0432\u0430\u0442\u044c \u043d\u0430\u0441\u0442\u043e\u044f\u0449\u0438\u0435 \u0434\u0435\u043d\u044c\u0433\u0438 \u0432 \u043e\u043d\u043b\u0430\u0439\u043d \u0441\u043b\u043e\u0442\u0435 Lucky Jet\",\"breadcrumb\":{\"@id\":\"https:\/\/jetx-player.com\/#breadcrumb\"},\"inLanguage\":\"ro-RO\",\"potentialAction\":[{\"@type\":\"ReadAction\",\"target\":[\"https:\/\/jetx-player.com\/\"]}]},{\"@type\":\"BreadcrumbList\",\"@id\":\"https:\/\/jetx-player.com\/#breadcrumb\",\"itemListElement\":[{\"@type\":\"ListItem\",\"position\":1,\"name\":\"Home\",\"item\":\"https:\/\/jetx-player.com\/\"},{\"@type\":\"ListItem\",\"position\":2,\"name\":\"\u0418\u0433\u0440\u0430\u0442\u044c \u0432 Lucky Jet\"}]},{\"@type\":\"WebSite\",\"@id\":\"https:\/\/jetx-player.com\/#website\",\"url\":\"https:\/\/jetx-player.com\/\",\"name\":\"JetX\",\"description\":\"Just another WordPress site\",\"publisher\":{\"@id\":\"https:\/\/jetx-player.com\/#organization\"},\"potentialAction\":[{\"@type\":\"SearchAction\",\"target\":{\"@type\":\"EntryPoint\",\"urlTemplate\":\"https:\/\/jetx-player.com\/?s={search_term_string}\"},\"query-input\":{\"@type\":\"PropertyValueSpecification\",\"valueRequired\":true,\"valueName\":\"search_term_string\"}}],\"inLanguage\":\"ro-RO\"},{\"@type\":\"Organization\",\"@id\":\"https:\/\/jetx-player.com\/#organization\",\"name\":\"JetX\",\"url\":\"https:\/\/jetx-player.com\/\",\"logo\":{\"@type\":\"ImageObject\",\"inLanguage\":\"ro-RO\",\"@id\":\"https:\/\/jetx-player.com\/#\/schema\/logo\/image\/\",\"url\":\"https:\/\/jetx-player.com\/wp-content\/uploads\/lucky-jet-header-e1707648698751.webp\",\"contentUrl\":\"https:\/\/jetx-player.com\/wp-content\/uploads\/lucky-jet-header-e1707648698751.webp\",\"width\":643,\"height\":178,\"caption\":\"JetX\"},\"image\":{\"@id\":\"https:\/\/jetx-player.com\/#\/schema\/logo\/image\/\"}}]}<\/script>\n<!-- \/ Yoast SEO plugin. -->","yoast_head_json":{"title":"\u0418\u0433\u0440\u0430\u0442\u044c \u0432 Lucky Jet \u043d\u0430 \u0440\u0435\u0430\u043b\u044c\u043d\u044b\u0435 \u0434\u0435\u043d\u044c\u0433\u0438 \u0432 \u043e\u043d\u043b\u0430\u0439\u043d \u043a\u0430\u0437\u0438\u043d\u043e","description":"Joac\u0103 \u0219i c\u00e2\u0219tig\u0103 \u00een jocul de pr\u0103bu\u0219ire Lucky Jet la cazinoul online 1win. C\u00e2\u0219tig\u0103 bani reali \u00een slotul online Lucky Jet.","robots":{"index":"index","follow":"follow","max-snippet":"max-snippet:-1","max-image-preview":"max-image-preview:large","max-video-preview":"max-video-preview:-1"},"canonical":"https:\/\/jetx-player.com\/ro\/","og_locale":"ro_RO","og_type":"article","og_title":"\u0418\u0433\u0440\u0430\u0442\u044c \u0432 Lucky Jet \u043d\u0430 \u0440\u0435\u0430\u043b\u044c\u043d\u044b\u0435 \u0434\u0435\u043d\u044c\u0433\u0438 \u0432 \u043e\u043d\u043b\u0430\u0439\u043d \u043a\u0430\u0437\u0438\u043d\u043e","og_description":"\u0418\u0433\u0440\u0430\u0442\u044c \u0438 \u043f\u043e\u0431\u0435\u0436\u0434\u0430\u0442\u044c \u0432 \u043a\u0440\u0430\u0448 \u0438\u0433\u0440\u0435 Lucky Jet \u0432 \u043e\u043d\u043b\u0430\u0439\u043d \u043a\u0430\u0437\u0438\u043d\u043e 1win. \u0412\u044b\u0438\u0433\u0440\u044b\u0432\u0430\u0442\u044c \u043d\u0430\u0441\u0442\u043e\u044f\u0449\u0438\u0435 \u0434\u0435\u043d\u044c\u0433\u0438 \u0432 \u043e\u043d\u043b\u0430\u0439\u043d \u0441\u043b\u043e\u0442\u0435 Lucky Jet","og_url":"https:\/\/jetx-player.com\/ro\/","og_site_name":"JetX","article_modified_time":"2024-02-28T20:04:10+00:00","twitter_card":"summary_large_image","twitter_misc":{"Timp estimat pentru citire":"24 de minute"},"schema":{"@context":"https:\/\/schema.org","@graph":[{"@type":"WebPage","@id":"https:\/\/jetx-player.com\/","url":"https:\/\/jetx-player.com\/","name":"\u0418\u0433\u0440\u0430\u0442\u044c \u0432 Lucky Jet \u043d\u0430 \u0440\u0435\u0430\u043b\u044c\u043d\u044b\u0435 \u0434\u0435\u043d\u044c\u0433\u0438 \u0432 \u043e\u043d\u043b\u0430\u0439\u043d \u043a\u0430\u0437\u0438\u043d\u043e","isPartOf":{"@id":"https:\/\/jetx-player.com\/#website"},"datePublished":"2024-02-11T10:10:31+00:00","dateModified":"2024-02-28T20:04:10+00:00","description":"\u0418\u0433\u0440\u0430\u0442\u044c \u0438 \u043f\u043e\u0431\u0435\u0436\u0434\u0430\u0442\u044c \u0432 \u043a\u0440\u0430\u0448 \u0438\u0433\u0440\u0435 Lucky Jet \u0432 \u043e\u043d\u043b\u0430\u0439\u043d \u043a\u0430\u0437\u0438\u043d\u043e 1win. \u0412\u044b\u0438\u0433\u0440\u044b\u0432\u0430\u0442\u044c \u043d\u0430\u0441\u0442\u043e\u044f\u0449\u0438\u0435 \u0434\u0435\u043d\u044c\u0433\u0438 \u0432 \u043e\u043d\u043b\u0430\u0439\u043d \u0441\u043b\u043e\u0442\u0435 Lucky Jet","breadcrumb":{"@id":"https:\/\/jetx-player.com\/#breadcrumb"},"inLanguage":"ro-RO","potentialAction":[{"@type":"ReadAction","target":["https:\/\/jetx-player.com\/"]}]},{"@type":"BreadcrumbList","@id":"https:\/\/jetx-player.com\/#breadcrumb","itemListElement":[{"@type":"ListItem","position":1,"name":"Home","item":"https:\/\/jetx-player.com\/"},{"@type":"ListItem","position":2,"name":"\u0418\u0433\u0440\u0430\u0442\u044c \u0432 Lucky Jet"}]},{"@type":"WebSite","@id":"https:\/\/jetx-player.com\/#website","url":"https:\/\/jetx-player.com\/","name":"JetX","description":"Just another WordPress site","publisher":{"@id":"https:\/\/jetx-player.com\/#organization"},"potentialAction":[{"@type":"SearchAction","target":{"@type":"EntryPoint","urlTemplate":"https:\/\/jetx-player.com\/?s={search_term_string}"},"query-input":{"@type":"PropertyValueSpecification","valueRequired":true,"valueName":"search_term_string"}}],"inLanguage":"ro-RO"},{"@type":"Organization","@id":"https:\/\/jetx-player.com\/#organization","name":"JetX","url":"https:\/\/jetx-player.com\/","logo":{"@type":"ImageObject","inLanguage":"ro-RO","@id":"https:\/\/jetx-player.com\/#\/schema\/logo\/image\/","url":"https:\/\/jetx-player.com\/wp-content\/uploads\/lucky-jet-header-e1707648698751.webp","contentUrl":"https:\/\/jetx-player.com\/wp-content\/uploads\/lucky-jet-header-e1707648698751.webp","width":643,"height":178,"caption":"JetX"},"image":{"@id":"https:\/\/jetx-player.com\/#\/schema\/logo\/image\/"}}]}},"_links":{"self":[{"href":"https:\/\/jetx-player.com\/ro\/wp-json\/wp\/v2\/pages\/6","targetHints":{"allow":["GET"]}}],"collection":[{"href":"https:\/\/jetx-player.com\/ro\/wp-json\/wp\/v2\/pages"}],"about":[{"href":"https:\/\/jetx-player.com\/ro\/wp-json\/wp\/v2\/types\/page"}],"author":[{"embeddable":true,"href":"https:\/\/jetx-player.com\/ro\/wp-json\/wp\/v2\/users\/1"}],"replies":[{"embeddable":true,"href":"https:\/\/jetx-player.com\/ro\/wp-json\/wp\/v2\/comments?post=6"}],"version-history":[{"count":25,"href":"https:\/\/jetx-player.com\/ro\/wp-json\/wp\/v2\/pages\/6\/revisions"}],"predecessor-version":[{"id":186,"href":"https:\/\/jetx-player.com\/ro\/wp-json\/wp\/v2\/pages\/6\/revisions\/186"}],"wp:attachment":[{"href":"https:\/\/jetx-player.com\/ro\/wp-json\/wp\/v2\/media?parent=6"}],"curies":[{"name":"wp","href":"https:\/\/api.w.org\/{rel}","templated":true}]}}