{"id":16,"date":"2024-02-11T10:18:21","date_gmt":"2024-02-11T10:18:21","guid":{"rendered":"https:\/\/jetx-player.com\/?page_id=16"},"modified":"2024-02-28T20:02:02","modified_gmt":"2024-02-28T20:02:02","slug":"provably-fair","status":"publish","type":"page","link":"https:\/\/jetx-player.com\/ro\/provably-fair\/","title":{"rendered":"Provably Fair"},"content":{"rendered":"<p>Jocul Lucky Jet se caracterizeaz\u0103 prin corectitudine, deoarece cazinoul nu intervine \u00een procesul de joc. Aceast\u0103 tehnologie se nume\u0219te Provably Fair. Deci, cum func\u021bioneaz\u0103? S\u0103 arunc\u0103m o privire. Mai \u00eent\u00e2i, s\u0103 \u00eencepem cu principiile generale ale jocului Lucky Jet:<\/p>\n<ul>\n<li>Multiplicatorul c\u00e2\u0219tig\u0103tor \u00een jocul Lucky Jet \u00eencepe de la x1 \u0219i cre\u0219te din ce \u00een ce mai mult pe m\u0103sur\u0103 ce Lucky Joe se ridic\u0103 \u00een sus.<\/li>\n<li>Atunci c\u00e2nd un juc\u0103tor retrage bani, suma c\u00e2\u0219tigat\u0103 este egal\u0103 cu m\u0103rimea pariului \u00eenmul\u021bit\u0103 cu multiplicatorul la momentul retragerii. De exemplu, dac\u0103 pariu este de 2 dolari \u0219i multiplicatorul la momentul retragerii a fost x3, atunci c\u00e2\u0219tigul este de 6 dolari (3 \u00eenmul\u021bit cu 2).<\/li>\n<li>\u00cenainte de \u00eenceperea rundei, generatorul determin\u0103 un num\u0103r aleatoriu pentru multiplicatorul la care se \u00eencheie jocul \u0219i Lucky Joe pleac\u0103. \u00cen orice moment, corectitudinea multiplicatorului pentru o anumit\u0103 rund\u0103 poate fi verificat\u0103 ap\u0103s\u00e2nd butonul din fereastra de istoric.<\/li>\n<\/ul>\n<h2><strong>Cum func\u021bioneaz\u0103 Provably Fair<\/strong><\/h2>\n<p>A\u0219a cum sus\u021bine site-ul oficial al jocului Lucky Jet, multiplicatorul fiec\u0103rei runde, adic\u0103 momentul c\u00e2nd pilotul pleac\u0103, nu este generat deloc pe serverele de joc. Dimpotriv\u0103, generarea multiplicatorului este determinat\u0103 de juc\u0103torii participan\u021bi care iau parte la o rund\u0103 specific\u0103 a jocului. \u0218i acest proces este complet transparent, deoarece orice juc\u0103tor poate verifica. Prin urmare, nimeni nu va avea oportunitatea de a manipula rezultatele rundei. Mai mult, fiecare juc\u0103tor are o excelent\u0103 oportunitate de a verifica corectitudinea datelor \u0219i de a asigura corectitudinea calculului multiplicatorului \u00een jocul Lucky Jet.<\/p>\n<h2><strong>Cum este determinat multiplicatorul \u00een Lucky Jet<\/strong><\/h2>\n<p>Rezultatele rundei de joc sunt generate pe baza a patru factori:<\/p>\n<ul>\n<li>Serverul de joc<\/li>\n<li>Cei trei juc\u0103tori care au plasat primele pariuri<\/li>\n<\/ul>\n<p>Acum s\u0103 analiz\u0103m mai atent. Operatorul de joc genereaz\u0103 un seed de server (aceasta este o \u0219ir random de 16 caractere). Versiunea criptat\u0103 a seedului de server este public disponibil\u0103 \u00eenainte de \u00eenceperea rundei de joc. Pentru a o vedea, trebuie s\u0103 mergi la &#8222;Set\u0103rile Provably Fair&#8221;, care sunt situate \u00een interfa\u021ba de joc \u0219i fiecare juc\u0103tor poate vedea. \u00cen set\u0103ri, pute\u021bi vedea seedul clientului sau pute\u021bi crea unul nou f\u0103c\u00e2nd clic pe butonul &#8222;Urm\u0103torul Seed Client&#8221;.<\/p>\n<p>Ulterior, \u00een formarea seedului clientului, particip\u0103 primii 3 juc\u0103tori care au plasat pariuri. O parte din seed este generat\u0103 de fiecare parte a fiec\u0103rui juc\u0103tor. La \u00eenceputul rundei, jocul combin\u0103 seedul de server \u0219i seedurile primilor trei juc\u0103tori. Seedurile combinate sunt hash-uite folosind SHA512, iar hash-ul generat determin\u0103 rezultatul unei runde specifice.<\/p>\n<h2><strong>Cum s\u0103 verifici corectitudinea \u00een jocul Lucky Jet<\/strong><\/h2>\n<ul>\n<li>Interfa\u021ba jocului Lucky Jet include posibilitatea de a verifica fiecare rund\u0103 desf\u0103\u0219urat\u0103 din istoricul jocului. Dac\u0103 te g\u00e2nde\u0219ti s\u0103 joci Lucky Jet, \u00ee\u021bi recomand\u0103m s\u0103 faci aceast\u0103 verificare pentru a te asigura de corectitudinea rundei. Pentru a face acest lucru, pur \u0219i simplu apas\u0103 butonul verde din set\u0103rile jocului.<\/li>\n<li>Dup\u0103 ce ape\u0219i butonul verde, fereastra deschis\u0103 va ar\u0103ta seed-ul serverului, precum \u0219i trei seed-uri ale juc\u0103torului (a\u0219a cum spun regulile, seed-urile clientului, acesta este termenul folosit), precum \u0219i hash-ul combinat \u0219i rezultatul rundei.<\/li>\n<li>Dac\u0103 un juc\u0103tor dore\u0219te s\u0103 participe la formarea rezultatului rundei, trebuie s\u0103 fie printre primii trei juc\u0103tori care plaseaz\u0103 un pariu. \u00cen caz contrar, nu exist\u0103 niciun mod \u00een care un juc\u0103tor s\u0103 participe la formarea rezultatului rundei.<\/li>\n<li>Corectitudinea hash-ului poate fi verificat\u0103 folosind orice calculator online.<\/li>\n<\/ul>\n","protected":false},"excerpt":{"rendered":"<p>Jocul Lucky Jet se caracterizeaz\u0103 prin corectitudine, deoarece cazinoul nu intervine \u00een procesul de joc. Aceast\u0103 tehnologie se nume\u0219te Provably Fair. Deci, cum func\u021bioneaz\u0103? S\u0103 [&hellip;]<\/p>\n","protected":false},"author":1,"featured_media":93,"parent":0,"menu_order":0,"comment_status":"closed","ping_status":"closed","template":"","meta":{"footnotes":"","_links_to":"","_links_to_target":""},"class_list":["post-16","page","type-page","status-publish","has-post-thumbnail","hentry"],"yoast_head":"<!-- This site is optimized with the Yoast SEO plugin v27.2 - https:\/\/yoast.com\/product\/yoast-seo-wordpress\/ -->\n<title>Verifica\u00e7\u00e3o de justi\u00e7a no jogo Lucky Jet<\/title>\n<meta name=\"description\" content=\"Cum se verific\u0103 corectitudinea \u00een jocul de pr\u0103bu\u0219ire Lucky Jet la cazinoul online 1win folosind tehnologia Provably Fair. Cum este determinat rezultatul rundei \u00een slotul Lucky Jet.\" \/>\n<meta name=\"robots\" content=\"index, follow, max-snippet:-1, max-image-preview:large, max-video-preview:-1\" \/>\n<link rel=\"canonical\" href=\"https:\/\/jetx-player.com\/ro\/provably-fair\/\" \/>\n<meta property=\"og:locale\" content=\"ro_RO\" \/>\n<meta property=\"og:locale:alternate\" content=\"ru_RU\" \/>\n<meta property=\"og:locale:alternate\" content=\"en_US\" \/>\n<meta property=\"og:locale:alternate\" content=\"pt_PT\" \/>\n<meta property=\"og:locale:alternate\" content=\"es_ES\" \/>\n<meta property=\"og:locale:alternate\" content=\"sr_RS\" \/>\n<meta property=\"og:locale:alternate\" content=\"bg_BG\" \/>\n<meta property=\"og:locale:alternate\" content=\"pl_PL\" \/>\n<meta property=\"og:locale:alternate\" content=\"it_IT\" \/>\n<meta property=\"og:locale:alternate\" content=\"fr_FR\" \/>\n<meta property=\"og:type\" content=\"article\" \/>\n<meta property=\"og:title\" content=\"Verifica\u00e7\u00e3o de justi\u00e7a no jogo Lucky Jet\" \/>\n<meta property=\"og:description\" content=\"Como verificar a justi\u00e7a no jogo de crash Lucky Jet no cassino online 1win usando a tecnologia Provably Fair. Como o resultado da rodada \u00e9 determinado na slot machine Lucky Jet.\" \/>\n<meta property=\"og:url\" content=\"https:\/\/jetx-player.com\/ro\/provably-fair\/\" \/>\n<meta property=\"og:site_name\" content=\"JetX\" \/>\n<meta property=\"article:modified_time\" content=\"2024-02-28T20:02:02+00:00\" \/>\n<meta property=\"og:image\" content=\"https:\/\/jetx-player.com\/wp-content\/uploads\/abstract-blue-night-space-cosmos-background-with-nebula-and-shining-star-vector.jpg\" \/>\n\t<meta property=\"og:image:width\" content=\"1920\" \/>\n\t<meta property=\"og:image:height\" content=\"1079\" \/>\n\t<meta property=\"og:image:type\" content=\"image\/jpeg\" \/>\n<meta name=\"twitter:card\" content=\"summary_large_image\" \/>\n<meta name=\"twitter:label1\" content=\"Timp estimat pentru citire\" \/>\n\t<meta name=\"twitter:data1\" content=\"22 de minute\" \/>\n<script type=\"application\/ld+json\" class=\"yoast-schema-graph\">{\"@context\":\"https:\/\/schema.org\",\"@graph\":[{\"@type\":\"WebPage\",\"@id\":\"https:\/\/jetx-player.com\/pt\/provably-fair\/\",\"url\":\"https:\/\/jetx-player.com\/pt\/provably-fair\/\",\"name\":\"Verifica\u00e7\u00e3o de justi\u00e7a no jogo Lucky Jet\",\"isPartOf\":{\"@id\":\"https:\/\/jetx-player.com\/#website\"},\"primaryImageOfPage\":{\"@id\":\"https:\/\/jetx-player.com\/pt\/provably-fair\/#primaryimage\"},\"image\":{\"@id\":\"https:\/\/jetx-player.com\/pt\/provably-fair\/#primaryimage\"},\"thumbnailUrl\":\"https:\/\/jetx-player.com\/wp-content\/uploads\/abstract-blue-night-space-cosmos-background-with-nebula-and-shining-star-vector.jpg\",\"datePublished\":\"2024-02-11T10:18:21+00:00\",\"dateModified\":\"2024-02-28T20:02:02+00:00\",\"description\":\"Como verificar a justi\u00e7a no jogo de crash Lucky Jet no cassino online 1win usando a tecnologia Provably Fair. Como o resultado da rodada \u00e9 determinado na slot machine Lucky Jet.\",\"breadcrumb\":{\"@id\":\"https:\/\/jetx-player.com\/pt\/provably-fair\/#breadcrumb\"},\"inLanguage\":\"ro-RO\",\"potentialAction\":[{\"@type\":\"ReadAction\",\"target\":[\"https:\/\/jetx-player.com\/pt\/provably-fair\/\"]}]},{\"@type\":\"ImageObject\",\"inLanguage\":\"ro-RO\",\"@id\":\"https:\/\/jetx-player.com\/pt\/provably-fair\/#primaryimage\",\"url\":\"https:\/\/jetx-player.com\/wp-content\/uploads\/abstract-blue-night-space-cosmos-background-with-nebula-and-shining-star-vector.jpg\",\"contentUrl\":\"https:\/\/jetx-player.com\/wp-content\/uploads\/abstract-blue-night-space-cosmos-background-with-nebula-and-shining-star-vector.jpg\",\"width\":1920,\"height\":1079},{\"@type\":\"BreadcrumbList\",\"@id\":\"https:\/\/jetx-player.com\/pt\/provably-fair\/#breadcrumb\",\"itemListElement\":[{\"@type\":\"ListItem\",\"position\":1,\"name\":\"Home\",\"item\":\"https:\/\/jetx-player.com\/\"},{\"@type\":\"ListItem\",\"position\":2,\"name\":\"Provably Fair\"}]},{\"@type\":\"WebSite\",\"@id\":\"https:\/\/jetx-player.com\/#website\",\"url\":\"https:\/\/jetx-player.com\/\",\"name\":\"JetX\",\"description\":\"Just another WordPress site\",\"publisher\":{\"@id\":\"https:\/\/jetx-player.com\/#organization\"},\"potentialAction\":[{\"@type\":\"SearchAction\",\"target\":{\"@type\":\"EntryPoint\",\"urlTemplate\":\"https:\/\/jetx-player.com\/?s={search_term_string}\"},\"query-input\":{\"@type\":\"PropertyValueSpecification\",\"valueRequired\":true,\"valueName\":\"search_term_string\"}}],\"inLanguage\":\"ro-RO\"},{\"@type\":\"Organization\",\"@id\":\"https:\/\/jetx-player.com\/#organization\",\"name\":\"JetX\",\"url\":\"https:\/\/jetx-player.com\/\",\"logo\":{\"@type\":\"ImageObject\",\"inLanguage\":\"ro-RO\",\"@id\":\"https:\/\/jetx-player.com\/#\/schema\/logo\/image\/\",\"url\":\"https:\/\/jetx-player.com\/wp-content\/uploads\/lucky-jet-header-e1707648698751.webp\",\"contentUrl\":\"https:\/\/jetx-player.com\/wp-content\/uploads\/lucky-jet-header-e1707648698751.webp\",\"width\":643,\"height\":178,\"caption\":\"JetX\"},\"image\":{\"@id\":\"https:\/\/jetx-player.com\/#\/schema\/logo\/image\/\"}}]}<\/script>\n<!-- \/ Yoast SEO plugin. -->","yoast_head_json":{"title":"Verifica\u00e7\u00e3o de justi\u00e7a no jogo Lucky Jet","description":"Cum se verific\u0103 corectitudinea \u00een jocul de pr\u0103bu\u0219ire Lucky Jet la cazinoul online 1win folosind tehnologia Provably Fair. Cum este determinat rezultatul rundei \u00een slotul Lucky Jet.","robots":{"index":"index","follow":"follow","max-snippet":"max-snippet:-1","max-image-preview":"max-image-preview:large","max-video-preview":"max-video-preview:-1"},"canonical":"https:\/\/jetx-player.com\/ro\/provably-fair\/","og_locale":"ro_RO","og_type":"article","og_title":"Verifica\u00e7\u00e3o de justi\u00e7a no jogo Lucky Jet","og_description":"Como verificar a justi\u00e7a no jogo de crash Lucky Jet no cassino online 1win usando a tecnologia Provably Fair. Como o resultado da rodada \u00e9 determinado na slot machine Lucky Jet.","og_url":"https:\/\/jetx-player.com\/ro\/provably-fair\/","og_site_name":"JetX","article_modified_time":"2024-02-28T20:02:02+00:00","og_image":[{"width":1920,"height":1079,"url":"https:\/\/jetx-player.com\/wp-content\/uploads\/abstract-blue-night-space-cosmos-background-with-nebula-and-shining-star-vector.jpg","type":"image\/jpeg"}],"twitter_card":"summary_large_image","twitter_misc":{"Timp estimat pentru citire":"22 de minute"},"schema":{"@context":"https:\/\/schema.org","@graph":[{"@type":"WebPage","@id":"https:\/\/jetx-player.com\/pt\/provably-fair\/","url":"https:\/\/jetx-player.com\/pt\/provably-fair\/","name":"Verifica\u00e7\u00e3o de justi\u00e7a no jogo Lucky Jet","isPartOf":{"@id":"https:\/\/jetx-player.com\/#website"},"primaryImageOfPage":{"@id":"https:\/\/jetx-player.com\/pt\/provably-fair\/#primaryimage"},"image":{"@id":"https:\/\/jetx-player.com\/pt\/provably-fair\/#primaryimage"},"thumbnailUrl":"https:\/\/jetx-player.com\/wp-content\/uploads\/abstract-blue-night-space-cosmos-background-with-nebula-and-shining-star-vector.jpg","datePublished":"2024-02-11T10:18:21+00:00","dateModified":"2024-02-28T20:02:02+00:00","description":"Como verificar a justi\u00e7a no jogo de crash Lucky Jet no cassino online 1win usando a tecnologia Provably Fair. Como o resultado da rodada \u00e9 determinado na slot machine Lucky Jet.","breadcrumb":{"@id":"https:\/\/jetx-player.com\/pt\/provably-fair\/#breadcrumb"},"inLanguage":"ro-RO","potentialAction":[{"@type":"ReadAction","target":["https:\/\/jetx-player.com\/pt\/provably-fair\/"]}]},{"@type":"ImageObject","inLanguage":"ro-RO","@id":"https:\/\/jetx-player.com\/pt\/provably-fair\/#primaryimage","url":"https:\/\/jetx-player.com\/wp-content\/uploads\/abstract-blue-night-space-cosmos-background-with-nebula-and-shining-star-vector.jpg","contentUrl":"https:\/\/jetx-player.com\/wp-content\/uploads\/abstract-blue-night-space-cosmos-background-with-nebula-and-shining-star-vector.jpg","width":1920,"height":1079},{"@type":"BreadcrumbList","@id":"https:\/\/jetx-player.com\/pt\/provably-fair\/#breadcrumb","itemListElement":[{"@type":"ListItem","position":1,"name":"Home","item":"https:\/\/jetx-player.com\/"},{"@type":"ListItem","position":2,"name":"Provably Fair"}]},{"@type":"WebSite","@id":"https:\/\/jetx-player.com\/#website","url":"https:\/\/jetx-player.com\/","name":"JetX","description":"Just another WordPress site","publisher":{"@id":"https:\/\/jetx-player.com\/#organization"},"potentialAction":[{"@type":"SearchAction","target":{"@type":"EntryPoint","urlTemplate":"https:\/\/jetx-player.com\/?s={search_term_string}"},"query-input":{"@type":"PropertyValueSpecification","valueRequired":true,"valueName":"search_term_string"}}],"inLanguage":"ro-RO"},{"@type":"Organization","@id":"https:\/\/jetx-player.com\/#organization","name":"JetX","url":"https:\/\/jetx-player.com\/","logo":{"@type":"ImageObject","inLanguage":"ro-RO","@id":"https:\/\/jetx-player.com\/#\/schema\/logo\/image\/","url":"https:\/\/jetx-player.com\/wp-content\/uploads\/lucky-jet-header-e1707648698751.webp","contentUrl":"https:\/\/jetx-player.com\/wp-content\/uploads\/lucky-jet-header-e1707648698751.webp","width":643,"height":178,"caption":"JetX"},"image":{"@id":"https:\/\/jetx-player.com\/#\/schema\/logo\/image\/"}}]}},"_links":{"self":[{"href":"https:\/\/jetx-player.com\/ro\/wp-json\/wp\/v2\/pages\/16","targetHints":{"allow":["GET"]}}],"collection":[{"href":"https:\/\/jetx-player.com\/ro\/wp-json\/wp\/v2\/pages"}],"about":[{"href":"https:\/\/jetx-player.com\/ro\/wp-json\/wp\/v2\/types\/page"}],"author":[{"embeddable":true,"href":"https:\/\/jetx-player.com\/ro\/wp-json\/wp\/v2\/users\/1"}],"replies":[{"embeddable":true,"href":"https:\/\/jetx-player.com\/ro\/wp-json\/wp\/v2\/comments?post=16"}],"version-history":[{"count":14,"href":"https:\/\/jetx-player.com\/ro\/wp-json\/wp\/v2\/pages\/16\/revisions"}],"predecessor-version":[{"id":170,"href":"https:\/\/jetx-player.com\/ro\/wp-json\/wp\/v2\/pages\/16\/revisions\/170"}],"wp:featuredmedia":[{"embeddable":true,"href":"https:\/\/jetx-player.com\/ro\/wp-json\/wp\/v2\/media\/93"}],"wp:attachment":[{"href":"https:\/\/jetx-player.com\/ro\/wp-json\/wp\/v2\/media?parent=16"}],"curies":[{"name":"wp","href":"https:\/\/api.w.org\/{rel}","templated":true}]}}