{"id":14,"date":"2024-02-11T10:16:50","date_gmt":"2024-02-11T10:16:50","guid":{"rendered":"https:\/\/jetx-player.com\/?page_id=14"},"modified":"2024-02-28T20:00:52","modified_gmt":"2024-02-28T20:00:52","slug":"faq-about-lucky-jet","status":"publish","type":"page","link":"https:\/\/jetx-player.com\/ro\/faq-about-lucky-jet\/","title":{"rendered":"FAQ &#8211; \u00centreb\u0103ri frecvente despre Lucky Jet"},"content":{"rendered":"<p>Orice juc\u0103tor care ia \u00een considerare posibilitatea de a \u00eencepe s\u0103 joace Lucky Jet \u00eentr-un cazinou online pentru bani reali \u00een jocul de pr\u0103bu\u0219ire este preocupat de acele \u00eentreb\u0103ri care exist\u0103, dar sunt dificil de ob\u021binut r\u0103spunsuri. Am colectat cele mai populare \u00eentreb\u0103ri despre jocul Lucky Jet \u0219i am \u00eencercat s\u0103 oferim r\u0103spunsuri.<\/p>\n<ol>\n<li><strong>Care este jocul online Lucky Jet?<\/strong><br \/>\nLucky Jet este un joc de noroc online \u00een care juc\u0103torii plaseaz\u0103 pariuri pe c\u00e2t de sus poate s\u0103 zboare Lucky Joe \u00eenainte de a pleca. Ca juc\u0103tor, trebuie s\u0103 v\u0103 revendica\u021bi c\u00e2\u0219tigurile \u00eenainte de acest punct.<\/li>\n<li><strong>Cum se joac\u0103 Lucky Jet?<\/strong><br \/>\nFoarte simplu. Plasezi un pariu, ape\u0219i butonul de start \u0219i tipul cu rucsacul \u00eencepe s\u0103 urce, cresc\u00e2nd c\u00e2\u0219tigurile tale poten\u021biale. Trebuie s\u0103-\u021bi revendici c\u00e2\u0219tigurile \u00eenainte ca obiectul s\u0103 zboare.<\/li>\n<li><strong>Cum se calculeaz\u0103 c\u00e2\u0219tigul \u00een Lucky Jet?<\/strong><br \/>\nC\u00e2\u0219tigurile tale sunt calculate prin \u00eenmul\u021birea pariului t\u0103u cu multiplicatorul la care decizi s\u0103-\u021bi revendici c\u00e2\u0219tigurile.<\/li>\n<li><strong>Po\u021bi juca Lucky Jet gratuit?<\/strong><br \/>\nPo\u021bi juca Lucky Jet gratuit. Cazinoul online 1win ofer\u0103 acces la versiunea gratuit\u0103 a jocului. Aceasta este o versiune demo a Lucky Jet, unde po\u021bi juca gratuit, dar f\u0103r\u0103 \u0219ansa de a c\u00e2\u0219tiga bani reali.<\/li>\n<li><strong>Care este dimensiunea minim\u0103 \u0219i maxim\u0103 a pariului \u00een Lucky Jet?<\/strong><br \/>\nPariurile minime \u0219i maxime pot varia \u00een func\u021bie de cazinou, dar ele \u00eencep de obicei de la c\u00e2\u021biva cen\u021bi p\u00e2n\u0103 la c\u00e2teva sute de dolari.<\/li>\n<li><strong>Exist\u0103 vreo strategie pentru a c\u00e2\u0219tiga \u00een Lucky Jet?<\/strong><br \/>\nExist\u0103 diverse strategii, cum ar fi c\u00e2\u0219tigul fix, Martingale, pariuri \u00eemp\u0103r\u021bite, dar niciuna dintre ele nu garanteaz\u0103 o victorie. Este important s\u0103 re\u021bine\u021bi c\u0103 o strategie \u00ee\u021bi cre\u0219te \u0219ansele de c\u00e2\u0219tig, dar \u00een niciun caz nu garanteaz\u0103 o victorie.<\/li>\n<li><strong>Este sigur s\u0103 joci Lucky Jet online?<\/strong><br \/>\nEste sigur s\u0103 joci dac\u0103 alegi un cazinou fiabil \u0219i licen\u021biat cu o bun\u0103 reputa\u021bie. \u00cen acest caz, orice joc de cazino va fi sigur. Este important s\u0103 evi\u021bi cazinourile online neautorizate.<\/li>\n<li><strong>Pot fi folosite bonusurile \u00een Lucky Jet?<\/strong><br \/>\nDa, multe cazinouri ofer\u0103 bonusuri care pot fi folosite \u00een jocuri, inclusiv Lucky Jet. Cu toate acestea, asigur\u0103-te c\u0103 \u00een\u021belegi termenii de utilizare a bonusurilor. Jocul Lucky Jet nu ofer\u0103 runde bonus \u00een sine.<\/li>\n<li><strong>C\u00e2t de repede se pl\u0103tesc c\u00e2\u0219tigurile \u00een Lucky Jet?<\/strong><br \/>\nViteza pl\u0103\u021bilor depinde de cazino, dar de obicei c\u00e2\u0219tigurile sunt procesate \u00een c\u00e2teva ore. \u00cen orice caz, viteza pl\u0103\u021bilor nu depinde de dezvoltatorul jocului, ci de cazinoul online.<\/li>\n<li><strong>Exist\u0103 o versiune mobil\u0103 a jocului Lucky Jet?<\/strong><br \/>\nDa, multe cazinouri ofer\u0103 versiuni mobile ale jocurilor lor, inclusiv Lucky Jet, disponibile prin browserul sau aplica\u021bia cazinoului.<\/li>\n<li><strong>Care sunt principalele riscuri ale jocului Lucky Jet?<\/strong><br \/>\nPrincipalul riscuri este pierderea pariului dac\u0103 nu \u00ee\u021bi revendici c\u00e2\u0219tigurile \u00eenainte ca obiectul s\u0103 zboare. Este important s\u0103 joci responsabil \u0219i \u00een limita bugetului t\u0103u.<\/li>\n<li><strong>Poate Lucky Jet s\u0103 modifice rezultatele?<\/strong><br \/>\n\u00cen cazinourile online fiabile cu o licen\u021b\u0103 \u0219i audit independent, \u0219ansele \u0219i rezultatele jocurilor sunt generate aleatoriu, asigur\u00e2nd corectitudinea jocului. Este un generator de numere aleatorii care determin\u0103 rezultatele jocului.<\/li>\n<li><strong>Care sunt cele mai bune practici pentru a juca Lucky Jet?<\/strong><br \/>\nStabile\u0219te limite pentru pariuri \u0219i timpul de joc, folose\u0219te strategii de gestionare a bugetului \u0219i nu urm\u0103ri c\u00e2\u0219tiguri mari. Cel mai important este s\u0103 nu-\u021bi pierzi capul \u0219i s\u0103 \u00een\u021belegi c\u0103 jocurile de noroc te pot ajuta s\u0103-\u021bi petreci timpul pl\u0103cut, dar nu pot fi o modalitate de a c\u00e2\u0219tiga bani.<\/li>\n<li><strong>Po\u021bi juca Lucky Jet cu prietenii?<\/strong><br \/>\n\u00cen timp ce Lucky Jet este un joc individual, po\u021bi \u00eemp\u0103rt\u0103\u0219i experien\u021ba \u0219i strategiile tale cu prietenii \u0219i s\u0103 joci \u00eempreun\u0103 din diferite loca\u021bii. Jocul are un chat \u00een joc \u00een care po\u021bi schimba opinii cu al\u021bi juc\u0103tori.<\/li>\n<li><strong>Unde po\u021bi g\u0103si cele mai bune cazinouri pentru a juca Lucky Jet?<\/strong><br \/>\nCel mai bun cazinou pentru a juca Lucky Jet este cunoscutul cazinou online 1win. Este un cazinou cu o bun\u0103 reputa\u021bie, recenzii pozitive \u0219i o licen\u021b\u0103 de la un regulator cunoscut.<\/li>\n<\/ol>\n","protected":false},"excerpt":{"rendered":"<p>Orice juc\u0103tor care ia \u00een considerare posibilitatea de a \u00eencepe s\u0103 joace Lucky Jet \u00eentr-un cazinou online pentru bani reali \u00een jocul de pr\u0103bu\u0219ire este [&hellip;]<\/p>\n","protected":false},"author":1,"featured_media":93,"parent":0,"menu_order":0,"comment_status":"closed","ping_status":"closed","template":"","meta":{"footnotes":"","_links_to":"","_links_to_target":""},"class_list":["post-14","page","type-page","status-publish","has-post-thumbnail","hentry"],"yoast_head":"<!-- This site is optimized with the Yoast SEO plugin v27.2 - https:\/\/yoast.com\/product\/yoast-seo-wordpress\/ -->\n<title>\u0427\u0430\u0441\u0442\u043e \u0437\u0430\u0434\u0430\u0432\u0430\u0435\u043c\u044b\u0435 \u0432\u043e\u043f\u0440\u043e\u0441\u044b \u043e\u0431 \u0438\u0433\u0440\u0435 Lucky Jet \u0432 \u043a\u0430\u0437\u0438\u043d\u043e 1win<\/title>\n<meta name=\"description\" content=\"Am adunat cele mai frecvente \u00eentreb\u0103ri despre jocul Lucky Jet la cazinoul online 1win. Toate \u00eentreb\u0103rile \u0219i r\u0103spunsurile despre jocul de pr\u0103bu\u0219ire Lucky Jet.\" \/>\n<meta name=\"robots\" content=\"index, follow, max-snippet:-1, max-image-preview:large, max-video-preview:-1\" \/>\n<link rel=\"canonical\" href=\"https:\/\/jetx-player.com\/ro\/faq-about-lucky-jet\/\" \/>\n<meta property=\"og:locale\" content=\"ro_RO\" \/>\n<meta property=\"og:locale:alternate\" content=\"ru_RU\" \/>\n<meta property=\"og:locale:alternate\" content=\"en_US\" \/>\n<meta property=\"og:locale:alternate\" content=\"pt_PT\" \/>\n<meta property=\"og:locale:alternate\" content=\"es_ES\" \/>\n<meta property=\"og:locale:alternate\" content=\"sr_RS\" \/>\n<meta property=\"og:locale:alternate\" content=\"bg_BG\" \/>\n<meta property=\"og:locale:alternate\" content=\"pl_PL\" \/>\n<meta property=\"og:locale:alternate\" content=\"it_IT\" \/>\n<meta property=\"og:locale:alternate\" content=\"fr_FR\" \/>\n<meta property=\"og:type\" content=\"article\" \/>\n<meta property=\"og:title\" content=\"\u0427\u0430\u0441\u0442\u043e \u0437\u0430\u0434\u0430\u0432\u0430\u0435\u043c\u044b\u0435 \u0432\u043e\u043f\u0440\u043e\u0441\u044b \u043e\u0431 \u0438\u0433\u0440\u0435 Lucky Jet \u0432 \u043a\u0430\u0437\u0438\u043d\u043e 1win\" \/>\n<meta property=\"og:description\" content=\"\u041c\u044b \u0441\u043e\u0431\u0440\u0430\u043b\u0438 \u0441\u0430\u043c\u044b\u0435 \u0447\u0430\u0441\u0442\u043e \u0437\u0430\u0434\u0430\u0432\u0430\u0435\u043c\u044b\u0435 \u0432\u043e\u043f\u0440\u043e\u0441\u044b \u043e\u0431 \u0438\u0433\u0440\u0435 Lucky Jet \u0432 \u043e\u043d\u043b\u0430\u0439\u043d \u043a\u0430\u0437\u0438\u043d\u043e 1win. \u0412\u0441\u0435 \u0432\u043e\u043f\u0440\u043e\u0441\u044b \u0438 \u043e\u0442\u0432\u0435\u0442\u044b \u043e \u043a\u0440\u0430\u0448 \u0438\u0433\u0440\u0435 Lucky Jet\" \/>\n<meta property=\"og:url\" content=\"https:\/\/jetx-player.com\/ro\/faq-about-lucky-jet\/\" \/>\n<meta property=\"og:site_name\" content=\"JetX\" \/>\n<meta property=\"article:modified_time\" content=\"2024-02-28T20:00:52+00:00\" \/>\n<meta property=\"og:image\" content=\"https:\/\/jetx-player.com\/wp-content\/uploads\/abstract-blue-night-space-cosmos-background-with-nebula-and-shining-star-vector.jpg\" \/>\n\t<meta property=\"og:image:width\" content=\"1920\" \/>\n\t<meta property=\"og:image:height\" content=\"1079\" \/>\n\t<meta property=\"og:image:type\" content=\"image\/jpeg\" \/>\n<meta name=\"twitter:card\" content=\"summary_large_image\" \/>\n<meta name=\"twitter:label1\" content=\"Timp estimat pentru citire\" \/>\n\t<meta name=\"twitter:data1\" content=\"25 de minute\" \/>\n<script type=\"application\/ld+json\" class=\"yoast-schema-graph\">{\"@context\":\"https:\/\/schema.org\",\"@graph\":[{\"@type\":\"WebPage\",\"@id\":\"https:\/\/jetx-player.com\/faq-about-lucky-jet\/\",\"url\":\"https:\/\/jetx-player.com\/faq-about-lucky-jet\/\",\"name\":\"\u0427\u0430\u0441\u0442\u043e \u0437\u0430\u0434\u0430\u0432\u0430\u0435\u043c\u044b\u0435 \u0432\u043e\u043f\u0440\u043e\u0441\u044b \u043e\u0431 \u0438\u0433\u0440\u0435 Lucky Jet \u0432 \u043a\u0430\u0437\u0438\u043d\u043e 1win\",\"isPartOf\":{\"@id\":\"https:\/\/jetx-player.com\/#website\"},\"primaryImageOfPage\":{\"@id\":\"https:\/\/jetx-player.com\/faq-about-lucky-jet\/#primaryimage\"},\"image\":{\"@id\":\"https:\/\/jetx-player.com\/faq-about-lucky-jet\/#primaryimage\"},\"thumbnailUrl\":\"https:\/\/jetx-player.com\/wp-content\/uploads\/abstract-blue-night-space-cosmos-background-with-nebula-and-shining-star-vector.jpg\",\"datePublished\":\"2024-02-11T10:16:50+00:00\",\"dateModified\":\"2024-02-28T20:00:52+00:00\",\"description\":\"\u041c\u044b \u0441\u043e\u0431\u0440\u0430\u043b\u0438 \u0441\u0430\u043c\u044b\u0435 \u0447\u0430\u0441\u0442\u043e \u0437\u0430\u0434\u0430\u0432\u0430\u0435\u043c\u044b\u0435 \u0432\u043e\u043f\u0440\u043e\u0441\u044b \u043e\u0431 \u0438\u0433\u0440\u0435 Lucky Jet \u0432 \u043e\u043d\u043b\u0430\u0439\u043d \u043a\u0430\u0437\u0438\u043d\u043e 1win. \u0412\u0441\u0435 \u0432\u043e\u043f\u0440\u043e\u0441\u044b \u0438 \u043e\u0442\u0432\u0435\u0442\u044b \u043e \u043a\u0440\u0430\u0448 \u0438\u0433\u0440\u0435 Lucky Jet\",\"breadcrumb\":{\"@id\":\"https:\/\/jetx-player.com\/faq-about-lucky-jet\/#breadcrumb\"},\"inLanguage\":\"ro-RO\",\"potentialAction\":[{\"@type\":\"ReadAction\",\"target\":[\"https:\/\/jetx-player.com\/faq-about-lucky-jet\/\"]}]},{\"@type\":\"ImageObject\",\"inLanguage\":\"ro-RO\",\"@id\":\"https:\/\/jetx-player.com\/faq-about-lucky-jet\/#primaryimage\",\"url\":\"https:\/\/jetx-player.com\/wp-content\/uploads\/abstract-blue-night-space-cosmos-background-with-nebula-and-shining-star-vector.jpg\",\"contentUrl\":\"https:\/\/jetx-player.com\/wp-content\/uploads\/abstract-blue-night-space-cosmos-background-with-nebula-and-shining-star-vector.jpg\",\"width\":1920,\"height\":1079},{\"@type\":\"BreadcrumbList\",\"@id\":\"https:\/\/jetx-player.com\/faq-about-lucky-jet\/#breadcrumb\",\"itemListElement\":[{\"@type\":\"ListItem\",\"position\":1,\"name\":\"Home\",\"item\":\"https:\/\/jetx-player.com\/\"},{\"@type\":\"ListItem\",\"position\":2,\"name\":\"FAQ &#8212; \u0427\u0430\u0441\u0442\u043e \u0417\u0430\u0434\u0430\u0432\u0430\u0435\u043c\u044b\u0435 \u0412\u043e\u043f\u0440\u043e\u0441\u044b \u043e Lucky Jet\"}]},{\"@type\":\"WebSite\",\"@id\":\"https:\/\/jetx-player.com\/#website\",\"url\":\"https:\/\/jetx-player.com\/\",\"name\":\"JetX\",\"description\":\"Just another WordPress site\",\"publisher\":{\"@id\":\"https:\/\/jetx-player.com\/#organization\"},\"potentialAction\":[{\"@type\":\"SearchAction\",\"target\":{\"@type\":\"EntryPoint\",\"urlTemplate\":\"https:\/\/jetx-player.com\/?s={search_term_string}\"},\"query-input\":{\"@type\":\"PropertyValueSpecification\",\"valueRequired\":true,\"valueName\":\"search_term_string\"}}],\"inLanguage\":\"ro-RO\"},{\"@type\":\"Organization\",\"@id\":\"https:\/\/jetx-player.com\/#organization\",\"name\":\"JetX\",\"url\":\"https:\/\/jetx-player.com\/\",\"logo\":{\"@type\":\"ImageObject\",\"inLanguage\":\"ro-RO\",\"@id\":\"https:\/\/jetx-player.com\/#\/schema\/logo\/image\/\",\"url\":\"https:\/\/jetx-player.com\/wp-content\/uploads\/lucky-jet-header-e1707648698751.webp\",\"contentUrl\":\"https:\/\/jetx-player.com\/wp-content\/uploads\/lucky-jet-header-e1707648698751.webp\",\"width\":643,\"height\":178,\"caption\":\"JetX\"},\"image\":{\"@id\":\"https:\/\/jetx-player.com\/#\/schema\/logo\/image\/\"}}]}<\/script>\n<!-- \/ Yoast SEO plugin. -->","yoast_head_json":{"title":"\u0427\u0430\u0441\u0442\u043e \u0437\u0430\u0434\u0430\u0432\u0430\u0435\u043c\u044b\u0435 \u0432\u043e\u043f\u0440\u043e\u0441\u044b \u043e\u0431 \u0438\u0433\u0440\u0435 Lucky Jet \u0432 \u043a\u0430\u0437\u0438\u043d\u043e 1win","description":"Am adunat cele mai frecvente \u00eentreb\u0103ri despre jocul Lucky Jet la cazinoul online 1win. Toate \u00eentreb\u0103rile \u0219i r\u0103spunsurile despre jocul de pr\u0103bu\u0219ire Lucky Jet.","robots":{"index":"index","follow":"follow","max-snippet":"max-snippet:-1","max-image-preview":"max-image-preview:large","max-video-preview":"max-video-preview:-1"},"canonical":"https:\/\/jetx-player.com\/ro\/faq-about-lucky-jet\/","og_locale":"ro_RO","og_type":"article","og_title":"\u0427\u0430\u0441\u0442\u043e \u0437\u0430\u0434\u0430\u0432\u0430\u0435\u043c\u044b\u0435 \u0432\u043e\u043f\u0440\u043e\u0441\u044b \u043e\u0431 \u0438\u0433\u0440\u0435 Lucky Jet \u0432 \u043a\u0430\u0437\u0438\u043d\u043e 1win","og_description":"\u041c\u044b \u0441\u043e\u0431\u0440\u0430\u043b\u0438 \u0441\u0430\u043c\u044b\u0435 \u0447\u0430\u0441\u0442\u043e \u0437\u0430\u0434\u0430\u0432\u0430\u0435\u043c\u044b\u0435 \u0432\u043e\u043f\u0440\u043e\u0441\u044b \u043e\u0431 \u0438\u0433\u0440\u0435 Lucky Jet \u0432 \u043e\u043d\u043b\u0430\u0439\u043d \u043a\u0430\u0437\u0438\u043d\u043e 1win. \u0412\u0441\u0435 \u0432\u043e\u043f\u0440\u043e\u0441\u044b \u0438 \u043e\u0442\u0432\u0435\u0442\u044b \u043e \u043a\u0440\u0430\u0448 \u0438\u0433\u0440\u0435 Lucky Jet","og_url":"https:\/\/jetx-player.com\/ro\/faq-about-lucky-jet\/","og_site_name":"JetX","article_modified_time":"2024-02-28T20:00:52+00:00","og_image":[{"width":1920,"height":1079,"url":"https:\/\/jetx-player.com\/wp-content\/uploads\/abstract-blue-night-space-cosmos-background-with-nebula-and-shining-star-vector.jpg","type":"image\/jpeg"}],"twitter_card":"summary_large_image","twitter_misc":{"Timp estimat pentru citire":"25 de minute"},"schema":{"@context":"https:\/\/schema.org","@graph":[{"@type":"WebPage","@id":"https:\/\/jetx-player.com\/faq-about-lucky-jet\/","url":"https:\/\/jetx-player.com\/faq-about-lucky-jet\/","name":"\u0427\u0430\u0441\u0442\u043e \u0437\u0430\u0434\u0430\u0432\u0430\u0435\u043c\u044b\u0435 \u0432\u043e\u043f\u0440\u043e\u0441\u044b \u043e\u0431 \u0438\u0433\u0440\u0435 Lucky Jet \u0432 \u043a\u0430\u0437\u0438\u043d\u043e 1win","isPartOf":{"@id":"https:\/\/jetx-player.com\/#website"},"primaryImageOfPage":{"@id":"https:\/\/jetx-player.com\/faq-about-lucky-jet\/#primaryimage"},"image":{"@id":"https:\/\/jetx-player.com\/faq-about-lucky-jet\/#primaryimage"},"thumbnailUrl":"https:\/\/jetx-player.com\/wp-content\/uploads\/abstract-blue-night-space-cosmos-background-with-nebula-and-shining-star-vector.jpg","datePublished":"2024-02-11T10:16:50+00:00","dateModified":"2024-02-28T20:00:52+00:00","description":"\u041c\u044b \u0441\u043e\u0431\u0440\u0430\u043b\u0438 \u0441\u0430\u043c\u044b\u0435 \u0447\u0430\u0441\u0442\u043e \u0437\u0430\u0434\u0430\u0432\u0430\u0435\u043c\u044b\u0435 \u0432\u043e\u043f\u0440\u043e\u0441\u044b \u043e\u0431 \u0438\u0433\u0440\u0435 Lucky Jet \u0432 \u043e\u043d\u043b\u0430\u0439\u043d \u043a\u0430\u0437\u0438\u043d\u043e 1win. \u0412\u0441\u0435 \u0432\u043e\u043f\u0440\u043e\u0441\u044b \u0438 \u043e\u0442\u0432\u0435\u0442\u044b \u043e \u043a\u0440\u0430\u0448 \u0438\u0433\u0440\u0435 Lucky Jet","breadcrumb":{"@id":"https:\/\/jetx-player.com\/faq-about-lucky-jet\/#breadcrumb"},"inLanguage":"ro-RO","potentialAction":[{"@type":"ReadAction","target":["https:\/\/jetx-player.com\/faq-about-lucky-jet\/"]}]},{"@type":"ImageObject","inLanguage":"ro-RO","@id":"https:\/\/jetx-player.com\/faq-about-lucky-jet\/#primaryimage","url":"https:\/\/jetx-player.com\/wp-content\/uploads\/abstract-blue-night-space-cosmos-background-with-nebula-and-shining-star-vector.jpg","contentUrl":"https:\/\/jetx-player.com\/wp-content\/uploads\/abstract-blue-night-space-cosmos-background-with-nebula-and-shining-star-vector.jpg","width":1920,"height":1079},{"@type":"BreadcrumbList","@id":"https:\/\/jetx-player.com\/faq-about-lucky-jet\/#breadcrumb","itemListElement":[{"@type":"ListItem","position":1,"name":"Home","item":"https:\/\/jetx-player.com\/"},{"@type":"ListItem","position":2,"name":"FAQ &#8212; \u0427\u0430\u0441\u0442\u043e \u0417\u0430\u0434\u0430\u0432\u0430\u0435\u043c\u044b\u0435 \u0412\u043e\u043f\u0440\u043e\u0441\u044b \u043e Lucky Jet"}]},{"@type":"WebSite","@id":"https:\/\/jetx-player.com\/#website","url":"https:\/\/jetx-player.com\/","name":"JetX","description":"Just another WordPress site","publisher":{"@id":"https:\/\/jetx-player.com\/#organization"},"potentialAction":[{"@type":"SearchAction","target":{"@type":"EntryPoint","urlTemplate":"https:\/\/jetx-player.com\/?s={search_term_string}"},"query-input":{"@type":"PropertyValueSpecification","valueRequired":true,"valueName":"search_term_string"}}],"inLanguage":"ro-RO"},{"@type":"Organization","@id":"https:\/\/jetx-player.com\/#organization","name":"JetX","url":"https:\/\/jetx-player.com\/","logo":{"@type":"ImageObject","inLanguage":"ro-RO","@id":"https:\/\/jetx-player.com\/#\/schema\/logo\/image\/","url":"https:\/\/jetx-player.com\/wp-content\/uploads\/lucky-jet-header-e1707648698751.webp","contentUrl":"https:\/\/jetx-player.com\/wp-content\/uploads\/lucky-jet-header-e1707648698751.webp","width":643,"height":178,"caption":"JetX"},"image":{"@id":"https:\/\/jetx-player.com\/#\/schema\/logo\/image\/"}}]}},"_links":{"self":[{"href":"https:\/\/jetx-player.com\/ro\/wp-json\/wp\/v2\/pages\/14","targetHints":{"allow":["GET"]}}],"collection":[{"href":"https:\/\/jetx-player.com\/ro\/wp-json\/wp\/v2\/pages"}],"about":[{"href":"https:\/\/jetx-player.com\/ro\/wp-json\/wp\/v2\/types\/page"}],"author":[{"embeddable":true,"href":"https:\/\/jetx-player.com\/ro\/wp-json\/wp\/v2\/users\/1"}],"replies":[{"embeddable":true,"href":"https:\/\/jetx-player.com\/ro\/wp-json\/wp\/v2\/comments?post=14"}],"version-history":[{"count":26,"href":"https:\/\/jetx-player.com\/ro\/wp-json\/wp\/v2\/pages\/14\/revisions"}],"predecessor-version":[{"id":184,"href":"https:\/\/jetx-player.com\/ro\/wp-json\/wp\/v2\/pages\/14\/revisions\/184"}],"wp:featuredmedia":[{"embeddable":true,"href":"https:\/\/jetx-player.com\/ro\/wp-json\/wp\/v2\/media\/93"}],"wp:attachment":[{"href":"https:\/\/jetx-player.com\/ro\/wp-json\/wp\/v2\/media?parent=14"}],"curies":[{"name":"wp","href":"https:\/\/api.w.org\/{rel}","templated":true}]}}