{"id":12,"date":"2024-02-11T10:15:28","date_gmt":"2024-02-11T10:15:28","guid":{"rendered":"https:\/\/jetx-player.com\/?page_id=12"},"modified":"2024-02-28T20:06:24","modified_gmt":"2024-02-28T20:06:24","slug":"gameplay-strategies-in-lucky-jet","status":"publish","type":"page","link":"https:\/\/jetx-player.com\/ro\/gameplay-strategies-in-lucky-jet\/","title":{"rendered":"Strategii de joc \u00een Lucky Jet"},"content":{"rendered":"<p>Strategiile pentru jocul Lucky Jet pot varia \u00een func\u021bie de stilul de joc al fiec\u0103rui juc\u0103tor, de dorin\u021ba de a lua riscuri \u0219i de obiectivele individuale. Mai mult dec\u00e2t at\u00e2t, \u00eentrebarea obiectivelor nu este at\u00e2t de simpl\u0103 pe c\u00e2t pare. Totul depinde de situa\u021bia specific\u0103 a fiec\u0103rui juc\u0103tor. Unii joac\u0103 cu scopul de a c\u00e2\u0219tiga bani reali, adic\u0103 pentru a ob\u021bine un profit. Pentru al\u021bi juc\u0103tori, este important s\u0103 se distreze \u0219i s\u0103 se bucure de joc, f\u0103r\u0103 a se a\u0219tepta s\u0103 c\u00e2\u0219tige. Prin urmare, a\u0219a cum se \u00eent\u00e2mpl\u0103 de obicei \u00een via\u021b\u0103, fiecare are situa\u021bii \u0219i obiective diferite. Cu toate acestea, am compilat o recenzie a unor strategii populare de joc \u00een Lucky Jet care v\u0103 pot ajuta s\u0103 v\u0103 m\u0103ri\u021bi \u0219ansele de succes \u00een acest joc captivant.<\/p>\n<h2><strong>Fundamentele jocului Lucky Jet<\/strong><\/h2>\n<p>\u00cenainte de a discuta despre strategii, este important s\u0103 \u00een\u021belegem cum func\u021bioneaz\u0103 jocul. \u00cen Lucky Jet, juc\u0103torii plaseaz\u0103 pariuri pe c\u00e2t de departe va zbura Lucky Joe &#8211; un tip elegant cu un rucsac &#8211; \u00eenainte de a disp\u0103rea. Dispari\u021bia sa \u00eenseamn\u0103 c\u0103 pariurile sunt pierdute. C\u00e2\u0219tigul depinde de \u00een\u0103l\u021bimea la care tipul cu rucsacul \u00eenceteaz\u0103 s\u0103 mai zboare, iar juc\u0103torii trebuie s\u0103-\u0219i revendice c\u00e2\u0219tigul \u00eenainte de acest punct. Cu c\u00e2t a\u0219teapt\u0103 mai mult, cu at\u00e2t este mai mare c\u00e2\u0219tigul poten\u021bial, dar cu riscul de a-\u0219i pierde pariu dac\u0103 obiectul dispare. Acesta este principiul de baz\u0103 al jocului Lucky Jet, care este \u00een general similar cu alte jocuri de pr\u0103bu\u0219ire.<\/p>\n<h2><strong>Strategia de c\u00e2\u0219tig fix<\/strong><\/h2>\n<p>Una dintre cele mai simple \u0219i mai populare strategii este strategia de &#8222;c\u00e2\u0219tig fix&#8221;. Juc\u0103torii \u00ee\u0219i stabilesc un obiectiv de c\u00e2\u0219tig, de exemplu, la 2x, \u0219i \u00ee\u0219i iau c\u00e2\u0219tigul imediat ce multiplicatorul atinge aceast\u0103 valoare. Aceast\u0103 strategie ajut\u0103 la gestionarea riscurilor \u0219i ofer\u0103 un venit constant, de\u0219i mic. Merit\u0103 men\u021bionat c\u0103 aceast\u0103 strategie este considerat\u0103 cu un risc sc\u0103zut, iar juc\u0103torii aleg de obicei un multiplicator mic ca obiectiv, de exemplu, x2.<\/p>\n<h2><strong>Strategia Martingale<\/strong><\/h2>\n<p>O strategie foarte popular\u0103 \u00een jocurile de pr\u0103bu\u0219ire. Strategia &#8222;Martingale&#8221; este o metod\u0103 popular\u0103 de gestionare a pariurilor care poate fi adaptat\u0103 pentru jocul Lucky Jet. Dup\u0103 fiecare pariu pierdut, juc\u0103torul dubleaz\u0103 m\u0103rimea pariului urm\u0103tor. C\u00e2nd pariu c\u00e2\u0219tig\u0103, juc\u0103torul \u00ee\u0219i recupereaz\u0103 toate pierderile anterioare \u0219i face un profit egal cu pariul ini\u021bial. Este important s\u0103 ave\u021bi un sold suficient de mare \u00een cont pentru a rezista unei serii de pierderi \u00eenainte de a \u00eencepe s\u0103 utiliza\u021bi aceast\u0103 strategie. \u0218i merit\u0103 ad\u0103ugat c\u0103 nu este u\u0219or emo\u021bional. Pariul trebuie dublat dup\u0103 fiecare pierdere. Ce se \u00eent\u00e2mpl\u0103 dac\u0103 exist\u0103 mai multe runde consecutive de pierdere?<\/p>\n<h2><strong>Strategia de pariere \u00eemp\u0103r\u021bit\u0103<\/strong><\/h2>\n<p>Aceast\u0103 strategie implic\u0103 \u00eemp\u0103r\u021birea sumei totale a pariului \u00een mai multe pariuri mai mici cu diferite obiective de c\u00e2\u0219tig. De exemplu, o parte din pariu poate fi luat\u0103 la un multiplicator mic pentru un c\u00e2\u0219tig garantat, dar mic, \u00een timp ce cealalt\u0103 parte a pariului este l\u0103sat\u0103 la un multiplicator mai mare pentru \u0219ansa unui c\u00e2\u0219tig mare. Acest lucru permite juc\u0103torului s\u0103 echilibreze \u00eentre jocul conservator \u0219i agresiv. \u00cen acest caz, de altfel, va fi util\u0103 func\u021bia de auto-pariere \u0219i auto-retragere, deoarece v\u0103 va permite s\u0103 nu fi\u021bi distras de primul pariu, ci s\u0103 v\u0103 concentra\u021bi aten\u021bia asupra celui de-al doilea pariu, unde, de exemplu, dori\u021bi s\u0103 ob\u021bine\u021bi un coeficient mai mare.<\/p>\n<h2><strong>Stabilirea retragerii automate de bani<\/strong><\/h2>\n<p>Multe cazinouri online ofer\u0103 func\u021bia de retragere automat\u0103 la atingerea unui anumit multiplicator. Prin stabilirea retragerii automate la un nivel pe care \u00eel considera\u021bi optim, pute\u021bi evita tenta\u021bia de a a\u0219tepta prea mult \u0219i de a v\u0103 pierde pariul. Aceast\u0103 abordare este potrivit\u0103 pentru un model de joc conservator.<\/p>\n<h2><strong>Gestionarea bugetului<\/strong><\/h2>\n<p>Cel mai important aspect al oric\u0103rei strategii de joc este gestionarea bugetului. Determina\u021bi suma pe care sunte\u021bi dispus s\u0103 o risca\u021bi \u0219i nu o dep\u0103\u0219i\u021bi. O gestionare financiar\u0103 ra\u021bional\u0103 va ajuta s\u0103 evita\u021bi pierderile mari \u0219i s\u0103 v\u0103 m\u0103ri\u021bi \u0219ansele de succes pe termen lung. Asigura\u021bi-v\u0103 c\u0103 soldul contului dumneavoastr\u0103 de joc este suficient pentru un anumit num\u0103r de runde. Este dificil s\u0103 determina\u021bi num\u0103rul ideal, dar v\u0103 recomand\u0103m s\u0103 viza\u021bi 200 de runde.<\/p>\n<h2><strong>Cum s\u0103 alege\u021bi o strategie de joc<\/strong><\/h2>\n<p>Este important s\u0103 re\u021bine\u021bi c\u0103 nu exist\u0103 o strategie universal\u0103 care s\u0103\u00a0garanteze succesul \u00een jocul Lucky Jet. Toate strategiile au riscurile lor \u0219i pot duce la pierderea banilor. Nu uita\u021bi s\u0103 juca\u021bi responsabil, s\u0103 seta\u021bi limite pentru pierderi \u0219i timpul de joc \u0219i s\u0103 re\u021bine\u021bi c\u0103 jocurile de cazino ar trebui s\u0103 aduc\u0103 pl\u0103cere, nu s\u0103 devin\u0103 o surs\u0103 de probleme financiare.<\/p>\n","protected":false},"excerpt":{"rendered":"<p>Strategiile pentru jocul Lucky Jet pot varia \u00een func\u021bie de stilul de joc al fiec\u0103rui juc\u0103tor, de dorin\u021ba de a lua riscuri \u0219i de obiectivele [&hellip;]<\/p>\n","protected":false},"author":1,"featured_media":93,"parent":0,"menu_order":0,"comment_status":"closed","ping_status":"closed","template":"","meta":{"footnotes":"","_links_to":"","_links_to_target":""},"class_list":["post-12","page","type-page","status-publish","has-post-thumbnail","hentry"],"yoast_head":"<!-- This site is optimized with the Yoast SEO plugin v27.2 - https:\/\/yoast.com\/product\/yoast-seo-wordpress\/ -->\n<title>\u0421\u0442\u0440\u0430\u0442\u0435\u0433\u0438\u0438 \u0438\u0433\u0440\u044b Lucky Jet \u0432 \u043e\u043d\u043b\u0430\u0439\u043d \u043a\u0430\u0437\u0438\u043d\u043e<\/title>\n<meta name=\"description\" content=\"Juca\u021bi \u0219i c\u00e2\u0219tiga\u021bi \u00een jocul de pr\u0103bu\u0219ire Lucky Jet. Cele mai bune strategii \u0219i tactici pentru a c\u00e2\u0219tiga bani reali \u00een jocul de pr\u0103bu\u0219ire Lucky Jet. Juca\u021bi \u0219i c\u00e2\u0219tiga\u021bi acum.\" \/>\n<meta name=\"robots\" content=\"index, follow, max-snippet:-1, max-image-preview:large, max-video-preview:-1\" \/>\n<link rel=\"canonical\" href=\"https:\/\/jetx-player.com\/ro\/gameplay-strategies-in-lucky-jet\/\" \/>\n<meta property=\"og:locale\" content=\"ro_RO\" \/>\n<meta property=\"og:locale:alternate\" content=\"ru_RU\" \/>\n<meta property=\"og:locale:alternate\" content=\"en_US\" \/>\n<meta property=\"og:locale:alternate\" content=\"pt_PT\" \/>\n<meta property=\"og:locale:alternate\" content=\"es_ES\" \/>\n<meta property=\"og:locale:alternate\" content=\"sr_RS\" \/>\n<meta property=\"og:locale:alternate\" content=\"bg_BG\" \/>\n<meta property=\"og:locale:alternate\" content=\"pl_PL\" \/>\n<meta property=\"og:locale:alternate\" content=\"it_IT\" \/>\n<meta property=\"og:locale:alternate\" content=\"fr_FR\" \/>\n<meta property=\"og:type\" content=\"article\" \/>\n<meta property=\"og:title\" content=\"\u0421\u0442\u0440\u0430\u0442\u0435\u0433\u0438\u0438 \u0438\u0433\u0440\u044b Lucky Jet \u0432 \u043e\u043d\u043b\u0430\u0439\u043d \u043a\u0430\u0437\u0438\u043d\u043e\" \/>\n<meta property=\"og:description\" content=\"\u0418\u0433\u0440\u0430\u0442\u044c \u0438 \u0432\u044b\u0438\u0433\u0440\u044b\u0432\u0430\u0442\u044c \u0432 \u043a\u0440\u0430\u0448 \u0438\u0433\u0440\u0435 \u041b\u0430\u043a\u0438 \u0414\u0436\u0435\u0442. \u041b\u0443\u0447\u0448\u0438\u0435 \u0441\u0442\u0440\u0430\u0442\u0435\u0433\u0438\u0438 \u0438 \u0442\u0430\u043a\u0442\u0438\u043a\u0438 \u0434\u043b\u044f \u0432\u044b\u0438\u0433\u0440\u044b\u0448\u0430 \u0440\u0435\u0430\u043b\u044c\u043d\u044b\u0445 \u0434\u0435\u043d\u0435\u0433 \u0432 \u043a\u0440\u0430\u0448 \u0438\u0433\u0440\u0435 Lucky Jet. \u0418\u0433\u0440\u0430\u0442\u044c \u0438 \u0432\u044b\u0438\u0433\u0440\u044b\u0432\u0430\u0442\u044c \u0441\u0435\u0439\u0447\u0430\u0441\" \/>\n<meta property=\"og:url\" content=\"https:\/\/jetx-player.com\/ro\/gameplay-strategies-in-lucky-jet\/\" \/>\n<meta property=\"og:site_name\" content=\"JetX\" \/>\n<meta property=\"article:modified_time\" content=\"2024-02-28T20:06:24+00:00\" \/>\n<meta property=\"og:image\" content=\"https:\/\/jetx-player.com\/wp-content\/uploads\/abstract-blue-night-space-cosmos-background-with-nebula-and-shining-star-vector.jpg\" \/>\n\t<meta property=\"og:image:width\" content=\"1920\" \/>\n\t<meta property=\"og:image:height\" content=\"1079\" \/>\n\t<meta property=\"og:image:type\" content=\"image\/jpeg\" \/>\n<meta name=\"twitter:card\" content=\"summary_large_image\" \/>\n<meta name=\"twitter:label1\" content=\"Timp estimat pentru citire\" \/>\n\t<meta name=\"twitter:data1\" content=\"28 de minute\" \/>\n<script type=\"application\/ld+json\" class=\"yoast-schema-graph\">{\"@context\":\"https:\/\/schema.org\",\"@graph\":[{\"@type\":\"WebPage\",\"@id\":\"https:\/\/jetx-player.com\/gameplay-strategies-in-lucky-jet\/\",\"url\":\"https:\/\/jetx-player.com\/gameplay-strategies-in-lucky-jet\/\",\"name\":\"\u0421\u0442\u0440\u0430\u0442\u0435\u0433\u0438\u0438 \u0438\u0433\u0440\u044b Lucky Jet \u0432 \u043e\u043d\u043b\u0430\u0439\u043d \u043a\u0430\u0437\u0438\u043d\u043e\",\"isPartOf\":{\"@id\":\"https:\/\/jetx-player.com\/#website\"},\"primaryImageOfPage\":{\"@id\":\"https:\/\/jetx-player.com\/gameplay-strategies-in-lucky-jet\/#primaryimage\"},\"image\":{\"@id\":\"https:\/\/jetx-player.com\/gameplay-strategies-in-lucky-jet\/#primaryimage\"},\"thumbnailUrl\":\"https:\/\/jetx-player.com\/wp-content\/uploads\/abstract-blue-night-space-cosmos-background-with-nebula-and-shining-star-vector.jpg\",\"datePublished\":\"2024-02-11T10:15:28+00:00\",\"dateModified\":\"2024-02-28T20:06:24+00:00\",\"description\":\"\u0418\u0433\u0440\u0430\u0442\u044c \u0438 \u0432\u044b\u0438\u0433\u0440\u044b\u0432\u0430\u0442\u044c \u0432 \u043a\u0440\u0430\u0448 \u0438\u0433\u0440\u0435 \u041b\u0430\u043a\u0438 \u0414\u0436\u0435\u0442. \u041b\u0443\u0447\u0448\u0438\u0435 \u0441\u0442\u0440\u0430\u0442\u0435\u0433\u0438\u0438 \u0438 \u0442\u0430\u043a\u0442\u0438\u043a\u0438 \u0434\u043b\u044f \u0432\u044b\u0438\u0433\u0440\u044b\u0448\u0430 \u0440\u0435\u0430\u043b\u044c\u043d\u044b\u0445 \u0434\u0435\u043d\u0435\u0433 \u0432 \u043a\u0440\u0430\u0448 \u0438\u0433\u0440\u0435 Lucky Jet. \u0418\u0433\u0440\u0430\u0442\u044c \u0438 \u0432\u044b\u0438\u0433\u0440\u044b\u0432\u0430\u0442\u044c \u0441\u0435\u0439\u0447\u0430\u0441\",\"breadcrumb\":{\"@id\":\"https:\/\/jetx-player.com\/gameplay-strategies-in-lucky-jet\/#breadcrumb\"},\"inLanguage\":\"ro-RO\",\"potentialAction\":[{\"@type\":\"ReadAction\",\"target\":[\"https:\/\/jetx-player.com\/gameplay-strategies-in-lucky-jet\/\"]}]},{\"@type\":\"ImageObject\",\"inLanguage\":\"ro-RO\",\"@id\":\"https:\/\/jetx-player.com\/gameplay-strategies-in-lucky-jet\/#primaryimage\",\"url\":\"https:\/\/jetx-player.com\/wp-content\/uploads\/abstract-blue-night-space-cosmos-background-with-nebula-and-shining-star-vector.jpg\",\"contentUrl\":\"https:\/\/jetx-player.com\/wp-content\/uploads\/abstract-blue-night-space-cosmos-background-with-nebula-and-shining-star-vector.jpg\",\"width\":1920,\"height\":1079},{\"@type\":\"BreadcrumbList\",\"@id\":\"https:\/\/jetx-player.com\/gameplay-strategies-in-lucky-jet\/#breadcrumb\",\"itemListElement\":[{\"@type\":\"ListItem\",\"position\":1,\"name\":\"Home\",\"item\":\"https:\/\/jetx-player.com\/\"},{\"@type\":\"ListItem\",\"position\":2,\"name\":\"\u0421\u0442\u0440\u0430\u0442\u0435\u0433\u0438\u0438 \u0438\u0433\u0440\u044b \u0432 Lucky Jet\"}]},{\"@type\":\"WebSite\",\"@id\":\"https:\/\/jetx-player.com\/#website\",\"url\":\"https:\/\/jetx-player.com\/\",\"name\":\"JetX\",\"description\":\"Just another WordPress site\",\"publisher\":{\"@id\":\"https:\/\/jetx-player.com\/#organization\"},\"potentialAction\":[{\"@type\":\"SearchAction\",\"target\":{\"@type\":\"EntryPoint\",\"urlTemplate\":\"https:\/\/jetx-player.com\/?s={search_term_string}\"},\"query-input\":{\"@type\":\"PropertyValueSpecification\",\"valueRequired\":true,\"valueName\":\"search_term_string\"}}],\"inLanguage\":\"ro-RO\"},{\"@type\":\"Organization\",\"@id\":\"https:\/\/jetx-player.com\/#organization\",\"name\":\"JetX\",\"url\":\"https:\/\/jetx-player.com\/\",\"logo\":{\"@type\":\"ImageObject\",\"inLanguage\":\"ro-RO\",\"@id\":\"https:\/\/jetx-player.com\/#\/schema\/logo\/image\/\",\"url\":\"https:\/\/jetx-player.com\/wp-content\/uploads\/lucky-jet-header-e1707648698751.webp\",\"contentUrl\":\"https:\/\/jetx-player.com\/wp-content\/uploads\/lucky-jet-header-e1707648698751.webp\",\"width\":643,\"height\":178,\"caption\":\"JetX\"},\"image\":{\"@id\":\"https:\/\/jetx-player.com\/#\/schema\/logo\/image\/\"}}]}<\/script>\n<!-- \/ Yoast SEO plugin. -->","yoast_head_json":{"title":"\u0421\u0442\u0440\u0430\u0442\u0435\u0433\u0438\u0438 \u0438\u0433\u0440\u044b Lucky Jet \u0432 \u043e\u043d\u043b\u0430\u0439\u043d \u043a\u0430\u0437\u0438\u043d\u043e","description":"Juca\u021bi \u0219i c\u00e2\u0219tiga\u021bi \u00een jocul de pr\u0103bu\u0219ire Lucky Jet. Cele mai bune strategii \u0219i tactici pentru a c\u00e2\u0219tiga bani reali \u00een jocul de pr\u0103bu\u0219ire Lucky Jet. Juca\u021bi \u0219i c\u00e2\u0219tiga\u021bi acum.","robots":{"index":"index","follow":"follow","max-snippet":"max-snippet:-1","max-image-preview":"max-image-preview:large","max-video-preview":"max-video-preview:-1"},"canonical":"https:\/\/jetx-player.com\/ro\/gameplay-strategies-in-lucky-jet\/","og_locale":"ro_RO","og_type":"article","og_title":"\u0421\u0442\u0440\u0430\u0442\u0435\u0433\u0438\u0438 \u0438\u0433\u0440\u044b Lucky Jet \u0432 \u043e\u043d\u043b\u0430\u0439\u043d \u043a\u0430\u0437\u0438\u043d\u043e","og_description":"\u0418\u0433\u0440\u0430\u0442\u044c \u0438 \u0432\u044b\u0438\u0433\u0440\u044b\u0432\u0430\u0442\u044c \u0432 \u043a\u0440\u0430\u0448 \u0438\u0433\u0440\u0435 \u041b\u0430\u043a\u0438 \u0414\u0436\u0435\u0442. \u041b\u0443\u0447\u0448\u0438\u0435 \u0441\u0442\u0440\u0430\u0442\u0435\u0433\u0438\u0438 \u0438 \u0442\u0430\u043a\u0442\u0438\u043a\u0438 \u0434\u043b\u044f \u0432\u044b\u0438\u0433\u0440\u044b\u0448\u0430 \u0440\u0435\u0430\u043b\u044c\u043d\u044b\u0445 \u0434\u0435\u043d\u0435\u0433 \u0432 \u043a\u0440\u0430\u0448 \u0438\u0433\u0440\u0435 Lucky Jet. \u0418\u0433\u0440\u0430\u0442\u044c \u0438 \u0432\u044b\u0438\u0433\u0440\u044b\u0432\u0430\u0442\u044c \u0441\u0435\u0439\u0447\u0430\u0441","og_url":"https:\/\/jetx-player.com\/ro\/gameplay-strategies-in-lucky-jet\/","og_site_name":"JetX","article_modified_time":"2024-02-28T20:06:24+00:00","og_image":[{"width":1920,"height":1079,"url":"https:\/\/jetx-player.com\/wp-content\/uploads\/abstract-blue-night-space-cosmos-background-with-nebula-and-shining-star-vector.jpg","type":"image\/jpeg"}],"twitter_card":"summary_large_image","twitter_misc":{"Timp estimat pentru citire":"28 de minute"},"schema":{"@context":"https:\/\/schema.org","@graph":[{"@type":"WebPage","@id":"https:\/\/jetx-player.com\/gameplay-strategies-in-lucky-jet\/","url":"https:\/\/jetx-player.com\/gameplay-strategies-in-lucky-jet\/","name":"\u0421\u0442\u0440\u0430\u0442\u0435\u0433\u0438\u0438 \u0438\u0433\u0440\u044b Lucky Jet \u0432 \u043e\u043d\u043b\u0430\u0439\u043d \u043a\u0430\u0437\u0438\u043d\u043e","isPartOf":{"@id":"https:\/\/jetx-player.com\/#website"},"primaryImageOfPage":{"@id":"https:\/\/jetx-player.com\/gameplay-strategies-in-lucky-jet\/#primaryimage"},"image":{"@id":"https:\/\/jetx-player.com\/gameplay-strategies-in-lucky-jet\/#primaryimage"},"thumbnailUrl":"https:\/\/jetx-player.com\/wp-content\/uploads\/abstract-blue-night-space-cosmos-background-with-nebula-and-shining-star-vector.jpg","datePublished":"2024-02-11T10:15:28+00:00","dateModified":"2024-02-28T20:06:24+00:00","description":"\u0418\u0433\u0440\u0430\u0442\u044c \u0438 \u0432\u044b\u0438\u0433\u0440\u044b\u0432\u0430\u0442\u044c \u0432 \u043a\u0440\u0430\u0448 \u0438\u0433\u0440\u0435 \u041b\u0430\u043a\u0438 \u0414\u0436\u0435\u0442. \u041b\u0443\u0447\u0448\u0438\u0435 \u0441\u0442\u0440\u0430\u0442\u0435\u0433\u0438\u0438 \u0438 \u0442\u0430\u043a\u0442\u0438\u043a\u0438 \u0434\u043b\u044f \u0432\u044b\u0438\u0433\u0440\u044b\u0448\u0430 \u0440\u0435\u0430\u043b\u044c\u043d\u044b\u0445 \u0434\u0435\u043d\u0435\u0433 \u0432 \u043a\u0440\u0430\u0448 \u0438\u0433\u0440\u0435 Lucky Jet. \u0418\u0433\u0440\u0430\u0442\u044c \u0438 \u0432\u044b\u0438\u0433\u0440\u044b\u0432\u0430\u0442\u044c \u0441\u0435\u0439\u0447\u0430\u0441","breadcrumb":{"@id":"https:\/\/jetx-player.com\/gameplay-strategies-in-lucky-jet\/#breadcrumb"},"inLanguage":"ro-RO","potentialAction":[{"@type":"ReadAction","target":["https:\/\/jetx-player.com\/gameplay-strategies-in-lucky-jet\/"]}]},{"@type":"ImageObject","inLanguage":"ro-RO","@id":"https:\/\/jetx-player.com\/gameplay-strategies-in-lucky-jet\/#primaryimage","url":"https:\/\/jetx-player.com\/wp-content\/uploads\/abstract-blue-night-space-cosmos-background-with-nebula-and-shining-star-vector.jpg","contentUrl":"https:\/\/jetx-player.com\/wp-content\/uploads\/abstract-blue-night-space-cosmos-background-with-nebula-and-shining-star-vector.jpg","width":1920,"height":1079},{"@type":"BreadcrumbList","@id":"https:\/\/jetx-player.com\/gameplay-strategies-in-lucky-jet\/#breadcrumb","itemListElement":[{"@type":"ListItem","position":1,"name":"Home","item":"https:\/\/jetx-player.com\/"},{"@type":"ListItem","position":2,"name":"\u0421\u0442\u0440\u0430\u0442\u0435\u0433\u0438\u0438 \u0438\u0433\u0440\u044b \u0432 Lucky Jet"}]},{"@type":"WebSite","@id":"https:\/\/jetx-player.com\/#website","url":"https:\/\/jetx-player.com\/","name":"JetX","description":"Just another WordPress site","publisher":{"@id":"https:\/\/jetx-player.com\/#organization"},"potentialAction":[{"@type":"SearchAction","target":{"@type":"EntryPoint","urlTemplate":"https:\/\/jetx-player.com\/?s={search_term_string}"},"query-input":{"@type":"PropertyValueSpecification","valueRequired":true,"valueName":"search_term_string"}}],"inLanguage":"ro-RO"},{"@type":"Organization","@id":"https:\/\/jetx-player.com\/#organization","name":"JetX","url":"https:\/\/jetx-player.com\/","logo":{"@type":"ImageObject","inLanguage":"ro-RO","@id":"https:\/\/jetx-player.com\/#\/schema\/logo\/image\/","url":"https:\/\/jetx-player.com\/wp-content\/uploads\/lucky-jet-header-e1707648698751.webp","contentUrl":"https:\/\/jetx-player.com\/wp-content\/uploads\/lucky-jet-header-e1707648698751.webp","width":643,"height":178,"caption":"JetX"},"image":{"@id":"https:\/\/jetx-player.com\/#\/schema\/logo\/image\/"}}]}},"_links":{"self":[{"href":"https:\/\/jetx-player.com\/ro\/wp-json\/wp\/v2\/pages\/12","targetHints":{"allow":["GET"]}}],"collection":[{"href":"https:\/\/jetx-player.com\/ro\/wp-json\/wp\/v2\/pages"}],"about":[{"href":"https:\/\/jetx-player.com\/ro\/wp-json\/wp\/v2\/types\/page"}],"author":[{"embeddable":true,"href":"https:\/\/jetx-player.com\/ro\/wp-json\/wp\/v2\/users\/1"}],"replies":[{"embeddable":true,"href":"https:\/\/jetx-player.com\/ro\/wp-json\/wp\/v2\/comments?post=12"}],"version-history":[{"count":25,"href":"https:\/\/jetx-player.com\/ro\/wp-json\/wp\/v2\/pages\/12\/revisions"}],"predecessor-version":[{"id":188,"href":"https:\/\/jetx-player.com\/ro\/wp-json\/wp\/v2\/pages\/12\/revisions\/188"}],"wp:featuredmedia":[{"embeddable":true,"href":"https:\/\/jetx-player.com\/ro\/wp-json\/wp\/v2\/media\/93"}],"wp:attachment":[{"href":"https:\/\/jetx-player.com\/ro\/wp-json\/wp\/v2\/media?parent=12"}],"curies":[{"name":"wp","href":"https:\/\/api.w.org\/{rel}","templated":true}]}}