{"id":10,"date":"2024-02-11T10:14:25","date_gmt":"2024-02-11T10:14:25","guid":{"rendered":"https:\/\/jetx-player.com\/?page_id=10"},"modified":"2024-02-28T20:05:21","modified_gmt":"2024-02-28T20:05:21","slug":"reviews-of-the-lucky-jet-game","status":"publish","type":"page","link":"https:\/\/jetx-player.com\/ro\/reviews-of-the-lucky-jet-game\/","title":{"rendered":"Recenzii ale jocului Lucky Jet"},"content":{"rendered":"<p>Am adunat recenzii \u0219i testimoniale de la juc\u0103tori reali despre jocul Lucky Jet. Citind aceste recenzii, ve\u021bi avea o \u00een\u021belegere mai bun\u0103 a ceea ce este jocul \u0219i cum func\u021bioneaz\u0103. Recomand\u0103m s\u0103 v\u0103 familiariza\u021bi cu opiniile juc\u0103torilor \u00eenainte de a \u00eencepe s\u0103 juca\u021bi Lucky Jet.<\/p>\n<p><strong>Alexey, 34 de ani:<\/strong> &#8222;Lucky Jet a fost o adev\u0103rat\u0103 descoperire pentru mine. Excitarea fiec\u0103rui decolaj este de nedescris, iar momentul \u00een care trebuie s\u0103 decide\u021bi s\u0103 retrage\u021bi banii v\u0103 \u021bine cu sufletul la gur\u0103. Am reu\u0219it s\u0103-mi dublez c\u00e2\u0219tigurile de mai multe ori, dar uneori avaritia preia controlul \u0219i atunci trebuie s\u0103 \u00eencep din nou. Ei bine, se \u00eent\u00e2mpl\u0103.&#8221;<\/p>\n<p><strong>Marina, 29 de ani:<\/strong> &#8222;La \u00eenceput, am crezut c\u0103 Lucky Jet va fi simplu, dar s-a dovedit c\u0103 f\u0103r\u0103 o strategie bun\u0103, nu vei ajunge prea departe. Am \u00eencercat mai multe abord\u0103ri \u0219i mi-am g\u0103sit stilul de joc. Este uimitor, dar c\u00e2\u0219tigurile pot fi \u00eentr-adev\u0103r substan\u021biale, mai ales dac\u0103 \u0219tii c\u00e2nd s\u0103 te opre\u0219ti. \u0218i p\u00e2n\u0103 acum, asta este cel mai important lucru pe care trebuie s\u0103-l \u00eenv\u0103\u021b &#8211; s\u0103 \u0219tiu c\u00e2nd s\u0103 m\u0103 opresc.&#8221;<\/p>\n<p><strong>Dmitry, 42 de ani:<\/strong> &#8222;Juc\u00e2nd Lucky Jet, am \u00eenv\u0103\u021bat s\u0103 fiu mai re\u021binut. Fiecare joc este o lec\u021bie de autocontrol, pentru c\u0103 este important nu doar s\u0103 ghici\u021bi momentul pentru a paria, ci \u0219i s\u0103 decide\u021bi c\u00e2nd este timpul s\u0103 v\u0103 revendica\u021bi c\u00e2\u0219tigurile. Cea mai bun\u0103 strategie pentru mine este s\u0103 stabilesc limite clare \u0219i s\u0103 le respect. M-am \u00eembun\u0103t\u0103\u021bit de c\u00e2nd am \u00eenceput s\u0103 joc Lucky Jet.&#8221;<\/p>\n<p><strong>Elena, 25 de ani:<\/strong> &#8222;Lucky Jet m\u0103 atrage cu posibilitatea de a c\u00e2\u0219tiga mare datorit\u0103 multiplicatorilor mari. Cu toate acestea, de fiecare dat\u0103 c\u00e2nd jocul \u00eemi aminte\u0219te c\u0103 este important s\u0103 \u0219tiu c\u00e2nd s\u0103 m\u0103 opresc. De c\u00e2teva ori am reu\u0219it s\u0103 c\u00e2\u0219tig sume semnificative, dar sunt \u0219i pierderi care \u00eemi amintesc de riscuri. \u0218i riscurile, a\u0219a cum este \u00een orice joc de pr\u0103bu\u0219ire, sunt \u00eentr-adev\u0103r mari.&#8221;<\/p>\n<p><strong>Igor, 38 de ani:<\/strong> &#8222;Dup\u0103 o zi la serviciu, Lucky Jet este modalitatea mea de a m\u0103 relaxa. \u00cemi place c\u0103 jocul nu necesit\u0103 mult\u0103 aten\u021bie, dar \u00een acela\u0219i timp ofer\u0103 oportunitatea de a c\u00e2\u0219tiga. Desigur, nu \u00eentotdeauna termin \u00een c\u00e2\u0219tig, dar emo\u021biile din joc merit\u0103. M\u0103 bucur s\u0103 joc, \u0219i voi continua s\u0103 joc.&#8221;<\/p>\n<p><strong>Victoria, 31 de ani:<\/strong> &#8222;Partea mea preferat\u0103 din Lucky Jet este sentimentul de corectitudine. Spre deosebire de unele alte jocuri, aici rezultatul pare \u00eentr-adev\u0103r aleatoriu, ceea ce face ca fiecare joc s\u0103 fie incitant. De c\u00e2nd am \u00eenceput s\u0103 joc, seara mea nu trece f\u0103r\u0103 c\u00e2teva decol\u0103ri. Mai mult, jocul are un personaj foarte dr\u0103gu\u021b. Avioanele \u0219i rachetele sunt plictisitoare, dar un t\u00e2n\u0103r dr\u0103gu\u021b cu un rucsac este o alt\u0103 poveste.&#8221;<\/p>\n<p><strong>Nikolay, 45 de ani:<\/strong> &#8222;Juc\u00e2nd Lucky Jet, am descoperit c\u0103 interesul pentru joc nu dispare. De fiecare dat\u0103 c\u00e2nd intru \u00een joc, simt emo\u021bie, iar acest sentiment alimenteaz\u0103 dorin\u021ba mea de a juca din nou \u0219i din nou. C\u00e2\u0219tigurile \u0219i pierderile se succed, dar emo\u021bia r\u0103m\u00e2ne. Este un joc demn de aten\u021bia oric\u0103rui juc\u0103tor.&#8221;<\/p>\n<p><strong>Anna, 27 de ani:<\/strong> &#8222;\u00cen Lucky Jet, am \u00eencercat diferite strategii, de la conservatoare la cele mai riscurate. \u00cen mod interesant, unele chiar ajut\u0103 la cre\u0219terea \u0219anselor de succes. Lucrul principal este controlul emo\u021bional \u0219i \u0219tiind c\u00e2nd s\u0103 te opre\u0219ti \u00eenainte ca pariu s\u0103 fie pierdut. Cu toate acestea, acesta este un cerin\u021b\u0103 cheie pentru orice joc de pr\u0103bu\u0219ire.&#8221;<\/p>\n<p><strong>Sergey, 50 de ani:<\/strong> &#8222;\u00cemi place c\u0103 \u00een Lucky Jet, tu controlezi jocul singur. Deciderea c\u00e2nd s\u0103 \u00ee\u021bi revendici c\u00e2\u0219tigurile adaug\u0103 strategie \u0219i psihologie. Au existat deja c\u00e2\u0219tiguri mari, dar pierderile te fac mai prudent. \u00cen ansamblu, jocul las\u0103 o impresie bun\u0103.&#8221;<\/p>\n<p><strong>Olga, 22 de ani:<\/strong> &#8222;Pentru mine, Lucky Jet a devenit o poart\u0103 c\u0103tre lumea jocurilor de noroc. Simplitatea regulilor combinate cu imprevizibilitatea rezultatului face fiecare joc unic. P\u00e2n\u0103 acum, norocul nu este \u00eentotdeauna de partea mea, dar \u00eenv\u0103\u021b s\u0103 gestionez riscurile. Dar avantajele dep\u0103\u0219esc riscurile.&#8221;<\/p>\n<p><strong>Artyom, 35 de ani:<\/strong> &#8222;Este uimitor, dar \u00een Lucky Jet, reu\u0219esc s\u0103 c\u00e2\u0219tig destul de des. Cheia succesului, \u00een opinia mea, const\u0103 \u00een distribu\u021bia corect\u0103 a pariurilor \u0219i \u0219tiind c\u00e2nd s\u0103 te opre\u0219ti \u00een momentul potrivit. Acest joc m-a \u00eenv\u0103\u021bat s\u0103 apreciez fiecare c\u00e2\u0219tig. \u0218i c\u00e2\u0219tigarea \u00een joc este posibil\u0103. Jocul te las\u0103 s\u0103 c\u00e2\u0219tigi.&#8221;<\/p>\n<p><strong>Tatyana, 40 de ani:<\/strong> &#8222;Lucky Jet nu este doar un test al norocului, ci \u0219i un test al rezisten\u021bei. Juc\u00e2nd, am \u00een<\/p>\n<p>\u021beles mai bine c\u00e2t de important este s\u0103 po\u021bi controla dorin\u021bele \u0219i emo\u021biile. C\u00e2\u0219tigurile vin \u0219i pleac\u0103, dar emo\u021bia \u0219i incitarea r\u0103m\u00e2n. Jocul Lucky Jet ofer\u0103 o senza\u021bie excelent\u0103. Joc foarte revigorant.&#8221;<\/p>\n<p><strong>Mikhail, 28 de ani:<\/strong> &#8222;Aplic\u00e2nd strategia Martingale \u00een Lucky Jet, am reu\u0219it s\u0103 c\u00e2\u0219tig de c\u00e2teva ori la r\u00e2nd. Acest lucru confirm\u0103 c\u0103, cu abordarea corect\u0103 \u0219i pu\u021bin noroc, po\u021bi ob\u021bine succesul. Dar este important s\u0103-\u021bi aminte\u0219ti riscurile \u0219i s\u0103 nu abuzezi de aceast\u0103 strategie. Sunt preg\u0103tit s\u0103 joc Lucky Jet \u00een serile \u0219i s\u0103 m\u0103 bucur cu adev\u0103rat de joc.&#8221;<\/p>\n<p><strong>Larisa, 33 de ani:<\/strong> &#8222;Fiecare joc \u00een Lucky Jet este o nou\u0103 aventur\u0103. Impracticabilitatea rezultatelor face fiecare decolare unic\u0103, \u0219i asta m\u0103 atrage. \u00cen ciuda pierderilor, emo\u021biile din c\u00e2\u0219tiguri sunt nepre\u021buite. Eu apreciez foarte mult cazinoul 1win \u0219i jocul Lucky Jet.&#8221;<\/p>\n<p><strong>Georgiy, 36 de ani:<\/strong> &#8222;Lucky Jet m-a ajutat s\u0103-mi dezvolt intui\u021bia \u0219i m-a \u00eenv\u0103\u021bat s\u0103 g\u00e2ndesc strategic. \u00cen joc, este important nu doar s\u0103 ai noroc, ci \u0219i s\u0103 po\u021bi analiza situa\u021bia. C\u00e2\u0219tigurile adaug\u0103 \u00eencredere, iar pierderile adaug\u0103 experien\u021b\u0103. \u00cemi place jocul Lucky Jet.&#8221;<\/p>\n","protected":false},"excerpt":{"rendered":"<p>Am adunat recenzii \u0219i testimoniale de la juc\u0103tori reali despre jocul Lucky Jet. Citind aceste recenzii, ve\u021bi avea o \u00een\u021belegere mai bun\u0103 a ceea ce [&hellip;]<\/p>\n","protected":false},"author":1,"featured_media":93,"parent":0,"menu_order":0,"comment_status":"closed","ping_status":"closed","template":"","meta":{"footnotes":"","_links_to":"","_links_to_target":""},"class_list":["post-10","page","type-page","status-publish","has-post-thumbnail","hentry"],"yoast_head":"<!-- This site is optimized with the Yoast SEO plugin v27.2 - https:\/\/yoast.com\/product\/yoast-seo-wordpress\/ -->\n<title>\u041e\u0442\u0437\u044b\u0432\u044b \u0438 \u043e\u0431\u0437\u043e\u0440\u044b \u0440\u0435\u0430\u043b\u044c\u043d\u044b\u0445 \u0438\u0433\u0440\u043e\u043a\u043e\u0432 \u043e\u0431 \u0438\u0433\u0440\u0435 Lucky Jet<\/title>\n<meta name=\"description\" content=\"Am adunat recenzii, opinii \u0219i prezent\u0103ri de la juc\u0103torii Lucky Jet despre joc. Tot ce ai vrut s\u0103 \u0219tii despre jocul Lucky Jet \u0219i cum \u00eel joac\u0103 al\u021bi juc\u0103tori.\" \/>\n<meta name=\"robots\" content=\"index, follow, max-snippet:-1, max-image-preview:large, max-video-preview:-1\" \/>\n<link rel=\"canonical\" href=\"https:\/\/jetx-player.com\/ro\/reviews-of-the-lucky-jet-game\/\" \/>\n<meta property=\"og:locale\" content=\"ro_RO\" \/>\n<meta property=\"og:locale:alternate\" content=\"ru_RU\" \/>\n<meta property=\"og:locale:alternate\" content=\"en_US\" \/>\n<meta property=\"og:locale:alternate\" content=\"pt_PT\" \/>\n<meta property=\"og:locale:alternate\" content=\"es_ES\" \/>\n<meta property=\"og:locale:alternate\" content=\"sr_RS\" \/>\n<meta property=\"og:locale:alternate\" content=\"bg_BG\" \/>\n<meta property=\"og:locale:alternate\" content=\"pl_PL\" \/>\n<meta property=\"og:locale:alternate\" content=\"it_IT\" \/>\n<meta property=\"og:locale:alternate\" content=\"fr_FR\" \/>\n<meta property=\"og:type\" content=\"article\" \/>\n<meta property=\"og:title\" content=\"\u041e\u0442\u0437\u044b\u0432\u044b \u0438 \u043e\u0431\u0437\u043e\u0440\u044b \u0440\u0435\u0430\u043b\u044c\u043d\u044b\u0445 \u0438\u0433\u0440\u043e\u043a\u043e\u0432 \u043e\u0431 \u0438\u0433\u0440\u0435 Lucky Jet\" \/>\n<meta property=\"og:description\" content=\"\u041c\u044b \u0441\u043e\u0431\u0440\u0430\u043b\u0438 \u043e\u0442\u0437\u044b\u0432\u044b, \u043c\u043d\u0435\u043d\u0438\u044f \u0438 \u043e\u0431\u0437\u043e\u0440\u044b \u0438\u0433\u0440\u043e\u043a\u043e\u0432 Lucky Jet \u043e\u0431 \u0438\u0433\u0440\u0435. \u0412\u0441\u0435, \u0447\u0442\u043e \u0432\u044b \u0445\u043e\u0442\u0435\u043b\u0438 \u0443\u0437\u043d\u0430\u0442\u044c \u043e\u0431 \u0438\u0433\u0440\u0435 Lucky Jet \u0438 \u043a\u0430\u043a \u0432 \u043d\u0435\u0435 \u0438\u0433\u0440\u0430\u044e\u0442 \u0434\u0440\u0443\u0433\u0438\u0435 \u0438\u0433\u0440\u043e\u043a\u0438\" \/>\n<meta property=\"og:url\" content=\"https:\/\/jetx-player.com\/ro\/reviews-of-the-lucky-jet-game\/\" \/>\n<meta property=\"og:site_name\" content=\"JetX\" \/>\n<meta property=\"article:modified_time\" content=\"2024-02-28T20:05:21+00:00\" \/>\n<meta property=\"og:image\" content=\"https:\/\/jetx-player.com\/wp-content\/uploads\/abstract-blue-night-space-cosmos-background-with-nebula-and-shining-star-vector.jpg\" \/>\n\t<meta property=\"og:image:width\" content=\"1920\" \/>\n\t<meta property=\"og:image:height\" content=\"1079\" \/>\n\t<meta property=\"og:image:type\" content=\"image\/jpeg\" \/>\n<meta name=\"twitter:card\" content=\"summary_large_image\" \/>\n<meta name=\"twitter:label1\" content=\"Timp estimat pentru citire\" \/>\n\t<meta name=\"twitter:data1\" content=\"33 de minute\" \/>\n<script type=\"application\/ld+json\" class=\"yoast-schema-graph\">{\"@context\":\"https:\/\/schema.org\",\"@graph\":[{\"@type\":\"WebPage\",\"@id\":\"https:\/\/jetx-player.com\/reviews-of-the-lucky-jet-game\/\",\"url\":\"https:\/\/jetx-player.com\/reviews-of-the-lucky-jet-game\/\",\"name\":\"\u041e\u0442\u0437\u044b\u0432\u044b \u0438 \u043e\u0431\u0437\u043e\u0440\u044b \u0440\u0435\u0430\u043b\u044c\u043d\u044b\u0445 \u0438\u0433\u0440\u043e\u043a\u043e\u0432 \u043e\u0431 \u0438\u0433\u0440\u0435 Lucky Jet\",\"isPartOf\":{\"@id\":\"https:\/\/jetx-player.com\/#website\"},\"primaryImageOfPage\":{\"@id\":\"https:\/\/jetx-player.com\/reviews-of-the-lucky-jet-game\/#primaryimage\"},\"image\":{\"@id\":\"https:\/\/jetx-player.com\/reviews-of-the-lucky-jet-game\/#primaryimage\"},\"thumbnailUrl\":\"https:\/\/jetx-player.com\/wp-content\/uploads\/abstract-blue-night-space-cosmos-background-with-nebula-and-shining-star-vector.jpg\",\"datePublished\":\"2024-02-11T10:14:25+00:00\",\"dateModified\":\"2024-02-28T20:05:21+00:00\",\"description\":\"\u041c\u044b \u0441\u043e\u0431\u0440\u0430\u043b\u0438 \u043e\u0442\u0437\u044b\u0432\u044b, \u043c\u043d\u0435\u043d\u0438\u044f \u0438 \u043e\u0431\u0437\u043e\u0440\u044b \u0438\u0433\u0440\u043e\u043a\u043e\u0432 Lucky Jet \u043e\u0431 \u0438\u0433\u0440\u0435. \u0412\u0441\u0435, \u0447\u0442\u043e \u0432\u044b \u0445\u043e\u0442\u0435\u043b\u0438 \u0443\u0437\u043d\u0430\u0442\u044c \u043e\u0431 \u0438\u0433\u0440\u0435 Lucky Jet \u0438 \u043a\u0430\u043a \u0432 \u043d\u0435\u0435 \u0438\u0433\u0440\u0430\u044e\u0442 \u0434\u0440\u0443\u0433\u0438\u0435 \u0438\u0433\u0440\u043e\u043a\u0438\",\"breadcrumb\":{\"@id\":\"https:\/\/jetx-player.com\/reviews-of-the-lucky-jet-game\/#breadcrumb\"},\"inLanguage\":\"ro-RO\",\"potentialAction\":[{\"@type\":\"ReadAction\",\"target\":[\"https:\/\/jetx-player.com\/reviews-of-the-lucky-jet-game\/\"]}]},{\"@type\":\"ImageObject\",\"inLanguage\":\"ro-RO\",\"@id\":\"https:\/\/jetx-player.com\/reviews-of-the-lucky-jet-game\/#primaryimage\",\"url\":\"https:\/\/jetx-player.com\/wp-content\/uploads\/abstract-blue-night-space-cosmos-background-with-nebula-and-shining-star-vector.jpg\",\"contentUrl\":\"https:\/\/jetx-player.com\/wp-content\/uploads\/abstract-blue-night-space-cosmos-background-with-nebula-and-shining-star-vector.jpg\",\"width\":1920,\"height\":1079},{\"@type\":\"BreadcrumbList\",\"@id\":\"https:\/\/jetx-player.com\/reviews-of-the-lucky-jet-game\/#breadcrumb\",\"itemListElement\":[{\"@type\":\"ListItem\",\"position\":1,\"name\":\"Home\",\"item\":\"https:\/\/jetx-player.com\/\"},{\"@type\":\"ListItem\",\"position\":2,\"name\":\"\u041e\u0442\u0437\u044b\u0432\u044b \u043e\u0431 \u0438\u0433\u0440\u0435 Lucky Jet\"}]},{\"@type\":\"WebSite\",\"@id\":\"https:\/\/jetx-player.com\/#website\",\"url\":\"https:\/\/jetx-player.com\/\",\"name\":\"JetX\",\"description\":\"Just another WordPress site\",\"publisher\":{\"@id\":\"https:\/\/jetx-player.com\/#organization\"},\"potentialAction\":[{\"@type\":\"SearchAction\",\"target\":{\"@type\":\"EntryPoint\",\"urlTemplate\":\"https:\/\/jetx-player.com\/?s={search_term_string}\"},\"query-input\":{\"@type\":\"PropertyValueSpecification\",\"valueRequired\":true,\"valueName\":\"search_term_string\"}}],\"inLanguage\":\"ro-RO\"},{\"@type\":\"Organization\",\"@id\":\"https:\/\/jetx-player.com\/#organization\",\"name\":\"JetX\",\"url\":\"https:\/\/jetx-player.com\/\",\"logo\":{\"@type\":\"ImageObject\",\"inLanguage\":\"ro-RO\",\"@id\":\"https:\/\/jetx-player.com\/#\/schema\/logo\/image\/\",\"url\":\"https:\/\/jetx-player.com\/wp-content\/uploads\/lucky-jet-header-e1707648698751.webp\",\"contentUrl\":\"https:\/\/jetx-player.com\/wp-content\/uploads\/lucky-jet-header-e1707648698751.webp\",\"width\":643,\"height\":178,\"caption\":\"JetX\"},\"image\":{\"@id\":\"https:\/\/jetx-player.com\/#\/schema\/logo\/image\/\"}}]}<\/script>\n<!-- \/ Yoast SEO plugin. -->","yoast_head_json":{"title":"\u041e\u0442\u0437\u044b\u0432\u044b \u0438 \u043e\u0431\u0437\u043e\u0440\u044b \u0440\u0435\u0430\u043b\u044c\u043d\u044b\u0445 \u0438\u0433\u0440\u043e\u043a\u043e\u0432 \u043e\u0431 \u0438\u0433\u0440\u0435 Lucky Jet","description":"Am adunat recenzii, opinii \u0219i prezent\u0103ri de la juc\u0103torii Lucky Jet despre joc. Tot ce ai vrut s\u0103 \u0219tii despre jocul Lucky Jet \u0219i cum \u00eel joac\u0103 al\u021bi juc\u0103tori.","robots":{"index":"index","follow":"follow","max-snippet":"max-snippet:-1","max-image-preview":"max-image-preview:large","max-video-preview":"max-video-preview:-1"},"canonical":"https:\/\/jetx-player.com\/ro\/reviews-of-the-lucky-jet-game\/","og_locale":"ro_RO","og_type":"article","og_title":"\u041e\u0442\u0437\u044b\u0432\u044b \u0438 \u043e\u0431\u0437\u043e\u0440\u044b \u0440\u0435\u0430\u043b\u044c\u043d\u044b\u0445 \u0438\u0433\u0440\u043e\u043a\u043e\u0432 \u043e\u0431 \u0438\u0433\u0440\u0435 Lucky Jet","og_description":"\u041c\u044b \u0441\u043e\u0431\u0440\u0430\u043b\u0438 \u043e\u0442\u0437\u044b\u0432\u044b, \u043c\u043d\u0435\u043d\u0438\u044f \u0438 \u043e\u0431\u0437\u043e\u0440\u044b \u0438\u0433\u0440\u043e\u043a\u043e\u0432 Lucky Jet \u043e\u0431 \u0438\u0433\u0440\u0435. \u0412\u0441\u0435, \u0447\u0442\u043e \u0432\u044b \u0445\u043e\u0442\u0435\u043b\u0438 \u0443\u0437\u043d\u0430\u0442\u044c \u043e\u0431 \u0438\u0433\u0440\u0435 Lucky Jet \u0438 \u043a\u0430\u043a \u0432 \u043d\u0435\u0435 \u0438\u0433\u0440\u0430\u044e\u0442 \u0434\u0440\u0443\u0433\u0438\u0435 \u0438\u0433\u0440\u043e\u043a\u0438","og_url":"https:\/\/jetx-player.com\/ro\/reviews-of-the-lucky-jet-game\/","og_site_name":"JetX","article_modified_time":"2024-02-28T20:05:21+00:00","og_image":[{"width":1920,"height":1079,"url":"https:\/\/jetx-player.com\/wp-content\/uploads\/abstract-blue-night-space-cosmos-background-with-nebula-and-shining-star-vector.jpg","type":"image\/jpeg"}],"twitter_card":"summary_large_image","twitter_misc":{"Timp estimat pentru citire":"33 de minute"},"schema":{"@context":"https:\/\/schema.org","@graph":[{"@type":"WebPage","@id":"https:\/\/jetx-player.com\/reviews-of-the-lucky-jet-game\/","url":"https:\/\/jetx-player.com\/reviews-of-the-lucky-jet-game\/","name":"\u041e\u0442\u0437\u044b\u0432\u044b \u0438 \u043e\u0431\u0437\u043e\u0440\u044b \u0440\u0435\u0430\u043b\u044c\u043d\u044b\u0445 \u0438\u0433\u0440\u043e\u043a\u043e\u0432 \u043e\u0431 \u0438\u0433\u0440\u0435 Lucky Jet","isPartOf":{"@id":"https:\/\/jetx-player.com\/#website"},"primaryImageOfPage":{"@id":"https:\/\/jetx-player.com\/reviews-of-the-lucky-jet-game\/#primaryimage"},"image":{"@id":"https:\/\/jetx-player.com\/reviews-of-the-lucky-jet-game\/#primaryimage"},"thumbnailUrl":"https:\/\/jetx-player.com\/wp-content\/uploads\/abstract-blue-night-space-cosmos-background-with-nebula-and-shining-star-vector.jpg","datePublished":"2024-02-11T10:14:25+00:00","dateModified":"2024-02-28T20:05:21+00:00","description":"\u041c\u044b \u0441\u043e\u0431\u0440\u0430\u043b\u0438 \u043e\u0442\u0437\u044b\u0432\u044b, \u043c\u043d\u0435\u043d\u0438\u044f \u0438 \u043e\u0431\u0437\u043e\u0440\u044b \u0438\u0433\u0440\u043e\u043a\u043e\u0432 Lucky Jet \u043e\u0431 \u0438\u0433\u0440\u0435. \u0412\u0441\u0435, \u0447\u0442\u043e \u0432\u044b \u0445\u043e\u0442\u0435\u043b\u0438 \u0443\u0437\u043d\u0430\u0442\u044c \u043e\u0431 \u0438\u0433\u0440\u0435 Lucky Jet \u0438 \u043a\u0430\u043a \u0432 \u043d\u0435\u0435 \u0438\u0433\u0440\u0430\u044e\u0442 \u0434\u0440\u0443\u0433\u0438\u0435 \u0438\u0433\u0440\u043e\u043a\u0438","breadcrumb":{"@id":"https:\/\/jetx-player.com\/reviews-of-the-lucky-jet-game\/#breadcrumb"},"inLanguage":"ro-RO","potentialAction":[{"@type":"ReadAction","target":["https:\/\/jetx-player.com\/reviews-of-the-lucky-jet-game\/"]}]},{"@type":"ImageObject","inLanguage":"ro-RO","@id":"https:\/\/jetx-player.com\/reviews-of-the-lucky-jet-game\/#primaryimage","url":"https:\/\/jetx-player.com\/wp-content\/uploads\/abstract-blue-night-space-cosmos-background-with-nebula-and-shining-star-vector.jpg","contentUrl":"https:\/\/jetx-player.com\/wp-content\/uploads\/abstract-blue-night-space-cosmos-background-with-nebula-and-shining-star-vector.jpg","width":1920,"height":1079},{"@type":"BreadcrumbList","@id":"https:\/\/jetx-player.com\/reviews-of-the-lucky-jet-game\/#breadcrumb","itemListElement":[{"@type":"ListItem","position":1,"name":"Home","item":"https:\/\/jetx-player.com\/"},{"@type":"ListItem","position":2,"name":"\u041e\u0442\u0437\u044b\u0432\u044b \u043e\u0431 \u0438\u0433\u0440\u0435 Lucky Jet"}]},{"@type":"WebSite","@id":"https:\/\/jetx-player.com\/#website","url":"https:\/\/jetx-player.com\/","name":"JetX","description":"Just another WordPress site","publisher":{"@id":"https:\/\/jetx-player.com\/#organization"},"potentialAction":[{"@type":"SearchAction","target":{"@type":"EntryPoint","urlTemplate":"https:\/\/jetx-player.com\/?s={search_term_string}"},"query-input":{"@type":"PropertyValueSpecification","valueRequired":true,"valueName":"search_term_string"}}],"inLanguage":"ro-RO"},{"@type":"Organization","@id":"https:\/\/jetx-player.com\/#organization","name":"JetX","url":"https:\/\/jetx-player.com\/","logo":{"@type":"ImageObject","inLanguage":"ro-RO","@id":"https:\/\/jetx-player.com\/#\/schema\/logo\/image\/","url":"https:\/\/jetx-player.com\/wp-content\/uploads\/lucky-jet-header-e1707648698751.webp","contentUrl":"https:\/\/jetx-player.com\/wp-content\/uploads\/lucky-jet-header-e1707648698751.webp","width":643,"height":178,"caption":"JetX"},"image":{"@id":"https:\/\/jetx-player.com\/#\/schema\/logo\/image\/"}}]}},"_links":{"self":[{"href":"https:\/\/jetx-player.com\/ro\/wp-json\/wp\/v2\/pages\/10","targetHints":{"allow":["GET"]}}],"collection":[{"href":"https:\/\/jetx-player.com\/ro\/wp-json\/wp\/v2\/pages"}],"about":[{"href":"https:\/\/jetx-player.com\/ro\/wp-json\/wp\/v2\/types\/page"}],"author":[{"embeddable":true,"href":"https:\/\/jetx-player.com\/ro\/wp-json\/wp\/v2\/users\/1"}],"replies":[{"embeddable":true,"href":"https:\/\/jetx-player.com\/ro\/wp-json\/wp\/v2\/comments?post=10"}],"version-history":[{"count":24,"href":"https:\/\/jetx-player.com\/ro\/wp-json\/wp\/v2\/pages\/10\/revisions"}],"predecessor-version":[{"id":187,"href":"https:\/\/jetx-player.com\/ro\/wp-json\/wp\/v2\/pages\/10\/revisions\/187"}],"wp:featuredmedia":[{"embeddable":true,"href":"https:\/\/jetx-player.com\/ro\/wp-json\/wp\/v2\/media\/93"}],"wp:attachment":[{"href":"https:\/\/jetx-player.com\/ro\/wp-json\/wp\/v2\/media?parent=10"}],"curies":[{"name":"wp","href":"https:\/\/api.w.org\/{rel}","templated":true}]}}