{"id":6,"date":"2024-02-11T10:10:31","date_gmt":"2024-02-11T10:10:31","guid":{"rendered":"https:\/\/jetx-player.com\/?page_id=6"},"modified":"2024-02-28T20:04:10","modified_gmt":"2024-02-28T20:04:10","slug":"play-lucky-jet","status":"publish","type":"page","link":"https:\/\/jetx-player.com\/pt\/","title":{"rendered":"Jogue Lucky Jet"},"content":{"rendered":"<p>O jogo Lucky Jet \u00e9 \u00fanico no mercado de jogos de azar. Sua singularidade reside em ser um dos poucos jogos de azar onde os jogadores podem verificar a equidade do jogo.<\/p>\n<p>No jogo de queda do Lucky Jet, os jogadores fazem apostas em qu\u00e3o alto o Lucky Joe vai voar. Porque quanto mais longo for o voo, maior ser\u00e1 o coeficiente e, portanto, maior o potencial de ganhos. Mas se o Lucky Joe voar para longe e voc\u00ea n\u00e3o conseguir sacar sua aposta a tempo, a aposta \u00e9 perdida e o dinheiro queima.<\/p>\n<p>O jogo Lucky Jet ganhou popularidade devido \u00e0 sua simplicidade, jogabilidade emocionante e a capacidade dos jogadores de controlar o momento em que reivindicam seus ganhos. Isso cria um elemento de estrat\u00e9gia, j\u00e1 que os jogadores precisam decidir qual \u00e9 o melhor momento para reivindicar seus ganhos antes que o objeto voe para longe.<\/p>\n<h2><strong>Como jogar Lucky Jet?<\/strong><\/h2>\n<p>O jogo acontece em tempo real. Sua tarefa \u00e9 fazer uma aposta e observar enquanto o Lucky Joe inicia seu voo. Quanto mais alto ele subir, maiores ser\u00e3o seus ganhos potenciais. Mas lembre-se: voc\u00ea precisa sacar seus ganhos antes que o Lucky Jet voe para longe! Sua intui\u00e7\u00e3o e habilidade de prever o momento perfeito para parar s\u00e3o chave para o sucesso.<\/p>\n<h2><strong>Recursos do jogo Lucky Jet:<\/strong><\/h2>\n<ul>\n<li><strong>Recompensas instant\u00e2neas:<\/strong> Os ganhos s\u00e3o pagos instantaneamente e voc\u00ea pode us\u00e1-los imediatamente para outros jogos ou retir\u00e1-los para sua conta. Retirar dinheiro de um cassino online para seu cart\u00e3o banc\u00e1rio pode levar algum tempo, dependendo do banco, pa\u00eds e moeda.<\/li>\n<li><strong>Simplicidade e conveni\u00eancia:<\/strong> O jogo \u00e9 f\u00e1cil para iniciantes aprenderem enquanto oferece oportunidades estrat\u00e9gicas profundas para jogadores experientes. \u00c9 um jogo de queda muito claro e atrativo.<\/li>\n<li><strong>Comunica\u00e7\u00e3o com outros jogadores:<\/strong> Converse com outros jogadores, compartilhe estrat\u00e9gias e comemore junto com os vencedores. Mas lembre-se de respeitar outros jogadores, pois qualquer negatividade ser\u00e1 rapidamente bloqueada pelos administradores do chat.<\/li>\n<li><strong>Seguran\u00e7a e justi\u00e7a:<\/strong> Garantimos total transpar\u00eancia e equidade do jogo, gra\u00e7as a um gerador de n\u00fameros aleat\u00f3rios certificado. Voc\u00ea pode ter certeza da equidade do jogo Lucky Jet. No site, voc\u00ea encontrar\u00e1 uma se\u00e7\u00e3o separada sobre a equidade do jogo Lucky Jet.<\/li>\n<\/ul>\n<h2><strong>Por que jogar Lucky Jet?<\/strong><\/h2>\n<p>Lucky Jet n\u00e3o \u00e9 apenas um jogo. \u00c9 uma oportunidade de testar sua sorte, sentir a emo\u00e7\u00e3o do risco e talvez ganhar uma grande quantia em dinheiro. Quer voc\u00ea fa\u00e7a pequenas apostas ou esteja pronto para correr grandes riscos, cada voo do Lucky Jet promete estar cheio de emo\u00e7\u00f5es e excita\u00e7\u00e3o. \u00c9 verdadeiramente um jogo revolucion\u00e1rio que se tornou popular em v\u00e1rios pa\u00edses ao redor do mundo.<\/p>\n<h2><strong>Autobet e Autowithdrawal<\/strong><\/h2>\n<p>A fun\u00e7\u00e3o de autobet pode ser ativada no painel do jogo. Basta marcar a caixa ao lado da fun\u00e7\u00e3o correspondente. Neste caso, voc\u00ea s\u00f3 precisa definir o valor da aposta e o n\u00famero de rodadas. No entanto, retirar ganhos ainda precisa ser feito manualmente.<\/p>\n<p>Outra fun\u00e7\u00e3o \u00fatil \u00e9 o autowithdrawal. Neste caso, voc\u00ea define o valor do coeficiente e, assim que o coeficiente atingir o valor correspondente, o autowithdrawal funcionar\u00e1. No entanto, se o jovem com a mochila voar mais cedo, a aposta ser\u00e1 perdida e o saque autom\u00e1tico ser\u00e1 imposs\u00edvel.<\/p>\n<h2><strong>Chat do jogo<\/strong><\/h2>\n<p>A interface do jogo inclui um chat do jogo. Na interface do jogo, voc\u00ea ver\u00e1 tal fun\u00e7\u00e3o no lado direito. O chat \u00e9 projetado para comunica\u00e7\u00e3o com outros jogadores. Isso oferece uma excelente oportunidade para trocar experi\u00eancias, bem como uma chance de acompanhar os resultados de outros jogadores, j\u00e1 que os resultados da rodada aparecem automaticamente no chat.<\/p>\n<p>Mas lembre-se de que \u00e9 proibido postar links para outros sites no chat. \u00c9 proibido anunciar seus servi\u00e7os e voc\u00ea ver\u00e1 tentativas de anunciar previs\u00f5es de resultados de rodadas. Al\u00e9m disso, n\u00e3o se esque\u00e7a das regras de educa\u00e7\u00e3o ao se comunicar com outros jogadores no chat, pois no calor das emo\u00e7\u00f5es, \u00e9 t\u00e3o f\u00e1cil esquecer as regras de dec\u00eancia.<\/p>\n","protected":false},"excerpt":{"rendered":"<p>O jogo Lucky Jet \u00e9 \u00fanico no mercado de jogos de azar. Sua singularidade reside em ser um dos poucos jogos de azar onde os [&hellip;]<\/p>\n","protected":false},"author":1,"featured_media":0,"parent":0,"menu_order":0,"comment_status":"closed","ping_status":"closed","template":"","meta":{"footnotes":"","_links_to":"","_links_to_target":""},"class_list":["post-6","page","type-page","status-publish","hentry"],"yoast_head":"<!-- This site is optimized with the Yoast SEO plugin v27.2 - https:\/\/yoast.com\/product\/yoast-seo-wordpress\/ -->\n<title>\u0418\u0433\u0440\u0430\u0442\u044c \u0432 Lucky Jet \u043d\u0430 \u0440\u0435\u0430\u043b\u044c\u043d\u044b\u0435 \u0434\u0435\u043d\u044c\u0433\u0438 \u0432 \u043e\u043d\u043b\u0430\u0439\u043d \u043a\u0430\u0437\u0438\u043d\u043e<\/title>\n<meta name=\"description\" content=\"Jogue e ven\u00e7a no jogo de crash Lucky Jet no cassino online 1win. Ganhe dinheiro real na slot machine online Lucky Jet.\" \/>\n<meta name=\"robots\" content=\"index, follow, max-snippet:-1, max-image-preview:large, max-video-preview:-1\" \/>\n<link rel=\"canonical\" href=\"https:\/\/jetx-player.com\/pt\/\" \/>\n<meta property=\"og:locale\" content=\"pt_PT\" \/>\n<meta property=\"og:locale:alternate\" content=\"ru_RU\" \/>\n<meta property=\"og:locale:alternate\" content=\"en_US\" \/>\n<meta property=\"og:locale:alternate\" content=\"es_ES\" \/>\n<meta property=\"og:locale:alternate\" content=\"ro_RO\" \/>\n<meta property=\"og:locale:alternate\" content=\"sr_RS\" \/>\n<meta property=\"og:locale:alternate\" content=\"bg_BG\" \/>\n<meta property=\"og:locale:alternate\" content=\"pl_PL\" \/>\n<meta property=\"og:locale:alternate\" content=\"it_IT\" \/>\n<meta property=\"og:locale:alternate\" content=\"fr_FR\" \/>\n<meta property=\"og:type\" content=\"article\" \/>\n<meta property=\"og:title\" content=\"\u0418\u0433\u0440\u0430\u0442\u044c \u0432 Lucky Jet \u043d\u0430 \u0440\u0435\u0430\u043b\u044c\u043d\u044b\u0435 \u0434\u0435\u043d\u044c\u0433\u0438 \u0432 \u043e\u043d\u043b\u0430\u0439\u043d \u043a\u0430\u0437\u0438\u043d\u043e\" \/>\n<meta property=\"og:description\" content=\"\u0418\u0433\u0440\u0430\u0442\u044c \u0438 \u043f\u043e\u0431\u0435\u0436\u0434\u0430\u0442\u044c \u0432 \u043a\u0440\u0430\u0448 \u0438\u0433\u0440\u0435 Lucky Jet \u0432 \u043e\u043d\u043b\u0430\u0439\u043d \u043a\u0430\u0437\u0438\u043d\u043e 1win. \u0412\u044b\u0438\u0433\u0440\u044b\u0432\u0430\u0442\u044c \u043d\u0430\u0441\u0442\u043e\u044f\u0449\u0438\u0435 \u0434\u0435\u043d\u044c\u0433\u0438 \u0432 \u043e\u043d\u043b\u0430\u0439\u043d \u0441\u043b\u043e\u0442\u0435 Lucky Jet\" \/>\n<meta property=\"og:url\" content=\"https:\/\/jetx-player.com\/pt\/\" \/>\n<meta property=\"og:site_name\" content=\"JetX\" \/>\n<meta property=\"article:modified_time\" content=\"2024-02-28T20:04:10+00:00\" \/>\n<meta name=\"twitter:card\" content=\"summary_large_image\" \/>\n<meta name=\"twitter:label1\" content=\"Tempo estimado de leitura\" \/>\n\t<meta name=\"twitter:data1\" content=\"24 minutos\" \/>\n<script type=\"application\/ld+json\" class=\"yoast-schema-graph\">{\"@context\":\"https:\/\/schema.org\",\"@graph\":[{\"@type\":\"WebPage\",\"@id\":\"https:\/\/jetx-player.com\/\",\"url\":\"https:\/\/jetx-player.com\/\",\"name\":\"\u0418\u0433\u0440\u0430\u0442\u044c \u0432 Lucky Jet \u043d\u0430 \u0440\u0435\u0430\u043b\u044c\u043d\u044b\u0435 \u0434\u0435\u043d\u044c\u0433\u0438 \u0432 \u043e\u043d\u043b\u0430\u0439\u043d \u043a\u0430\u0437\u0438\u043d\u043e\",\"isPartOf\":{\"@id\":\"https:\/\/jetx-player.com\/#website\"},\"datePublished\":\"2024-02-11T10:10:31+00:00\",\"dateModified\":\"2024-02-28T20:04:10+00:00\",\"description\":\"\u0418\u0433\u0440\u0430\u0442\u044c \u0438 \u043f\u043e\u0431\u0435\u0436\u0434\u0430\u0442\u044c \u0432 \u043a\u0440\u0430\u0448 \u0438\u0433\u0440\u0435 Lucky Jet \u0432 \u043e\u043d\u043b\u0430\u0439\u043d \u043a\u0430\u0437\u0438\u043d\u043e 1win. \u0412\u044b\u0438\u0433\u0440\u044b\u0432\u0430\u0442\u044c \u043d\u0430\u0441\u0442\u043e\u044f\u0449\u0438\u0435 \u0434\u0435\u043d\u044c\u0433\u0438 \u0432 \u043e\u043d\u043b\u0430\u0439\u043d \u0441\u043b\u043e\u0442\u0435 Lucky Jet\",\"breadcrumb\":{\"@id\":\"https:\/\/jetx-player.com\/#breadcrumb\"},\"inLanguage\":\"pt-PT\",\"potentialAction\":[{\"@type\":\"ReadAction\",\"target\":[\"https:\/\/jetx-player.com\/\"]}]},{\"@type\":\"BreadcrumbList\",\"@id\":\"https:\/\/jetx-player.com\/#breadcrumb\",\"itemListElement\":[{\"@type\":\"ListItem\",\"position\":1,\"name\":\"Home\",\"item\":\"https:\/\/jetx-player.com\/\"},{\"@type\":\"ListItem\",\"position\":2,\"name\":\"\u0418\u0433\u0440\u0430\u0442\u044c \u0432 Lucky Jet\"}]},{\"@type\":\"WebSite\",\"@id\":\"https:\/\/jetx-player.com\/#website\",\"url\":\"https:\/\/jetx-player.com\/\",\"name\":\"JetX\",\"description\":\"Just another WordPress site\",\"publisher\":{\"@id\":\"https:\/\/jetx-player.com\/#organization\"},\"potentialAction\":[{\"@type\":\"SearchAction\",\"target\":{\"@type\":\"EntryPoint\",\"urlTemplate\":\"https:\/\/jetx-player.com\/?s={search_term_string}\"},\"query-input\":{\"@type\":\"PropertyValueSpecification\",\"valueRequired\":true,\"valueName\":\"search_term_string\"}}],\"inLanguage\":\"pt-PT\"},{\"@type\":\"Organization\",\"@id\":\"https:\/\/jetx-player.com\/#organization\",\"name\":\"JetX\",\"url\":\"https:\/\/jetx-player.com\/\",\"logo\":{\"@type\":\"ImageObject\",\"inLanguage\":\"pt-PT\",\"@id\":\"https:\/\/jetx-player.com\/#\/schema\/logo\/image\/\",\"url\":\"https:\/\/jetx-player.com\/wp-content\/uploads\/lucky-jet-header-e1707648698751.webp\",\"contentUrl\":\"https:\/\/jetx-player.com\/wp-content\/uploads\/lucky-jet-header-e1707648698751.webp\",\"width\":643,\"height\":178,\"caption\":\"JetX\"},\"image\":{\"@id\":\"https:\/\/jetx-player.com\/#\/schema\/logo\/image\/\"}}]}<\/script>\n<!-- \/ Yoast SEO plugin. -->","yoast_head_json":{"title":"\u0418\u0433\u0440\u0430\u0442\u044c \u0432 Lucky Jet \u043d\u0430 \u0440\u0435\u0430\u043b\u044c\u043d\u044b\u0435 \u0434\u0435\u043d\u044c\u0433\u0438 \u0432 \u043e\u043d\u043b\u0430\u0439\u043d \u043a\u0430\u0437\u0438\u043d\u043e","description":"Jogue e ven\u00e7a no jogo de crash Lucky Jet no cassino online 1win. Ganhe dinheiro real na slot machine online Lucky Jet.","robots":{"index":"index","follow":"follow","max-snippet":"max-snippet:-1","max-image-preview":"max-image-preview:large","max-video-preview":"max-video-preview:-1"},"canonical":"https:\/\/jetx-player.com\/pt\/","og_locale":"pt_PT","og_type":"article","og_title":"\u0418\u0433\u0440\u0430\u0442\u044c \u0432 Lucky Jet \u043d\u0430 \u0440\u0435\u0430\u043b\u044c\u043d\u044b\u0435 \u0434\u0435\u043d\u044c\u0433\u0438 \u0432 \u043e\u043d\u043b\u0430\u0439\u043d \u043a\u0430\u0437\u0438\u043d\u043e","og_description":"\u0418\u0433\u0440\u0430\u0442\u044c \u0438 \u043f\u043e\u0431\u0435\u0436\u0434\u0430\u0442\u044c \u0432 \u043a\u0440\u0430\u0448 \u0438\u0433\u0440\u0435 Lucky Jet \u0432 \u043e\u043d\u043b\u0430\u0439\u043d \u043a\u0430\u0437\u0438\u043d\u043e 1win. \u0412\u044b\u0438\u0433\u0440\u044b\u0432\u0430\u0442\u044c \u043d\u0430\u0441\u0442\u043e\u044f\u0449\u0438\u0435 \u0434\u0435\u043d\u044c\u0433\u0438 \u0432 \u043e\u043d\u043b\u0430\u0439\u043d \u0441\u043b\u043e\u0442\u0435 Lucky Jet","og_url":"https:\/\/jetx-player.com\/pt\/","og_site_name":"JetX","article_modified_time":"2024-02-28T20:04:10+00:00","twitter_card":"summary_large_image","twitter_misc":{"Tempo estimado de leitura":"24 minutos"},"schema":{"@context":"https:\/\/schema.org","@graph":[{"@type":"WebPage","@id":"https:\/\/jetx-player.com\/","url":"https:\/\/jetx-player.com\/","name":"\u0418\u0433\u0440\u0430\u0442\u044c \u0432 Lucky Jet \u043d\u0430 \u0440\u0435\u0430\u043b\u044c\u043d\u044b\u0435 \u0434\u0435\u043d\u044c\u0433\u0438 \u0432 \u043e\u043d\u043b\u0430\u0439\u043d \u043a\u0430\u0437\u0438\u043d\u043e","isPartOf":{"@id":"https:\/\/jetx-player.com\/#website"},"datePublished":"2024-02-11T10:10:31+00:00","dateModified":"2024-02-28T20:04:10+00:00","description":"\u0418\u0433\u0440\u0430\u0442\u044c \u0438 \u043f\u043e\u0431\u0435\u0436\u0434\u0430\u0442\u044c \u0432 \u043a\u0440\u0430\u0448 \u0438\u0433\u0440\u0435 Lucky Jet \u0432 \u043e\u043d\u043b\u0430\u0439\u043d \u043a\u0430\u0437\u0438\u043d\u043e 1win. \u0412\u044b\u0438\u0433\u0440\u044b\u0432\u0430\u0442\u044c \u043d\u0430\u0441\u0442\u043e\u044f\u0449\u0438\u0435 \u0434\u0435\u043d\u044c\u0433\u0438 \u0432 \u043e\u043d\u043b\u0430\u0439\u043d \u0441\u043b\u043e\u0442\u0435 Lucky Jet","breadcrumb":{"@id":"https:\/\/jetx-player.com\/#breadcrumb"},"inLanguage":"pt-PT","potentialAction":[{"@type":"ReadAction","target":["https:\/\/jetx-player.com\/"]}]},{"@type":"BreadcrumbList","@id":"https:\/\/jetx-player.com\/#breadcrumb","itemListElement":[{"@type":"ListItem","position":1,"name":"Home","item":"https:\/\/jetx-player.com\/"},{"@type":"ListItem","position":2,"name":"\u0418\u0433\u0440\u0430\u0442\u044c \u0432 Lucky Jet"}]},{"@type":"WebSite","@id":"https:\/\/jetx-player.com\/#website","url":"https:\/\/jetx-player.com\/","name":"JetX","description":"Just another WordPress site","publisher":{"@id":"https:\/\/jetx-player.com\/#organization"},"potentialAction":[{"@type":"SearchAction","target":{"@type":"EntryPoint","urlTemplate":"https:\/\/jetx-player.com\/?s={search_term_string}"},"query-input":{"@type":"PropertyValueSpecification","valueRequired":true,"valueName":"search_term_string"}}],"inLanguage":"pt-PT"},{"@type":"Organization","@id":"https:\/\/jetx-player.com\/#organization","name":"JetX","url":"https:\/\/jetx-player.com\/","logo":{"@type":"ImageObject","inLanguage":"pt-PT","@id":"https:\/\/jetx-player.com\/#\/schema\/logo\/image\/","url":"https:\/\/jetx-player.com\/wp-content\/uploads\/lucky-jet-header-e1707648698751.webp","contentUrl":"https:\/\/jetx-player.com\/wp-content\/uploads\/lucky-jet-header-e1707648698751.webp","width":643,"height":178,"caption":"JetX"},"image":{"@id":"https:\/\/jetx-player.com\/#\/schema\/logo\/image\/"}}]}},"_links":{"self":[{"href":"https:\/\/jetx-player.com\/pt\/wp-json\/wp\/v2\/pages\/6","targetHints":{"allow":["GET"]}}],"collection":[{"href":"https:\/\/jetx-player.com\/pt\/wp-json\/wp\/v2\/pages"}],"about":[{"href":"https:\/\/jetx-player.com\/pt\/wp-json\/wp\/v2\/types\/page"}],"author":[{"embeddable":true,"href":"https:\/\/jetx-player.com\/pt\/wp-json\/wp\/v2\/users\/1"}],"replies":[{"embeddable":true,"href":"https:\/\/jetx-player.com\/pt\/wp-json\/wp\/v2\/comments?post=6"}],"version-history":[{"count":25,"href":"https:\/\/jetx-player.com\/pt\/wp-json\/wp\/v2\/pages\/6\/revisions"}],"predecessor-version":[{"id":186,"href":"https:\/\/jetx-player.com\/pt\/wp-json\/wp\/v2\/pages\/6\/revisions\/186"}],"wp:attachment":[{"href":"https:\/\/jetx-player.com\/pt\/wp-json\/wp\/v2\/media?parent=6"}],"curies":[{"name":"wp","href":"https:\/\/api.w.org\/{rel}","templated":true}]}}