{"id":16,"date":"2024-02-11T10:18:21","date_gmt":"2024-02-11T10:18:21","guid":{"rendered":"https:\/\/jetx-player.com\/?page_id=16"},"modified":"2024-02-28T20:02:02","modified_gmt":"2024-02-28T20:02:02","slug":"provably-fair","status":"publish","type":"page","link":"https:\/\/jetx-player.com\/pt\/provably-fair\/","title":{"rendered":"Provably Fair"},"content":{"rendered":"<p>O jogo Lucky Jet \u00e9 caracterizado pela justi\u00e7a, pois o cassino n\u00e3o interv\u00e9m no processo do jogo. Essa tecnologia \u00e9 chamada de Provably Fair. Ent\u00e3o, como funciona? Vamos dar uma olhada. Primeiro, vamos come\u00e7ar com os princ\u00edpios gerais do jogo Lucky Jet:<\/p>\n<ul>\n<li>O multiplicador vencedor no jogo Lucky Jet come\u00e7a em x1 e aumenta cada vez mais \u00e0 medida que o Lucky Joe sobe.<\/li>\n<li>Quando um jogador retira dinheiro, o valor ganho \u00e9 igual ao tamanho da aposta multiplicado pelo multiplicador no momento do saque. Por exemplo, se a aposta for de $2 e o multiplicador no momento do saque foi x3, ent\u00e3o o pr\u00eamio \u00e9 de $6 (3 multiplicado por 2).<\/li>\n<li>Antes do in\u00edcio da rodada, o gerador determina um n\u00famero aleat\u00f3rio para o multiplicador no qual o jogo termina e o Lucky Joe voa embora. A qualquer momento, a justi\u00e7a do multiplicador para uma rodada espec\u00edfica pode ser verificada pressionando o bot\u00e3o na janela de hist\u00f3rico.<\/li>\n<\/ul>\n<h2><strong>Como Funciona o Provably Fair<\/strong><\/h2>\n<p>Conforme o site oficial do jogo Lucky Jet afirma, o multiplicador de cada rodada, ou seja, o momento em que o piloto voa embora, n\u00e3o \u00e9 gerado de forma alguma nos servidores do jogo. Pelo contr\u00e1rio, a gera\u00e7\u00e3o do multiplicador \u00e9 determinada pelos jogadores participantes que participam de uma rodada espec\u00edfica do jogo. E esse processo \u00e9 completamente transparente, pois qualquer jogador pode verificar. Consequentemente, ningu\u00e9m ter\u00e1 a oportunidade de manipular os resultados da rodada. Al\u00e9m disso, cada jogador tem uma excelente oportunidade de verificar a corre\u00e7\u00e3o dos dados e garantir a justi\u00e7a do c\u00e1lculo do multiplicador no jogo Lucky Jet.<\/p>\n<h2><strong>Como o Multiplicador \u00e9 Determinado no Lucky Jet<\/strong><\/h2>\n<p>Os resultados da rodada do jogo s\u00e3o gerados com base em quatro fatores:<\/p>\n<ul>\n<li>Servidor do jogo<\/li>\n<li>Tr\u00eas jogadores que fizeram as apostas primeiro<\/li>\n<\/ul>\n<p>Agora vamos dar uma olhada mais de perto. O operador do jogo gera uma semente do servidor (este \u00e9 um conjunto aleat\u00f3rio de 16 caracteres). A vers\u00e3o criptografada da semente do servidor est\u00e1 dispon\u00edvel publicamente antes do in\u00edcio da rodada do jogo. Para v\u00ea-la, voc\u00ea precisa ir para as &#8220;Configura\u00e7\u00f5es do Provably Fair&#8221;, que est\u00e3o localizadas na interface do jogo e todos os jogadores podem v\u00ea-las. Nas configura\u00e7\u00f5es, voc\u00ea pode ver a semente do cliente ou criar uma nova clicando no bot\u00e3o &#8220;Pr\u00f3xima Semente do Cliente&#8221;.<\/p>\n<p>Posteriormente, na forma\u00e7\u00e3o da semente do cliente, participam os primeiros 3 jogadores que fizeram as apostas. Parte da semente \u00e9 gerada do lado de cada um desses jogadores. No in\u00edcio da rodada, o jogo combina a semente do servidor e as sementes dos tr\u00eas primeiros jogadores. As sementes combinadas s\u00e3o hashadas usando SHA512, e o hash gerado determina o resultado de uma rodada espec\u00edfica.<\/p>\n<h2><strong>Como Verificar a Justi\u00e7a no Jogo Lucky Jet<\/strong><\/h2>\n<ul>\n<li>A interface do jogo Lucky Jet inclui a capacidade de verificar cada rodada realizada a partir do hist\u00f3rico do jogo. Se voc\u00ea est\u00e1 apenas considerando jogar Lucky Jet, recomendamos fazer essa verifica\u00e7\u00e3o para garantir a justi\u00e7a da rodada. Para fazer isso, basta clicar no bot\u00e3o verde nas configura\u00e7\u00f5es do jogo.<\/li>\n<li>Ap\u00f3s clicar no bot\u00e3o verde, a janela aberta mostrar\u00e1 a semente do servidor, bem como as tr\u00eas sementes dos jogadores (conforme as regras dizem, sementes do cliente, este \u00e9 o termo usado), bem como o hash combinado e o resultado da rodada.<\/li>\n<li>Se um jogador quiser participar da forma\u00e7\u00e3o do resultado da rodada, ele precisa estar entre os tr\u00eas primeiros jogadores a fazer uma aposta. Caso contr\u00e1rio, n\u00e3o h\u00e1 como um jogador participar da forma\u00e7\u00e3o do resultado da rodada.<\/li>\n<li>A corre\u00e7\u00e3o do hash pode ser verificada usando qualquer calculadora online.<\/li>\n<\/ul>\n","protected":false},"excerpt":{"rendered":"<p>O jogo Lucky Jet \u00e9 caracterizado pela justi\u00e7a, pois o cassino n\u00e3o interv\u00e9m no processo do jogo. Essa tecnologia \u00e9 chamada de Provably Fair. Ent\u00e3o, [&hellip;]<\/p>\n","protected":false},"author":1,"featured_media":93,"parent":0,"menu_order":0,"comment_status":"closed","ping_status":"closed","template":"","meta":{"footnotes":"","_links_to":"","_links_to_target":""},"class_list":["post-16","page","type-page","status-publish","has-post-thumbnail","hentry"],"yoast_head":"<!-- This site is optimized with the Yoast SEO plugin v27.2 - https:\/\/yoast.com\/product\/yoast-seo-wordpress\/ -->\n<title>Verifica\u00e7\u00e3o de justi\u00e7a no jogo Lucky Jet<\/title>\n<meta name=\"description\" content=\"Como verificar a justi\u00e7a no jogo de crash Lucky Jet no cassino online 1win usando a tecnologia Provably Fair. Como o resultado da rodada \u00e9 determinado na slot machine Lucky Jet.\" \/>\n<meta name=\"robots\" content=\"index, follow, max-snippet:-1, max-image-preview:large, max-video-preview:-1\" \/>\n<link rel=\"canonical\" href=\"https:\/\/jetx-player.com\/pt\/provably-fair\/\" \/>\n<meta property=\"og:locale\" content=\"pt_PT\" \/>\n<meta property=\"og:locale:alternate\" content=\"ru_RU\" \/>\n<meta property=\"og:locale:alternate\" content=\"en_US\" \/>\n<meta property=\"og:locale:alternate\" content=\"es_ES\" \/>\n<meta property=\"og:locale:alternate\" content=\"ro_RO\" \/>\n<meta property=\"og:locale:alternate\" content=\"sr_RS\" \/>\n<meta property=\"og:locale:alternate\" content=\"bg_BG\" \/>\n<meta property=\"og:locale:alternate\" content=\"pl_PL\" \/>\n<meta property=\"og:locale:alternate\" content=\"it_IT\" \/>\n<meta property=\"og:locale:alternate\" content=\"fr_FR\" \/>\n<meta property=\"og:type\" content=\"article\" \/>\n<meta property=\"og:title\" content=\"Verifica\u00e7\u00e3o de justi\u00e7a no jogo Lucky Jet\" \/>\n<meta property=\"og:description\" content=\"Como verificar a justi\u00e7a no jogo de crash Lucky Jet no cassino online 1win usando a tecnologia Provably Fair. Como o resultado da rodada \u00e9 determinado na slot machine Lucky Jet.\" \/>\n<meta property=\"og:url\" content=\"https:\/\/jetx-player.com\/pt\/provably-fair\/\" \/>\n<meta property=\"og:site_name\" content=\"JetX\" \/>\n<meta property=\"article:modified_time\" content=\"2024-02-28T20:02:02+00:00\" \/>\n<meta property=\"og:image\" content=\"https:\/\/jetx-player.com\/wp-content\/uploads\/abstract-blue-night-space-cosmos-background-with-nebula-and-shining-star-vector.jpg\" \/>\n\t<meta property=\"og:image:width\" content=\"1920\" \/>\n\t<meta property=\"og:image:height\" content=\"1079\" \/>\n\t<meta property=\"og:image:type\" content=\"image\/jpeg\" \/>\n<meta name=\"twitter:card\" content=\"summary_large_image\" \/>\n<meta name=\"twitter:label1\" content=\"Tempo estimado de leitura\" \/>\n\t<meta name=\"twitter:data1\" content=\"22 minutos\" \/>\n<script type=\"application\/ld+json\" class=\"yoast-schema-graph\">{\"@context\":\"https:\/\/schema.org\",\"@graph\":[{\"@type\":\"WebPage\",\"@id\":\"https:\/\/jetx-player.com\/pt\/provably-fair\/\",\"url\":\"https:\/\/jetx-player.com\/pt\/provably-fair\/\",\"name\":\"Verifica\u00e7\u00e3o de justi\u00e7a no jogo Lucky Jet\",\"isPartOf\":{\"@id\":\"https:\/\/jetx-player.com\/#website\"},\"primaryImageOfPage\":{\"@id\":\"https:\/\/jetx-player.com\/pt\/provably-fair\/#primaryimage\"},\"image\":{\"@id\":\"https:\/\/jetx-player.com\/pt\/provably-fair\/#primaryimage\"},\"thumbnailUrl\":\"https:\/\/jetx-player.com\/wp-content\/uploads\/abstract-blue-night-space-cosmos-background-with-nebula-and-shining-star-vector.jpg\",\"datePublished\":\"2024-02-11T10:18:21+00:00\",\"dateModified\":\"2024-02-28T20:02:02+00:00\",\"description\":\"Como verificar a justi\u00e7a no jogo de crash Lucky Jet no cassino online 1win usando a tecnologia Provably Fair. Como o resultado da rodada \u00e9 determinado na slot machine Lucky Jet.\",\"breadcrumb\":{\"@id\":\"https:\/\/jetx-player.com\/pt\/provably-fair\/#breadcrumb\"},\"inLanguage\":\"pt-PT\",\"potentialAction\":[{\"@type\":\"ReadAction\",\"target\":[\"https:\/\/jetx-player.com\/pt\/provably-fair\/\"]}]},{\"@type\":\"ImageObject\",\"inLanguage\":\"pt-PT\",\"@id\":\"https:\/\/jetx-player.com\/pt\/provably-fair\/#primaryimage\",\"url\":\"https:\/\/jetx-player.com\/wp-content\/uploads\/abstract-blue-night-space-cosmos-background-with-nebula-and-shining-star-vector.jpg\",\"contentUrl\":\"https:\/\/jetx-player.com\/wp-content\/uploads\/abstract-blue-night-space-cosmos-background-with-nebula-and-shining-star-vector.jpg\",\"width\":1920,\"height\":1079},{\"@type\":\"BreadcrumbList\",\"@id\":\"https:\/\/jetx-player.com\/pt\/provably-fair\/#breadcrumb\",\"itemListElement\":[{\"@type\":\"ListItem\",\"position\":1,\"name\":\"Home\",\"item\":\"https:\/\/jetx-player.com\/\"},{\"@type\":\"ListItem\",\"position\":2,\"name\":\"Provably Fair\"}]},{\"@type\":\"WebSite\",\"@id\":\"https:\/\/jetx-player.com\/#website\",\"url\":\"https:\/\/jetx-player.com\/\",\"name\":\"JetX\",\"description\":\"Just another WordPress site\",\"publisher\":{\"@id\":\"https:\/\/jetx-player.com\/#organization\"},\"potentialAction\":[{\"@type\":\"SearchAction\",\"target\":{\"@type\":\"EntryPoint\",\"urlTemplate\":\"https:\/\/jetx-player.com\/?s={search_term_string}\"},\"query-input\":{\"@type\":\"PropertyValueSpecification\",\"valueRequired\":true,\"valueName\":\"search_term_string\"}}],\"inLanguage\":\"pt-PT\"},{\"@type\":\"Organization\",\"@id\":\"https:\/\/jetx-player.com\/#organization\",\"name\":\"JetX\",\"url\":\"https:\/\/jetx-player.com\/\",\"logo\":{\"@type\":\"ImageObject\",\"inLanguage\":\"pt-PT\",\"@id\":\"https:\/\/jetx-player.com\/#\/schema\/logo\/image\/\",\"url\":\"https:\/\/jetx-player.com\/wp-content\/uploads\/lucky-jet-header-e1707648698751.webp\",\"contentUrl\":\"https:\/\/jetx-player.com\/wp-content\/uploads\/lucky-jet-header-e1707648698751.webp\",\"width\":643,\"height\":178,\"caption\":\"JetX\"},\"image\":{\"@id\":\"https:\/\/jetx-player.com\/#\/schema\/logo\/image\/\"}}]}<\/script>\n<!-- \/ Yoast SEO plugin. -->","yoast_head_json":{"title":"Verifica\u00e7\u00e3o de justi\u00e7a no jogo Lucky Jet","description":"Como verificar a justi\u00e7a no jogo de crash Lucky Jet no cassino online 1win usando a tecnologia Provably Fair. Como o resultado da rodada \u00e9 determinado na slot machine Lucky Jet.","robots":{"index":"index","follow":"follow","max-snippet":"max-snippet:-1","max-image-preview":"max-image-preview:large","max-video-preview":"max-video-preview:-1"},"canonical":"https:\/\/jetx-player.com\/pt\/provably-fair\/","og_locale":"pt_PT","og_type":"article","og_title":"Verifica\u00e7\u00e3o de justi\u00e7a no jogo Lucky Jet","og_description":"Como verificar a justi\u00e7a no jogo de crash Lucky Jet no cassino online 1win usando a tecnologia Provably Fair. Como o resultado da rodada \u00e9 determinado na slot machine Lucky Jet.","og_url":"https:\/\/jetx-player.com\/pt\/provably-fair\/","og_site_name":"JetX","article_modified_time":"2024-02-28T20:02:02+00:00","og_image":[{"width":1920,"height":1079,"url":"https:\/\/jetx-player.com\/wp-content\/uploads\/abstract-blue-night-space-cosmos-background-with-nebula-and-shining-star-vector.jpg","type":"image\/jpeg"}],"twitter_card":"summary_large_image","twitter_misc":{"Tempo estimado de leitura":"22 minutos"},"schema":{"@context":"https:\/\/schema.org","@graph":[{"@type":"WebPage","@id":"https:\/\/jetx-player.com\/pt\/provably-fair\/","url":"https:\/\/jetx-player.com\/pt\/provably-fair\/","name":"Verifica\u00e7\u00e3o de justi\u00e7a no jogo Lucky Jet","isPartOf":{"@id":"https:\/\/jetx-player.com\/#website"},"primaryImageOfPage":{"@id":"https:\/\/jetx-player.com\/pt\/provably-fair\/#primaryimage"},"image":{"@id":"https:\/\/jetx-player.com\/pt\/provably-fair\/#primaryimage"},"thumbnailUrl":"https:\/\/jetx-player.com\/wp-content\/uploads\/abstract-blue-night-space-cosmos-background-with-nebula-and-shining-star-vector.jpg","datePublished":"2024-02-11T10:18:21+00:00","dateModified":"2024-02-28T20:02:02+00:00","description":"Como verificar a justi\u00e7a no jogo de crash Lucky Jet no cassino online 1win usando a tecnologia Provably Fair. Como o resultado da rodada \u00e9 determinado na slot machine Lucky Jet.","breadcrumb":{"@id":"https:\/\/jetx-player.com\/pt\/provably-fair\/#breadcrumb"},"inLanguage":"pt-PT","potentialAction":[{"@type":"ReadAction","target":["https:\/\/jetx-player.com\/pt\/provably-fair\/"]}]},{"@type":"ImageObject","inLanguage":"pt-PT","@id":"https:\/\/jetx-player.com\/pt\/provably-fair\/#primaryimage","url":"https:\/\/jetx-player.com\/wp-content\/uploads\/abstract-blue-night-space-cosmos-background-with-nebula-and-shining-star-vector.jpg","contentUrl":"https:\/\/jetx-player.com\/wp-content\/uploads\/abstract-blue-night-space-cosmos-background-with-nebula-and-shining-star-vector.jpg","width":1920,"height":1079},{"@type":"BreadcrumbList","@id":"https:\/\/jetx-player.com\/pt\/provably-fair\/#breadcrumb","itemListElement":[{"@type":"ListItem","position":1,"name":"Home","item":"https:\/\/jetx-player.com\/"},{"@type":"ListItem","position":2,"name":"Provably Fair"}]},{"@type":"WebSite","@id":"https:\/\/jetx-player.com\/#website","url":"https:\/\/jetx-player.com\/","name":"JetX","description":"Just another WordPress site","publisher":{"@id":"https:\/\/jetx-player.com\/#organization"},"potentialAction":[{"@type":"SearchAction","target":{"@type":"EntryPoint","urlTemplate":"https:\/\/jetx-player.com\/?s={search_term_string}"},"query-input":{"@type":"PropertyValueSpecification","valueRequired":true,"valueName":"search_term_string"}}],"inLanguage":"pt-PT"},{"@type":"Organization","@id":"https:\/\/jetx-player.com\/#organization","name":"JetX","url":"https:\/\/jetx-player.com\/","logo":{"@type":"ImageObject","inLanguage":"pt-PT","@id":"https:\/\/jetx-player.com\/#\/schema\/logo\/image\/","url":"https:\/\/jetx-player.com\/wp-content\/uploads\/lucky-jet-header-e1707648698751.webp","contentUrl":"https:\/\/jetx-player.com\/wp-content\/uploads\/lucky-jet-header-e1707648698751.webp","width":643,"height":178,"caption":"JetX"},"image":{"@id":"https:\/\/jetx-player.com\/#\/schema\/logo\/image\/"}}]}},"_links":{"self":[{"href":"https:\/\/jetx-player.com\/pt\/wp-json\/wp\/v2\/pages\/16","targetHints":{"allow":["GET"]}}],"collection":[{"href":"https:\/\/jetx-player.com\/pt\/wp-json\/wp\/v2\/pages"}],"about":[{"href":"https:\/\/jetx-player.com\/pt\/wp-json\/wp\/v2\/types\/page"}],"author":[{"embeddable":true,"href":"https:\/\/jetx-player.com\/pt\/wp-json\/wp\/v2\/users\/1"}],"replies":[{"embeddable":true,"href":"https:\/\/jetx-player.com\/pt\/wp-json\/wp\/v2\/comments?post=16"}],"version-history":[{"count":14,"href":"https:\/\/jetx-player.com\/pt\/wp-json\/wp\/v2\/pages\/16\/revisions"}],"predecessor-version":[{"id":170,"href":"https:\/\/jetx-player.com\/pt\/wp-json\/wp\/v2\/pages\/16\/revisions\/170"}],"wp:featuredmedia":[{"embeddable":true,"href":"https:\/\/jetx-player.com\/pt\/wp-json\/wp\/v2\/media\/93"}],"wp:attachment":[{"href":"https:\/\/jetx-player.com\/pt\/wp-json\/wp\/v2\/media?parent=16"}],"curies":[{"name":"wp","href":"https:\/\/api.w.org\/{rel}","templated":true}]}}