{"id":14,"date":"2024-02-11T10:16:50","date_gmt":"2024-02-11T10:16:50","guid":{"rendered":"https:\/\/jetx-player.com\/?page_id=14"},"modified":"2024-02-28T20:00:52","modified_gmt":"2024-02-28T20:00:52","slug":"faq-about-lucky-jet","status":"publish","type":"page","link":"https:\/\/jetx-player.com\/pt\/faq-about-lucky-jet\/","title":{"rendered":"FAQ &#8211; Perguntas Frequentes sobre o Lucky Jet"},"content":{"rendered":"<p>Qualquer jogador que esteja considerando a possibilidade de come\u00e7ar a jogar no cassino online Lucky Jet com dinheiro real no jogo crash est\u00e1 preocupado com aquelas perguntas que existem, mas s\u00e3o dif\u00edceis de obter respostas. Coletamos as perguntas mais populares sobre o jogo Lucky Jet e tentamos fornecer respostas.<\/p>\n<ul>\n<li><strong>O que \u00e9 o jogo online Lucky Jet?<\/strong><br \/>\nLucky Jet \u00e9 um jogo de azar online onde os jogadores fazem apostas em at\u00e9 que altura Lucky Joe pode subir antes de voar. Como jogador, voc\u00ea deve reivindicar seus ganhos antes deste ponto.<\/li>\n<li><strong>Como jogar Lucky Jet?<\/strong><br \/>\nMuito simples. Voc\u00ea faz uma aposta, pressiona o bot\u00e3o de in\u00edcio, e o cara com a mochila come\u00e7a a subir, aumentando seus ganhos potenciais. Voc\u00ea deve reivindicar seus ganhos antes que o objeto voe embora.<\/li>\n<li><strong>Como \u00e9 calculada a vit\u00f3ria no Lucky Jet?<\/strong><br \/>\nSeus ganhos s\u00e3o calculados multiplicando sua aposta pelo multiplicador no qual voc\u00ea decide reivindicar seus ganhos.<\/li>\n<li><strong>Voc\u00ea pode jogar Lucky Jet de gra\u00e7a?<\/strong><br \/>\nVoc\u00ea pode jogar Lucky Jet de gra\u00e7a. O cassino online 1win fornece acesso \u00e0 vers\u00e3o gratuita do jogo. Esta \u00e9 uma vers\u00e3o de demonstra\u00e7\u00e3o do Lucky Jet, onde voc\u00ea pode jogar de gra\u00e7a, mas sem a chance de ganhar dinheiro real.<\/li>\n<li><strong>Qual \u00e9 o tamanho m\u00ednimo e m\u00e1ximo de aposta no Lucky Jet?<\/strong><br \/>\nAs apostas m\u00ednimas e m\u00e1ximas podem variar dependendo do cassino, mas geralmente come\u00e7am de alguns centavos a v\u00e1rias centenas de d\u00f3lares.<\/li>\n<li><strong>Existem estrat\u00e9gias para ganhar no Lucky Jet?<\/strong><br \/>\nExistem v\u00e1rias estrat\u00e9gias, como vit\u00f3ria fixa, Martingale, apostas divididas, mas nenhuma delas garante uma vit\u00f3ria. \u00c9 importante lembrar que uma estrat\u00e9gia aumenta suas chances de ganhar, mas em nenhum caso garante uma vit\u00f3ria.<\/li>\n<li><strong>\u00c9 seguro jogar Lucky Jet online?<\/strong><br \/>\n\u00c9 seguro jogar se voc\u00ea escolher um cassino confi\u00e1vel e licenciado com uma boa reputa\u00e7\u00e3o. Nesse caso, qualquer jogo de cassino ser\u00e1 seguro. \u00c9 importante evitar cassinos online n\u00e3o licenciados.<\/li>\n<li><strong>Os b\u00f4nus podem ser usados no Lucky Jet?<\/strong><br \/>\nSim, muitos cassinos oferecem b\u00f4nus que podem ser usados em jogos, incluindo o Lucky Jet. No entanto, certifique-se de entender os termos de uso dos b\u00f4nus. O jogo crash Lucky Jet em si n\u00e3o fornece rodadas de b\u00f4nus.<\/li>\n<li><strong>Qu\u00e3o rapidamente os ganhos s\u00e3o pagos no Lucky Jet?<\/strong><br \/>\nA velocidade dos pagamentos depende do cassino, mas geralmente os ganhos s\u00e3o processados dentro de algumas horas. Em qualquer caso, a velocidade dos pagamentos n\u00e3o depende do desenvolvedor do jogo, mas do cassino online.<\/li>\n<li><strong>Existe uma vers\u00e3o m\u00f3vel do jogo Lucky Jet?<\/strong><br \/>\nSim, muitos cassinos oferecem vers\u00f5es m\u00f3veis de seus jogos, incluindo o Lucky Jet, dispon\u00edveis atrav\u00e9s do navegador ou aplicativo do cassino.<\/li>\n<li><strong>Quais s\u00e3o os principais riscos de jogar Lucky Jet?<\/strong><br \/>\nO principal risco \u00e9 perder sua aposta se voc\u00ea n\u00e3o reivindicar seus ganhos antes que o objeto voe embora. \u00c9 importante jogar de forma respons\u00e1vel e dentro do seu or\u00e7amento.<\/li>\n<li><strong>O Lucky Jet pode manipular os resultados?<\/strong><br \/>\nEm cassinos online confi\u00e1veis com licen\u00e7a e auditoria independente, as chances e resultados dos jogos s\u00e3o gerados aleatoriamente, garantindo a imparcialidade do jogo. \u00c9 um gerador de n\u00fameros aleat\u00f3rios que determina os resultados do jogo.<\/li>\n<li><strong>Quais s\u00e3o as melhores pr\u00e1ticas para jogar Lucky Jet?<\/strong><br \/>\nEstabele\u00e7a limites para apostas e tempo de jogo, use estrat\u00e9gias de gerenciamento de bankroll e n\u00e3o persiga grandes vit\u00f3rias de coeficientes. O principal \u00e9 n\u00e3o perder a cabe\u00e7a e entender que o jogo pode ajud\u00e1-lo a passar um bom tempo, mas n\u00e3o pode ser uma maneira de ganhar dinheiro.<\/li>\n<li><strong>Voc\u00ea pode jogar Lucky Jet com amigos?<\/strong><br \/>\nEmbora o Lucky Jet seja um jogo individual, voc\u00ea pode compartilhar sua experi\u00eancia e estrat\u00e9gias com amigos e jogar juntos em diferentes locais. O jogo possui um chat dentro do jogo onde voc\u00ea pode trocar opini\u00f5es com outros jogadores.<\/li>\n<li><strong>Onde encontrar os melhores cassinos para jogar Lucky Jet?<\/strong><br \/>\nO melhor cassino para jogar Lucky Jet \u00e9 o conhecido cassino online 1win. \u00c9 um cassino com uma boa reputa\u00e7\u00e3o, avalia\u00e7\u00f5es positivas e uma licen\u00e7a de um regulador conhecido.<\/li>\n<\/ul>\n","protected":false},"excerpt":{"rendered":"<p>Qualquer jogador que esteja considerando a possibilidade de come\u00e7ar a jogar no cassino online Lucky Jet com dinheiro real no jogo crash est\u00e1 preocupado com [&hellip;]<\/p>\n","protected":false},"author":1,"featured_media":93,"parent":0,"menu_order":0,"comment_status":"closed","ping_status":"closed","template":"","meta":{"footnotes":"","_links_to":"","_links_to_target":""},"class_list":["post-14","page","type-page","status-publish","has-post-thumbnail","hentry"],"yoast_head":"<!-- This site is optimized with the Yoast SEO plugin v27.2 - https:\/\/yoast.com\/product\/yoast-seo-wordpress\/ -->\n<title>\u0427\u0430\u0441\u0442\u043e \u0437\u0430\u0434\u0430\u0432\u0430\u0435\u043c\u044b\u0435 \u0432\u043e\u043f\u0440\u043e\u0441\u044b \u043e\u0431 \u0438\u0433\u0440\u0435 Lucky Jet \u0432 \u043a\u0430\u0437\u0438\u043d\u043e 1win<\/title>\n<meta name=\"description\" content=\"Reunimos as perguntas mais frequentes sobre o jogo Lucky Jet no cassino online 1win. Todas as perguntas e respostas sobre o jogo de crash Lucky Jet.\" \/>\n<meta name=\"robots\" content=\"index, follow, max-snippet:-1, max-image-preview:large, max-video-preview:-1\" \/>\n<link rel=\"canonical\" href=\"https:\/\/jetx-player.com\/pt\/faq-about-lucky-jet\/\" \/>\n<meta property=\"og:locale\" content=\"pt_PT\" \/>\n<meta property=\"og:locale:alternate\" content=\"ru_RU\" \/>\n<meta property=\"og:locale:alternate\" content=\"en_US\" \/>\n<meta property=\"og:locale:alternate\" content=\"es_ES\" \/>\n<meta property=\"og:locale:alternate\" content=\"ro_RO\" \/>\n<meta property=\"og:locale:alternate\" content=\"sr_RS\" \/>\n<meta property=\"og:locale:alternate\" content=\"bg_BG\" \/>\n<meta property=\"og:locale:alternate\" content=\"pl_PL\" \/>\n<meta property=\"og:locale:alternate\" content=\"it_IT\" \/>\n<meta property=\"og:locale:alternate\" content=\"fr_FR\" \/>\n<meta property=\"og:type\" content=\"article\" \/>\n<meta property=\"og:title\" content=\"\u0427\u0430\u0441\u0442\u043e \u0437\u0430\u0434\u0430\u0432\u0430\u0435\u043c\u044b\u0435 \u0432\u043e\u043f\u0440\u043e\u0441\u044b \u043e\u0431 \u0438\u0433\u0440\u0435 Lucky Jet \u0432 \u043a\u0430\u0437\u0438\u043d\u043e 1win\" \/>\n<meta property=\"og:description\" content=\"\u041c\u044b \u0441\u043e\u0431\u0440\u0430\u043b\u0438 \u0441\u0430\u043c\u044b\u0435 \u0447\u0430\u0441\u0442\u043e \u0437\u0430\u0434\u0430\u0432\u0430\u0435\u043c\u044b\u0435 \u0432\u043e\u043f\u0440\u043e\u0441\u044b \u043e\u0431 \u0438\u0433\u0440\u0435 Lucky Jet \u0432 \u043e\u043d\u043b\u0430\u0439\u043d \u043a\u0430\u0437\u0438\u043d\u043e 1win. \u0412\u0441\u0435 \u0432\u043e\u043f\u0440\u043e\u0441\u044b \u0438 \u043e\u0442\u0432\u0435\u0442\u044b \u043e \u043a\u0440\u0430\u0448 \u0438\u0433\u0440\u0435 Lucky Jet\" \/>\n<meta property=\"og:url\" content=\"https:\/\/jetx-player.com\/pt\/faq-about-lucky-jet\/\" \/>\n<meta property=\"og:site_name\" content=\"JetX\" \/>\n<meta property=\"article:modified_time\" content=\"2024-02-28T20:00:52+00:00\" \/>\n<meta property=\"og:image\" content=\"https:\/\/jetx-player.com\/wp-content\/uploads\/abstract-blue-night-space-cosmos-background-with-nebula-and-shining-star-vector.jpg\" \/>\n\t<meta property=\"og:image:width\" content=\"1920\" \/>\n\t<meta property=\"og:image:height\" content=\"1079\" \/>\n\t<meta property=\"og:image:type\" content=\"image\/jpeg\" \/>\n<meta name=\"twitter:card\" content=\"summary_large_image\" \/>\n<meta name=\"twitter:label1\" content=\"Tempo estimado de leitura\" \/>\n\t<meta name=\"twitter:data1\" content=\"25 minutos\" \/>\n<script type=\"application\/ld+json\" class=\"yoast-schema-graph\">{\"@context\":\"https:\/\/schema.org\",\"@graph\":[{\"@type\":\"WebPage\",\"@id\":\"https:\/\/jetx-player.com\/faq-about-lucky-jet\/\",\"url\":\"https:\/\/jetx-player.com\/faq-about-lucky-jet\/\",\"name\":\"\u0427\u0430\u0441\u0442\u043e \u0437\u0430\u0434\u0430\u0432\u0430\u0435\u043c\u044b\u0435 \u0432\u043e\u043f\u0440\u043e\u0441\u044b \u043e\u0431 \u0438\u0433\u0440\u0435 Lucky Jet \u0432 \u043a\u0430\u0437\u0438\u043d\u043e 1win\",\"isPartOf\":{\"@id\":\"https:\/\/jetx-player.com\/#website\"},\"primaryImageOfPage\":{\"@id\":\"https:\/\/jetx-player.com\/faq-about-lucky-jet\/#primaryimage\"},\"image\":{\"@id\":\"https:\/\/jetx-player.com\/faq-about-lucky-jet\/#primaryimage\"},\"thumbnailUrl\":\"https:\/\/jetx-player.com\/wp-content\/uploads\/abstract-blue-night-space-cosmos-background-with-nebula-and-shining-star-vector.jpg\",\"datePublished\":\"2024-02-11T10:16:50+00:00\",\"dateModified\":\"2024-02-28T20:00:52+00:00\",\"description\":\"\u041c\u044b \u0441\u043e\u0431\u0440\u0430\u043b\u0438 \u0441\u0430\u043c\u044b\u0435 \u0447\u0430\u0441\u0442\u043e \u0437\u0430\u0434\u0430\u0432\u0430\u0435\u043c\u044b\u0435 \u0432\u043e\u043f\u0440\u043e\u0441\u044b \u043e\u0431 \u0438\u0433\u0440\u0435 Lucky Jet \u0432 \u043e\u043d\u043b\u0430\u0439\u043d \u043a\u0430\u0437\u0438\u043d\u043e 1win. \u0412\u0441\u0435 \u0432\u043e\u043f\u0440\u043e\u0441\u044b \u0438 \u043e\u0442\u0432\u0435\u0442\u044b \u043e \u043a\u0440\u0430\u0448 \u0438\u0433\u0440\u0435 Lucky Jet\",\"breadcrumb\":{\"@id\":\"https:\/\/jetx-player.com\/faq-about-lucky-jet\/#breadcrumb\"},\"inLanguage\":\"pt-PT\",\"potentialAction\":[{\"@type\":\"ReadAction\",\"target\":[\"https:\/\/jetx-player.com\/faq-about-lucky-jet\/\"]}]},{\"@type\":\"ImageObject\",\"inLanguage\":\"pt-PT\",\"@id\":\"https:\/\/jetx-player.com\/faq-about-lucky-jet\/#primaryimage\",\"url\":\"https:\/\/jetx-player.com\/wp-content\/uploads\/abstract-blue-night-space-cosmos-background-with-nebula-and-shining-star-vector.jpg\",\"contentUrl\":\"https:\/\/jetx-player.com\/wp-content\/uploads\/abstract-blue-night-space-cosmos-background-with-nebula-and-shining-star-vector.jpg\",\"width\":1920,\"height\":1079},{\"@type\":\"BreadcrumbList\",\"@id\":\"https:\/\/jetx-player.com\/faq-about-lucky-jet\/#breadcrumb\",\"itemListElement\":[{\"@type\":\"ListItem\",\"position\":1,\"name\":\"Home\",\"item\":\"https:\/\/jetx-player.com\/\"},{\"@type\":\"ListItem\",\"position\":2,\"name\":\"FAQ &#8212; \u0427\u0430\u0441\u0442\u043e \u0417\u0430\u0434\u0430\u0432\u0430\u0435\u043c\u044b\u0435 \u0412\u043e\u043f\u0440\u043e\u0441\u044b \u043e Lucky Jet\"}]},{\"@type\":\"WebSite\",\"@id\":\"https:\/\/jetx-player.com\/#website\",\"url\":\"https:\/\/jetx-player.com\/\",\"name\":\"JetX\",\"description\":\"Just another WordPress site\",\"publisher\":{\"@id\":\"https:\/\/jetx-player.com\/#organization\"},\"potentialAction\":[{\"@type\":\"SearchAction\",\"target\":{\"@type\":\"EntryPoint\",\"urlTemplate\":\"https:\/\/jetx-player.com\/?s={search_term_string}\"},\"query-input\":{\"@type\":\"PropertyValueSpecification\",\"valueRequired\":true,\"valueName\":\"search_term_string\"}}],\"inLanguage\":\"pt-PT\"},{\"@type\":\"Organization\",\"@id\":\"https:\/\/jetx-player.com\/#organization\",\"name\":\"JetX\",\"url\":\"https:\/\/jetx-player.com\/\",\"logo\":{\"@type\":\"ImageObject\",\"inLanguage\":\"pt-PT\",\"@id\":\"https:\/\/jetx-player.com\/#\/schema\/logo\/image\/\",\"url\":\"https:\/\/jetx-player.com\/wp-content\/uploads\/lucky-jet-header-e1707648698751.webp\",\"contentUrl\":\"https:\/\/jetx-player.com\/wp-content\/uploads\/lucky-jet-header-e1707648698751.webp\",\"width\":643,\"height\":178,\"caption\":\"JetX\"},\"image\":{\"@id\":\"https:\/\/jetx-player.com\/#\/schema\/logo\/image\/\"}}]}<\/script>\n<!-- \/ Yoast SEO plugin. -->","yoast_head_json":{"title":"\u0427\u0430\u0441\u0442\u043e \u0437\u0430\u0434\u0430\u0432\u0430\u0435\u043c\u044b\u0435 \u0432\u043e\u043f\u0440\u043e\u0441\u044b \u043e\u0431 \u0438\u0433\u0440\u0435 Lucky Jet \u0432 \u043a\u0430\u0437\u0438\u043d\u043e 1win","description":"Reunimos as perguntas mais frequentes sobre o jogo Lucky Jet no cassino online 1win. Todas as perguntas e respostas sobre o jogo de crash Lucky Jet.","robots":{"index":"index","follow":"follow","max-snippet":"max-snippet:-1","max-image-preview":"max-image-preview:large","max-video-preview":"max-video-preview:-1"},"canonical":"https:\/\/jetx-player.com\/pt\/faq-about-lucky-jet\/","og_locale":"pt_PT","og_type":"article","og_title":"\u0427\u0430\u0441\u0442\u043e \u0437\u0430\u0434\u0430\u0432\u0430\u0435\u043c\u044b\u0435 \u0432\u043e\u043f\u0440\u043e\u0441\u044b \u043e\u0431 \u0438\u0433\u0440\u0435 Lucky Jet \u0432 \u043a\u0430\u0437\u0438\u043d\u043e 1win","og_description":"\u041c\u044b \u0441\u043e\u0431\u0440\u0430\u043b\u0438 \u0441\u0430\u043c\u044b\u0435 \u0447\u0430\u0441\u0442\u043e \u0437\u0430\u0434\u0430\u0432\u0430\u0435\u043c\u044b\u0435 \u0432\u043e\u043f\u0440\u043e\u0441\u044b \u043e\u0431 \u0438\u0433\u0440\u0435 Lucky Jet \u0432 \u043e\u043d\u043b\u0430\u0439\u043d \u043a\u0430\u0437\u0438\u043d\u043e 1win. \u0412\u0441\u0435 \u0432\u043e\u043f\u0440\u043e\u0441\u044b \u0438 \u043e\u0442\u0432\u0435\u0442\u044b \u043e \u043a\u0440\u0430\u0448 \u0438\u0433\u0440\u0435 Lucky Jet","og_url":"https:\/\/jetx-player.com\/pt\/faq-about-lucky-jet\/","og_site_name":"JetX","article_modified_time":"2024-02-28T20:00:52+00:00","og_image":[{"width":1920,"height":1079,"url":"https:\/\/jetx-player.com\/wp-content\/uploads\/abstract-blue-night-space-cosmos-background-with-nebula-and-shining-star-vector.jpg","type":"image\/jpeg"}],"twitter_card":"summary_large_image","twitter_misc":{"Tempo estimado de leitura":"25 minutos"},"schema":{"@context":"https:\/\/schema.org","@graph":[{"@type":"WebPage","@id":"https:\/\/jetx-player.com\/faq-about-lucky-jet\/","url":"https:\/\/jetx-player.com\/faq-about-lucky-jet\/","name":"\u0427\u0430\u0441\u0442\u043e \u0437\u0430\u0434\u0430\u0432\u0430\u0435\u043c\u044b\u0435 \u0432\u043e\u043f\u0440\u043e\u0441\u044b \u043e\u0431 \u0438\u0433\u0440\u0435 Lucky Jet \u0432 \u043a\u0430\u0437\u0438\u043d\u043e 1win","isPartOf":{"@id":"https:\/\/jetx-player.com\/#website"},"primaryImageOfPage":{"@id":"https:\/\/jetx-player.com\/faq-about-lucky-jet\/#primaryimage"},"image":{"@id":"https:\/\/jetx-player.com\/faq-about-lucky-jet\/#primaryimage"},"thumbnailUrl":"https:\/\/jetx-player.com\/wp-content\/uploads\/abstract-blue-night-space-cosmos-background-with-nebula-and-shining-star-vector.jpg","datePublished":"2024-02-11T10:16:50+00:00","dateModified":"2024-02-28T20:00:52+00:00","description":"\u041c\u044b \u0441\u043e\u0431\u0440\u0430\u043b\u0438 \u0441\u0430\u043c\u044b\u0435 \u0447\u0430\u0441\u0442\u043e \u0437\u0430\u0434\u0430\u0432\u0430\u0435\u043c\u044b\u0435 \u0432\u043e\u043f\u0440\u043e\u0441\u044b \u043e\u0431 \u0438\u0433\u0440\u0435 Lucky Jet \u0432 \u043e\u043d\u043b\u0430\u0439\u043d \u043a\u0430\u0437\u0438\u043d\u043e 1win. \u0412\u0441\u0435 \u0432\u043e\u043f\u0440\u043e\u0441\u044b \u0438 \u043e\u0442\u0432\u0435\u0442\u044b \u043e \u043a\u0440\u0430\u0448 \u0438\u0433\u0440\u0435 Lucky Jet","breadcrumb":{"@id":"https:\/\/jetx-player.com\/faq-about-lucky-jet\/#breadcrumb"},"inLanguage":"pt-PT","potentialAction":[{"@type":"ReadAction","target":["https:\/\/jetx-player.com\/faq-about-lucky-jet\/"]}]},{"@type":"ImageObject","inLanguage":"pt-PT","@id":"https:\/\/jetx-player.com\/faq-about-lucky-jet\/#primaryimage","url":"https:\/\/jetx-player.com\/wp-content\/uploads\/abstract-blue-night-space-cosmos-background-with-nebula-and-shining-star-vector.jpg","contentUrl":"https:\/\/jetx-player.com\/wp-content\/uploads\/abstract-blue-night-space-cosmos-background-with-nebula-and-shining-star-vector.jpg","width":1920,"height":1079},{"@type":"BreadcrumbList","@id":"https:\/\/jetx-player.com\/faq-about-lucky-jet\/#breadcrumb","itemListElement":[{"@type":"ListItem","position":1,"name":"Home","item":"https:\/\/jetx-player.com\/"},{"@type":"ListItem","position":2,"name":"FAQ &#8212; \u0427\u0430\u0441\u0442\u043e \u0417\u0430\u0434\u0430\u0432\u0430\u0435\u043c\u044b\u0435 \u0412\u043e\u043f\u0440\u043e\u0441\u044b \u043e Lucky Jet"}]},{"@type":"WebSite","@id":"https:\/\/jetx-player.com\/#website","url":"https:\/\/jetx-player.com\/","name":"JetX","description":"Just another WordPress site","publisher":{"@id":"https:\/\/jetx-player.com\/#organization"},"potentialAction":[{"@type":"SearchAction","target":{"@type":"EntryPoint","urlTemplate":"https:\/\/jetx-player.com\/?s={search_term_string}"},"query-input":{"@type":"PropertyValueSpecification","valueRequired":true,"valueName":"search_term_string"}}],"inLanguage":"pt-PT"},{"@type":"Organization","@id":"https:\/\/jetx-player.com\/#organization","name":"JetX","url":"https:\/\/jetx-player.com\/","logo":{"@type":"ImageObject","inLanguage":"pt-PT","@id":"https:\/\/jetx-player.com\/#\/schema\/logo\/image\/","url":"https:\/\/jetx-player.com\/wp-content\/uploads\/lucky-jet-header-e1707648698751.webp","contentUrl":"https:\/\/jetx-player.com\/wp-content\/uploads\/lucky-jet-header-e1707648698751.webp","width":643,"height":178,"caption":"JetX"},"image":{"@id":"https:\/\/jetx-player.com\/#\/schema\/logo\/image\/"}}]}},"_links":{"self":[{"href":"https:\/\/jetx-player.com\/pt\/wp-json\/wp\/v2\/pages\/14","targetHints":{"allow":["GET"]}}],"collection":[{"href":"https:\/\/jetx-player.com\/pt\/wp-json\/wp\/v2\/pages"}],"about":[{"href":"https:\/\/jetx-player.com\/pt\/wp-json\/wp\/v2\/types\/page"}],"author":[{"embeddable":true,"href":"https:\/\/jetx-player.com\/pt\/wp-json\/wp\/v2\/users\/1"}],"replies":[{"embeddable":true,"href":"https:\/\/jetx-player.com\/pt\/wp-json\/wp\/v2\/comments?post=14"}],"version-history":[{"count":26,"href":"https:\/\/jetx-player.com\/pt\/wp-json\/wp\/v2\/pages\/14\/revisions"}],"predecessor-version":[{"id":184,"href":"https:\/\/jetx-player.com\/pt\/wp-json\/wp\/v2\/pages\/14\/revisions\/184"}],"wp:featuredmedia":[{"embeddable":true,"href":"https:\/\/jetx-player.com\/pt\/wp-json\/wp\/v2\/media\/93"}],"wp:attachment":[{"href":"https:\/\/jetx-player.com\/pt\/wp-json\/wp\/v2\/media?parent=14"}],"curies":[{"name":"wp","href":"https:\/\/api.w.org\/{rel}","templated":true}]}}