{"id":12,"date":"2024-02-11T10:15:28","date_gmt":"2024-02-11T10:15:28","guid":{"rendered":"https:\/\/jetx-player.com\/?page_id=12"},"modified":"2024-02-28T20:06:24","modified_gmt":"2024-02-28T20:06:24","slug":"gameplay-strategies-in-lucky-jet","status":"publish","type":"page","link":"https:\/\/jetx-player.com\/pt\/gameplay-strategies-in-lucky-jet\/","title":{"rendered":"Estrat\u00e9gias de jogo no Lucky Jet"},"content":{"rendered":"<p>Estrat\u00e9gias para jogar Lucky Jet podem variar dependendo do estilo de jogo de cada jogador, disposi\u00e7\u00e3o para correr riscos e objetivos individuais. Al\u00e9m disso, a quest\u00e3o dos objetivos n\u00e3o \u00e9 t\u00e3o simples quanto parece. Tudo depende da situa\u00e7\u00e3o espec\u00edfica de cada jogador. Alguns jogam com o objetivo de ganhar dinheiro real, ou seja, obter lucro. E para alguns jogadores, \u00e9 importante passar um bom tempo e desfrutar do jogo, e eles n\u00e3o esperam ganhar. Portanto, como \u00e9 comum na vida, todos t\u00eam situa\u00e7\u00f5es e objetivos diferentes. No entanto, compilamos uma revis\u00e3o de algumas estrat\u00e9gias populares de jogo no Lucky Jet que podem ajud\u00e1-lo a aumentar suas chances de sucesso neste emocionante jogo.<\/p>\n<h2><strong>Princ\u00edpios do Jogo Lucky Jet<\/strong><\/h2>\n<p>Antes de discutir estrat\u00e9gias, \u00e9 importante entender como o jogo funciona. No Lucky Jet, os jogadores fazem apostas em at\u00e9 onde o Lucky Joe &#8211; um cara na moda com uma mochila &#8211; voar\u00e1 antes de desaparecer. Se ele desaparecer, as apostas s\u00e3o perdidas. O ganho depende da altura em que o cara com a mochila p\u00e1ra de voar, e os jogadores devem reivindicar seu ganho antes desse ponto. Quanto mais eles esperam, maior o ganho potencial, mas com o risco de perder a aposta se o objeto desaparecer. Este \u00e9 o princ\u00edpio b\u00e1sico do jogo Lucky Jet, que \u00e9 geralmente semelhante a outros jogos de crash.<\/p>\n<h2><strong>Estrat\u00e9gia de Vit\u00f3ria Fixa<\/strong><\/h2>\n<p>Uma das estrat\u00e9gias mais simples e populares \u00e9 a estrat\u00e9gia de &#8220;vit\u00f3ria fixa&#8221;. Os jogadores definem um objetivo de vit\u00f3ria, por exemplo, em 2x, e recebem sua vit\u00f3ria assim que o multiplicador atinge essa marca. Esta estrat\u00e9gia ajuda a gerenciar riscos e fornece uma renda est\u00e1vel, embora pequena. Vale ressaltar que essa estrat\u00e9gia \u00e9 considerada de baixo risco, e os jogadores geralmente escolhem um multiplicador pequeno como seu objetivo, por exemplo, x2.<\/p>\n<h2><strong>Estrat\u00e9gia Martingale<\/strong><\/h2>\n<p>Uma estrat\u00e9gia muito popular em jogos de crash. A estrat\u00e9gia &#8220;Martingale&#8221; \u00e9 um m\u00e9todo popular de gerenciamento de apostas que pode ser adaptado para jogar Lucky Jet. Ap\u00f3s cada aposta perdida, o jogador dobra o valor da pr\u00f3xima aposta. Quando a aposta ganha, o jogador recupera todas as perdas anteriores mais faz um lucro igual \u00e0 aposta inicial. \u00c9 importante ter um saldo de conta alto o suficiente para suportar uma s\u00e9rie de perdas antes de come\u00e7ar a usar essa estrat\u00e9gia. E vale a pena adicionar que n\u00e3o \u00e9 f\u00e1cil emocionalmente. Afinal, a aposta precisa ser dobrada ap\u00f3s cada perda. E se houver v\u00e1rias rodadas consecutivas perdidas?<\/p>\n<h2><strong>Estrat\u00e9gia de Divis\u00e3o de Apostas<\/strong><\/h2>\n<p>Esta estrat\u00e9gia envolve dividir o valor total da aposta em v\u00e1rias apostas menores com diferentes objetivos de vit\u00f3ria. Por exemplo, parte da aposta pode ser feita em um multiplicador baixo para uma vit\u00f3ria garantida, mas pequena, enquanto a outra parte da aposta \u00e9 deixada em um multiplicador mais alto para a chance de uma grande vit\u00f3ria. Isso permite que o jogador equilibre entre jogo conservador e agressivo. Nesse caso, a prop\u00f3sito, o recurso de apostas autom\u00e1ticas e saques autom\u00e1ticos ser\u00e1 \u00fatil, pois permitir\u00e1 que voc\u00ea n\u00e3o se distraia com a primeira aposta, mas concentre sua aten\u00e7\u00e3o na segunda aposta, onde, por exemplo, voc\u00ea deseja obter um coeficiente mais alto.<\/p>\n<h2><strong>Configura\u00e7\u00e3o de Retirada Autom\u00e1tica de Dinheiro<\/strong><\/h2>\n<p>Muitos cassinos online oferecem o recurso de retirada autom\u00e1tica ao atingir um determinado multiplicador. Ao definir a retirada autom\u00e1tica em um n\u00edvel que voc\u00ea considera ideal, voc\u00ea pode evitar a tenta\u00e7\u00e3o de esperar muito tempo e perder sua aposta. Essa abordagem \u00e9 adequada para um modelo de jogo conservador.<\/p>\n<h2><strong>Gest\u00e3o de Banca<\/strong><\/h2>\n<p>O aspecto mais importante de qualquer estrat\u00e9gia de jogo \u00e9 a gest\u00e3o de banca. Determine o valor que voc\u00ea est\u00e1 disposto a arriscar e n\u00e3o o exceda. O gerenciamento financeiro sensato ajudar\u00e1 a evitar grandes perdas e aumentar suas chances de sucesso a longo prazo. Certifique-se de que o saldo da sua conta de jogo seja suficiente para um determinado n\u00famero de rodadas. \u00c9 dif\u00edcil determinar o n\u00famero ideal, mas recomendamos mirar em 200 rodadas.<\/p>\n<h2><strong>Como Escolher uma Estrat\u00e9gia de Jogo<\/strong><\/h2>\n<p>\u00c9 importante lembrar que n\u00e3o h\u00e1 uma estrat\u00e9gia universal que garanta sucesso no jogo Lucky Jet. Todas as estrat\u00e9gias t\u00eam seus riscos e podem levar \u00e0 perda de dinheiro. Lembre-se de jogar com responsabilidade, definir limites para perdas e tempo de jogo, e lembre-se de que os jogos de cassino devem trazer prazer, n\u00e3o se tornar uma fonte de problemas financeiros.<\/p>\n","protected":false},"excerpt":{"rendered":"<p>Estrat\u00e9gias para jogar Lucky Jet podem variar dependendo do estilo de jogo de cada jogador, disposi\u00e7\u00e3o para correr riscos e objetivos individuais. Al\u00e9m disso, a [&hellip;]<\/p>\n","protected":false},"author":1,"featured_media":93,"parent":0,"menu_order":0,"comment_status":"closed","ping_status":"closed","template":"","meta":{"footnotes":"","_links_to":"","_links_to_target":""},"class_list":["post-12","page","type-page","status-publish","has-post-thumbnail","hentry"],"yoast_head":"<!-- This site is optimized with the Yoast SEO plugin v27.2 - https:\/\/yoast.com\/product\/yoast-seo-wordpress\/ -->\n<title>\u0421\u0442\u0440\u0430\u0442\u0435\u0433\u0438\u0438 \u0438\u0433\u0440\u044b Lucky Jet \u0432 \u043e\u043d\u043b\u0430\u0439\u043d \u043a\u0430\u0437\u0438\u043d\u043e<\/title>\n<meta name=\"description\" content=\"Jogue e ganhe no jogo de colis\u00e3o Lucky Jet. As melhores estrat\u00e9gias e t\u00e1ticas para ganhar dinheiro real no jogo de colis\u00e3o Lucky Jet. Jogue e ganhe agora.\" \/>\n<meta name=\"robots\" content=\"index, follow, max-snippet:-1, max-image-preview:large, max-video-preview:-1\" \/>\n<link rel=\"canonical\" href=\"https:\/\/jetx-player.com\/pt\/gameplay-strategies-in-lucky-jet\/\" \/>\n<meta property=\"og:locale\" content=\"pt_PT\" \/>\n<meta property=\"og:locale:alternate\" content=\"ru_RU\" \/>\n<meta property=\"og:locale:alternate\" content=\"en_US\" \/>\n<meta property=\"og:locale:alternate\" content=\"es_ES\" \/>\n<meta property=\"og:locale:alternate\" content=\"ro_RO\" \/>\n<meta property=\"og:locale:alternate\" content=\"sr_RS\" \/>\n<meta property=\"og:locale:alternate\" content=\"bg_BG\" \/>\n<meta property=\"og:locale:alternate\" content=\"pl_PL\" \/>\n<meta property=\"og:locale:alternate\" content=\"it_IT\" \/>\n<meta property=\"og:locale:alternate\" content=\"fr_FR\" \/>\n<meta property=\"og:type\" content=\"article\" \/>\n<meta property=\"og:title\" content=\"\u0421\u0442\u0440\u0430\u0442\u0435\u0433\u0438\u0438 \u0438\u0433\u0440\u044b Lucky Jet \u0432 \u043e\u043d\u043b\u0430\u0439\u043d \u043a\u0430\u0437\u0438\u043d\u043e\" \/>\n<meta property=\"og:description\" content=\"\u0418\u0433\u0440\u0430\u0442\u044c \u0438 \u0432\u044b\u0438\u0433\u0440\u044b\u0432\u0430\u0442\u044c \u0432 \u043a\u0440\u0430\u0448 \u0438\u0433\u0440\u0435 \u041b\u0430\u043a\u0438 \u0414\u0436\u0435\u0442. \u041b\u0443\u0447\u0448\u0438\u0435 \u0441\u0442\u0440\u0430\u0442\u0435\u0433\u0438\u0438 \u0438 \u0442\u0430\u043a\u0442\u0438\u043a\u0438 \u0434\u043b\u044f \u0432\u044b\u0438\u0433\u0440\u044b\u0448\u0430 \u0440\u0435\u0430\u043b\u044c\u043d\u044b\u0445 \u0434\u0435\u043d\u0435\u0433 \u0432 \u043a\u0440\u0430\u0448 \u0438\u0433\u0440\u0435 Lucky Jet. \u0418\u0433\u0440\u0430\u0442\u044c \u0438 \u0432\u044b\u0438\u0433\u0440\u044b\u0432\u0430\u0442\u044c \u0441\u0435\u0439\u0447\u0430\u0441\" \/>\n<meta property=\"og:url\" content=\"https:\/\/jetx-player.com\/pt\/gameplay-strategies-in-lucky-jet\/\" \/>\n<meta property=\"og:site_name\" content=\"JetX\" \/>\n<meta property=\"article:modified_time\" content=\"2024-02-28T20:06:24+00:00\" \/>\n<meta property=\"og:image\" content=\"https:\/\/jetx-player.com\/wp-content\/uploads\/abstract-blue-night-space-cosmos-background-with-nebula-and-shining-star-vector.jpg\" \/>\n\t<meta property=\"og:image:width\" content=\"1920\" \/>\n\t<meta property=\"og:image:height\" content=\"1079\" \/>\n\t<meta property=\"og:image:type\" content=\"image\/jpeg\" \/>\n<meta name=\"twitter:card\" content=\"summary_large_image\" \/>\n<meta name=\"twitter:label1\" content=\"Tempo estimado de leitura\" \/>\n\t<meta name=\"twitter:data1\" content=\"28 minutos\" \/>\n<script type=\"application\/ld+json\" class=\"yoast-schema-graph\">{\"@context\":\"https:\/\/schema.org\",\"@graph\":[{\"@type\":\"WebPage\",\"@id\":\"https:\/\/jetx-player.com\/gameplay-strategies-in-lucky-jet\/\",\"url\":\"https:\/\/jetx-player.com\/gameplay-strategies-in-lucky-jet\/\",\"name\":\"\u0421\u0442\u0440\u0430\u0442\u0435\u0433\u0438\u0438 \u0438\u0433\u0440\u044b Lucky Jet \u0432 \u043e\u043d\u043b\u0430\u0439\u043d \u043a\u0430\u0437\u0438\u043d\u043e\",\"isPartOf\":{\"@id\":\"https:\/\/jetx-player.com\/#website\"},\"primaryImageOfPage\":{\"@id\":\"https:\/\/jetx-player.com\/gameplay-strategies-in-lucky-jet\/#primaryimage\"},\"image\":{\"@id\":\"https:\/\/jetx-player.com\/gameplay-strategies-in-lucky-jet\/#primaryimage\"},\"thumbnailUrl\":\"https:\/\/jetx-player.com\/wp-content\/uploads\/abstract-blue-night-space-cosmos-background-with-nebula-and-shining-star-vector.jpg\",\"datePublished\":\"2024-02-11T10:15:28+00:00\",\"dateModified\":\"2024-02-28T20:06:24+00:00\",\"description\":\"\u0418\u0433\u0440\u0430\u0442\u044c \u0438 \u0432\u044b\u0438\u0433\u0440\u044b\u0432\u0430\u0442\u044c \u0432 \u043a\u0440\u0430\u0448 \u0438\u0433\u0440\u0435 \u041b\u0430\u043a\u0438 \u0414\u0436\u0435\u0442. \u041b\u0443\u0447\u0448\u0438\u0435 \u0441\u0442\u0440\u0430\u0442\u0435\u0433\u0438\u0438 \u0438 \u0442\u0430\u043a\u0442\u0438\u043a\u0438 \u0434\u043b\u044f \u0432\u044b\u0438\u0433\u0440\u044b\u0448\u0430 \u0440\u0435\u0430\u043b\u044c\u043d\u044b\u0445 \u0434\u0435\u043d\u0435\u0433 \u0432 \u043a\u0440\u0430\u0448 \u0438\u0433\u0440\u0435 Lucky Jet. \u0418\u0433\u0440\u0430\u0442\u044c \u0438 \u0432\u044b\u0438\u0433\u0440\u044b\u0432\u0430\u0442\u044c \u0441\u0435\u0439\u0447\u0430\u0441\",\"breadcrumb\":{\"@id\":\"https:\/\/jetx-player.com\/gameplay-strategies-in-lucky-jet\/#breadcrumb\"},\"inLanguage\":\"pt-PT\",\"potentialAction\":[{\"@type\":\"ReadAction\",\"target\":[\"https:\/\/jetx-player.com\/gameplay-strategies-in-lucky-jet\/\"]}]},{\"@type\":\"ImageObject\",\"inLanguage\":\"pt-PT\",\"@id\":\"https:\/\/jetx-player.com\/gameplay-strategies-in-lucky-jet\/#primaryimage\",\"url\":\"https:\/\/jetx-player.com\/wp-content\/uploads\/abstract-blue-night-space-cosmos-background-with-nebula-and-shining-star-vector.jpg\",\"contentUrl\":\"https:\/\/jetx-player.com\/wp-content\/uploads\/abstract-blue-night-space-cosmos-background-with-nebula-and-shining-star-vector.jpg\",\"width\":1920,\"height\":1079},{\"@type\":\"BreadcrumbList\",\"@id\":\"https:\/\/jetx-player.com\/gameplay-strategies-in-lucky-jet\/#breadcrumb\",\"itemListElement\":[{\"@type\":\"ListItem\",\"position\":1,\"name\":\"Home\",\"item\":\"https:\/\/jetx-player.com\/\"},{\"@type\":\"ListItem\",\"position\":2,\"name\":\"\u0421\u0442\u0440\u0430\u0442\u0435\u0433\u0438\u0438 \u0438\u0433\u0440\u044b \u0432 Lucky Jet\"}]},{\"@type\":\"WebSite\",\"@id\":\"https:\/\/jetx-player.com\/#website\",\"url\":\"https:\/\/jetx-player.com\/\",\"name\":\"JetX\",\"description\":\"Just another WordPress site\",\"publisher\":{\"@id\":\"https:\/\/jetx-player.com\/#organization\"},\"potentialAction\":[{\"@type\":\"SearchAction\",\"target\":{\"@type\":\"EntryPoint\",\"urlTemplate\":\"https:\/\/jetx-player.com\/?s={search_term_string}\"},\"query-input\":{\"@type\":\"PropertyValueSpecification\",\"valueRequired\":true,\"valueName\":\"search_term_string\"}}],\"inLanguage\":\"pt-PT\"},{\"@type\":\"Organization\",\"@id\":\"https:\/\/jetx-player.com\/#organization\",\"name\":\"JetX\",\"url\":\"https:\/\/jetx-player.com\/\",\"logo\":{\"@type\":\"ImageObject\",\"inLanguage\":\"pt-PT\",\"@id\":\"https:\/\/jetx-player.com\/#\/schema\/logo\/image\/\",\"url\":\"https:\/\/jetx-player.com\/wp-content\/uploads\/lucky-jet-header-e1707648698751.webp\",\"contentUrl\":\"https:\/\/jetx-player.com\/wp-content\/uploads\/lucky-jet-header-e1707648698751.webp\",\"width\":643,\"height\":178,\"caption\":\"JetX\"},\"image\":{\"@id\":\"https:\/\/jetx-player.com\/#\/schema\/logo\/image\/\"}}]}<\/script>\n<!-- \/ Yoast SEO plugin. -->","yoast_head_json":{"title":"\u0421\u0442\u0440\u0430\u0442\u0435\u0433\u0438\u0438 \u0438\u0433\u0440\u044b Lucky Jet \u0432 \u043e\u043d\u043b\u0430\u0439\u043d \u043a\u0430\u0437\u0438\u043d\u043e","description":"Jogue e ganhe no jogo de colis\u00e3o Lucky Jet. As melhores estrat\u00e9gias e t\u00e1ticas para ganhar dinheiro real no jogo de colis\u00e3o Lucky Jet. Jogue e ganhe agora.","robots":{"index":"index","follow":"follow","max-snippet":"max-snippet:-1","max-image-preview":"max-image-preview:large","max-video-preview":"max-video-preview:-1"},"canonical":"https:\/\/jetx-player.com\/pt\/gameplay-strategies-in-lucky-jet\/","og_locale":"pt_PT","og_type":"article","og_title":"\u0421\u0442\u0440\u0430\u0442\u0435\u0433\u0438\u0438 \u0438\u0433\u0440\u044b Lucky Jet \u0432 \u043e\u043d\u043b\u0430\u0439\u043d \u043a\u0430\u0437\u0438\u043d\u043e","og_description":"\u0418\u0433\u0440\u0430\u0442\u044c \u0438 \u0432\u044b\u0438\u0433\u0440\u044b\u0432\u0430\u0442\u044c \u0432 \u043a\u0440\u0430\u0448 \u0438\u0433\u0440\u0435 \u041b\u0430\u043a\u0438 \u0414\u0436\u0435\u0442. \u041b\u0443\u0447\u0448\u0438\u0435 \u0441\u0442\u0440\u0430\u0442\u0435\u0433\u0438\u0438 \u0438 \u0442\u0430\u043a\u0442\u0438\u043a\u0438 \u0434\u043b\u044f \u0432\u044b\u0438\u0433\u0440\u044b\u0448\u0430 \u0440\u0435\u0430\u043b\u044c\u043d\u044b\u0445 \u0434\u0435\u043d\u0435\u0433 \u0432 \u043a\u0440\u0430\u0448 \u0438\u0433\u0440\u0435 Lucky Jet. \u0418\u0433\u0440\u0430\u0442\u044c \u0438 \u0432\u044b\u0438\u0433\u0440\u044b\u0432\u0430\u0442\u044c \u0441\u0435\u0439\u0447\u0430\u0441","og_url":"https:\/\/jetx-player.com\/pt\/gameplay-strategies-in-lucky-jet\/","og_site_name":"JetX","article_modified_time":"2024-02-28T20:06:24+00:00","og_image":[{"width":1920,"height":1079,"url":"https:\/\/jetx-player.com\/wp-content\/uploads\/abstract-blue-night-space-cosmos-background-with-nebula-and-shining-star-vector.jpg","type":"image\/jpeg"}],"twitter_card":"summary_large_image","twitter_misc":{"Tempo estimado de leitura":"28 minutos"},"schema":{"@context":"https:\/\/schema.org","@graph":[{"@type":"WebPage","@id":"https:\/\/jetx-player.com\/gameplay-strategies-in-lucky-jet\/","url":"https:\/\/jetx-player.com\/gameplay-strategies-in-lucky-jet\/","name":"\u0421\u0442\u0440\u0430\u0442\u0435\u0433\u0438\u0438 \u0438\u0433\u0440\u044b Lucky Jet \u0432 \u043e\u043d\u043b\u0430\u0439\u043d \u043a\u0430\u0437\u0438\u043d\u043e","isPartOf":{"@id":"https:\/\/jetx-player.com\/#website"},"primaryImageOfPage":{"@id":"https:\/\/jetx-player.com\/gameplay-strategies-in-lucky-jet\/#primaryimage"},"image":{"@id":"https:\/\/jetx-player.com\/gameplay-strategies-in-lucky-jet\/#primaryimage"},"thumbnailUrl":"https:\/\/jetx-player.com\/wp-content\/uploads\/abstract-blue-night-space-cosmos-background-with-nebula-and-shining-star-vector.jpg","datePublished":"2024-02-11T10:15:28+00:00","dateModified":"2024-02-28T20:06:24+00:00","description":"\u0418\u0433\u0440\u0430\u0442\u044c \u0438 \u0432\u044b\u0438\u0433\u0440\u044b\u0432\u0430\u0442\u044c \u0432 \u043a\u0440\u0430\u0448 \u0438\u0433\u0440\u0435 \u041b\u0430\u043a\u0438 \u0414\u0436\u0435\u0442. \u041b\u0443\u0447\u0448\u0438\u0435 \u0441\u0442\u0440\u0430\u0442\u0435\u0433\u0438\u0438 \u0438 \u0442\u0430\u043a\u0442\u0438\u043a\u0438 \u0434\u043b\u044f \u0432\u044b\u0438\u0433\u0440\u044b\u0448\u0430 \u0440\u0435\u0430\u043b\u044c\u043d\u044b\u0445 \u0434\u0435\u043d\u0435\u0433 \u0432 \u043a\u0440\u0430\u0448 \u0438\u0433\u0440\u0435 Lucky Jet. \u0418\u0433\u0440\u0430\u0442\u044c \u0438 \u0432\u044b\u0438\u0433\u0440\u044b\u0432\u0430\u0442\u044c \u0441\u0435\u0439\u0447\u0430\u0441","breadcrumb":{"@id":"https:\/\/jetx-player.com\/gameplay-strategies-in-lucky-jet\/#breadcrumb"},"inLanguage":"pt-PT","potentialAction":[{"@type":"ReadAction","target":["https:\/\/jetx-player.com\/gameplay-strategies-in-lucky-jet\/"]}]},{"@type":"ImageObject","inLanguage":"pt-PT","@id":"https:\/\/jetx-player.com\/gameplay-strategies-in-lucky-jet\/#primaryimage","url":"https:\/\/jetx-player.com\/wp-content\/uploads\/abstract-blue-night-space-cosmos-background-with-nebula-and-shining-star-vector.jpg","contentUrl":"https:\/\/jetx-player.com\/wp-content\/uploads\/abstract-blue-night-space-cosmos-background-with-nebula-and-shining-star-vector.jpg","width":1920,"height":1079},{"@type":"BreadcrumbList","@id":"https:\/\/jetx-player.com\/gameplay-strategies-in-lucky-jet\/#breadcrumb","itemListElement":[{"@type":"ListItem","position":1,"name":"Home","item":"https:\/\/jetx-player.com\/"},{"@type":"ListItem","position":2,"name":"\u0421\u0442\u0440\u0430\u0442\u0435\u0433\u0438\u0438 \u0438\u0433\u0440\u044b \u0432 Lucky Jet"}]},{"@type":"WebSite","@id":"https:\/\/jetx-player.com\/#website","url":"https:\/\/jetx-player.com\/","name":"JetX","description":"Just another WordPress site","publisher":{"@id":"https:\/\/jetx-player.com\/#organization"},"potentialAction":[{"@type":"SearchAction","target":{"@type":"EntryPoint","urlTemplate":"https:\/\/jetx-player.com\/?s={search_term_string}"},"query-input":{"@type":"PropertyValueSpecification","valueRequired":true,"valueName":"search_term_string"}}],"inLanguage":"pt-PT"},{"@type":"Organization","@id":"https:\/\/jetx-player.com\/#organization","name":"JetX","url":"https:\/\/jetx-player.com\/","logo":{"@type":"ImageObject","inLanguage":"pt-PT","@id":"https:\/\/jetx-player.com\/#\/schema\/logo\/image\/","url":"https:\/\/jetx-player.com\/wp-content\/uploads\/lucky-jet-header-e1707648698751.webp","contentUrl":"https:\/\/jetx-player.com\/wp-content\/uploads\/lucky-jet-header-e1707648698751.webp","width":643,"height":178,"caption":"JetX"},"image":{"@id":"https:\/\/jetx-player.com\/#\/schema\/logo\/image\/"}}]}},"_links":{"self":[{"href":"https:\/\/jetx-player.com\/pt\/wp-json\/wp\/v2\/pages\/12","targetHints":{"allow":["GET"]}}],"collection":[{"href":"https:\/\/jetx-player.com\/pt\/wp-json\/wp\/v2\/pages"}],"about":[{"href":"https:\/\/jetx-player.com\/pt\/wp-json\/wp\/v2\/types\/page"}],"author":[{"embeddable":true,"href":"https:\/\/jetx-player.com\/pt\/wp-json\/wp\/v2\/users\/1"}],"replies":[{"embeddable":true,"href":"https:\/\/jetx-player.com\/pt\/wp-json\/wp\/v2\/comments?post=12"}],"version-history":[{"count":25,"href":"https:\/\/jetx-player.com\/pt\/wp-json\/wp\/v2\/pages\/12\/revisions"}],"predecessor-version":[{"id":188,"href":"https:\/\/jetx-player.com\/pt\/wp-json\/wp\/v2\/pages\/12\/revisions\/188"}],"wp:featuredmedia":[{"embeddable":true,"href":"https:\/\/jetx-player.com\/pt\/wp-json\/wp\/v2\/media\/93"}],"wp:attachment":[{"href":"https:\/\/jetx-player.com\/pt\/wp-json\/wp\/v2\/media?parent=12"}],"curies":[{"name":"wp","href":"https:\/\/api.w.org\/{rel}","templated":true}]}}