{"id":10,"date":"2024-02-11T10:14:25","date_gmt":"2024-02-11T10:14:25","guid":{"rendered":"https:\/\/jetx-player.com\/?page_id=10"},"modified":"2024-02-28T20:05:21","modified_gmt":"2024-02-28T20:05:21","slug":"reviews-of-the-lucky-jet-game","status":"publish","type":"page","link":"https:\/\/jetx-player.com\/pt\/reviews-of-the-lucky-jet-game\/","title":{"rendered":"Avalia\u00e7\u00f5es do jogo Lucky Jet"},"content":{"rendered":"<p>Reunimos avalia\u00e7\u00f5es e depoimentos de jogadores reais sobre o jogo Lucky Jet. Ao ler essas avalia\u00e7\u00f5es, voc\u00ea ter\u00e1 uma melhor compreens\u00e3o de como \u00e9 o jogo e como ele funciona. Recomendamos se familiarizar com as opini\u00f5es dos jogadores antes de come\u00e7ar a jogar Lucky Jet.<\/p>\n<p><strong>Alexey, 34 anos:<\/strong> &#8220;Lucky Jet foi uma verdadeira descoberta para mim. A emo\u00e7\u00e3o de cada decolagem \u00e9 indescrit\u00edvel, e o momento em que voc\u00ea precisa decidir sacar mant\u00e9m voc\u00ea na expectativa. Eu consegui dobrar meus ganhos v\u00e1rias vezes, mas \u00e0s vezes a gan\u00e2ncia toma conta, e ent\u00e3o tenho que recome\u00e7ar. Bem, isso acontece.&#8221;<\/p>\n<p><strong>Marina, 29 anos:<\/strong> &#8220;No in\u00edcio, pensei que Lucky Jet seria simples, mas descobri que, sem uma boa estrat\u00e9gia, voc\u00ea n\u00e3o vai longe. Experimentei v\u00e1rias abordagens e encontrei meu estilo de jogo. \u00c9 incr\u00edvel, mas os ganhos podem ser realmente substanciais, especialmente se voc\u00ea souber quando parar. E at\u00e9 agora, isso \u00e9 a coisa mais importante que preciso aprender &#8211; saber quando parar.&#8221;<\/p>\n<p><strong>Dmitry, 42 anos:<\/strong> &#8220;Jogar Lucky Jet me ensinou a ser mais contido. Cada jogo \u00e9 uma li\u00e7\u00e3o de autocontrole, porque \u00e9 importante n\u00e3o apenas adivinhar o momento de apostar, mas tamb\u00e9m decidir quando \u00e9 hora de reivindicar seus ganhos. A melhor estrat\u00e9gia para mim \u00e9 estabelecer limites claros e segui-los. Eu melhorei desde que comecei a jogar Lucky Jet.&#8221;<\/p>\n<p><strong>Elena, 25 anos:<\/strong> &#8220;Lucky Jet me atrai com a possibilidade de ganhar muito devido aos multiplicadores altos. No entanto, toda vez que o jogo me lembra que \u00e9 importante saber quando parar. V\u00e1rias vezes consegui ganhar quantias significativas, mas tamb\u00e9m h\u00e1 perdas que me lembram dos riscos. E os riscos, como em qualquer jogo de azar, s\u00e3o realmente altos.&#8221;<\/p>\n<p><strong>Igor, 38 anos:<\/strong> &#8220;Depois de um dia de trabalho, Lucky Jet \u00e9 minha maneira de relaxar. Gosto que o jogo n\u00e3o exija muita aten\u00e7\u00e3o, mas ao mesmo tempo oferece a oportunidade de ganhar. Claro, nem sempre acabo no positivo, mas as emo\u00e7\u00f5es do jogo valem a pena. Eu gosto de jogar, e vou continuar jogando.&#8221;<\/p>\n<p><strong>Victoria, 31 anos:<\/strong> &#8220;Minha parte favorita do Lucky Jet \u00e9 a sensa\u00e7\u00e3o de justi\u00e7a. Ao contr\u00e1rio de alguns outros jogos, aqui o resultado realmente parece aleat\u00f3rio, o que torna cada jogo emocionante. Desde que comecei a jogar, minha noite n\u00e3o passa sem algumas decolagens. Al\u00e9m disso, o jogo tem um personagem muito fofo. Avi\u00f5es e foguetes s\u00e3o chatos, mas um jovem bonito com uma mochila \u00e9 outra hist\u00f3ria.&#8221;<\/p>\n<p><strong>Nikolay, 45 anos:<\/strong> &#8220;Jogando Lucky Jet, descobri que o interesse pelo jogo n\u00e3o desaparece. Sempre que entro no jogo, sinto emo\u00e7\u00e3o, e esse sentimento alimenta meu desejo de jogar novamente e novamente. Vit\u00f3rias e derrotas se alternam, mas a emo\u00e7\u00e3o permanece. \u00c9 um jogo que merece a aten\u00e7\u00e3o de qualquer jogador.&#8221;<\/p>\n<p><strong>Anna, 27 anos:<\/strong> &#8220;No Lucky Jet, experimentei diferentes estrat\u00e9gias, desde as conservadoras at\u00e9 as mais arriscadas. Curiosamente, algumas realmente ajudam a aumentar as chances de sucesso. O principal \u00e9 o controle emocional e saber quando parar antes que a aposta seja perdida. No entanto, este \u00e9 um requisito fundamental para qualquer jogo de azar.&#8221;<\/p>\n<p><strong>Sergey, 50 anos:<\/strong> &#8220;Gosto que no Lucky Jet, voc\u00ea controle o jogo. Decidir quando reivindicar seus ganhos adiciona estrat\u00e9gia e psicologia. J\u00e1 houve grandes vit\u00f3rias, mas as perdas tornam voc\u00ea mais cauteloso. No geral, o jogo deixa uma boa impress\u00e3o.&#8221;<\/p>\n<p><strong>Olga, 22 anos:<\/strong> &#8220;Para mim, o Lucky Jet se tornou uma porta de entrada para o mundo dos jogos de azar. A simplicidade das regras combinada com a imprevisibilidade do resultado torna cada jogo \u00fanico. At\u00e9 agora, a sorte nem sempre est\u00e1 do meu lado, mas estou aprendendo a gerenciar os riscos. Mas as vantagens superam os riscos.&#8221;<\/p>\n<p><strong>Artyom, 35 anos:<\/strong> &#8220;\u00c9 surpreendente, mas no Lucky Jet, consigo ganhar com bastante frequ\u00eancia. A chave para o sucesso, na minha opini\u00e3o, est\u00e1 na distribui\u00e7\u00e3o certa das apostas e em saber quando parar no momento certo. Este jogo me ensinou a apreciar cada vit\u00f3ria. E ganhar no jogo \u00e9 poss\u00edvel. O jogo permite que voc\u00ea ganhe.&#8221;<\/p>\n<p><strong>Tatyana, 40 anos:<\/strong> &#8220;O Lucky Jet n\u00e3o \u00e9 apenas um teste de sorte, mas tamb\u00e9m um teste de resist\u00eancia. Jogando, entendi melhor como \u00e9 importante ser capaz de controlar seus desejos e emo\u00e7\u00f5es. As vit\u00f3rias v\u00eam e v\u00e3o, mas a emo\u00e7\u00e3o e a excita\u00e7\u00e3o permanecem. O jogo Lucky Jet d\u00e1 uma excelente sensa\u00e7\u00e3o. Jogo muito revigorante.&#8221;<\/p>\n<p><strong>Mikhail, 28 anos:<\/strong> &#8220;Aplicando a estrat\u00e9gia de Martingale no Lucky Jet, consegui ganhar v\u00e1rias vezes seguidas. Isso confirma que, com a abordagem certa e um pouco de sorte, voc\u00ea pode alcan\u00e7ar o sucesso. Mas \u00e9 importante lembrar dos riscos e n\u00e3o abusar dessa estrat\u00e9gia. Estou pronto para jogar Lucky Jet \u00e0 noite e realmente aproveitar o jogo.&#8221;<\/p>\n<p><strong>Larisa, 33 anos:<\/strong> &#8220;Cada jogo no Lucky Jet \u00e9 uma nova aventura. A imprevisibilidade dos resultados torna cada decolagem \u00fanica, e \u00e9 isso que me atrai. Apesar das perdas, as emo\u00e7\u00f5es das vit\u00f3rias s\u00e3o inestim\u00e1veis. Eu valorizo muito o cassino 1win e o jogo Lucky Jet.&#8221;<\/p>\n<p><strong>Georgiy, 36 anos:<\/strong> &#8220;O Lucky Jet me ajudou a desenvolver a intui\u00e7\u00e3o e ensinou o pensamento estrat\u00e9gico. No jogo, n\u00e3o \u00e9 importante apenas ter sorte, mas tamb\u00e9m ser capaz de analisar a situa\u00e7\u00e3o. As vit\u00f3rias aumentam a confian\u00e7a, e as derrotas acrescentam experi\u00eancia. Gosto do jogo Lucky Jet.&#8221;<\/p>\n","protected":false},"excerpt":{"rendered":"<p>Reunimos avalia\u00e7\u00f5es e depoimentos de jogadores reais sobre o jogo Lucky Jet. Ao ler essas avalia\u00e7\u00f5es, voc\u00ea ter\u00e1 uma melhor compreens\u00e3o de como \u00e9 o [&hellip;]<\/p>\n","protected":false},"author":1,"featured_media":93,"parent":0,"menu_order":0,"comment_status":"closed","ping_status":"closed","template":"","meta":{"footnotes":"","_links_to":"","_links_to_target":""},"class_list":["post-10","page","type-page","status-publish","has-post-thumbnail","hentry"],"yoast_head":"<!-- This site is optimized with the Yoast SEO plugin v27.2 - https:\/\/yoast.com\/product\/yoast-seo-wordpress\/ -->\n<title>\u041e\u0442\u0437\u044b\u0432\u044b \u0438 \u043e\u0431\u0437\u043e\u0440\u044b \u0440\u0435\u0430\u043b\u044c\u043d\u044b\u0445 \u0438\u0433\u0440\u043e\u043a\u043e\u0432 \u043e\u0431 \u0438\u0433\u0440\u0435 Lucky Jet<\/title>\n<meta name=\"description\" content=\"Reunimos avalia\u00e7\u00f5es, opini\u00f5es e an\u00e1lises de jogadores do Lucky Jet sobre o jogo. Tudo o que voc\u00ea queria saber sobre o jogo Lucky Jet e como outros jogadores o jogam.\" \/>\n<meta name=\"robots\" content=\"index, follow, max-snippet:-1, max-image-preview:large, max-video-preview:-1\" \/>\n<link rel=\"canonical\" href=\"https:\/\/jetx-player.com\/pt\/reviews-of-the-lucky-jet-game\/\" \/>\n<meta property=\"og:locale\" content=\"pt_PT\" \/>\n<meta property=\"og:locale:alternate\" content=\"ru_RU\" \/>\n<meta property=\"og:locale:alternate\" content=\"en_US\" \/>\n<meta property=\"og:locale:alternate\" content=\"es_ES\" \/>\n<meta property=\"og:locale:alternate\" content=\"ro_RO\" \/>\n<meta property=\"og:locale:alternate\" content=\"sr_RS\" \/>\n<meta property=\"og:locale:alternate\" content=\"bg_BG\" \/>\n<meta property=\"og:locale:alternate\" content=\"pl_PL\" \/>\n<meta property=\"og:locale:alternate\" content=\"it_IT\" \/>\n<meta property=\"og:locale:alternate\" content=\"fr_FR\" \/>\n<meta property=\"og:type\" content=\"article\" \/>\n<meta property=\"og:title\" content=\"\u041e\u0442\u0437\u044b\u0432\u044b \u0438 \u043e\u0431\u0437\u043e\u0440\u044b \u0440\u0435\u0430\u043b\u044c\u043d\u044b\u0445 \u0438\u0433\u0440\u043e\u043a\u043e\u0432 \u043e\u0431 \u0438\u0433\u0440\u0435 Lucky Jet\" \/>\n<meta property=\"og:description\" content=\"\u041c\u044b \u0441\u043e\u0431\u0440\u0430\u043b\u0438 \u043e\u0442\u0437\u044b\u0432\u044b, \u043c\u043d\u0435\u043d\u0438\u044f \u0438 \u043e\u0431\u0437\u043e\u0440\u044b \u0438\u0433\u0440\u043e\u043a\u043e\u0432 Lucky Jet \u043e\u0431 \u0438\u0433\u0440\u0435. \u0412\u0441\u0435, \u0447\u0442\u043e \u0432\u044b \u0445\u043e\u0442\u0435\u043b\u0438 \u0443\u0437\u043d\u0430\u0442\u044c \u043e\u0431 \u0438\u0433\u0440\u0435 Lucky Jet \u0438 \u043a\u0430\u043a \u0432 \u043d\u0435\u0435 \u0438\u0433\u0440\u0430\u044e\u0442 \u0434\u0440\u0443\u0433\u0438\u0435 \u0438\u0433\u0440\u043e\u043a\u0438\" \/>\n<meta property=\"og:url\" content=\"https:\/\/jetx-player.com\/pt\/reviews-of-the-lucky-jet-game\/\" \/>\n<meta property=\"og:site_name\" content=\"JetX\" \/>\n<meta property=\"article:modified_time\" content=\"2024-02-28T20:05:21+00:00\" \/>\n<meta property=\"og:image\" content=\"https:\/\/jetx-player.com\/wp-content\/uploads\/abstract-blue-night-space-cosmos-background-with-nebula-and-shining-star-vector.jpg\" \/>\n\t<meta property=\"og:image:width\" content=\"1920\" \/>\n\t<meta property=\"og:image:height\" content=\"1079\" \/>\n\t<meta property=\"og:image:type\" content=\"image\/jpeg\" \/>\n<meta name=\"twitter:card\" content=\"summary_large_image\" \/>\n<meta name=\"twitter:label1\" content=\"Tempo estimado de leitura\" \/>\n\t<meta name=\"twitter:data1\" content=\"33 minutos\" \/>\n<script type=\"application\/ld+json\" class=\"yoast-schema-graph\">{\"@context\":\"https:\/\/schema.org\",\"@graph\":[{\"@type\":\"WebPage\",\"@id\":\"https:\/\/jetx-player.com\/reviews-of-the-lucky-jet-game\/\",\"url\":\"https:\/\/jetx-player.com\/reviews-of-the-lucky-jet-game\/\",\"name\":\"\u041e\u0442\u0437\u044b\u0432\u044b \u0438 \u043e\u0431\u0437\u043e\u0440\u044b \u0440\u0435\u0430\u043b\u044c\u043d\u044b\u0445 \u0438\u0433\u0440\u043e\u043a\u043e\u0432 \u043e\u0431 \u0438\u0433\u0440\u0435 Lucky Jet\",\"isPartOf\":{\"@id\":\"https:\/\/jetx-player.com\/#website\"},\"primaryImageOfPage\":{\"@id\":\"https:\/\/jetx-player.com\/reviews-of-the-lucky-jet-game\/#primaryimage\"},\"image\":{\"@id\":\"https:\/\/jetx-player.com\/reviews-of-the-lucky-jet-game\/#primaryimage\"},\"thumbnailUrl\":\"https:\/\/jetx-player.com\/wp-content\/uploads\/abstract-blue-night-space-cosmos-background-with-nebula-and-shining-star-vector.jpg\",\"datePublished\":\"2024-02-11T10:14:25+00:00\",\"dateModified\":\"2024-02-28T20:05:21+00:00\",\"description\":\"\u041c\u044b \u0441\u043e\u0431\u0440\u0430\u043b\u0438 \u043e\u0442\u0437\u044b\u0432\u044b, \u043c\u043d\u0435\u043d\u0438\u044f \u0438 \u043e\u0431\u0437\u043e\u0440\u044b \u0438\u0433\u0440\u043e\u043a\u043e\u0432 Lucky Jet \u043e\u0431 \u0438\u0433\u0440\u0435. \u0412\u0441\u0435, \u0447\u0442\u043e \u0432\u044b \u0445\u043e\u0442\u0435\u043b\u0438 \u0443\u0437\u043d\u0430\u0442\u044c \u043e\u0431 \u0438\u0433\u0440\u0435 Lucky Jet \u0438 \u043a\u0430\u043a \u0432 \u043d\u0435\u0435 \u0438\u0433\u0440\u0430\u044e\u0442 \u0434\u0440\u0443\u0433\u0438\u0435 \u0438\u0433\u0440\u043e\u043a\u0438\",\"breadcrumb\":{\"@id\":\"https:\/\/jetx-player.com\/reviews-of-the-lucky-jet-game\/#breadcrumb\"},\"inLanguage\":\"pt-PT\",\"potentialAction\":[{\"@type\":\"ReadAction\",\"target\":[\"https:\/\/jetx-player.com\/reviews-of-the-lucky-jet-game\/\"]}]},{\"@type\":\"ImageObject\",\"inLanguage\":\"pt-PT\",\"@id\":\"https:\/\/jetx-player.com\/reviews-of-the-lucky-jet-game\/#primaryimage\",\"url\":\"https:\/\/jetx-player.com\/wp-content\/uploads\/abstract-blue-night-space-cosmos-background-with-nebula-and-shining-star-vector.jpg\",\"contentUrl\":\"https:\/\/jetx-player.com\/wp-content\/uploads\/abstract-blue-night-space-cosmos-background-with-nebula-and-shining-star-vector.jpg\",\"width\":1920,\"height\":1079},{\"@type\":\"BreadcrumbList\",\"@id\":\"https:\/\/jetx-player.com\/reviews-of-the-lucky-jet-game\/#breadcrumb\",\"itemListElement\":[{\"@type\":\"ListItem\",\"position\":1,\"name\":\"Home\",\"item\":\"https:\/\/jetx-player.com\/\"},{\"@type\":\"ListItem\",\"position\":2,\"name\":\"\u041e\u0442\u0437\u044b\u0432\u044b \u043e\u0431 \u0438\u0433\u0440\u0435 Lucky Jet\"}]},{\"@type\":\"WebSite\",\"@id\":\"https:\/\/jetx-player.com\/#website\",\"url\":\"https:\/\/jetx-player.com\/\",\"name\":\"JetX\",\"description\":\"Just another WordPress site\",\"publisher\":{\"@id\":\"https:\/\/jetx-player.com\/#organization\"},\"potentialAction\":[{\"@type\":\"SearchAction\",\"target\":{\"@type\":\"EntryPoint\",\"urlTemplate\":\"https:\/\/jetx-player.com\/?s={search_term_string}\"},\"query-input\":{\"@type\":\"PropertyValueSpecification\",\"valueRequired\":true,\"valueName\":\"search_term_string\"}}],\"inLanguage\":\"pt-PT\"},{\"@type\":\"Organization\",\"@id\":\"https:\/\/jetx-player.com\/#organization\",\"name\":\"JetX\",\"url\":\"https:\/\/jetx-player.com\/\",\"logo\":{\"@type\":\"ImageObject\",\"inLanguage\":\"pt-PT\",\"@id\":\"https:\/\/jetx-player.com\/#\/schema\/logo\/image\/\",\"url\":\"https:\/\/jetx-player.com\/wp-content\/uploads\/lucky-jet-header-e1707648698751.webp\",\"contentUrl\":\"https:\/\/jetx-player.com\/wp-content\/uploads\/lucky-jet-header-e1707648698751.webp\",\"width\":643,\"height\":178,\"caption\":\"JetX\"},\"image\":{\"@id\":\"https:\/\/jetx-player.com\/#\/schema\/logo\/image\/\"}}]}<\/script>\n<!-- \/ Yoast SEO plugin. -->","yoast_head_json":{"title":"\u041e\u0442\u0437\u044b\u0432\u044b \u0438 \u043e\u0431\u0437\u043e\u0440\u044b \u0440\u0435\u0430\u043b\u044c\u043d\u044b\u0445 \u0438\u0433\u0440\u043e\u043a\u043e\u0432 \u043e\u0431 \u0438\u0433\u0440\u0435 Lucky Jet","description":"Reunimos avalia\u00e7\u00f5es, opini\u00f5es e an\u00e1lises de jogadores do Lucky Jet sobre o jogo. Tudo o que voc\u00ea queria saber sobre o jogo Lucky Jet e como outros jogadores o jogam.","robots":{"index":"index","follow":"follow","max-snippet":"max-snippet:-1","max-image-preview":"max-image-preview:large","max-video-preview":"max-video-preview:-1"},"canonical":"https:\/\/jetx-player.com\/pt\/reviews-of-the-lucky-jet-game\/","og_locale":"pt_PT","og_type":"article","og_title":"\u041e\u0442\u0437\u044b\u0432\u044b \u0438 \u043e\u0431\u0437\u043e\u0440\u044b \u0440\u0435\u0430\u043b\u044c\u043d\u044b\u0445 \u0438\u0433\u0440\u043e\u043a\u043e\u0432 \u043e\u0431 \u0438\u0433\u0440\u0435 Lucky Jet","og_description":"\u041c\u044b \u0441\u043e\u0431\u0440\u0430\u043b\u0438 \u043e\u0442\u0437\u044b\u0432\u044b, \u043c\u043d\u0435\u043d\u0438\u044f \u0438 \u043e\u0431\u0437\u043e\u0440\u044b \u0438\u0433\u0440\u043e\u043a\u043e\u0432 Lucky Jet \u043e\u0431 \u0438\u0433\u0440\u0435. \u0412\u0441\u0435, \u0447\u0442\u043e \u0432\u044b \u0445\u043e\u0442\u0435\u043b\u0438 \u0443\u0437\u043d\u0430\u0442\u044c \u043e\u0431 \u0438\u0433\u0440\u0435 Lucky Jet \u0438 \u043a\u0430\u043a \u0432 \u043d\u0435\u0435 \u0438\u0433\u0440\u0430\u044e\u0442 \u0434\u0440\u0443\u0433\u0438\u0435 \u0438\u0433\u0440\u043e\u043a\u0438","og_url":"https:\/\/jetx-player.com\/pt\/reviews-of-the-lucky-jet-game\/","og_site_name":"JetX","article_modified_time":"2024-02-28T20:05:21+00:00","og_image":[{"width":1920,"height":1079,"url":"https:\/\/jetx-player.com\/wp-content\/uploads\/abstract-blue-night-space-cosmos-background-with-nebula-and-shining-star-vector.jpg","type":"image\/jpeg"}],"twitter_card":"summary_large_image","twitter_misc":{"Tempo estimado de leitura":"33 minutos"},"schema":{"@context":"https:\/\/schema.org","@graph":[{"@type":"WebPage","@id":"https:\/\/jetx-player.com\/reviews-of-the-lucky-jet-game\/","url":"https:\/\/jetx-player.com\/reviews-of-the-lucky-jet-game\/","name":"\u041e\u0442\u0437\u044b\u0432\u044b \u0438 \u043e\u0431\u0437\u043e\u0440\u044b \u0440\u0435\u0430\u043b\u044c\u043d\u044b\u0445 \u0438\u0433\u0440\u043e\u043a\u043e\u0432 \u043e\u0431 \u0438\u0433\u0440\u0435 Lucky Jet","isPartOf":{"@id":"https:\/\/jetx-player.com\/#website"},"primaryImageOfPage":{"@id":"https:\/\/jetx-player.com\/reviews-of-the-lucky-jet-game\/#primaryimage"},"image":{"@id":"https:\/\/jetx-player.com\/reviews-of-the-lucky-jet-game\/#primaryimage"},"thumbnailUrl":"https:\/\/jetx-player.com\/wp-content\/uploads\/abstract-blue-night-space-cosmos-background-with-nebula-and-shining-star-vector.jpg","datePublished":"2024-02-11T10:14:25+00:00","dateModified":"2024-02-28T20:05:21+00:00","description":"\u041c\u044b \u0441\u043e\u0431\u0440\u0430\u043b\u0438 \u043e\u0442\u0437\u044b\u0432\u044b, \u043c\u043d\u0435\u043d\u0438\u044f \u0438 \u043e\u0431\u0437\u043e\u0440\u044b \u0438\u0433\u0440\u043e\u043a\u043e\u0432 Lucky Jet \u043e\u0431 \u0438\u0433\u0440\u0435. \u0412\u0441\u0435, \u0447\u0442\u043e \u0432\u044b \u0445\u043e\u0442\u0435\u043b\u0438 \u0443\u0437\u043d\u0430\u0442\u044c \u043e\u0431 \u0438\u0433\u0440\u0435 Lucky Jet \u0438 \u043a\u0430\u043a \u0432 \u043d\u0435\u0435 \u0438\u0433\u0440\u0430\u044e\u0442 \u0434\u0440\u0443\u0433\u0438\u0435 \u0438\u0433\u0440\u043e\u043a\u0438","breadcrumb":{"@id":"https:\/\/jetx-player.com\/reviews-of-the-lucky-jet-game\/#breadcrumb"},"inLanguage":"pt-PT","potentialAction":[{"@type":"ReadAction","target":["https:\/\/jetx-player.com\/reviews-of-the-lucky-jet-game\/"]}]},{"@type":"ImageObject","inLanguage":"pt-PT","@id":"https:\/\/jetx-player.com\/reviews-of-the-lucky-jet-game\/#primaryimage","url":"https:\/\/jetx-player.com\/wp-content\/uploads\/abstract-blue-night-space-cosmos-background-with-nebula-and-shining-star-vector.jpg","contentUrl":"https:\/\/jetx-player.com\/wp-content\/uploads\/abstract-blue-night-space-cosmos-background-with-nebula-and-shining-star-vector.jpg","width":1920,"height":1079},{"@type":"BreadcrumbList","@id":"https:\/\/jetx-player.com\/reviews-of-the-lucky-jet-game\/#breadcrumb","itemListElement":[{"@type":"ListItem","position":1,"name":"Home","item":"https:\/\/jetx-player.com\/"},{"@type":"ListItem","position":2,"name":"\u041e\u0442\u0437\u044b\u0432\u044b \u043e\u0431 \u0438\u0433\u0440\u0435 Lucky Jet"}]},{"@type":"WebSite","@id":"https:\/\/jetx-player.com\/#website","url":"https:\/\/jetx-player.com\/","name":"JetX","description":"Just another WordPress site","publisher":{"@id":"https:\/\/jetx-player.com\/#organization"},"potentialAction":[{"@type":"SearchAction","target":{"@type":"EntryPoint","urlTemplate":"https:\/\/jetx-player.com\/?s={search_term_string}"},"query-input":{"@type":"PropertyValueSpecification","valueRequired":true,"valueName":"search_term_string"}}],"inLanguage":"pt-PT"},{"@type":"Organization","@id":"https:\/\/jetx-player.com\/#organization","name":"JetX","url":"https:\/\/jetx-player.com\/","logo":{"@type":"ImageObject","inLanguage":"pt-PT","@id":"https:\/\/jetx-player.com\/#\/schema\/logo\/image\/","url":"https:\/\/jetx-player.com\/wp-content\/uploads\/lucky-jet-header-e1707648698751.webp","contentUrl":"https:\/\/jetx-player.com\/wp-content\/uploads\/lucky-jet-header-e1707648698751.webp","width":643,"height":178,"caption":"JetX"},"image":{"@id":"https:\/\/jetx-player.com\/#\/schema\/logo\/image\/"}}]}},"_links":{"self":[{"href":"https:\/\/jetx-player.com\/pt\/wp-json\/wp\/v2\/pages\/10","targetHints":{"allow":["GET"]}}],"collection":[{"href":"https:\/\/jetx-player.com\/pt\/wp-json\/wp\/v2\/pages"}],"about":[{"href":"https:\/\/jetx-player.com\/pt\/wp-json\/wp\/v2\/types\/page"}],"author":[{"embeddable":true,"href":"https:\/\/jetx-player.com\/pt\/wp-json\/wp\/v2\/users\/1"}],"replies":[{"embeddable":true,"href":"https:\/\/jetx-player.com\/pt\/wp-json\/wp\/v2\/comments?post=10"}],"version-history":[{"count":24,"href":"https:\/\/jetx-player.com\/pt\/wp-json\/wp\/v2\/pages\/10\/revisions"}],"predecessor-version":[{"id":187,"href":"https:\/\/jetx-player.com\/pt\/wp-json\/wp\/v2\/pages\/10\/revisions\/187"}],"wp:featuredmedia":[{"embeddable":true,"href":"https:\/\/jetx-player.com\/pt\/wp-json\/wp\/v2\/media\/93"}],"wp:attachment":[{"href":"https:\/\/jetx-player.com\/pt\/wp-json\/wp\/v2\/media?parent=10"}],"curies":[{"name":"wp","href":"https:\/\/api.w.org\/{rel}","templated":true}]}}