{"id":6,"date":"2024-02-11T10:10:31","date_gmt":"2024-02-11T10:10:31","guid":{"rendered":"https:\/\/jetx-player.com\/?page_id=6"},"modified":"2024-02-28T20:04:10","modified_gmt":"2024-02-28T20:04:10","slug":"play-lucky-jet","status":"publish","type":"page","link":"https:\/\/jetx-player.com\/pl\/","title":{"rendered":"Zagraj w Lucky Jet"},"content":{"rendered":"<p>Gra Lucky Jet jest unikalna na rynku hazardowym. Jej unikalno\u015b\u0107 polega na tym, \u017ce jest jedn\u0105 z niewielu gier hazardowych, w kt\u00f3rych gracze mog\u0105 zweryfikowa\u0107 uczciwo\u015b\u0107 gry.<\/p>\n<p>W grze Lucky Jet, gracze stawiaj\u0105 zak\u0142ady na to, jak wysoko wzleci Lucky Joe. Im d\u0142u\u017cej trwa lot, tym wy\u017cszy wsp\u00f3\u0142czynnik, a co za tym idzie, wi\u0119ksze potencjalne wygrane. Ale je\u015bli Lucky Joe odleci, a nie zd\u0105\u017cysz wyp\u0142aci\u0107 swojego zak\u0142adu na czas, zak\u0142ad zostaje przegrany, a pieni\u0105dze si\u0119 pal\u0105.<\/p>\n<p>Gra Lucky Jet zyska\u0142a popularno\u015b\u0107 ze wzgl\u0119du na swoj\u0105 prostot\u0119, ekscytuj\u0105c\u0105 rozgrywk\u0119 i mo\u017cliwo\u015b\u0107 kontroli chwili wyp\u0142aty wygranych przez graczy. Tworzy to element strategii, poniewa\u017c gracze musz\u0105 zdecydowa\u0107, kiedy jest najlepszy moment na wyp\u0142at\u0119 wygranej, zanim obiekt odleci.<\/p>\n<h2><strong>Jak gra\u0107 w Lucky Jet?<\/strong><\/h2>\n<p>Gra odbywa si\u0119 w czasie rzeczywistym. Twoim zadaniem jest postawienie zak\u0142adu i obserwowanie, jak Lucky Joe rozpoczyna sw\u00f3j lot. Im wy\u017cej wzleci, tym wi\u0119ksze s\u0105 twoje potencjalne wygrane. Ale pami\u0119taj: musisz wyp\u0142aci\u0107 swoje wygrane przed odleciem Lucky Jet! Twoja intuicja i umiej\u0119tno\u015b\u0107 przewidzenia idealnego momentu do zatrzymania s\u0105 kluczem do sukcesu.<\/p>\n<h2><strong>Cechy gry Lucky Jet:<\/strong><\/h2>\n<ul>\n<li><strong>Natychmiastowe nagrody:<\/strong> Wygrane s\u0105 wyp\u0142acane natychmiastowo, i mo\u017cesz od razu u\u017cy\u0107 ich do dalszych gier lub wyp\u0142aci\u0107 na swoje konto. Wyp\u0142ata pieni\u0119dzy z kasyna internetowego na kart\u0119 bankow\u0105 mo\u017ce potrwa\u0107 troch\u0119 czasu, w zale\u017cno\u015bci od banku, kraju i waluty.<\/li>\n<li><strong>Prostota i wygoda:<\/strong> Gra jest \u0142atwa do nauki dla pocz\u0105tkuj\u0105cych, oferuj\u0105c jednocze\u015bnie g\u0142\u0119bokie mo\u017cliwo\u015bci strategiczne dla do\u015bwiadczonych graczy. Jest to bardzo klarowna i atrakcyjna gra typu crash.<\/li>\n<li><strong>Komunikacja z innymi graczami:<\/strong> Rozmawiaj z innymi graczami, dziel si\u0119 strategiami i ciesz si\u0119 razem z zwyci\u0119zcami. Ale pami\u0119taj, aby szanowa\u0107 innych graczy, poniewa\u017c wszelka negatywno\u015b\u0107 zostanie szybko zablokowana przez administrator\u00f3w czatu.<\/li>\n<li><strong>Bezpiecze\u0144stwo i uczciwo\u015b\u0107:<\/strong> Gwarantujemy ca\u0142kowit\u0105 przejrzysto\u015b\u0107 i uczciwo\u015b\u0107 gry, dzi\u0119ki certyfikowanemu generatorowi liczb losowych. Mo\u017cesz by\u0107 pewien uczciwo\u015bci gry Lucky Jet. Na stronie internetowej znajdziesz osobny dzia\u0142 po\u015bwi\u0119cony uczciwo\u015bci gry Lucky Jet.<\/li>\n<\/ul>\n<h2><strong>Dlaczego gra\u0107 w Lucky Jet?<\/strong><\/h2>\n<p>Lucky Jet to nie tylko gra. To okazja do przetestowania swojego szcz\u0119\u015bcia, poczucia ekscytacji ryzykiem i mo\u017ce nawet wygrania du\u017cej sumy pieni\u0119dzy. Bez wzgl\u0119du na to, czy stawiasz ma\u0142e zak\u0142ady, czy jeste\u015b got\u00f3w podj\u0105\u0107 du\u017ce ryzyko, ka\u017cdy lot Lucky Jet obiecuje by\u0107 pe\u0142en emocji i ekscytacji. To naprawd\u0119 rewolucyjna gra, kt\u00f3ra sta\u0142a si\u0119 popularna w r\u00f3\u017cnych krajach na ca\u0142ym \u015bwiecie.<\/p>\n<h2><strong>Autobet i Autowithdrawal<\/strong><\/h2>\n<p>Funkcja autobetu mo\u017ce zosta\u0107 aktywowana na panelu gry. Wystarczy zaznaczy\u0107 pole obok odpowiedniej funkcji. W tym przypadku musisz tylko ustawi\u0107 kwot\u0119 zak\u0142adu i liczb\u0119 rund. Jednak wyp\u0142ata wygranych nadal musi by\u0107 dokonywana r\u0119cznie.<\/p>\n<p>Kolejn\u0105 przydatn\u0105 funkcj\u0105 jest autowithdrawal. W tym przypadku ustawiasz warto\u015b\u0107 wsp\u00f3\u0142czynnika, a gdy wsp\u00f3\u0142czynnik osi\u0105gnie odpowiadaj\u0105c\u0105 warto\u015b\u0107, autowyp\u0142ata zadzia\u0142a. Jednak je\u015bli m\u0142ody m\u0119\u017cczyzna z plecakiem odleci wcze\u015bniej, zak\u0142ad zostanie przegrany, a automatyczna wyp\u0142ata b\u0119dzie niemo\u017cliwa.<\/p>\n<h2><strong>Czat w grze<\/strong><\/h2>\n<p>Interfejs gry obejmuje czat w grze. W interfejsie gry zobaczysz tak\u0105 funkcj\u0119 po prawej stronie. Czat s\u0142u\u017cy do komunikacji z innymi graczami. Zapewnia to doskona\u0142\u0105 okazj\u0119 do wymiany do\u015bwiadcze\u0144, a tak\u017ce szans\u0119 \u015bledzenia wynik\u00f3w innych graczy, poniewa\u017c wyniki rund automatycznie pojawiaj\u0105 si\u0119 w czacie.<\/p>\n<p>Ale pami\u0119taj, \u017ce zabronione jest umieszczanie link\u00f3w do innych stron w czacie. Zabronione jest reklamowanie swoich us\u0142ug, i zobaczysz pr\u00f3by reklamowania przewidywa\u0144 wynik\u00f3w rund. Nie zapominaj r\u00f3wnie\u017c o zasadach grzeczno\u015bci podczas komunikowania si\u0119 z innymi graczami w czacie, poniewa\u017c w emocjach \u0142atwo zapomnie\u0107 o zasadach przyzwoito\u015bci.<\/p>\n","protected":false},"excerpt":{"rendered":"<p>Gra Lucky Jet jest unikalna na rynku hazardowym. Jej unikalno\u015b\u0107 polega na tym, \u017ce jest jedn\u0105 z niewielu gier hazardowych, w kt\u00f3rych gracze mog\u0105 zweryfikowa\u0107 [&hellip;]<\/p>\n","protected":false},"author":1,"featured_media":0,"parent":0,"menu_order":0,"comment_status":"closed","ping_status":"closed","template":"","meta":{"footnotes":"","_links_to":"","_links_to_target":""},"class_list":["post-6","page","type-page","status-publish","hentry"],"yoast_head":"<!-- This site is optimized with the Yoast SEO plugin v27.2 - https:\/\/yoast.com\/product\/yoast-seo-wordpress\/ -->\n<title>\u0418\u0433\u0440\u0430\u0442\u044c \u0432 Lucky Jet \u043d\u0430 \u0440\u0435\u0430\u043b\u044c\u043d\u044b\u0435 \u0434\u0435\u043d\u044c\u0433\u0438 \u0432 \u043e\u043d\u043b\u0430\u0439\u043d \u043a\u0430\u0437\u0438\u043d\u043e<\/title>\n<meta name=\"description\" content=\"Graj i wygrywaj w grze typu crash Lucky Jet w kasynie online 1win. Wygrywaj prawdziwe pieni\u0105dze w automacie online Lucky Jet.\" \/>\n<meta name=\"robots\" content=\"index, follow, max-snippet:-1, max-image-preview:large, max-video-preview:-1\" \/>\n<link rel=\"canonical\" href=\"https:\/\/jetx-player.com\/pl\/\" \/>\n<meta property=\"og:locale\" content=\"pl_PL\" \/>\n<meta property=\"og:locale:alternate\" content=\"ru_RU\" \/>\n<meta property=\"og:locale:alternate\" content=\"en_US\" \/>\n<meta property=\"og:locale:alternate\" content=\"pt_PT\" \/>\n<meta property=\"og:locale:alternate\" content=\"es_ES\" \/>\n<meta property=\"og:locale:alternate\" content=\"ro_RO\" \/>\n<meta property=\"og:locale:alternate\" content=\"sr_RS\" \/>\n<meta property=\"og:locale:alternate\" content=\"bg_BG\" \/>\n<meta property=\"og:locale:alternate\" content=\"it_IT\" \/>\n<meta property=\"og:locale:alternate\" content=\"fr_FR\" \/>\n<meta property=\"og:type\" content=\"article\" \/>\n<meta property=\"og:title\" content=\"\u0418\u0433\u0440\u0430\u0442\u044c \u0432 Lucky Jet \u043d\u0430 \u0440\u0435\u0430\u043b\u044c\u043d\u044b\u0435 \u0434\u0435\u043d\u044c\u0433\u0438 \u0432 \u043e\u043d\u043b\u0430\u0439\u043d \u043a\u0430\u0437\u0438\u043d\u043e\" \/>\n<meta property=\"og:description\" content=\"\u0418\u0433\u0440\u0430\u0442\u044c \u0438 \u043f\u043e\u0431\u0435\u0436\u0434\u0430\u0442\u044c \u0432 \u043a\u0440\u0430\u0448 \u0438\u0433\u0440\u0435 Lucky Jet \u0432 \u043e\u043d\u043b\u0430\u0439\u043d \u043a\u0430\u0437\u0438\u043d\u043e 1win. \u0412\u044b\u0438\u0433\u0440\u044b\u0432\u0430\u0442\u044c \u043d\u0430\u0441\u0442\u043e\u044f\u0449\u0438\u0435 \u0434\u0435\u043d\u044c\u0433\u0438 \u0432 \u043e\u043d\u043b\u0430\u0439\u043d \u0441\u043b\u043e\u0442\u0435 Lucky Jet\" \/>\n<meta property=\"og:url\" content=\"https:\/\/jetx-player.com\/pl\/\" \/>\n<meta property=\"og:site_name\" content=\"JetX\" \/>\n<meta property=\"article:modified_time\" content=\"2024-02-28T20:04:10+00:00\" \/>\n<meta name=\"twitter:card\" content=\"summary_large_image\" \/>\n<meta name=\"twitter:label1\" content=\"Szacowany czas czytania\" \/>\n\t<meta name=\"twitter:data1\" content=\"24 minuty\" \/>\n<script type=\"application\/ld+json\" class=\"yoast-schema-graph\">{\"@context\":\"https:\/\/schema.org\",\"@graph\":[{\"@type\":\"WebPage\",\"@id\":\"https:\/\/jetx-player.com\/\",\"url\":\"https:\/\/jetx-player.com\/\",\"name\":\"\u0418\u0433\u0440\u0430\u0442\u044c \u0432 Lucky Jet \u043d\u0430 \u0440\u0435\u0430\u043b\u044c\u043d\u044b\u0435 \u0434\u0435\u043d\u044c\u0433\u0438 \u0432 \u043e\u043d\u043b\u0430\u0439\u043d \u043a\u0430\u0437\u0438\u043d\u043e\",\"isPartOf\":{\"@id\":\"https:\/\/jetx-player.com\/#website\"},\"datePublished\":\"2024-02-11T10:10:31+00:00\",\"dateModified\":\"2024-02-28T20:04:10+00:00\",\"description\":\"\u0418\u0433\u0440\u0430\u0442\u044c \u0438 \u043f\u043e\u0431\u0435\u0436\u0434\u0430\u0442\u044c \u0432 \u043a\u0440\u0430\u0448 \u0438\u0433\u0440\u0435 Lucky Jet \u0432 \u043e\u043d\u043b\u0430\u0439\u043d \u043a\u0430\u0437\u0438\u043d\u043e 1win. \u0412\u044b\u0438\u0433\u0440\u044b\u0432\u0430\u0442\u044c \u043d\u0430\u0441\u0442\u043e\u044f\u0449\u0438\u0435 \u0434\u0435\u043d\u044c\u0433\u0438 \u0432 \u043e\u043d\u043b\u0430\u0439\u043d \u0441\u043b\u043e\u0442\u0435 Lucky Jet\",\"breadcrumb\":{\"@id\":\"https:\/\/jetx-player.com\/#breadcrumb\"},\"inLanguage\":\"pl-PL\",\"potentialAction\":[{\"@type\":\"ReadAction\",\"target\":[\"https:\/\/jetx-player.com\/\"]}]},{\"@type\":\"BreadcrumbList\",\"@id\":\"https:\/\/jetx-player.com\/#breadcrumb\",\"itemListElement\":[{\"@type\":\"ListItem\",\"position\":1,\"name\":\"Home\",\"item\":\"https:\/\/jetx-player.com\/\"},{\"@type\":\"ListItem\",\"position\":2,\"name\":\"\u0418\u0433\u0440\u0430\u0442\u044c \u0432 Lucky Jet\"}]},{\"@type\":\"WebSite\",\"@id\":\"https:\/\/jetx-player.com\/#website\",\"url\":\"https:\/\/jetx-player.com\/\",\"name\":\"JetX\",\"description\":\"Just another WordPress site\",\"publisher\":{\"@id\":\"https:\/\/jetx-player.com\/#organization\"},\"potentialAction\":[{\"@type\":\"SearchAction\",\"target\":{\"@type\":\"EntryPoint\",\"urlTemplate\":\"https:\/\/jetx-player.com\/?s={search_term_string}\"},\"query-input\":{\"@type\":\"PropertyValueSpecification\",\"valueRequired\":true,\"valueName\":\"search_term_string\"}}],\"inLanguage\":\"pl-PL\"},{\"@type\":\"Organization\",\"@id\":\"https:\/\/jetx-player.com\/#organization\",\"name\":\"JetX\",\"url\":\"https:\/\/jetx-player.com\/\",\"logo\":{\"@type\":\"ImageObject\",\"inLanguage\":\"pl-PL\",\"@id\":\"https:\/\/jetx-player.com\/#\/schema\/logo\/image\/\",\"url\":\"https:\/\/jetx-player.com\/wp-content\/uploads\/lucky-jet-header-e1707648698751.webp\",\"contentUrl\":\"https:\/\/jetx-player.com\/wp-content\/uploads\/lucky-jet-header-e1707648698751.webp\",\"width\":643,\"height\":178,\"caption\":\"JetX\"},\"image\":{\"@id\":\"https:\/\/jetx-player.com\/#\/schema\/logo\/image\/\"}}]}<\/script>\n<!-- \/ Yoast SEO plugin. -->","yoast_head_json":{"title":"\u0418\u0433\u0440\u0430\u0442\u044c \u0432 Lucky Jet \u043d\u0430 \u0440\u0435\u0430\u043b\u044c\u043d\u044b\u0435 \u0434\u0435\u043d\u044c\u0433\u0438 \u0432 \u043e\u043d\u043b\u0430\u0439\u043d \u043a\u0430\u0437\u0438\u043d\u043e","description":"Graj i wygrywaj w grze typu crash Lucky Jet w kasynie online 1win. Wygrywaj prawdziwe pieni\u0105dze w automacie online Lucky Jet.","robots":{"index":"index","follow":"follow","max-snippet":"max-snippet:-1","max-image-preview":"max-image-preview:large","max-video-preview":"max-video-preview:-1"},"canonical":"https:\/\/jetx-player.com\/pl\/","og_locale":"pl_PL","og_type":"article","og_title":"\u0418\u0433\u0440\u0430\u0442\u044c \u0432 Lucky Jet \u043d\u0430 \u0440\u0435\u0430\u043b\u044c\u043d\u044b\u0435 \u0434\u0435\u043d\u044c\u0433\u0438 \u0432 \u043e\u043d\u043b\u0430\u0439\u043d \u043a\u0430\u0437\u0438\u043d\u043e","og_description":"\u0418\u0433\u0440\u0430\u0442\u044c \u0438 \u043f\u043e\u0431\u0435\u0436\u0434\u0430\u0442\u044c \u0432 \u043a\u0440\u0430\u0448 \u0438\u0433\u0440\u0435 Lucky Jet \u0432 \u043e\u043d\u043b\u0430\u0439\u043d \u043a\u0430\u0437\u0438\u043d\u043e 1win. \u0412\u044b\u0438\u0433\u0440\u044b\u0432\u0430\u0442\u044c \u043d\u0430\u0441\u0442\u043e\u044f\u0449\u0438\u0435 \u0434\u0435\u043d\u044c\u0433\u0438 \u0432 \u043e\u043d\u043b\u0430\u0439\u043d \u0441\u043b\u043e\u0442\u0435 Lucky Jet","og_url":"https:\/\/jetx-player.com\/pl\/","og_site_name":"JetX","article_modified_time":"2024-02-28T20:04:10+00:00","twitter_card":"summary_large_image","twitter_misc":{"Szacowany czas czytania":"24 minuty"},"schema":{"@context":"https:\/\/schema.org","@graph":[{"@type":"WebPage","@id":"https:\/\/jetx-player.com\/","url":"https:\/\/jetx-player.com\/","name":"\u0418\u0433\u0440\u0430\u0442\u044c \u0432 Lucky Jet \u043d\u0430 \u0440\u0435\u0430\u043b\u044c\u043d\u044b\u0435 \u0434\u0435\u043d\u044c\u0433\u0438 \u0432 \u043e\u043d\u043b\u0430\u0439\u043d \u043a\u0430\u0437\u0438\u043d\u043e","isPartOf":{"@id":"https:\/\/jetx-player.com\/#website"},"datePublished":"2024-02-11T10:10:31+00:00","dateModified":"2024-02-28T20:04:10+00:00","description":"\u0418\u0433\u0440\u0430\u0442\u044c \u0438 \u043f\u043e\u0431\u0435\u0436\u0434\u0430\u0442\u044c \u0432 \u043a\u0440\u0430\u0448 \u0438\u0433\u0440\u0435 Lucky Jet \u0432 \u043e\u043d\u043b\u0430\u0439\u043d \u043a\u0430\u0437\u0438\u043d\u043e 1win. \u0412\u044b\u0438\u0433\u0440\u044b\u0432\u0430\u0442\u044c \u043d\u0430\u0441\u0442\u043e\u044f\u0449\u0438\u0435 \u0434\u0435\u043d\u044c\u0433\u0438 \u0432 \u043e\u043d\u043b\u0430\u0439\u043d \u0441\u043b\u043e\u0442\u0435 Lucky Jet","breadcrumb":{"@id":"https:\/\/jetx-player.com\/#breadcrumb"},"inLanguage":"pl-PL","potentialAction":[{"@type":"ReadAction","target":["https:\/\/jetx-player.com\/"]}]},{"@type":"BreadcrumbList","@id":"https:\/\/jetx-player.com\/#breadcrumb","itemListElement":[{"@type":"ListItem","position":1,"name":"Home","item":"https:\/\/jetx-player.com\/"},{"@type":"ListItem","position":2,"name":"\u0418\u0433\u0440\u0430\u0442\u044c \u0432 Lucky Jet"}]},{"@type":"WebSite","@id":"https:\/\/jetx-player.com\/#website","url":"https:\/\/jetx-player.com\/","name":"JetX","description":"Just another WordPress site","publisher":{"@id":"https:\/\/jetx-player.com\/#organization"},"potentialAction":[{"@type":"SearchAction","target":{"@type":"EntryPoint","urlTemplate":"https:\/\/jetx-player.com\/?s={search_term_string}"},"query-input":{"@type":"PropertyValueSpecification","valueRequired":true,"valueName":"search_term_string"}}],"inLanguage":"pl-PL"},{"@type":"Organization","@id":"https:\/\/jetx-player.com\/#organization","name":"JetX","url":"https:\/\/jetx-player.com\/","logo":{"@type":"ImageObject","inLanguage":"pl-PL","@id":"https:\/\/jetx-player.com\/#\/schema\/logo\/image\/","url":"https:\/\/jetx-player.com\/wp-content\/uploads\/lucky-jet-header-e1707648698751.webp","contentUrl":"https:\/\/jetx-player.com\/wp-content\/uploads\/lucky-jet-header-e1707648698751.webp","width":643,"height":178,"caption":"JetX"},"image":{"@id":"https:\/\/jetx-player.com\/#\/schema\/logo\/image\/"}}]}},"_links":{"self":[{"href":"https:\/\/jetx-player.com\/pl\/wp-json\/wp\/v2\/pages\/6","targetHints":{"allow":["GET"]}}],"collection":[{"href":"https:\/\/jetx-player.com\/pl\/wp-json\/wp\/v2\/pages"}],"about":[{"href":"https:\/\/jetx-player.com\/pl\/wp-json\/wp\/v2\/types\/page"}],"author":[{"embeddable":true,"href":"https:\/\/jetx-player.com\/pl\/wp-json\/wp\/v2\/users\/1"}],"replies":[{"embeddable":true,"href":"https:\/\/jetx-player.com\/pl\/wp-json\/wp\/v2\/comments?post=6"}],"version-history":[{"count":25,"href":"https:\/\/jetx-player.com\/pl\/wp-json\/wp\/v2\/pages\/6\/revisions"}],"predecessor-version":[{"id":186,"href":"https:\/\/jetx-player.com\/pl\/wp-json\/wp\/v2\/pages\/6\/revisions\/186"}],"wp:attachment":[{"href":"https:\/\/jetx-player.com\/pl\/wp-json\/wp\/v2\/media?parent=6"}],"curies":[{"name":"wp","href":"https:\/\/api.w.org\/{rel}","templated":true}]}}