{"id":16,"date":"2024-02-11T10:18:21","date_gmt":"2024-02-11T10:18:21","guid":{"rendered":"https:\/\/jetx-player.com\/?page_id=16"},"modified":"2024-02-28T20:02:02","modified_gmt":"2024-02-28T20:02:02","slug":"provably-fair","status":"publish","type":"page","link":"https:\/\/jetx-player.com\/pl\/provably-fair\/","title":{"rendered":"Provably Fair"},"content":{"rendered":"<p>Gra Lucky Jet charakteryzuje si\u0119 uczciwo\u015bci\u0105, poniewa\u017c kasyno nie ingeruje w proces gry. Ta technologia nazywana jest Provably Fair. Jak to dzia\u0142a? Sp\u00f3jrzmy na to. Najpierw zacznijmy od og\u00f3lnych zasad gry Lucky Jet:<\/p>\n<ul>\n<li>Mno\u017cnik wygranej w grze Lucky Jet zaczyna si\u0119 od x1 i ro\u015bnie coraz wy\u017cej, gdy Lucky Joe wznosi si\u0119 w g\u00f3r\u0119.<\/li>\n<li>Gdy gracz wyp\u0142aca pieni\u0105dze, kwota wygranej r\u00f3wna si\u0119 wielko\u015bci zak\u0142adu pomno\u017conej przez mno\u017cnik w chwili wyp\u0142aty. Na przyk\u0142ad, je\u015bli zak\u0142ad wynosi 2 dolary, a mno\u017cnik w chwili wyp\u0142aty wynosi\u0142 x3, to wygrana wynosi 6 dolar\u00f3w (3 pomno\u017cone przez 2).<\/li>\n<li>Przed rozpocz\u0119ciem rundy generator okre\u015bla losow\u0105 liczb\u0119 dla mno\u017cnika, przy kt\u00f3rym gra si\u0119 ko\u0144czy, a Lucky Joe odlatuje. W ka\u017cdej chwili uczciwo\u015b\u0107 mno\u017cnika dla konkretnej rundy mo\u017cna sprawdzi\u0107, naciskaj\u0105c przycisk w oknie historii.<\/li>\n<\/ul>\n<h2><strong>Jak dzia\u0142a Provably Fair<\/strong><\/h2>\n<p>Jak twierdzi oficjalna strona gry Lucky Jet, mno\u017cnik ka\u017cdej rundy, czyli moment, kiedy pilot odlatuje, jest generowany wcale nie na serwerach gry. Wr\u0119cz przeciwnie, generowanie mno\u017cnika jest determinowane przez uczestnicz\u0105cych graczy, kt\u00f3rzy bior\u0105 udzia\u0142 w konkretnej rundzie gry. I ten proces jest ca\u0142kowicie transparentny, poniewa\u017c ka\u017cdy gracz mo\u017ce to zweryfikowa\u0107. Odpowiednio, nikt nie b\u0119dzie mia\u0142 mo\u017cliwo\u015bci manipulowania wynikami rundy. Co wi\u0119cej, ka\u017cdy gracz ma doskona\u0142\u0105 szans\u0119 sprawdzenia poprawno\u015bci danych i zapewnienia uczciwo\u015bci obliczenia mno\u017cnika w grze Lucky Jet.<\/p>\n<h2><strong>Jak jest okre\u015blany Mno\u017cnik w Lucky Jet<\/strong><\/h2>\n<p>Wyniki rundy gry s\u0105 generowane na podstawie czterech czynnik\u00f3w:<\/p>\n<ul>\n<li>Serwer gry<\/li>\n<li>Trzech graczy, kt\u00f3rzy postawili zak\u0142ady jako pierwsi<\/li>\n<\/ul>\n<p>Teraz przyjrzyjmy si\u0119 bli\u017cej. Operator gry generuje seed serwera (jest to losowy ci\u0105g 16 znak\u00f3w). Zaszyfrowana wersja seed serwera jest publicznie dost\u0119pna przed rozpocz\u0119ciem rundy gry. Aby j\u0105 zobaczy\u0107, nale\u017cy przej\u015b\u0107 do &#8222;Ustawie\u0144 Provably Fair&#8221;, kt\u00f3re znajduj\u0105 si\u0119 w interfejsie gry, i ka\u017cdy gracz mo\u017ce je zobaczy\u0107. W ustawieniach mo\u017cna zobaczy\u0107 seed klienta lub utworzy\u0107 nowy, klikaj\u0105c przycisk &#8222;Nast\u0119pny seed klienta&#8221;.<\/p>\n<p>Nast\u0119pnie, przy tworzeniu seed klienta, bior\u0105 udzia\u0142 trzech pierwszych graczy, kt\u00f3rzy postawili zak\u0142ady. Cz\u0119\u015b\u0107 seed jest generowana po stronie ka\u017cdego z tych graczy. Na pocz\u0105tku rundy gra \u0142\u0105czy seed serwera i seedy pierwszych trzech graczy. Po\u0142\u0105czone seedy s\u0105 hashowane za pomoc\u0105 SHA512, a wygenerowany hash okre\u015bla wynik konkretnej rundy.<\/p>\n<h2><strong>Jak zweryfikowa\u0107 uczciwo\u015b\u0107 w grze Lucky Jet<\/strong><\/h2>\n<ul>\n<li>Interfejs gry Lucky Jet zawiera mo\u017cliwo\u015b\u0107 sprawdzenia ka\u017cdej przeprowadzonej rundy z historii gry. Je\u015bli w\u0142a\u015bnie rozwa\u017casz gr\u0119 w Lucky Jet, zalecamy wykonanie tego zadania, aby upewni\u0107 si\u0119 o uczciwo\u015bci rundy. Aby to zrobi\u0107, po prostu kliknij zielony przycisk w ustawieniach gry.<\/li>\n<li>Po klikni\u0119ciu zielonego przycisku otwarte okno poka\u017ce seed serwera, a tak\u017ce trzy seedy graczy (zgodnie z zasadami, seedy klienta, to jest u\u017cywany termin), a tak\u017ce po\u0142\u0105czony hash i wynik rundy.<\/li>\n<li>Je\u015bli gracz chce uczestniczy\u0107 w formowaniu wyniku rundy, musi by\u0107 w\u015br\u00f3d trzech pierwszych graczy, kt\u00f3rzy postawili zak\u0142ad. W przeciwnym razie nie ma mo\u017cliwo\u015bci, aby gracz m\u00f3g\u0142 uczestniczy\u0107 w formowaniu wyniku rundy.<\/li>\n<li>Poprawno\u015b\u0107 hash mo\u017cna zweryfikowa\u0107 za pomoc\u0105 dowolnego kalkulatora online.<\/li>\n<\/ul>\n","protected":false},"excerpt":{"rendered":"<p>Gra Lucky Jet charakteryzuje si\u0119 uczciwo\u015bci\u0105, poniewa\u017c kasyno nie ingeruje w proces gry. Ta technologia nazywana jest Provably Fair. Jak to dzia\u0142a? Sp\u00f3jrzmy na to. [&hellip;]<\/p>\n","protected":false},"author":1,"featured_media":93,"parent":0,"menu_order":0,"comment_status":"closed","ping_status":"closed","template":"","meta":{"footnotes":"","_links_to":"","_links_to_target":""},"class_list":["post-16","page","type-page","status-publish","has-post-thumbnail","hentry"],"yoast_head":"<!-- This site is optimized with the Yoast SEO plugin v27.2 - https:\/\/yoast.com\/product\/yoast-seo-wordpress\/ -->\n<title>Verifica\u00e7\u00e3o de justi\u00e7a no jogo Lucky Jet<\/title>\n<meta name=\"description\" content=\"Jak sprawdzi\u0107 uczciwo\u015b\u0107 w grze typu crash Lucky Jet w kasynie online 1win, korzystaj\u0105c z technologii Provably Fair. Jak jest okre\u015blany wynik rundy w automacie Lucky Jet.\" \/>\n<meta name=\"robots\" content=\"index, follow, max-snippet:-1, max-image-preview:large, max-video-preview:-1\" \/>\n<link rel=\"canonical\" href=\"https:\/\/jetx-player.com\/pl\/provably-fair\/\" \/>\n<meta property=\"og:locale\" content=\"pl_PL\" \/>\n<meta property=\"og:locale:alternate\" content=\"ru_RU\" \/>\n<meta property=\"og:locale:alternate\" content=\"en_US\" \/>\n<meta property=\"og:locale:alternate\" content=\"pt_PT\" \/>\n<meta property=\"og:locale:alternate\" content=\"es_ES\" \/>\n<meta property=\"og:locale:alternate\" content=\"ro_RO\" \/>\n<meta property=\"og:locale:alternate\" content=\"sr_RS\" \/>\n<meta property=\"og:locale:alternate\" content=\"bg_BG\" \/>\n<meta property=\"og:locale:alternate\" content=\"it_IT\" \/>\n<meta property=\"og:locale:alternate\" content=\"fr_FR\" \/>\n<meta property=\"og:type\" content=\"article\" \/>\n<meta property=\"og:title\" content=\"Verifica\u00e7\u00e3o de justi\u00e7a no jogo Lucky Jet\" \/>\n<meta property=\"og:description\" content=\"Como verificar a justi\u00e7a no jogo de crash Lucky Jet no cassino online 1win usando a tecnologia Provably Fair. Como o resultado da rodada \u00e9 determinado na slot machine Lucky Jet.\" \/>\n<meta property=\"og:url\" content=\"https:\/\/jetx-player.com\/pl\/provably-fair\/\" \/>\n<meta property=\"og:site_name\" content=\"JetX\" \/>\n<meta property=\"article:modified_time\" content=\"2024-02-28T20:02:02+00:00\" \/>\n<meta property=\"og:image\" content=\"https:\/\/jetx-player.com\/wp-content\/uploads\/abstract-blue-night-space-cosmos-background-with-nebula-and-shining-star-vector.jpg\" \/>\n\t<meta property=\"og:image:width\" content=\"1920\" \/>\n\t<meta property=\"og:image:height\" content=\"1079\" \/>\n\t<meta property=\"og:image:type\" content=\"image\/jpeg\" \/>\n<meta name=\"twitter:card\" content=\"summary_large_image\" \/>\n<meta name=\"twitter:label1\" content=\"Szacowany czas czytania\" \/>\n\t<meta name=\"twitter:data1\" content=\"22 minuty\" \/>\n<script type=\"application\/ld+json\" class=\"yoast-schema-graph\">{\"@context\":\"https:\/\/schema.org\",\"@graph\":[{\"@type\":\"WebPage\",\"@id\":\"https:\/\/jetx-player.com\/pt\/provably-fair\/\",\"url\":\"https:\/\/jetx-player.com\/pt\/provably-fair\/\",\"name\":\"Verifica\u00e7\u00e3o de justi\u00e7a no jogo Lucky Jet\",\"isPartOf\":{\"@id\":\"https:\/\/jetx-player.com\/#website\"},\"primaryImageOfPage\":{\"@id\":\"https:\/\/jetx-player.com\/pt\/provably-fair\/#primaryimage\"},\"image\":{\"@id\":\"https:\/\/jetx-player.com\/pt\/provably-fair\/#primaryimage\"},\"thumbnailUrl\":\"https:\/\/jetx-player.com\/wp-content\/uploads\/abstract-blue-night-space-cosmos-background-with-nebula-and-shining-star-vector.jpg\",\"datePublished\":\"2024-02-11T10:18:21+00:00\",\"dateModified\":\"2024-02-28T20:02:02+00:00\",\"description\":\"Como verificar a justi\u00e7a no jogo de crash Lucky Jet no cassino online 1win usando a tecnologia Provably Fair. Como o resultado da rodada \u00e9 determinado na slot machine Lucky Jet.\",\"breadcrumb\":{\"@id\":\"https:\/\/jetx-player.com\/pt\/provably-fair\/#breadcrumb\"},\"inLanguage\":\"pl-PL\",\"potentialAction\":[{\"@type\":\"ReadAction\",\"target\":[\"https:\/\/jetx-player.com\/pt\/provably-fair\/\"]}]},{\"@type\":\"ImageObject\",\"inLanguage\":\"pl-PL\",\"@id\":\"https:\/\/jetx-player.com\/pt\/provably-fair\/#primaryimage\",\"url\":\"https:\/\/jetx-player.com\/wp-content\/uploads\/abstract-blue-night-space-cosmos-background-with-nebula-and-shining-star-vector.jpg\",\"contentUrl\":\"https:\/\/jetx-player.com\/wp-content\/uploads\/abstract-blue-night-space-cosmos-background-with-nebula-and-shining-star-vector.jpg\",\"width\":1920,\"height\":1079},{\"@type\":\"BreadcrumbList\",\"@id\":\"https:\/\/jetx-player.com\/pt\/provably-fair\/#breadcrumb\",\"itemListElement\":[{\"@type\":\"ListItem\",\"position\":1,\"name\":\"Home\",\"item\":\"https:\/\/jetx-player.com\/\"},{\"@type\":\"ListItem\",\"position\":2,\"name\":\"Provably Fair\"}]},{\"@type\":\"WebSite\",\"@id\":\"https:\/\/jetx-player.com\/#website\",\"url\":\"https:\/\/jetx-player.com\/\",\"name\":\"JetX\",\"description\":\"Just another WordPress site\",\"publisher\":{\"@id\":\"https:\/\/jetx-player.com\/#organization\"},\"potentialAction\":[{\"@type\":\"SearchAction\",\"target\":{\"@type\":\"EntryPoint\",\"urlTemplate\":\"https:\/\/jetx-player.com\/?s={search_term_string}\"},\"query-input\":{\"@type\":\"PropertyValueSpecification\",\"valueRequired\":true,\"valueName\":\"search_term_string\"}}],\"inLanguage\":\"pl-PL\"},{\"@type\":\"Organization\",\"@id\":\"https:\/\/jetx-player.com\/#organization\",\"name\":\"JetX\",\"url\":\"https:\/\/jetx-player.com\/\",\"logo\":{\"@type\":\"ImageObject\",\"inLanguage\":\"pl-PL\",\"@id\":\"https:\/\/jetx-player.com\/#\/schema\/logo\/image\/\",\"url\":\"https:\/\/jetx-player.com\/wp-content\/uploads\/lucky-jet-header-e1707648698751.webp\",\"contentUrl\":\"https:\/\/jetx-player.com\/wp-content\/uploads\/lucky-jet-header-e1707648698751.webp\",\"width\":643,\"height\":178,\"caption\":\"JetX\"},\"image\":{\"@id\":\"https:\/\/jetx-player.com\/#\/schema\/logo\/image\/\"}}]}<\/script>\n<!-- \/ Yoast SEO plugin. -->","yoast_head_json":{"title":"Verifica\u00e7\u00e3o de justi\u00e7a no jogo Lucky Jet","description":"Jak sprawdzi\u0107 uczciwo\u015b\u0107 w grze typu crash Lucky Jet w kasynie online 1win, korzystaj\u0105c z technologii Provably Fair. Jak jest okre\u015blany wynik rundy w automacie Lucky Jet.","robots":{"index":"index","follow":"follow","max-snippet":"max-snippet:-1","max-image-preview":"max-image-preview:large","max-video-preview":"max-video-preview:-1"},"canonical":"https:\/\/jetx-player.com\/pl\/provably-fair\/","og_locale":"pl_PL","og_type":"article","og_title":"Verifica\u00e7\u00e3o de justi\u00e7a no jogo Lucky Jet","og_description":"Como verificar a justi\u00e7a no jogo de crash Lucky Jet no cassino online 1win usando a tecnologia Provably Fair. Como o resultado da rodada \u00e9 determinado na slot machine Lucky Jet.","og_url":"https:\/\/jetx-player.com\/pl\/provably-fair\/","og_site_name":"JetX","article_modified_time":"2024-02-28T20:02:02+00:00","og_image":[{"width":1920,"height":1079,"url":"https:\/\/jetx-player.com\/wp-content\/uploads\/abstract-blue-night-space-cosmos-background-with-nebula-and-shining-star-vector.jpg","type":"image\/jpeg"}],"twitter_card":"summary_large_image","twitter_misc":{"Szacowany czas czytania":"22 minuty"},"schema":{"@context":"https:\/\/schema.org","@graph":[{"@type":"WebPage","@id":"https:\/\/jetx-player.com\/pt\/provably-fair\/","url":"https:\/\/jetx-player.com\/pt\/provably-fair\/","name":"Verifica\u00e7\u00e3o de justi\u00e7a no jogo Lucky Jet","isPartOf":{"@id":"https:\/\/jetx-player.com\/#website"},"primaryImageOfPage":{"@id":"https:\/\/jetx-player.com\/pt\/provably-fair\/#primaryimage"},"image":{"@id":"https:\/\/jetx-player.com\/pt\/provably-fair\/#primaryimage"},"thumbnailUrl":"https:\/\/jetx-player.com\/wp-content\/uploads\/abstract-blue-night-space-cosmos-background-with-nebula-and-shining-star-vector.jpg","datePublished":"2024-02-11T10:18:21+00:00","dateModified":"2024-02-28T20:02:02+00:00","description":"Como verificar a justi\u00e7a no jogo de crash Lucky Jet no cassino online 1win usando a tecnologia Provably Fair. Como o resultado da rodada \u00e9 determinado na slot machine Lucky Jet.","breadcrumb":{"@id":"https:\/\/jetx-player.com\/pt\/provably-fair\/#breadcrumb"},"inLanguage":"pl-PL","potentialAction":[{"@type":"ReadAction","target":["https:\/\/jetx-player.com\/pt\/provably-fair\/"]}]},{"@type":"ImageObject","inLanguage":"pl-PL","@id":"https:\/\/jetx-player.com\/pt\/provably-fair\/#primaryimage","url":"https:\/\/jetx-player.com\/wp-content\/uploads\/abstract-blue-night-space-cosmos-background-with-nebula-and-shining-star-vector.jpg","contentUrl":"https:\/\/jetx-player.com\/wp-content\/uploads\/abstract-blue-night-space-cosmos-background-with-nebula-and-shining-star-vector.jpg","width":1920,"height":1079},{"@type":"BreadcrumbList","@id":"https:\/\/jetx-player.com\/pt\/provably-fair\/#breadcrumb","itemListElement":[{"@type":"ListItem","position":1,"name":"Home","item":"https:\/\/jetx-player.com\/"},{"@type":"ListItem","position":2,"name":"Provably Fair"}]},{"@type":"WebSite","@id":"https:\/\/jetx-player.com\/#website","url":"https:\/\/jetx-player.com\/","name":"JetX","description":"Just another WordPress site","publisher":{"@id":"https:\/\/jetx-player.com\/#organization"},"potentialAction":[{"@type":"SearchAction","target":{"@type":"EntryPoint","urlTemplate":"https:\/\/jetx-player.com\/?s={search_term_string}"},"query-input":{"@type":"PropertyValueSpecification","valueRequired":true,"valueName":"search_term_string"}}],"inLanguage":"pl-PL"},{"@type":"Organization","@id":"https:\/\/jetx-player.com\/#organization","name":"JetX","url":"https:\/\/jetx-player.com\/","logo":{"@type":"ImageObject","inLanguage":"pl-PL","@id":"https:\/\/jetx-player.com\/#\/schema\/logo\/image\/","url":"https:\/\/jetx-player.com\/wp-content\/uploads\/lucky-jet-header-e1707648698751.webp","contentUrl":"https:\/\/jetx-player.com\/wp-content\/uploads\/lucky-jet-header-e1707648698751.webp","width":643,"height":178,"caption":"JetX"},"image":{"@id":"https:\/\/jetx-player.com\/#\/schema\/logo\/image\/"}}]}},"_links":{"self":[{"href":"https:\/\/jetx-player.com\/pl\/wp-json\/wp\/v2\/pages\/16","targetHints":{"allow":["GET"]}}],"collection":[{"href":"https:\/\/jetx-player.com\/pl\/wp-json\/wp\/v2\/pages"}],"about":[{"href":"https:\/\/jetx-player.com\/pl\/wp-json\/wp\/v2\/types\/page"}],"author":[{"embeddable":true,"href":"https:\/\/jetx-player.com\/pl\/wp-json\/wp\/v2\/users\/1"}],"replies":[{"embeddable":true,"href":"https:\/\/jetx-player.com\/pl\/wp-json\/wp\/v2\/comments?post=16"}],"version-history":[{"count":14,"href":"https:\/\/jetx-player.com\/pl\/wp-json\/wp\/v2\/pages\/16\/revisions"}],"predecessor-version":[{"id":170,"href":"https:\/\/jetx-player.com\/pl\/wp-json\/wp\/v2\/pages\/16\/revisions\/170"}],"wp:featuredmedia":[{"embeddable":true,"href":"https:\/\/jetx-player.com\/pl\/wp-json\/wp\/v2\/media\/93"}],"wp:attachment":[{"href":"https:\/\/jetx-player.com\/pl\/wp-json\/wp\/v2\/media?parent=16"}],"curies":[{"name":"wp","href":"https:\/\/api.w.org\/{rel}","templated":true}]}}