{"id":14,"date":"2024-02-11T10:16:50","date_gmt":"2024-02-11T10:16:50","guid":{"rendered":"https:\/\/jetx-player.com\/?page_id=14"},"modified":"2024-02-28T20:00:52","modified_gmt":"2024-02-28T20:00:52","slug":"faq-about-lucky-jet","status":"publish","type":"page","link":"https:\/\/jetx-player.com\/pl\/faq-about-lucky-jet\/","title":{"rendered":"FAQ &#8211; Najcz\u0119\u015bciej zadawane pytania dotycz\u0105ce Lucky Jet"},"content":{"rendered":"<p>Ka\u017cdy gracz, kt\u00f3ry rozwa\u017ca mo\u017cliwo\u015b\u0107 rozpocz\u0119cia gry w kasynie online Lucky Jet na prawdziwe pieni\u0105dze w grze typu crash, martwi si\u0119 tymi pytaniami, kt\u00f3re istniej\u0105, ale trudno je uzyska\u0107 odpowiedzi. Zebrali\u015bmy najpopularniejsze pytania dotycz\u0105ce gry Lucky Jet i postarali\u015bmy si\u0119 udzieli\u0107 odpowiedzi.<\/p>\n<ol>\n<li><strong>Czym jest gra online Lucky Jet?<\/strong><br \/>\nLucky Jet to gra hazardowa online, w kt\u00f3rej gracze stawiaj\u0105 zak\u0142ady na to, jak wysoko Lucky Joe mo\u017ce wznie\u015b\u0107 si\u0119 przed odlotem. Jako gracz musisz odebra\u0107 swoje wygrane przed tym punktem.<\/li>\n<li><strong>Jak gra\u0107 w Lucky Jet?<\/strong><br \/>\nBardzo prosto. Stawiasz zak\u0142ad, naciskasz przycisk startu, a facet z plecakiem zaczyna si\u0119 unosi\u0107, zwi\u0119kszaj\u0105c twoje potencjalne wygrane. Musisz odebra\u0107 swoje wygrane, zanim obiekt odleci.<\/li>\n<li><strong>Jak jest obliczana wygrana w Lucky Jet?<\/strong><br \/>\nTwoje wygrane s\u0105 obliczane poprzez pomno\u017cenie twojego zak\u0142adu przez mno\u017cnik, przy kt\u00f3rym decydujesz si\u0119 odebra\u0107 swoje wygrane.<\/li>\n<li><strong>Czy mo\u017cna gra\u0107 w Lucky Jet za darmo?<\/strong><br \/>\nMo\u017cesz gra\u0107 w Lucky Jet za darmo. Kasyno online 1win udost\u0119pnia dost\u0119p do darmowej wersji gry. Jest to wersja demonstracyjna Lucky Jet, w kt\u00f3rej mo\u017cesz gra\u0107 za darmo, ale bez szansy na wygranie prawdziwych pieni\u0119dzy.<\/li>\n<li><strong>Jaka jest minimalna i maksymalna wielko\u015b\u0107 zak\u0142adu w Lucky Jet?<\/strong><br \/>\nMinimalne i maksymalne zak\u0142ady mog\u0105 si\u0119 r\u00f3\u017cni\u0107 w zale\u017cno\u015bci od kasyna, ale zazwyczaj zaczynaj\u0105 si\u0119 od kilku cent\u00f3w do kilkuset dolar\u00f3w.<\/li>\n<li><strong>Czy istniej\u0105 jakie\u015b strategie, aby wygra\u0107 w Lucky Jet?<\/strong><br \/>\nIstniej\u0105 r\u00f3\u017cne strategie, takie jak sta\u0142a wygrana, Martingale, podzia\u0142 zak\u0142ad\u00f3w, ale \u017cadna z nich nie gwarantuje wygranej. Wa\u017cne jest pami\u0119tanie, \u017ce strategia zwi\u0119ksza twoje szanse na wygran\u0105, ale w \u017cadnym wypadku nie gwarantuje wygranej.<\/li>\n<li><strong>Czy bezpiecznie jest gra\u0107 w Lucky Jet online?<\/strong><br \/>\nJest bezpiecznie gra\u0107, je\u015bli wybierzesz godne zaufania i licencjonowane kasyno z dobr\u0105 reputacj\u0105. W tym przypadku ka\u017cda gra w kasynie b\u0119dzie bezpieczna. Wa\u017cne jest unikanie nielegalnych kasyn online.<\/li>\n<li><strong>Czy bonusy mo\u017cna u\u017cywa\u0107 w Lucky Jet?<\/strong><br \/>\nTak, wiele kasyn oferuje bonusy, kt\u00f3re mo\u017cna wykorzysta\u0107 w grach, w tym w Lucky Jet. Jednak upewnij si\u0119, \u017ce rozumiesz warunki korzystania z bonus\u00f3w. Sama gra crash Lucky Jet nie oferuje rund bonusowych.<\/li>\n<li><strong>Jak szybko wyp\u0142acane s\u0105 wygrane w Lucky Jet?<\/strong><br \/>\nSzybko\u015b\u0107 wyp\u0142at zale\u017cy od kasyna, ale zazwyczaj wygrane s\u0105 przetwarzane w ci\u0105gu kilku godzin. W ka\u017cdym przypadku pr\u0119dko\u015b\u0107 wyp\u0142at nie zale\u017cy od dewelopera gry, ale od kasyna online.<\/li>\n<li><strong>Czy istnieje wersja mobilna gry Lucky Jet?<\/strong><br \/>\nTak, wiele kasyn oferuje mobilne wersje swoich gier, w tym Lucky Jet, dost\u0119pne za po\u015brednictwem przegl\u0105darki kasyna lub aplikacji.<\/li>\n<li><strong>Jakie s\u0105 g\u0142\u00f3wne ryzyka grania w Lucky Jet?<\/strong><br \/>\nG\u0142\u00f3wnym ryzykiem jest utrata zak\u0142adu, je\u015bli nie odebrano wygranej przed odletem obiektu. Wa\u017cne jest odpowiedzialne granie i zachowanie swojego bud\u017cetu.<\/li>\n<li><strong>Czy Lucky Jet mo\u017ce sfa\u0142szowa\u0107 wyniki?<\/strong><br \/>\nW godziwych kasynach online z licencj\u0105 i niezale\u017cn\u0105 kontrol\u0105, kursy i wyniki gier s\u0105 generowane losowo, zapewniaj\u0105c sprawiedliwo\u015b\u0107 gry. To generator liczb losowych okre\u015bla wyniki gry.<\/li>\n<li><strong>Jakie s\u0105 najlepsze praktyki gry w Lucky Jet?<\/strong><br \/>\nUstaw limity zak\u0142ad\u00f3w i czasu gry, korzystaj z strategii zarz\u0105dzania kapita\u0142em, i nie ganiaj za ogromnymi wygranymi wsp\u00f3\u0142czynnikami. Najwa\u017cniejsze to nie traci\u0107 g\u0142owy i zrozumie\u0107, \u017ce hazard mo\u017ce dostarczy\u0107 dobrej zabawy, ale nie mo\u017ce by\u0107 sposobem na zarabianie pieni\u0119dzy.<\/li>\n<li><strong>Czy mo\u017cna gra\u0107 w Lucky Jet z przyjaci\u00f3\u0142mi?<\/strong><br \/>\nChocia\u017c Lucky Jet to gra indywidualna, mo\u017cesz dzieli\u0107 si\u0119 swoim do\u015bwiadczeniem i strategiami z przyjaci\u00f3\u0142mi i gra\u0107 razem z r\u00f3\u017cnych lokalizacji. Gra ma czat w grze, gdzie mo\u017cesz wymienia\u0107 opinie z innymi graczami.<\/li>\n<li><strong>Gdzie znale\u017a\u0107 najlepsze kasyna do gry w Lucky Jet?<\/strong><br \/>\nNajlepszym kasynem do gry w Lucky Jet jest dobrze znane kasyno online 1win. Jest to kasyno o dobrej reputacji, pozytywnych recenzjach i licencji od znanego regulatora.<\/li>\n<\/ol>\n","protected":false},"excerpt":{"rendered":"<p>Ka\u017cdy gracz, kt\u00f3ry rozwa\u017ca mo\u017cliwo\u015b\u0107 rozpocz\u0119cia gry w kasynie online Lucky Jet na prawdziwe pieni\u0105dze w grze typu crash, martwi si\u0119 tymi pytaniami, kt\u00f3re istniej\u0105, [&hellip;]<\/p>\n","protected":false},"author":1,"featured_media":93,"parent":0,"menu_order":0,"comment_status":"closed","ping_status":"closed","template":"","meta":{"footnotes":"","_links_to":"","_links_to_target":""},"class_list":["post-14","page","type-page","status-publish","has-post-thumbnail","hentry"],"yoast_head":"<!-- This site is optimized with the Yoast SEO plugin v27.2 - https:\/\/yoast.com\/product\/yoast-seo-wordpress\/ -->\n<title>\u0427\u0430\u0441\u0442\u043e \u0437\u0430\u0434\u0430\u0432\u0430\u0435\u043c\u044b\u0435 \u0432\u043e\u043f\u0440\u043e\u0441\u044b \u043e\u0431 \u0438\u0433\u0440\u0435 Lucky Jet \u0432 \u043a\u0430\u0437\u0438\u043d\u043e 1win<\/title>\n<meta name=\"description\" content=\"Zebrali\u015bmy najcz\u0119\u015bciej zadawane pytania dotycz\u0105ce gry Lucky Jet w kasynie online 1win. Wszystkie pytania i odpowiedzi dotycz\u0105ce gry typu crash Lucky Jet.\" \/>\n<meta name=\"robots\" content=\"index, follow, max-snippet:-1, max-image-preview:large, max-video-preview:-1\" \/>\n<link rel=\"canonical\" href=\"https:\/\/jetx-player.com\/pl\/faq-about-lucky-jet\/\" \/>\n<meta property=\"og:locale\" content=\"pl_PL\" \/>\n<meta property=\"og:locale:alternate\" content=\"ru_RU\" \/>\n<meta property=\"og:locale:alternate\" content=\"en_US\" \/>\n<meta property=\"og:locale:alternate\" content=\"pt_PT\" \/>\n<meta property=\"og:locale:alternate\" content=\"es_ES\" \/>\n<meta property=\"og:locale:alternate\" content=\"ro_RO\" \/>\n<meta property=\"og:locale:alternate\" content=\"sr_RS\" \/>\n<meta property=\"og:locale:alternate\" content=\"bg_BG\" \/>\n<meta property=\"og:locale:alternate\" content=\"it_IT\" \/>\n<meta property=\"og:locale:alternate\" content=\"fr_FR\" \/>\n<meta property=\"og:type\" content=\"article\" \/>\n<meta property=\"og:title\" content=\"\u0427\u0430\u0441\u0442\u043e \u0437\u0430\u0434\u0430\u0432\u0430\u0435\u043c\u044b\u0435 \u0432\u043e\u043f\u0440\u043e\u0441\u044b \u043e\u0431 \u0438\u0433\u0440\u0435 Lucky Jet \u0432 \u043a\u0430\u0437\u0438\u043d\u043e 1win\" \/>\n<meta property=\"og:description\" content=\"\u041c\u044b \u0441\u043e\u0431\u0440\u0430\u043b\u0438 \u0441\u0430\u043c\u044b\u0435 \u0447\u0430\u0441\u0442\u043e \u0437\u0430\u0434\u0430\u0432\u0430\u0435\u043c\u044b\u0435 \u0432\u043e\u043f\u0440\u043e\u0441\u044b \u043e\u0431 \u0438\u0433\u0440\u0435 Lucky Jet \u0432 \u043e\u043d\u043b\u0430\u0439\u043d \u043a\u0430\u0437\u0438\u043d\u043e 1win. \u0412\u0441\u0435 \u0432\u043e\u043f\u0440\u043e\u0441\u044b \u0438 \u043e\u0442\u0432\u0435\u0442\u044b \u043e \u043a\u0440\u0430\u0448 \u0438\u0433\u0440\u0435 Lucky Jet\" \/>\n<meta property=\"og:url\" content=\"https:\/\/jetx-player.com\/pl\/faq-about-lucky-jet\/\" \/>\n<meta property=\"og:site_name\" content=\"JetX\" \/>\n<meta property=\"article:modified_time\" content=\"2024-02-28T20:00:52+00:00\" \/>\n<meta property=\"og:image\" content=\"https:\/\/jetx-player.com\/wp-content\/uploads\/abstract-blue-night-space-cosmos-background-with-nebula-and-shining-star-vector.jpg\" \/>\n\t<meta property=\"og:image:width\" content=\"1920\" \/>\n\t<meta property=\"og:image:height\" content=\"1079\" \/>\n\t<meta property=\"og:image:type\" content=\"image\/jpeg\" \/>\n<meta name=\"twitter:card\" content=\"summary_large_image\" \/>\n<meta name=\"twitter:label1\" content=\"Szacowany czas czytania\" \/>\n\t<meta name=\"twitter:data1\" content=\"25 minut\" \/>\n<script type=\"application\/ld+json\" class=\"yoast-schema-graph\">{\"@context\":\"https:\/\/schema.org\",\"@graph\":[{\"@type\":\"WebPage\",\"@id\":\"https:\/\/jetx-player.com\/faq-about-lucky-jet\/\",\"url\":\"https:\/\/jetx-player.com\/faq-about-lucky-jet\/\",\"name\":\"\u0427\u0430\u0441\u0442\u043e \u0437\u0430\u0434\u0430\u0432\u0430\u0435\u043c\u044b\u0435 \u0432\u043e\u043f\u0440\u043e\u0441\u044b \u043e\u0431 \u0438\u0433\u0440\u0435 Lucky Jet \u0432 \u043a\u0430\u0437\u0438\u043d\u043e 1win\",\"isPartOf\":{\"@id\":\"https:\/\/jetx-player.com\/#website\"},\"primaryImageOfPage\":{\"@id\":\"https:\/\/jetx-player.com\/faq-about-lucky-jet\/#primaryimage\"},\"image\":{\"@id\":\"https:\/\/jetx-player.com\/faq-about-lucky-jet\/#primaryimage\"},\"thumbnailUrl\":\"https:\/\/jetx-player.com\/wp-content\/uploads\/abstract-blue-night-space-cosmos-background-with-nebula-and-shining-star-vector.jpg\",\"datePublished\":\"2024-02-11T10:16:50+00:00\",\"dateModified\":\"2024-02-28T20:00:52+00:00\",\"description\":\"\u041c\u044b \u0441\u043e\u0431\u0440\u0430\u043b\u0438 \u0441\u0430\u043c\u044b\u0435 \u0447\u0430\u0441\u0442\u043e \u0437\u0430\u0434\u0430\u0432\u0430\u0435\u043c\u044b\u0435 \u0432\u043e\u043f\u0440\u043e\u0441\u044b \u043e\u0431 \u0438\u0433\u0440\u0435 Lucky Jet \u0432 \u043e\u043d\u043b\u0430\u0439\u043d \u043a\u0430\u0437\u0438\u043d\u043e 1win. \u0412\u0441\u0435 \u0432\u043e\u043f\u0440\u043e\u0441\u044b \u0438 \u043e\u0442\u0432\u0435\u0442\u044b \u043e \u043a\u0440\u0430\u0448 \u0438\u0433\u0440\u0435 Lucky Jet\",\"breadcrumb\":{\"@id\":\"https:\/\/jetx-player.com\/faq-about-lucky-jet\/#breadcrumb\"},\"inLanguage\":\"pl-PL\",\"potentialAction\":[{\"@type\":\"ReadAction\",\"target\":[\"https:\/\/jetx-player.com\/faq-about-lucky-jet\/\"]}]},{\"@type\":\"ImageObject\",\"inLanguage\":\"pl-PL\",\"@id\":\"https:\/\/jetx-player.com\/faq-about-lucky-jet\/#primaryimage\",\"url\":\"https:\/\/jetx-player.com\/wp-content\/uploads\/abstract-blue-night-space-cosmos-background-with-nebula-and-shining-star-vector.jpg\",\"contentUrl\":\"https:\/\/jetx-player.com\/wp-content\/uploads\/abstract-blue-night-space-cosmos-background-with-nebula-and-shining-star-vector.jpg\",\"width\":1920,\"height\":1079},{\"@type\":\"BreadcrumbList\",\"@id\":\"https:\/\/jetx-player.com\/faq-about-lucky-jet\/#breadcrumb\",\"itemListElement\":[{\"@type\":\"ListItem\",\"position\":1,\"name\":\"Home\",\"item\":\"https:\/\/jetx-player.com\/\"},{\"@type\":\"ListItem\",\"position\":2,\"name\":\"FAQ &#8212; \u0427\u0430\u0441\u0442\u043e \u0417\u0430\u0434\u0430\u0432\u0430\u0435\u043c\u044b\u0435 \u0412\u043e\u043f\u0440\u043e\u0441\u044b \u043e Lucky Jet\"}]},{\"@type\":\"WebSite\",\"@id\":\"https:\/\/jetx-player.com\/#website\",\"url\":\"https:\/\/jetx-player.com\/\",\"name\":\"JetX\",\"description\":\"Just another WordPress site\",\"publisher\":{\"@id\":\"https:\/\/jetx-player.com\/#organization\"},\"potentialAction\":[{\"@type\":\"SearchAction\",\"target\":{\"@type\":\"EntryPoint\",\"urlTemplate\":\"https:\/\/jetx-player.com\/?s={search_term_string}\"},\"query-input\":{\"@type\":\"PropertyValueSpecification\",\"valueRequired\":true,\"valueName\":\"search_term_string\"}}],\"inLanguage\":\"pl-PL\"},{\"@type\":\"Organization\",\"@id\":\"https:\/\/jetx-player.com\/#organization\",\"name\":\"JetX\",\"url\":\"https:\/\/jetx-player.com\/\",\"logo\":{\"@type\":\"ImageObject\",\"inLanguage\":\"pl-PL\",\"@id\":\"https:\/\/jetx-player.com\/#\/schema\/logo\/image\/\",\"url\":\"https:\/\/jetx-player.com\/wp-content\/uploads\/lucky-jet-header-e1707648698751.webp\",\"contentUrl\":\"https:\/\/jetx-player.com\/wp-content\/uploads\/lucky-jet-header-e1707648698751.webp\",\"width\":643,\"height\":178,\"caption\":\"JetX\"},\"image\":{\"@id\":\"https:\/\/jetx-player.com\/#\/schema\/logo\/image\/\"}}]}<\/script>\n<!-- \/ Yoast SEO plugin. -->","yoast_head_json":{"title":"\u0427\u0430\u0441\u0442\u043e \u0437\u0430\u0434\u0430\u0432\u0430\u0435\u043c\u044b\u0435 \u0432\u043e\u043f\u0440\u043e\u0441\u044b \u043e\u0431 \u0438\u0433\u0440\u0435 Lucky Jet \u0432 \u043a\u0430\u0437\u0438\u043d\u043e 1win","description":"Zebrali\u015bmy najcz\u0119\u015bciej zadawane pytania dotycz\u0105ce gry Lucky Jet w kasynie online 1win. Wszystkie pytania i odpowiedzi dotycz\u0105ce gry typu crash Lucky Jet.","robots":{"index":"index","follow":"follow","max-snippet":"max-snippet:-1","max-image-preview":"max-image-preview:large","max-video-preview":"max-video-preview:-1"},"canonical":"https:\/\/jetx-player.com\/pl\/faq-about-lucky-jet\/","og_locale":"pl_PL","og_type":"article","og_title":"\u0427\u0430\u0441\u0442\u043e \u0437\u0430\u0434\u0430\u0432\u0430\u0435\u043c\u044b\u0435 \u0432\u043e\u043f\u0440\u043e\u0441\u044b \u043e\u0431 \u0438\u0433\u0440\u0435 Lucky Jet \u0432 \u043a\u0430\u0437\u0438\u043d\u043e 1win","og_description":"\u041c\u044b \u0441\u043e\u0431\u0440\u0430\u043b\u0438 \u0441\u0430\u043c\u044b\u0435 \u0447\u0430\u0441\u0442\u043e \u0437\u0430\u0434\u0430\u0432\u0430\u0435\u043c\u044b\u0435 \u0432\u043e\u043f\u0440\u043e\u0441\u044b \u043e\u0431 \u0438\u0433\u0440\u0435 Lucky Jet \u0432 \u043e\u043d\u043b\u0430\u0439\u043d \u043a\u0430\u0437\u0438\u043d\u043e 1win. \u0412\u0441\u0435 \u0432\u043e\u043f\u0440\u043e\u0441\u044b \u0438 \u043e\u0442\u0432\u0435\u0442\u044b \u043e \u043a\u0440\u0430\u0448 \u0438\u0433\u0440\u0435 Lucky Jet","og_url":"https:\/\/jetx-player.com\/pl\/faq-about-lucky-jet\/","og_site_name":"JetX","article_modified_time":"2024-02-28T20:00:52+00:00","og_image":[{"width":1920,"height":1079,"url":"https:\/\/jetx-player.com\/wp-content\/uploads\/abstract-blue-night-space-cosmos-background-with-nebula-and-shining-star-vector.jpg","type":"image\/jpeg"}],"twitter_card":"summary_large_image","twitter_misc":{"Szacowany czas czytania":"25 minut"},"schema":{"@context":"https:\/\/schema.org","@graph":[{"@type":"WebPage","@id":"https:\/\/jetx-player.com\/faq-about-lucky-jet\/","url":"https:\/\/jetx-player.com\/faq-about-lucky-jet\/","name":"\u0427\u0430\u0441\u0442\u043e \u0437\u0430\u0434\u0430\u0432\u0430\u0435\u043c\u044b\u0435 \u0432\u043e\u043f\u0440\u043e\u0441\u044b \u043e\u0431 \u0438\u0433\u0440\u0435 Lucky Jet \u0432 \u043a\u0430\u0437\u0438\u043d\u043e 1win","isPartOf":{"@id":"https:\/\/jetx-player.com\/#website"},"primaryImageOfPage":{"@id":"https:\/\/jetx-player.com\/faq-about-lucky-jet\/#primaryimage"},"image":{"@id":"https:\/\/jetx-player.com\/faq-about-lucky-jet\/#primaryimage"},"thumbnailUrl":"https:\/\/jetx-player.com\/wp-content\/uploads\/abstract-blue-night-space-cosmos-background-with-nebula-and-shining-star-vector.jpg","datePublished":"2024-02-11T10:16:50+00:00","dateModified":"2024-02-28T20:00:52+00:00","description":"\u041c\u044b \u0441\u043e\u0431\u0440\u0430\u043b\u0438 \u0441\u0430\u043c\u044b\u0435 \u0447\u0430\u0441\u0442\u043e \u0437\u0430\u0434\u0430\u0432\u0430\u0435\u043c\u044b\u0435 \u0432\u043e\u043f\u0440\u043e\u0441\u044b \u043e\u0431 \u0438\u0433\u0440\u0435 Lucky Jet \u0432 \u043e\u043d\u043b\u0430\u0439\u043d \u043a\u0430\u0437\u0438\u043d\u043e 1win. \u0412\u0441\u0435 \u0432\u043e\u043f\u0440\u043e\u0441\u044b \u0438 \u043e\u0442\u0432\u0435\u0442\u044b \u043e \u043a\u0440\u0430\u0448 \u0438\u0433\u0440\u0435 Lucky Jet","breadcrumb":{"@id":"https:\/\/jetx-player.com\/faq-about-lucky-jet\/#breadcrumb"},"inLanguage":"pl-PL","potentialAction":[{"@type":"ReadAction","target":["https:\/\/jetx-player.com\/faq-about-lucky-jet\/"]}]},{"@type":"ImageObject","inLanguage":"pl-PL","@id":"https:\/\/jetx-player.com\/faq-about-lucky-jet\/#primaryimage","url":"https:\/\/jetx-player.com\/wp-content\/uploads\/abstract-blue-night-space-cosmos-background-with-nebula-and-shining-star-vector.jpg","contentUrl":"https:\/\/jetx-player.com\/wp-content\/uploads\/abstract-blue-night-space-cosmos-background-with-nebula-and-shining-star-vector.jpg","width":1920,"height":1079},{"@type":"BreadcrumbList","@id":"https:\/\/jetx-player.com\/faq-about-lucky-jet\/#breadcrumb","itemListElement":[{"@type":"ListItem","position":1,"name":"Home","item":"https:\/\/jetx-player.com\/"},{"@type":"ListItem","position":2,"name":"FAQ &#8212; \u0427\u0430\u0441\u0442\u043e \u0417\u0430\u0434\u0430\u0432\u0430\u0435\u043c\u044b\u0435 \u0412\u043e\u043f\u0440\u043e\u0441\u044b \u043e Lucky Jet"}]},{"@type":"WebSite","@id":"https:\/\/jetx-player.com\/#website","url":"https:\/\/jetx-player.com\/","name":"JetX","description":"Just another WordPress site","publisher":{"@id":"https:\/\/jetx-player.com\/#organization"},"potentialAction":[{"@type":"SearchAction","target":{"@type":"EntryPoint","urlTemplate":"https:\/\/jetx-player.com\/?s={search_term_string}"},"query-input":{"@type":"PropertyValueSpecification","valueRequired":true,"valueName":"search_term_string"}}],"inLanguage":"pl-PL"},{"@type":"Organization","@id":"https:\/\/jetx-player.com\/#organization","name":"JetX","url":"https:\/\/jetx-player.com\/","logo":{"@type":"ImageObject","inLanguage":"pl-PL","@id":"https:\/\/jetx-player.com\/#\/schema\/logo\/image\/","url":"https:\/\/jetx-player.com\/wp-content\/uploads\/lucky-jet-header-e1707648698751.webp","contentUrl":"https:\/\/jetx-player.com\/wp-content\/uploads\/lucky-jet-header-e1707648698751.webp","width":643,"height":178,"caption":"JetX"},"image":{"@id":"https:\/\/jetx-player.com\/#\/schema\/logo\/image\/"}}]}},"_links":{"self":[{"href":"https:\/\/jetx-player.com\/pl\/wp-json\/wp\/v2\/pages\/14","targetHints":{"allow":["GET"]}}],"collection":[{"href":"https:\/\/jetx-player.com\/pl\/wp-json\/wp\/v2\/pages"}],"about":[{"href":"https:\/\/jetx-player.com\/pl\/wp-json\/wp\/v2\/types\/page"}],"author":[{"embeddable":true,"href":"https:\/\/jetx-player.com\/pl\/wp-json\/wp\/v2\/users\/1"}],"replies":[{"embeddable":true,"href":"https:\/\/jetx-player.com\/pl\/wp-json\/wp\/v2\/comments?post=14"}],"version-history":[{"count":26,"href":"https:\/\/jetx-player.com\/pl\/wp-json\/wp\/v2\/pages\/14\/revisions"}],"predecessor-version":[{"id":184,"href":"https:\/\/jetx-player.com\/pl\/wp-json\/wp\/v2\/pages\/14\/revisions\/184"}],"wp:featuredmedia":[{"embeddable":true,"href":"https:\/\/jetx-player.com\/pl\/wp-json\/wp\/v2\/media\/93"}],"wp:attachment":[{"href":"https:\/\/jetx-player.com\/pl\/wp-json\/wp\/v2\/media?parent=14"}],"curies":[{"name":"wp","href":"https:\/\/api.w.org\/{rel}","templated":true}]}}