{"id":12,"date":"2024-02-11T10:15:28","date_gmt":"2024-02-11T10:15:28","guid":{"rendered":"https:\/\/jetx-player.com\/?page_id=12"},"modified":"2024-02-28T20:06:24","modified_gmt":"2024-02-28T20:06:24","slug":"gameplay-strategies-in-lucky-jet","status":"publish","type":"page","link":"https:\/\/jetx-player.com\/pl\/gameplay-strategies-in-lucky-jet\/","title":{"rendered":"Strategie rozgrywki w Lucky Jet"},"content":{"rendered":"<p>Strategie dla gry w Lucky Jet mog\u0105 si\u0119 r\u00f3\u017cni\u0107 w zale\u017cno\u015bci od stylu gry ka\u017cdego gracza, ch\u0119ci podejmowania ryzyka i indywidualnych cel\u00f3w. Ponadto kwestia cel\u00f3w nie jest tak prosta, jak si\u0119 wydaje. Wszystko zale\u017cy od konkretnej sytuacji ka\u017cdego gracza. Niekt\u00f3rzy graj\u0105 z celem wygrania prawdziwych pieni\u0119dzy, czyli osi\u0105gni\u0119cia zysku. Dla niekt\u00f3rych graczy wa\u017cne jest jednak to, aby mi\u0142o sp\u0119dzi\u0107 czas i cieszy\u0107 si\u0119 gr\u0105, a nie oczekuj\u0105 na wygran\u0105. Dlatego, jak to zwykle w \u017cyciu, ka\u017cdy ma inne sytuacje i inne cele. Niemniej jednak, zebrali\u015bmy przegl\u0105d kilku popularnych strategii gry w Lucky Jet, kt\u00f3re mog\u0105 pom\u00f3c zwi\u0119kszy\u0107 Twoje szanse na sukces w tej ekscytuj\u0105cej grze.<\/p>\n<h2><strong>Podstawy gry w Lucky Jet<\/strong><\/h2>\n<p>Przed om\u00f3wieniem strategii wa\u017cne jest zrozumienie, jak dzia\u0142a gra. W Lucky Jet gracze stawiaj\u0105 zak\u0142ady na to, jak daleko Lucky Joe \u2013 modny ch\u0142opak z plecakiem \u2013 poleci, zanim zniknie. Jego znikni\u0119cie oznacza, \u017ce zak\u0142ady przegrywaj\u0105. Wygrana zale\u017cy od wysoko\u015bci, na kt\u00f3rej ch\u0142opak z plecakiem przestaje lata\u0107, i gracze musz\u0105 odebra\u0107 swoj\u0105 wygran\u0105 przed tym punktem. Im d\u0142u\u017cej czekaj\u0105, tym wy\u017csza potencjalna wygrana, ale z ryzykiem utraty zak\u0142adu, je\u015bli obiekt zniknie. To podstawowa zasada gry w Lucky Jet, kt\u00f3ra jest og\u00f3lnie podobna do innych gier typu crash.<\/p>\n<h2><strong>Strategia ustalonej wygranej<\/strong><\/h2>\n<p>Jedn\u0105 z najprostszych i najpopularniejszych strategii jest strategia \u201eustalonej wygranej\u201d. Gracze ustalaj\u0105 cel wygranej, na przyk\u0142ad na poziomie x2, i odbieraj\u0105 swoj\u0105 wygran\u0105, gdy mno\u017cnik osi\u0105gnie ten poziom. Ta strategia pomaga zarz\u0105dza\u0107 ryzykiem i zapewnia stabilny, cho\u0107 niewielki doch\u00f3d. Warto zauwa\u017cy\u0107, \u017ce ta strategia jest uwa\u017cana za niskie ryzyko, i gracze zazwyczaj wybieraj\u0105 niski mno\u017cnik jako sw\u00f3j cel, na przyk\u0142ad x2.<\/p>\n<h2><strong>Strategia Martingale&#8217;a<\/strong><\/h2>\n<p>Bardzo popularna strategia w grach typu crash. Strategia \u201eMartingale&#8217;a\u201d to popularna metoda zarz\u0105dzania zak\u0142adami, kt\u00f3ra mo\u017ce by\u0107 dostosowana do gry w Lucky Jet. Po ka\u017cdym przegranym zak\u0142adzie gracz podwaja wielko\u015b\u0107 nast\u0119pnego zak\u0142adu. Gdy zak\u0142ad wygrywa, gracz odzyskuje wszystkie poprzednie straty i uzyskuje zysk r\u00f3wny pocz\u0105tkowemu zak\u0142adowi. Wa\u017cne jest, aby mie\u0107 wystarczaj\u0105co wysoki bilans konta, aby wytrzyma\u0107 seri\u0119 strat przed rozpocz\u0119ciem korzystania z tej strategii. Warto doda\u0107, \u017ce nie jest to \u0142atwe emocjonalnie. Przecie\u017c zak\u0142ad musi by\u0107 podwojony po ka\u017cdej przegranej. Co je\u015bli wyst\u0105pi\u0142o kilka kolejnych rund przegranych?<\/p>\n<h2><strong>Strategia podzia\u0142u zak\u0142adu<\/strong><\/h2>\n<p>Ta strategia polega na podziale ca\u0142kowitej kwoty zak\u0142adu na kilka mniejszych zak\u0142ad\u00f3w z r\u00f3\u017cnymi celami wygranej. Na przyk\u0142ad cz\u0119\u015b\u0107 zak\u0142adu mo\u017ce by\u0107 pobrana przy niskim mno\u017cniku dla gwarantowanej, ale ma\u0142ej wygranej, podczas gdy druga cz\u0119\u015b\u0107 zak\u0142adu pozostaje przy wy\u017cszym mno\u017cniku dla szansy na du\u017c\u0105 wygran\u0105. Pozwala to graczowi na zr\u00f3wnowa\u017cenie mi\u0119dzy konserwatywn\u0105 a agresywn\u0105 gr\u0105. W tym przypadku przyda si\u0119 funkcja automatycznego zak\u0142adu i automatycznego wyp\u0142acania, poniewa\u017c pozwoli to nie by\u0107 rozproszonym przez pierwszy zak\u0142ad, ale skupi\u0107 si\u0119 na drugim zak\u0142adzie, gdzie, na przyk\u0142ad, chcesz uzyska\u0107 wy\u017cszy wsp\u00f3\u0142czynnik.<\/p>\n<p>Ustawienie automatycznego wyp\u0142acania pieni\u0119dzy<\/p>\n<p>Wiele kasyn internetowych oferuje funkcj\u0119 automatycznego wyp\u0142acania w momencie osi\u0105gni\u0119cia okre\u015blonego mno\u017cnika. Ustawiaj\u0105c automatyczne wyp\u0142acanie na poziomie uwa\u017canym za optymalny, mo\u017cna unikn\u0105\u0107 pokusy zbyt d\u0142ugiego czekania i utraty zak\u0142adu. Ten spos\u00f3b podej\u015bcia nadaje si\u0119 do konserwatywnego modelu gry.<\/p>\n<h2><strong>Zarz\u0105dzanie bud\u017cetem<\/strong><\/h2>\n<p>Najwa\u017cniejszym aspektem ka\u017cdej strategii gry jest zarz\u0105dzanie bud\u017cetem. Okre\u015bl kwot\u0119, kt\u00f3r\u0105 jeste\u015b gotowy zaryzykowa\u0107, i nie przekraczaj jej. Rozs\u0105dne zarz\u0105dzanie finansami pomo\u017ce unikn\u0105\u0107 du\u017cych strat i zwi\u0119kszy Twoje szanse na sukces w d\u0142u\u017cszej perspektywie. Upewnij si\u0119, \u017ce saldo twojego konta do gry jest wystarczaj\u0105ce na okre\u015blon\u0105 liczb\u0119 rund. Trudno jest okre\u015bli\u0107 idealn\u0105 liczb\u0119, ale zalecamy d\u0105\u017cenie do 200 rund.<\/p>\n<h2><strong>Jak wybra\u0107 strategi\u0119 gry<\/strong><\/h2>\n<p>Wa\u017cne jest pami\u0119tanie, \u017ce nie ma uniwersalnej strategii, kt\u00f3ra gwarantuje sukces w grze Lucky Jet. Wszystkie strategie wi\u0105\u017c\u0105 si\u0119 z ryzykiem i mog\u0105 prowadzi\u0107 do utraty pieni\u0119dzy. Pami\u0119taj, aby gra\u0107 odpowiedzialnie, ustala\u0107 limity strat i czasu gry, i pami\u0119taj, \u017ce gry w kasynie powinny sprawia\u0107 przyjemno\u015b\u0107, a nie by\u0107 \u017ar\u00f3d\u0142em problem\u00f3w finansowych.<\/p>\n","protected":false},"excerpt":{"rendered":"<p>Strategie dla gry w Lucky Jet mog\u0105 si\u0119 r\u00f3\u017cni\u0107 w zale\u017cno\u015bci od stylu gry ka\u017cdego gracza, ch\u0119ci podejmowania ryzyka i indywidualnych cel\u00f3w. Ponadto kwestia cel\u00f3w [&hellip;]<\/p>\n","protected":false},"author":1,"featured_media":93,"parent":0,"menu_order":0,"comment_status":"closed","ping_status":"closed","template":"","meta":{"footnotes":"","_links_to":"","_links_to_target":""},"class_list":["post-12","page","type-page","status-publish","has-post-thumbnail","hentry"],"yoast_head":"<!-- This site is optimized with the Yoast SEO plugin v27.2 - https:\/\/yoast.com\/product\/yoast-seo-wordpress\/ -->\n<title>\u0421\u0442\u0440\u0430\u0442\u0435\u0433\u0438\u0438 \u0438\u0433\u0440\u044b Lucky Jet \u0432 \u043e\u043d\u043b\u0430\u0439\u043d \u043a\u0430\u0437\u0438\u043d\u043e<\/title>\n<meta name=\"description\" content=\"Graj i wygrywaj w grze crash Lucky Jet. Najlepsze strategie i taktyki wygrywania prawdziwych pieni\u0119dzy w grze crash Lucky Jet. Graj i wygrywaj teraz.\" \/>\n<meta name=\"robots\" content=\"index, follow, max-snippet:-1, max-image-preview:large, max-video-preview:-1\" \/>\n<link rel=\"canonical\" href=\"https:\/\/jetx-player.com\/pl\/gameplay-strategies-in-lucky-jet\/\" \/>\n<meta property=\"og:locale\" content=\"pl_PL\" \/>\n<meta property=\"og:locale:alternate\" content=\"ru_RU\" \/>\n<meta property=\"og:locale:alternate\" content=\"en_US\" \/>\n<meta property=\"og:locale:alternate\" content=\"pt_PT\" \/>\n<meta property=\"og:locale:alternate\" content=\"es_ES\" \/>\n<meta property=\"og:locale:alternate\" content=\"ro_RO\" \/>\n<meta property=\"og:locale:alternate\" content=\"sr_RS\" \/>\n<meta property=\"og:locale:alternate\" content=\"bg_BG\" \/>\n<meta property=\"og:locale:alternate\" content=\"it_IT\" \/>\n<meta property=\"og:locale:alternate\" content=\"fr_FR\" \/>\n<meta property=\"og:type\" content=\"article\" \/>\n<meta property=\"og:title\" content=\"\u0421\u0442\u0440\u0430\u0442\u0435\u0433\u0438\u0438 \u0438\u0433\u0440\u044b Lucky Jet \u0432 \u043e\u043d\u043b\u0430\u0439\u043d \u043a\u0430\u0437\u0438\u043d\u043e\" \/>\n<meta property=\"og:description\" content=\"\u0418\u0433\u0440\u0430\u0442\u044c \u0438 \u0432\u044b\u0438\u0433\u0440\u044b\u0432\u0430\u0442\u044c \u0432 \u043a\u0440\u0430\u0448 \u0438\u0433\u0440\u0435 \u041b\u0430\u043a\u0438 \u0414\u0436\u0435\u0442. \u041b\u0443\u0447\u0448\u0438\u0435 \u0441\u0442\u0440\u0430\u0442\u0435\u0433\u0438\u0438 \u0438 \u0442\u0430\u043a\u0442\u0438\u043a\u0438 \u0434\u043b\u044f \u0432\u044b\u0438\u0433\u0440\u044b\u0448\u0430 \u0440\u0435\u0430\u043b\u044c\u043d\u044b\u0445 \u0434\u0435\u043d\u0435\u0433 \u0432 \u043a\u0440\u0430\u0448 \u0438\u0433\u0440\u0435 Lucky Jet. \u0418\u0433\u0440\u0430\u0442\u044c \u0438 \u0432\u044b\u0438\u0433\u0440\u044b\u0432\u0430\u0442\u044c \u0441\u0435\u0439\u0447\u0430\u0441\" \/>\n<meta property=\"og:url\" content=\"https:\/\/jetx-player.com\/pl\/gameplay-strategies-in-lucky-jet\/\" \/>\n<meta property=\"og:site_name\" content=\"JetX\" \/>\n<meta property=\"article:modified_time\" content=\"2024-02-28T20:06:24+00:00\" \/>\n<meta property=\"og:image\" content=\"https:\/\/jetx-player.com\/wp-content\/uploads\/abstract-blue-night-space-cosmos-background-with-nebula-and-shining-star-vector.jpg\" \/>\n\t<meta property=\"og:image:width\" content=\"1920\" \/>\n\t<meta property=\"og:image:height\" content=\"1079\" \/>\n\t<meta property=\"og:image:type\" content=\"image\/jpeg\" \/>\n<meta name=\"twitter:card\" content=\"summary_large_image\" \/>\n<meta name=\"twitter:label1\" content=\"Szacowany czas czytania\" \/>\n\t<meta name=\"twitter:data1\" content=\"28 minut\" \/>\n<script type=\"application\/ld+json\" class=\"yoast-schema-graph\">{\"@context\":\"https:\/\/schema.org\",\"@graph\":[{\"@type\":\"WebPage\",\"@id\":\"https:\/\/jetx-player.com\/gameplay-strategies-in-lucky-jet\/\",\"url\":\"https:\/\/jetx-player.com\/gameplay-strategies-in-lucky-jet\/\",\"name\":\"\u0421\u0442\u0440\u0430\u0442\u0435\u0433\u0438\u0438 \u0438\u0433\u0440\u044b Lucky Jet \u0432 \u043e\u043d\u043b\u0430\u0439\u043d \u043a\u0430\u0437\u0438\u043d\u043e\",\"isPartOf\":{\"@id\":\"https:\/\/jetx-player.com\/#website\"},\"primaryImageOfPage\":{\"@id\":\"https:\/\/jetx-player.com\/gameplay-strategies-in-lucky-jet\/#primaryimage\"},\"image\":{\"@id\":\"https:\/\/jetx-player.com\/gameplay-strategies-in-lucky-jet\/#primaryimage\"},\"thumbnailUrl\":\"https:\/\/jetx-player.com\/wp-content\/uploads\/abstract-blue-night-space-cosmos-background-with-nebula-and-shining-star-vector.jpg\",\"datePublished\":\"2024-02-11T10:15:28+00:00\",\"dateModified\":\"2024-02-28T20:06:24+00:00\",\"description\":\"\u0418\u0433\u0440\u0430\u0442\u044c \u0438 \u0432\u044b\u0438\u0433\u0440\u044b\u0432\u0430\u0442\u044c \u0432 \u043a\u0440\u0430\u0448 \u0438\u0433\u0440\u0435 \u041b\u0430\u043a\u0438 \u0414\u0436\u0435\u0442. \u041b\u0443\u0447\u0448\u0438\u0435 \u0441\u0442\u0440\u0430\u0442\u0435\u0433\u0438\u0438 \u0438 \u0442\u0430\u043a\u0442\u0438\u043a\u0438 \u0434\u043b\u044f \u0432\u044b\u0438\u0433\u0440\u044b\u0448\u0430 \u0440\u0435\u0430\u043b\u044c\u043d\u044b\u0445 \u0434\u0435\u043d\u0435\u0433 \u0432 \u043a\u0440\u0430\u0448 \u0438\u0433\u0440\u0435 Lucky Jet. \u0418\u0433\u0440\u0430\u0442\u044c \u0438 \u0432\u044b\u0438\u0433\u0440\u044b\u0432\u0430\u0442\u044c \u0441\u0435\u0439\u0447\u0430\u0441\",\"breadcrumb\":{\"@id\":\"https:\/\/jetx-player.com\/gameplay-strategies-in-lucky-jet\/#breadcrumb\"},\"inLanguage\":\"pl-PL\",\"potentialAction\":[{\"@type\":\"ReadAction\",\"target\":[\"https:\/\/jetx-player.com\/gameplay-strategies-in-lucky-jet\/\"]}]},{\"@type\":\"ImageObject\",\"inLanguage\":\"pl-PL\",\"@id\":\"https:\/\/jetx-player.com\/gameplay-strategies-in-lucky-jet\/#primaryimage\",\"url\":\"https:\/\/jetx-player.com\/wp-content\/uploads\/abstract-blue-night-space-cosmos-background-with-nebula-and-shining-star-vector.jpg\",\"contentUrl\":\"https:\/\/jetx-player.com\/wp-content\/uploads\/abstract-blue-night-space-cosmos-background-with-nebula-and-shining-star-vector.jpg\",\"width\":1920,\"height\":1079},{\"@type\":\"BreadcrumbList\",\"@id\":\"https:\/\/jetx-player.com\/gameplay-strategies-in-lucky-jet\/#breadcrumb\",\"itemListElement\":[{\"@type\":\"ListItem\",\"position\":1,\"name\":\"Home\",\"item\":\"https:\/\/jetx-player.com\/\"},{\"@type\":\"ListItem\",\"position\":2,\"name\":\"\u0421\u0442\u0440\u0430\u0442\u0435\u0433\u0438\u0438 \u0438\u0433\u0440\u044b \u0432 Lucky Jet\"}]},{\"@type\":\"WebSite\",\"@id\":\"https:\/\/jetx-player.com\/#website\",\"url\":\"https:\/\/jetx-player.com\/\",\"name\":\"JetX\",\"description\":\"Just another WordPress site\",\"publisher\":{\"@id\":\"https:\/\/jetx-player.com\/#organization\"},\"potentialAction\":[{\"@type\":\"SearchAction\",\"target\":{\"@type\":\"EntryPoint\",\"urlTemplate\":\"https:\/\/jetx-player.com\/?s={search_term_string}\"},\"query-input\":{\"@type\":\"PropertyValueSpecification\",\"valueRequired\":true,\"valueName\":\"search_term_string\"}}],\"inLanguage\":\"pl-PL\"},{\"@type\":\"Organization\",\"@id\":\"https:\/\/jetx-player.com\/#organization\",\"name\":\"JetX\",\"url\":\"https:\/\/jetx-player.com\/\",\"logo\":{\"@type\":\"ImageObject\",\"inLanguage\":\"pl-PL\",\"@id\":\"https:\/\/jetx-player.com\/#\/schema\/logo\/image\/\",\"url\":\"https:\/\/jetx-player.com\/wp-content\/uploads\/lucky-jet-header-e1707648698751.webp\",\"contentUrl\":\"https:\/\/jetx-player.com\/wp-content\/uploads\/lucky-jet-header-e1707648698751.webp\",\"width\":643,\"height\":178,\"caption\":\"JetX\"},\"image\":{\"@id\":\"https:\/\/jetx-player.com\/#\/schema\/logo\/image\/\"}}]}<\/script>\n<!-- \/ Yoast SEO plugin. -->","yoast_head_json":{"title":"\u0421\u0442\u0440\u0430\u0442\u0435\u0433\u0438\u0438 \u0438\u0433\u0440\u044b Lucky Jet \u0432 \u043e\u043d\u043b\u0430\u0439\u043d \u043a\u0430\u0437\u0438\u043d\u043e","description":"Graj i wygrywaj w grze crash Lucky Jet. Najlepsze strategie i taktyki wygrywania prawdziwych pieni\u0119dzy w grze crash Lucky Jet. Graj i wygrywaj teraz.","robots":{"index":"index","follow":"follow","max-snippet":"max-snippet:-1","max-image-preview":"max-image-preview:large","max-video-preview":"max-video-preview:-1"},"canonical":"https:\/\/jetx-player.com\/pl\/gameplay-strategies-in-lucky-jet\/","og_locale":"pl_PL","og_type":"article","og_title":"\u0421\u0442\u0440\u0430\u0442\u0435\u0433\u0438\u0438 \u0438\u0433\u0440\u044b Lucky Jet \u0432 \u043e\u043d\u043b\u0430\u0439\u043d \u043a\u0430\u0437\u0438\u043d\u043e","og_description":"\u0418\u0433\u0440\u0430\u0442\u044c \u0438 \u0432\u044b\u0438\u0433\u0440\u044b\u0432\u0430\u0442\u044c \u0432 \u043a\u0440\u0430\u0448 \u0438\u0433\u0440\u0435 \u041b\u0430\u043a\u0438 \u0414\u0436\u0435\u0442. \u041b\u0443\u0447\u0448\u0438\u0435 \u0441\u0442\u0440\u0430\u0442\u0435\u0433\u0438\u0438 \u0438 \u0442\u0430\u043a\u0442\u0438\u043a\u0438 \u0434\u043b\u044f \u0432\u044b\u0438\u0433\u0440\u044b\u0448\u0430 \u0440\u0435\u0430\u043b\u044c\u043d\u044b\u0445 \u0434\u0435\u043d\u0435\u0433 \u0432 \u043a\u0440\u0430\u0448 \u0438\u0433\u0440\u0435 Lucky Jet. \u0418\u0433\u0440\u0430\u0442\u044c \u0438 \u0432\u044b\u0438\u0433\u0440\u044b\u0432\u0430\u0442\u044c \u0441\u0435\u0439\u0447\u0430\u0441","og_url":"https:\/\/jetx-player.com\/pl\/gameplay-strategies-in-lucky-jet\/","og_site_name":"JetX","article_modified_time":"2024-02-28T20:06:24+00:00","og_image":[{"width":1920,"height":1079,"url":"https:\/\/jetx-player.com\/wp-content\/uploads\/abstract-blue-night-space-cosmos-background-with-nebula-and-shining-star-vector.jpg","type":"image\/jpeg"}],"twitter_card":"summary_large_image","twitter_misc":{"Szacowany czas czytania":"28 minut"},"schema":{"@context":"https:\/\/schema.org","@graph":[{"@type":"WebPage","@id":"https:\/\/jetx-player.com\/gameplay-strategies-in-lucky-jet\/","url":"https:\/\/jetx-player.com\/gameplay-strategies-in-lucky-jet\/","name":"\u0421\u0442\u0440\u0430\u0442\u0435\u0433\u0438\u0438 \u0438\u0433\u0440\u044b Lucky Jet \u0432 \u043e\u043d\u043b\u0430\u0439\u043d \u043a\u0430\u0437\u0438\u043d\u043e","isPartOf":{"@id":"https:\/\/jetx-player.com\/#website"},"primaryImageOfPage":{"@id":"https:\/\/jetx-player.com\/gameplay-strategies-in-lucky-jet\/#primaryimage"},"image":{"@id":"https:\/\/jetx-player.com\/gameplay-strategies-in-lucky-jet\/#primaryimage"},"thumbnailUrl":"https:\/\/jetx-player.com\/wp-content\/uploads\/abstract-blue-night-space-cosmos-background-with-nebula-and-shining-star-vector.jpg","datePublished":"2024-02-11T10:15:28+00:00","dateModified":"2024-02-28T20:06:24+00:00","description":"\u0418\u0433\u0440\u0430\u0442\u044c \u0438 \u0432\u044b\u0438\u0433\u0440\u044b\u0432\u0430\u0442\u044c \u0432 \u043a\u0440\u0430\u0448 \u0438\u0433\u0440\u0435 \u041b\u0430\u043a\u0438 \u0414\u0436\u0435\u0442. \u041b\u0443\u0447\u0448\u0438\u0435 \u0441\u0442\u0440\u0430\u0442\u0435\u0433\u0438\u0438 \u0438 \u0442\u0430\u043a\u0442\u0438\u043a\u0438 \u0434\u043b\u044f \u0432\u044b\u0438\u0433\u0440\u044b\u0448\u0430 \u0440\u0435\u0430\u043b\u044c\u043d\u044b\u0445 \u0434\u0435\u043d\u0435\u0433 \u0432 \u043a\u0440\u0430\u0448 \u0438\u0433\u0440\u0435 Lucky Jet. \u0418\u0433\u0440\u0430\u0442\u044c \u0438 \u0432\u044b\u0438\u0433\u0440\u044b\u0432\u0430\u0442\u044c \u0441\u0435\u0439\u0447\u0430\u0441","breadcrumb":{"@id":"https:\/\/jetx-player.com\/gameplay-strategies-in-lucky-jet\/#breadcrumb"},"inLanguage":"pl-PL","potentialAction":[{"@type":"ReadAction","target":["https:\/\/jetx-player.com\/gameplay-strategies-in-lucky-jet\/"]}]},{"@type":"ImageObject","inLanguage":"pl-PL","@id":"https:\/\/jetx-player.com\/gameplay-strategies-in-lucky-jet\/#primaryimage","url":"https:\/\/jetx-player.com\/wp-content\/uploads\/abstract-blue-night-space-cosmos-background-with-nebula-and-shining-star-vector.jpg","contentUrl":"https:\/\/jetx-player.com\/wp-content\/uploads\/abstract-blue-night-space-cosmos-background-with-nebula-and-shining-star-vector.jpg","width":1920,"height":1079},{"@type":"BreadcrumbList","@id":"https:\/\/jetx-player.com\/gameplay-strategies-in-lucky-jet\/#breadcrumb","itemListElement":[{"@type":"ListItem","position":1,"name":"Home","item":"https:\/\/jetx-player.com\/"},{"@type":"ListItem","position":2,"name":"\u0421\u0442\u0440\u0430\u0442\u0435\u0433\u0438\u0438 \u0438\u0433\u0440\u044b \u0432 Lucky Jet"}]},{"@type":"WebSite","@id":"https:\/\/jetx-player.com\/#website","url":"https:\/\/jetx-player.com\/","name":"JetX","description":"Just another WordPress site","publisher":{"@id":"https:\/\/jetx-player.com\/#organization"},"potentialAction":[{"@type":"SearchAction","target":{"@type":"EntryPoint","urlTemplate":"https:\/\/jetx-player.com\/?s={search_term_string}"},"query-input":{"@type":"PropertyValueSpecification","valueRequired":true,"valueName":"search_term_string"}}],"inLanguage":"pl-PL"},{"@type":"Organization","@id":"https:\/\/jetx-player.com\/#organization","name":"JetX","url":"https:\/\/jetx-player.com\/","logo":{"@type":"ImageObject","inLanguage":"pl-PL","@id":"https:\/\/jetx-player.com\/#\/schema\/logo\/image\/","url":"https:\/\/jetx-player.com\/wp-content\/uploads\/lucky-jet-header-e1707648698751.webp","contentUrl":"https:\/\/jetx-player.com\/wp-content\/uploads\/lucky-jet-header-e1707648698751.webp","width":643,"height":178,"caption":"JetX"},"image":{"@id":"https:\/\/jetx-player.com\/#\/schema\/logo\/image\/"}}]}},"_links":{"self":[{"href":"https:\/\/jetx-player.com\/pl\/wp-json\/wp\/v2\/pages\/12","targetHints":{"allow":["GET"]}}],"collection":[{"href":"https:\/\/jetx-player.com\/pl\/wp-json\/wp\/v2\/pages"}],"about":[{"href":"https:\/\/jetx-player.com\/pl\/wp-json\/wp\/v2\/types\/page"}],"author":[{"embeddable":true,"href":"https:\/\/jetx-player.com\/pl\/wp-json\/wp\/v2\/users\/1"}],"replies":[{"embeddable":true,"href":"https:\/\/jetx-player.com\/pl\/wp-json\/wp\/v2\/comments?post=12"}],"version-history":[{"count":25,"href":"https:\/\/jetx-player.com\/pl\/wp-json\/wp\/v2\/pages\/12\/revisions"}],"predecessor-version":[{"id":188,"href":"https:\/\/jetx-player.com\/pl\/wp-json\/wp\/v2\/pages\/12\/revisions\/188"}],"wp:featuredmedia":[{"embeddable":true,"href":"https:\/\/jetx-player.com\/pl\/wp-json\/wp\/v2\/media\/93"}],"wp:attachment":[{"href":"https:\/\/jetx-player.com\/pl\/wp-json\/wp\/v2\/media?parent=12"}],"curies":[{"name":"wp","href":"https:\/\/api.w.org\/{rel}","templated":true}]}}