{"id":10,"date":"2024-02-11T10:14:25","date_gmt":"2024-02-11T10:14:25","guid":{"rendered":"https:\/\/jetx-player.com\/?page_id=10"},"modified":"2024-02-28T20:05:21","modified_gmt":"2024-02-28T20:05:21","slug":"reviews-of-the-lucky-jet-game","status":"publish","type":"page","link":"https:\/\/jetx-player.com\/pl\/reviews-of-the-lucky-jet-game\/","title":{"rendered":"Recenzje gry Lucky Jet"},"content":{"rendered":"<p>Zebrali\u015bmy recenzje i opinie prawdziwych graczy na temat gry Lucky Jet. Czytaj\u0105c te recenzje, lepiej zrozumiesz, jak wygl\u0105da gra i jak dzia\u0142a. Zalecamy zapoznanie si\u0119 z opiniami graczy przed rozpocz\u0119ciem gry w Lucky Jet.<\/p>\n<p><strong>Alexey, 34 lata:<\/strong> \u201eLucky Jet okaza\u0142 si\u0119 dla mnie prawdziwym odkryciem. Ekscytacja ka\u017cdym startem jest nie do opisania, a moment, gdy trzeba podj\u0105\u0107 decyzj\u0119 o wyp\u0142acie, trzyma w napi\u0119ciu. Uda\u0142o mi si\u0119 kilka razy podwoi\u0107 wygrane, ale czasami bierze nade mn\u0105 chciwo\u015b\u0107, i wtedy musz\u0119 zaczyna\u0107 od nowa. No c\u00f3\u017c, to si\u0119 zdarza.\u201d<\/p>\n<p><strong>Marina, 29 lat:<\/strong> \u201eNa pocz\u0105tku my\u015bla\u0142am, \u017ce Lucky Jet b\u0119dzie prosty, ale okaza\u0142o si\u0119, \u017ce bez dobrej strategii nie zajdziesz daleko. Wypr\u00f3bowa\u0142am kilka podej\u015b\u0107 i znalaz\u0142am sw\u00f3j styl gry. To niesamowite, ale wygrane mog\u0105 by\u0107 naprawd\u0119 znaczne, zw\u0142aszcza je\u015bli wiesz, kiedy si\u0119 zatrzyma\u0107. I na razie to najwa\u017cniejsza rzecz, kt\u00f3r\u0105 musz\u0119 si\u0119 nauczy\u0107 &#8211; wiedzie\u0107, kiedy si\u0119 zatrzyma\u0107.\u201d<\/p>\n<p><strong>Dmitry, 42 lata:<\/strong> \u201eGra w Lucky Jet nauczy\u0142a mnie by\u0107 bardziej pow\u015bci\u0105gliwym. Ka\u017cda gra to lekcja samokontroli, poniewa\u017c wa\u017cne jest nie tylko zgadn\u0105\u0107 moment obstawienia, ale tak\u017ce zdecydowa\u0107, kiedy nadszed\u0142 czas na wyp\u0142at\u0119 wygranych. Najlepsza strategia dla mnie to wyznaczenie jasnych limit\u00f3w i trzymanie si\u0119 ich. Sta\u0142em si\u0119 lepszy od kiedy zacz\u0105\u0142em gra\u0107 w Lucky Jet.\u201d<\/p>\n<p><strong>Elena, 25 lat:<\/strong> \u201eLucky Jet przyci\u0105ga mnie mo\u017cliwo\u015bci\u0105 du\u017cych wygranych dzi\u0119ki wysokim mno\u017cnikom. Jednak\u017ce, za ka\u017cdym razem gra przypomina mi, \u017ce wa\u017cne jest, aby wiedzie\u0107, kiedy si\u0119 zatrzyma\u0107. Kilka razy uda\u0142o mi si\u0119 wygra\u0107 znaczne kwoty, ale s\u0105 te\u017c straty, kt\u00f3re przypominaj\u0105 mi o ryzyku. I ryzyko, jak w ka\u017cdej grze ze zderzeniem, jest rzeczywi\u015bcie du\u017ce.\u201d<\/p>\n<p><strong>Igor, 38 lat:<\/strong> \u201ePo dniu w pracy Lucky Jet jest moim sposobem na odpr\u0119\u017cenie. Podoba mi si\u0119, \u017ce gra nie wymaga du\u017co uwagi, ale jednocze\u015bnie oferuje mo\u017cliwo\u015b\u0107 wygranej. Oczywi\u015bcie, nie zawsze ko\u0144cz\u0119 na plusie, ale emocje z gry s\u0105 tego warte. Lubi\u0119 gra\u0107 i b\u0119d\u0119 nadal gra\u0107.\u201d<\/p>\n<p><strong>Victoria, 31 lat:<\/strong> \u201eMoj\u0105 ulubion\u0105 cz\u0119\u015bci\u0105 w Lucky Jet jest poczucie uczciwo\u015bci. W przeciwie\u0144stwie do niekt\u00f3rych innych gier, tutaj wynik wydaje si\u0119 naprawd\u0119 losowy, co sprawia, \u017ce ka\u017cda gra jest ekscytuj\u0105ca. Odk\u0105d zacz\u0105\u0142em gra\u0107, ka\u017cdy m\u00f3j wiecz\u00f3r nie obywa si\u0119 bez kilku start\u00f3w. Co wi\u0119cej, gra ma bardzo urocz\u0105 posta\u0107. Samoloty i rakiety s\u0105 nudne, ale uroczy m\u0142ody cz\u0142owiek z plecakiem to inna historia.\u201d<\/p>\n<p><strong>Nikolay, 45 lat:<\/strong> \u201eGraj\u0105c w Lucky Jet, zauwa\u017cy\u0142em, \u017ce zainteresowanie gr\u0105 nie s\u0142abnie. Za ka\u017cdym razem, gdy wchodz\u0119 do gry, czuj\u0119 ekscytacj\u0119, a ten uczucie nap\u0119dza moje pragnienie grania raz po raz. Wygrane i straty si\u0119 zmieniaj\u0105, ale dreszcz emocji pozostaje. To gra godna uwagi ka\u017cdego gracza.\u201d<\/p>\n<p><strong>Anna, 27 lat:<\/strong> \u201eW Lucky Jet wypr\u00f3bowa\u0142am r\u00f3\u017cne strategie, od konserwatywnych do bardziej ryzykownych. Co ciekawe, niekt\u00f3re naprawd\u0119 pomagaj\u0105 zwi\u0119kszy\u0107 szanse na sukces. Najwa\u017cniejsze to kontrola emocji i umiej\u0119tno\u015b\u0107 zatrzymania si\u0119 przed utrat\u0105 obstawionego zak\u0142adu. Jednak\u017ce, jest to kluczowe wymaganie dla ka\u017cdej gry ze zderzeniem.\u201d<\/p>\n<p><strong>Sergey, 50 lat:<\/strong> \u201ePodoba mi si\u0119, \u017ce w Lucky Jet sam kontrolujesz gr\u0119. Decyzja, kiedy zg\u0142osi\u0107 wygrane, dodaje strategii i psychologii. By\u0142y ju\u017c du\u017ce wygrane, ale straty sprawiaj\u0105, \u017ce jeste\u015b ostro\u017cniejszy. Og\u00f3lnie gra pozostawia dobre wra\u017cenie.\u201d<\/p>\n<p><strong>Olga, 22 lata:<\/strong> \u201eDla mnie Lucky Jet sta\u0142 si\u0119 bram\u0105 do \u015bwiata hazardu. Prostota zasad po\u0142\u0105czona z nieprzewidywalno\u015bci\u0105 wyniku sprawia, \u017ce ka\u017cda gra jest wyj\u0105tkowa. Jak dot\u0105d, szcz\u0119\u015bcie nie zawsze jest po mojej stronie, ale ucz\u0119 si\u0119 zarz\u0105dza\u0107 ryzykiem. Ale zalety przewa\u017caj\u0105 nad ryzykiem.\u201d<\/p>\n<p><strong>Artyom, 35 lat:<\/strong> \u201eTo niesamowite, ale w Lucky Jet cz\u0119sto udaje mi si\u0119 wygrywa\u0107. Kluczem do sukcesu, moim zdaniem, le\u017cy w w\u0142a\u015bciwym roz\u0142o\u017ceniu zak\u0142ad\u00f3w i wiedzy, kiedy zatrzyma\u0107 si\u0119 w odpowiednim momencie. Ta gra nauczy\u0142a mnie docenia\u0107 ka\u017cd\u0105 wygran\u0105. I wygrywanie w grze jest mo\u017cliwe. Gra pozwala ci wygra\u0107.\u201d<\/p>\n<p><strong>Tatyana, 40 lat:<\/strong> \u201eLucky Jet to nie tylko test szcz\u0119\u015bcia, ale tak\u017ce test wytrzyma\u0142o\u015bci. Graj\u0105c, lepiej zrozumia\u0142am, jak wa\u017cne jest umiej\u0119tne kontrolowanie swoich pragnie\u0144 i emocji. Wygrane przychodz\u0105 i odchodz\u0105, ale dreszcz emocji i ekscytacja pozostaj\u0105. Gra w Lucky Jet daje doskona\u0142e uczucie. Bardzo orze\u017awiaj\u0105ca gra.\u201d<\/p>\n<p><strong>Mikhail, 28 lat:<\/strong> \u201eStosuj\u0105c strategi\u0119 Martingale w Lucky Jet, uda\u0142o mi si\u0119 kilka razy z rz\u0119du wygra\u0107. To potwierdza, \u017ce przy w\u0142a\u015bciwym podej\u015bciu i odrobinie szcz\u0119\u015bcia mo\u017cna osi\u0105gn\u0105\u0107 sukces. Ale wa\u017cne jest pami\u0119tanie o ryzyku i nie nadu\u017cywaniu tej strategii. Jestem got\u00f3w gra\u0107 w Lucky Jet wieczorami i naprawd\u0119 ciesz\u0119 si\u0119 z gry.\u201d<\/p>\n<p><strong>Larisa, 33 lata:<\/strong> \u201eKa\u017cda gra w Lucky Jet to nowa przygoda. Nieprzewidywalno\u015b\u0107 wynik\u00f3w sprawia, \u017ce ka\u017cdy start jest wyj\u0105tkowy, i to mnie przyci\u0105ga. Pomimo strat, emocje ze zwyci\u0119stw s\u0105 bezcenne. Wysoko ceni\u0119 sobie kasyno 1win i gr\u0119 w Lucky Jet.\u201d<\/p>\n<p><strong>Georgiy, 36 lat:<\/strong> \u201eLucky Jet pom\u00f3g\u0142 mi rozwija\u0107 intuicj\u0119 i nauczy\u0142 strategicznego my\u015blenia. W grze wa\u017cne jest nie tylko mie\u0107 szcz\u0119\u015bcie, ale tak\u017ce umie\u0107 analizowa\u0107 sytuacj\u0119. Wygrane dodaj\u0105 pewno\u015bci siebie, a straty do\u015bwiadczenia. Lubi\u0119 gr\u0119 w Lucky Jet.\u201d<\/p>\n","protected":false},"excerpt":{"rendered":"<p>Zebrali\u015bmy recenzje i opinie prawdziwych graczy na temat gry Lucky Jet. Czytaj\u0105c te recenzje, lepiej zrozumiesz, jak wygl\u0105da gra i jak dzia\u0142a. Zalecamy zapoznanie si\u0119 [&hellip;]<\/p>\n","protected":false},"author":1,"featured_media":93,"parent":0,"menu_order":0,"comment_status":"closed","ping_status":"closed","template":"","meta":{"footnotes":"","_links_to":"","_links_to_target":""},"class_list":["post-10","page","type-page","status-publish","has-post-thumbnail","hentry"],"yoast_head":"<!-- This site is optimized with the Yoast SEO plugin v27.2 - https:\/\/yoast.com\/product\/yoast-seo-wordpress\/ -->\n<title>\u041e\u0442\u0437\u044b\u0432\u044b \u0438 \u043e\u0431\u0437\u043e\u0440\u044b \u0440\u0435\u0430\u043b\u044c\u043d\u044b\u0445 \u0438\u0433\u0440\u043e\u043a\u043e\u0432 \u043e\u0431 \u0438\u0433\u0440\u0435 Lucky Jet<\/title>\n<meta name=\"description\" content=\"Zebrali\u015bmy recenzje, opinie i przegl\u0105dy graczy Lucky Jet na temat gry. Wszystko, co chcia\u0142e\u015b wiedzie\u0107 o grze Lucky Jet i jak inni gracze w ni\u0105 graj\u0105.\" \/>\n<meta name=\"robots\" content=\"index, follow, max-snippet:-1, max-image-preview:large, max-video-preview:-1\" \/>\n<link rel=\"canonical\" href=\"https:\/\/jetx-player.com\/pl\/reviews-of-the-lucky-jet-game\/\" \/>\n<meta property=\"og:locale\" content=\"pl_PL\" \/>\n<meta property=\"og:locale:alternate\" content=\"ru_RU\" \/>\n<meta property=\"og:locale:alternate\" content=\"en_US\" \/>\n<meta property=\"og:locale:alternate\" content=\"pt_PT\" \/>\n<meta property=\"og:locale:alternate\" content=\"es_ES\" \/>\n<meta property=\"og:locale:alternate\" content=\"ro_RO\" \/>\n<meta property=\"og:locale:alternate\" content=\"sr_RS\" \/>\n<meta property=\"og:locale:alternate\" content=\"bg_BG\" \/>\n<meta property=\"og:locale:alternate\" content=\"it_IT\" \/>\n<meta property=\"og:locale:alternate\" content=\"fr_FR\" \/>\n<meta property=\"og:type\" content=\"article\" \/>\n<meta property=\"og:title\" content=\"\u041e\u0442\u0437\u044b\u0432\u044b \u0438 \u043e\u0431\u0437\u043e\u0440\u044b \u0440\u0435\u0430\u043b\u044c\u043d\u044b\u0445 \u0438\u0433\u0440\u043e\u043a\u043e\u0432 \u043e\u0431 \u0438\u0433\u0440\u0435 Lucky Jet\" \/>\n<meta property=\"og:description\" content=\"\u041c\u044b \u0441\u043e\u0431\u0440\u0430\u043b\u0438 \u043e\u0442\u0437\u044b\u0432\u044b, \u043c\u043d\u0435\u043d\u0438\u044f \u0438 \u043e\u0431\u0437\u043e\u0440\u044b \u0438\u0433\u0440\u043e\u043a\u043e\u0432 Lucky Jet \u043e\u0431 \u0438\u0433\u0440\u0435. \u0412\u0441\u0435, \u0447\u0442\u043e \u0432\u044b \u0445\u043e\u0442\u0435\u043b\u0438 \u0443\u0437\u043d\u0430\u0442\u044c \u043e\u0431 \u0438\u0433\u0440\u0435 Lucky Jet \u0438 \u043a\u0430\u043a \u0432 \u043d\u0435\u0435 \u0438\u0433\u0440\u0430\u044e\u0442 \u0434\u0440\u0443\u0433\u0438\u0435 \u0438\u0433\u0440\u043e\u043a\u0438\" \/>\n<meta property=\"og:url\" content=\"https:\/\/jetx-player.com\/pl\/reviews-of-the-lucky-jet-game\/\" \/>\n<meta property=\"og:site_name\" content=\"JetX\" \/>\n<meta property=\"article:modified_time\" content=\"2024-02-28T20:05:21+00:00\" \/>\n<meta property=\"og:image\" content=\"https:\/\/jetx-player.com\/wp-content\/uploads\/abstract-blue-night-space-cosmos-background-with-nebula-and-shining-star-vector.jpg\" \/>\n\t<meta property=\"og:image:width\" content=\"1920\" \/>\n\t<meta property=\"og:image:height\" content=\"1079\" \/>\n\t<meta property=\"og:image:type\" content=\"image\/jpeg\" \/>\n<meta name=\"twitter:card\" content=\"summary_large_image\" \/>\n<meta name=\"twitter:label1\" content=\"Szacowany czas czytania\" \/>\n\t<meta name=\"twitter:data1\" content=\"33 minuty\" \/>\n<script type=\"application\/ld+json\" class=\"yoast-schema-graph\">{\"@context\":\"https:\/\/schema.org\",\"@graph\":[{\"@type\":\"WebPage\",\"@id\":\"https:\/\/jetx-player.com\/reviews-of-the-lucky-jet-game\/\",\"url\":\"https:\/\/jetx-player.com\/reviews-of-the-lucky-jet-game\/\",\"name\":\"\u041e\u0442\u0437\u044b\u0432\u044b \u0438 \u043e\u0431\u0437\u043e\u0440\u044b \u0440\u0435\u0430\u043b\u044c\u043d\u044b\u0445 \u0438\u0433\u0440\u043e\u043a\u043e\u0432 \u043e\u0431 \u0438\u0433\u0440\u0435 Lucky Jet\",\"isPartOf\":{\"@id\":\"https:\/\/jetx-player.com\/#website\"},\"primaryImageOfPage\":{\"@id\":\"https:\/\/jetx-player.com\/reviews-of-the-lucky-jet-game\/#primaryimage\"},\"image\":{\"@id\":\"https:\/\/jetx-player.com\/reviews-of-the-lucky-jet-game\/#primaryimage\"},\"thumbnailUrl\":\"https:\/\/jetx-player.com\/wp-content\/uploads\/abstract-blue-night-space-cosmos-background-with-nebula-and-shining-star-vector.jpg\",\"datePublished\":\"2024-02-11T10:14:25+00:00\",\"dateModified\":\"2024-02-28T20:05:21+00:00\",\"description\":\"\u041c\u044b \u0441\u043e\u0431\u0440\u0430\u043b\u0438 \u043e\u0442\u0437\u044b\u0432\u044b, \u043c\u043d\u0435\u043d\u0438\u044f \u0438 \u043e\u0431\u0437\u043e\u0440\u044b \u0438\u0433\u0440\u043e\u043a\u043e\u0432 Lucky Jet \u043e\u0431 \u0438\u0433\u0440\u0435. \u0412\u0441\u0435, \u0447\u0442\u043e \u0432\u044b \u0445\u043e\u0442\u0435\u043b\u0438 \u0443\u0437\u043d\u0430\u0442\u044c \u043e\u0431 \u0438\u0433\u0440\u0435 Lucky Jet \u0438 \u043a\u0430\u043a \u0432 \u043d\u0435\u0435 \u0438\u0433\u0440\u0430\u044e\u0442 \u0434\u0440\u0443\u0433\u0438\u0435 \u0438\u0433\u0440\u043e\u043a\u0438\",\"breadcrumb\":{\"@id\":\"https:\/\/jetx-player.com\/reviews-of-the-lucky-jet-game\/#breadcrumb\"},\"inLanguage\":\"pl-PL\",\"potentialAction\":[{\"@type\":\"ReadAction\",\"target\":[\"https:\/\/jetx-player.com\/reviews-of-the-lucky-jet-game\/\"]}]},{\"@type\":\"ImageObject\",\"inLanguage\":\"pl-PL\",\"@id\":\"https:\/\/jetx-player.com\/reviews-of-the-lucky-jet-game\/#primaryimage\",\"url\":\"https:\/\/jetx-player.com\/wp-content\/uploads\/abstract-blue-night-space-cosmos-background-with-nebula-and-shining-star-vector.jpg\",\"contentUrl\":\"https:\/\/jetx-player.com\/wp-content\/uploads\/abstract-blue-night-space-cosmos-background-with-nebula-and-shining-star-vector.jpg\",\"width\":1920,\"height\":1079},{\"@type\":\"BreadcrumbList\",\"@id\":\"https:\/\/jetx-player.com\/reviews-of-the-lucky-jet-game\/#breadcrumb\",\"itemListElement\":[{\"@type\":\"ListItem\",\"position\":1,\"name\":\"Home\",\"item\":\"https:\/\/jetx-player.com\/\"},{\"@type\":\"ListItem\",\"position\":2,\"name\":\"\u041e\u0442\u0437\u044b\u0432\u044b \u043e\u0431 \u0438\u0433\u0440\u0435 Lucky Jet\"}]},{\"@type\":\"WebSite\",\"@id\":\"https:\/\/jetx-player.com\/#website\",\"url\":\"https:\/\/jetx-player.com\/\",\"name\":\"JetX\",\"description\":\"Just another WordPress site\",\"publisher\":{\"@id\":\"https:\/\/jetx-player.com\/#organization\"},\"potentialAction\":[{\"@type\":\"SearchAction\",\"target\":{\"@type\":\"EntryPoint\",\"urlTemplate\":\"https:\/\/jetx-player.com\/?s={search_term_string}\"},\"query-input\":{\"@type\":\"PropertyValueSpecification\",\"valueRequired\":true,\"valueName\":\"search_term_string\"}}],\"inLanguage\":\"pl-PL\"},{\"@type\":\"Organization\",\"@id\":\"https:\/\/jetx-player.com\/#organization\",\"name\":\"JetX\",\"url\":\"https:\/\/jetx-player.com\/\",\"logo\":{\"@type\":\"ImageObject\",\"inLanguage\":\"pl-PL\",\"@id\":\"https:\/\/jetx-player.com\/#\/schema\/logo\/image\/\",\"url\":\"https:\/\/jetx-player.com\/wp-content\/uploads\/lucky-jet-header-e1707648698751.webp\",\"contentUrl\":\"https:\/\/jetx-player.com\/wp-content\/uploads\/lucky-jet-header-e1707648698751.webp\",\"width\":643,\"height\":178,\"caption\":\"JetX\"},\"image\":{\"@id\":\"https:\/\/jetx-player.com\/#\/schema\/logo\/image\/\"}}]}<\/script>\n<!-- \/ Yoast SEO plugin. -->","yoast_head_json":{"title":"\u041e\u0442\u0437\u044b\u0432\u044b \u0438 \u043e\u0431\u0437\u043e\u0440\u044b \u0440\u0435\u0430\u043b\u044c\u043d\u044b\u0445 \u0438\u0433\u0440\u043e\u043a\u043e\u0432 \u043e\u0431 \u0438\u0433\u0440\u0435 Lucky Jet","description":"Zebrali\u015bmy recenzje, opinie i przegl\u0105dy graczy Lucky Jet na temat gry. Wszystko, co chcia\u0142e\u015b wiedzie\u0107 o grze Lucky Jet i jak inni gracze w ni\u0105 graj\u0105.","robots":{"index":"index","follow":"follow","max-snippet":"max-snippet:-1","max-image-preview":"max-image-preview:large","max-video-preview":"max-video-preview:-1"},"canonical":"https:\/\/jetx-player.com\/pl\/reviews-of-the-lucky-jet-game\/","og_locale":"pl_PL","og_type":"article","og_title":"\u041e\u0442\u0437\u044b\u0432\u044b \u0438 \u043e\u0431\u0437\u043e\u0440\u044b \u0440\u0435\u0430\u043b\u044c\u043d\u044b\u0445 \u0438\u0433\u0440\u043e\u043a\u043e\u0432 \u043e\u0431 \u0438\u0433\u0440\u0435 Lucky Jet","og_description":"\u041c\u044b \u0441\u043e\u0431\u0440\u0430\u043b\u0438 \u043e\u0442\u0437\u044b\u0432\u044b, \u043c\u043d\u0435\u043d\u0438\u044f \u0438 \u043e\u0431\u0437\u043e\u0440\u044b \u0438\u0433\u0440\u043e\u043a\u043e\u0432 Lucky Jet \u043e\u0431 \u0438\u0433\u0440\u0435. \u0412\u0441\u0435, \u0447\u0442\u043e \u0432\u044b \u0445\u043e\u0442\u0435\u043b\u0438 \u0443\u0437\u043d\u0430\u0442\u044c \u043e\u0431 \u0438\u0433\u0440\u0435 Lucky Jet \u0438 \u043a\u0430\u043a \u0432 \u043d\u0435\u0435 \u0438\u0433\u0440\u0430\u044e\u0442 \u0434\u0440\u0443\u0433\u0438\u0435 \u0438\u0433\u0440\u043e\u043a\u0438","og_url":"https:\/\/jetx-player.com\/pl\/reviews-of-the-lucky-jet-game\/","og_site_name":"JetX","article_modified_time":"2024-02-28T20:05:21+00:00","og_image":[{"width":1920,"height":1079,"url":"https:\/\/jetx-player.com\/wp-content\/uploads\/abstract-blue-night-space-cosmos-background-with-nebula-and-shining-star-vector.jpg","type":"image\/jpeg"}],"twitter_card":"summary_large_image","twitter_misc":{"Szacowany czas czytania":"33 minuty"},"schema":{"@context":"https:\/\/schema.org","@graph":[{"@type":"WebPage","@id":"https:\/\/jetx-player.com\/reviews-of-the-lucky-jet-game\/","url":"https:\/\/jetx-player.com\/reviews-of-the-lucky-jet-game\/","name":"\u041e\u0442\u0437\u044b\u0432\u044b \u0438 \u043e\u0431\u0437\u043e\u0440\u044b \u0440\u0435\u0430\u043b\u044c\u043d\u044b\u0445 \u0438\u0433\u0440\u043e\u043a\u043e\u0432 \u043e\u0431 \u0438\u0433\u0440\u0435 Lucky Jet","isPartOf":{"@id":"https:\/\/jetx-player.com\/#website"},"primaryImageOfPage":{"@id":"https:\/\/jetx-player.com\/reviews-of-the-lucky-jet-game\/#primaryimage"},"image":{"@id":"https:\/\/jetx-player.com\/reviews-of-the-lucky-jet-game\/#primaryimage"},"thumbnailUrl":"https:\/\/jetx-player.com\/wp-content\/uploads\/abstract-blue-night-space-cosmos-background-with-nebula-and-shining-star-vector.jpg","datePublished":"2024-02-11T10:14:25+00:00","dateModified":"2024-02-28T20:05:21+00:00","description":"\u041c\u044b \u0441\u043e\u0431\u0440\u0430\u043b\u0438 \u043e\u0442\u0437\u044b\u0432\u044b, \u043c\u043d\u0435\u043d\u0438\u044f \u0438 \u043e\u0431\u0437\u043e\u0440\u044b \u0438\u0433\u0440\u043e\u043a\u043e\u0432 Lucky Jet \u043e\u0431 \u0438\u0433\u0440\u0435. \u0412\u0441\u0435, \u0447\u0442\u043e \u0432\u044b \u0445\u043e\u0442\u0435\u043b\u0438 \u0443\u0437\u043d\u0430\u0442\u044c \u043e\u0431 \u0438\u0433\u0440\u0435 Lucky Jet \u0438 \u043a\u0430\u043a \u0432 \u043d\u0435\u0435 \u0438\u0433\u0440\u0430\u044e\u0442 \u0434\u0440\u0443\u0433\u0438\u0435 \u0438\u0433\u0440\u043e\u043a\u0438","breadcrumb":{"@id":"https:\/\/jetx-player.com\/reviews-of-the-lucky-jet-game\/#breadcrumb"},"inLanguage":"pl-PL","potentialAction":[{"@type":"ReadAction","target":["https:\/\/jetx-player.com\/reviews-of-the-lucky-jet-game\/"]}]},{"@type":"ImageObject","inLanguage":"pl-PL","@id":"https:\/\/jetx-player.com\/reviews-of-the-lucky-jet-game\/#primaryimage","url":"https:\/\/jetx-player.com\/wp-content\/uploads\/abstract-blue-night-space-cosmos-background-with-nebula-and-shining-star-vector.jpg","contentUrl":"https:\/\/jetx-player.com\/wp-content\/uploads\/abstract-blue-night-space-cosmos-background-with-nebula-and-shining-star-vector.jpg","width":1920,"height":1079},{"@type":"BreadcrumbList","@id":"https:\/\/jetx-player.com\/reviews-of-the-lucky-jet-game\/#breadcrumb","itemListElement":[{"@type":"ListItem","position":1,"name":"Home","item":"https:\/\/jetx-player.com\/"},{"@type":"ListItem","position":2,"name":"\u041e\u0442\u0437\u044b\u0432\u044b \u043e\u0431 \u0438\u0433\u0440\u0435 Lucky Jet"}]},{"@type":"WebSite","@id":"https:\/\/jetx-player.com\/#website","url":"https:\/\/jetx-player.com\/","name":"JetX","description":"Just another WordPress site","publisher":{"@id":"https:\/\/jetx-player.com\/#organization"},"potentialAction":[{"@type":"SearchAction","target":{"@type":"EntryPoint","urlTemplate":"https:\/\/jetx-player.com\/?s={search_term_string}"},"query-input":{"@type":"PropertyValueSpecification","valueRequired":true,"valueName":"search_term_string"}}],"inLanguage":"pl-PL"},{"@type":"Organization","@id":"https:\/\/jetx-player.com\/#organization","name":"JetX","url":"https:\/\/jetx-player.com\/","logo":{"@type":"ImageObject","inLanguage":"pl-PL","@id":"https:\/\/jetx-player.com\/#\/schema\/logo\/image\/","url":"https:\/\/jetx-player.com\/wp-content\/uploads\/lucky-jet-header-e1707648698751.webp","contentUrl":"https:\/\/jetx-player.com\/wp-content\/uploads\/lucky-jet-header-e1707648698751.webp","width":643,"height":178,"caption":"JetX"},"image":{"@id":"https:\/\/jetx-player.com\/#\/schema\/logo\/image\/"}}]}},"_links":{"self":[{"href":"https:\/\/jetx-player.com\/pl\/wp-json\/wp\/v2\/pages\/10","targetHints":{"allow":["GET"]}}],"collection":[{"href":"https:\/\/jetx-player.com\/pl\/wp-json\/wp\/v2\/pages"}],"about":[{"href":"https:\/\/jetx-player.com\/pl\/wp-json\/wp\/v2\/types\/page"}],"author":[{"embeddable":true,"href":"https:\/\/jetx-player.com\/pl\/wp-json\/wp\/v2\/users\/1"}],"replies":[{"embeddable":true,"href":"https:\/\/jetx-player.com\/pl\/wp-json\/wp\/v2\/comments?post=10"}],"version-history":[{"count":24,"href":"https:\/\/jetx-player.com\/pl\/wp-json\/wp\/v2\/pages\/10\/revisions"}],"predecessor-version":[{"id":187,"href":"https:\/\/jetx-player.com\/pl\/wp-json\/wp\/v2\/pages\/10\/revisions\/187"}],"wp:featuredmedia":[{"embeddable":true,"href":"https:\/\/jetx-player.com\/pl\/wp-json\/wp\/v2\/media\/93"}],"wp:attachment":[{"href":"https:\/\/jetx-player.com\/pl\/wp-json\/wp\/v2\/media?parent=10"}],"curies":[{"name":"wp","href":"https:\/\/api.w.org\/{rel}","templated":true}]}}