{"id":6,"date":"2024-02-11T10:10:31","date_gmt":"2024-02-11T10:10:31","guid":{"rendered":"https:\/\/jetx-player.com\/?page_id=6"},"modified":"2024-02-28T20:04:10","modified_gmt":"2024-02-28T20:04:10","slug":"play-lucky-jet","status":"publish","type":"page","link":"https:\/\/jetx-player.com\/it\/","title":{"rendered":"Gioca a Lucky Jet"},"content":{"rendered":"<p>Il gioco Lucky Jet \u00e8 unico nel mercato del gioco d&#8217;azzardo. La sua unicit\u00e0 sta nel fatto che \u00e8 uno dei pochi giochi d&#8217;azzardo in cui i giocatori possono verificare l&#8217;equit\u00e0 del gioco.<\/p>\n<p>Nel gioco Lucky Jet, i giocatori piazzano scommesse su quanto alto Lucky Joe voler\u00e0. Perch\u00e9 pi\u00f9 a lungo dura il volo, pi\u00f9 alto \u00e8 il coefficiente e quindi maggiori sono le potenziali vincite. Ma se Lucky Joe vola via e non riesci a incassare la tua scommessa in tempo, la scommessa \u00e8 persa e i soldi vanno persi.<\/p>\n<p>Il gioco Lucky Jet ha guadagnato popolarit\u00e0 grazie alla sua semplicit\u00e0, al gameplay emozionante e alla possibilit\u00e0 per i giocatori di controllare il momento in cui reclamano le loro vincite. Questo crea un elemento di strategia poich\u00e9 i giocatori devono decidere quando \u00e8 il momento migliore per reclamare le loro vincite prima che l&#8217;oggetto voli via.<\/p>\n<h2><strong>Come si gioca a Lucky Jet?<\/strong><\/h2>\n<p>Il gioco si svolge in tempo reale. Il tuo compito \u00e8 quello di piazzare una scommessa e guardare mentre Lucky Joe inizia il suo volo. Pi\u00f9 alto sale, maggiori sono le tue potenziali vincite. Ma ricorda: devi incassare le tue vincite prima che Lucky Jet voli via! La tua intuizione e la tua capacit\u00e0 di prevedere il momento perfetto per fermarti sono la chiave del successo.<\/p>\n<h2><strong>Caratteristiche del gioco Lucky Jet:<\/strong><\/h2>\n<ul>\n<li><strong>Ricompense istantanee:<\/strong> le vincite vengono pagate istantaneamente e puoi usarle immediatamente per ulteriori giochi o prelevarle sul tuo conto. Il prelievo di denaro da un casin\u00f2 online alla tua carta di credito pu\u00f2 richiedere del tempo, a seconda della banca, del paese e della valuta.<\/li>\n<li><strong>Semplicit\u00e0 e convenienza:<\/strong> il gioco \u00e8 facile da imparare per i principianti, offrendo allo stesso tempo opportunit\u00e0 strategiche profonde per i giocatori esperti. \u00c8 un gioco di crash molto chiaro e attraente.<\/li>\n<li><strong>Comunicazione con altri giocatori:<\/strong> Chatta con altri giocatori, condividi strategie e rallegrati insieme ai vincitori. Ma ricorda di rispettare gli altri giocatori, poich\u00e9 qualsiasi negativit\u00e0 sar\u00e0 rapidamente bloccata dagli amministratori della chat.<\/li>\n<li><strong>Sicurezza ed equit\u00e0:<\/strong> Garantiamo completa trasparenza e correttezza del gioco, grazie a un generatore di numeri casuali certificato. Puoi essere certo dell&#8217;equit\u00e0 del gioco Lucky Jet. Sul sito web, troverai una sezione separata sull&#8217;equit\u00e0 del gioco Lucky Jet.<\/li>\n<\/ul>\n<h2><strong>Perch\u00e9 giocare a Lucky Jet?<\/strong><\/h2>\n<p>Lucky Jet non \u00e8 solo un gioco. \u00c8 un&#8217;opportunit\u00e0 per testare la tua fortuna, sentire l&#8217;emozione del rischio e forse vincere una grande somma di denaro. Che tu faccia piccole scommesse o sia pronto a correre un grande rischio, ogni volo di Lucky Jet promette di essere ricco di emozioni ed eccitazione. \u00c8 veramente un gioco rivoluzionario che \u00e8 diventato popolare in vari paesi del mondo.<\/p>\n<h2><strong>Autobet e Autowithdrawal<\/strong><\/h2>\n<p>La funzione di autobet pu\u00f2 essere attivata sul pannello di gioco. Basta spuntare la casella accanto alla funzione corrispondente. In questo caso, \u00e8 sufficiente impostare l&#8217;importo della scommessa e il numero di round. Tuttavia, il prelievo delle vincite deve comunque essere effettuato manualmente.<\/p>\n<p>Un&#8217;altra utile funzionalit\u00e0 \u00e8 l&#8217;autowithdrawal. In questo caso, si imposta il valore del coefficiente e non appena il coefficiente raggiunge il valore corrispondente, l&#8217;autowithdrawal funzioner\u00e0. Tuttavia, se il giovane con lo zaino vola via prima, la scommessa sar\u00e0 persa e il prelievo automatico sar\u00e0 impossibile.<\/p>\n<h2><strong>Chat di gioco<\/strong><\/h2>\n<p>L&#8217;interfaccia di gioco include una chat di gioco. Nell&#8217;interfaccia di gioco, vedrai una tale funzione sul lato destro. La chat \u00e8 progettata per comunicare con gli altri giocatori. Questo offre un&#8217;eccellente opportunit\u00e0 per scambiare esperienze, oltre che la possibilit\u00e0 di tenere traccia dei risultati degli altri giocatori, poich\u00e9 i risultati del round appaiono automaticamente nella chat.<\/p>\n<p>Ma ricorda che \u00e8 vietato pubblicare collegamenti ad altri siti nella chat. \u00c8 vietato pubblicizzare i tuoi servizi, e vedrai tentativi di pubblicizzare le previsioni dei risultati dei round. Inoltre, non dimenticare le regole della cortesia quando comunichi con gli altri giocatori nella chat, poich\u00e9 nell&#8217;impeto delle emozioni, \u00e8 cos\u00ec facile dimenticare le regole del decoro.<\/p>\n","protected":false},"excerpt":{"rendered":"<p>Il gioco Lucky Jet \u00e8 unico nel mercato del gioco d&#8217;azzardo. La sua unicit\u00e0 sta nel fatto che \u00e8 uno dei pochi giochi d&#8217;azzardo in [&hellip;]<\/p>\n","protected":false},"author":1,"featured_media":0,"parent":0,"menu_order":0,"comment_status":"closed","ping_status":"closed","template":"","meta":{"footnotes":"","_links_to":"","_links_to_target":""},"class_list":["post-6","page","type-page","status-publish","hentry"],"yoast_head":"<!-- This site is optimized with the Yoast SEO plugin v27.2 - https:\/\/yoast.com\/product\/yoast-seo-wordpress\/ -->\n<title>\u0418\u0433\u0440\u0430\u0442\u044c \u0432 Lucky Jet \u043d\u0430 \u0440\u0435\u0430\u043b\u044c\u043d\u044b\u0435 \u0434\u0435\u043d\u044c\u0433\u0438 \u0432 \u043e\u043d\u043b\u0430\u0439\u043d \u043a\u0430\u0437\u0438\u043d\u043e<\/title>\n<meta name=\"description\" content=\"Gioca e vinci nel gioco crash Lucky Jet presso il casin\u00f2 online 1win. Vinci soldi veri nella slot online Lucky Jet.\" \/>\n<meta name=\"robots\" content=\"index, follow, max-snippet:-1, max-image-preview:large, max-video-preview:-1\" \/>\n<link rel=\"canonical\" href=\"https:\/\/jetx-player.com\/it\/\" \/>\n<meta property=\"og:locale\" content=\"it_IT\" \/>\n<meta property=\"og:locale:alternate\" content=\"ru_RU\" \/>\n<meta property=\"og:locale:alternate\" content=\"en_US\" \/>\n<meta property=\"og:locale:alternate\" content=\"pt_PT\" \/>\n<meta property=\"og:locale:alternate\" content=\"es_ES\" \/>\n<meta property=\"og:locale:alternate\" content=\"ro_RO\" \/>\n<meta property=\"og:locale:alternate\" content=\"sr_RS\" \/>\n<meta property=\"og:locale:alternate\" content=\"bg_BG\" \/>\n<meta property=\"og:locale:alternate\" content=\"pl_PL\" \/>\n<meta property=\"og:locale:alternate\" content=\"fr_FR\" \/>\n<meta property=\"og:type\" content=\"article\" \/>\n<meta property=\"og:title\" content=\"\u0418\u0433\u0440\u0430\u0442\u044c \u0432 Lucky Jet \u043d\u0430 \u0440\u0435\u0430\u043b\u044c\u043d\u044b\u0435 \u0434\u0435\u043d\u044c\u0433\u0438 \u0432 \u043e\u043d\u043b\u0430\u0439\u043d \u043a\u0430\u0437\u0438\u043d\u043e\" \/>\n<meta property=\"og:description\" content=\"\u0418\u0433\u0440\u0430\u0442\u044c \u0438 \u043f\u043e\u0431\u0435\u0436\u0434\u0430\u0442\u044c \u0432 \u043a\u0440\u0430\u0448 \u0438\u0433\u0440\u0435 Lucky Jet \u0432 \u043e\u043d\u043b\u0430\u0439\u043d \u043a\u0430\u0437\u0438\u043d\u043e 1win. \u0412\u044b\u0438\u0433\u0440\u044b\u0432\u0430\u0442\u044c \u043d\u0430\u0441\u0442\u043e\u044f\u0449\u0438\u0435 \u0434\u0435\u043d\u044c\u0433\u0438 \u0432 \u043e\u043d\u043b\u0430\u0439\u043d \u0441\u043b\u043e\u0442\u0435 Lucky Jet\" \/>\n<meta property=\"og:url\" content=\"https:\/\/jetx-player.com\/it\/\" \/>\n<meta property=\"og:site_name\" content=\"JetX\" \/>\n<meta property=\"article:modified_time\" content=\"2024-02-28T20:04:10+00:00\" \/>\n<meta name=\"twitter:card\" content=\"summary_large_image\" \/>\n<meta name=\"twitter:label1\" content=\"Tempo di lettura stimato\" \/>\n\t<meta name=\"twitter:data1\" content=\"24 minuti\" \/>\n<script type=\"application\/ld+json\" class=\"yoast-schema-graph\">{\"@context\":\"https:\/\/schema.org\",\"@graph\":[{\"@type\":\"WebPage\",\"@id\":\"https:\/\/jetx-player.com\/\",\"url\":\"https:\/\/jetx-player.com\/\",\"name\":\"\u0418\u0433\u0440\u0430\u0442\u044c \u0432 Lucky Jet \u043d\u0430 \u0440\u0435\u0430\u043b\u044c\u043d\u044b\u0435 \u0434\u0435\u043d\u044c\u0433\u0438 \u0432 \u043e\u043d\u043b\u0430\u0439\u043d \u043a\u0430\u0437\u0438\u043d\u043e\",\"isPartOf\":{\"@id\":\"https:\/\/jetx-player.com\/#website\"},\"datePublished\":\"2024-02-11T10:10:31+00:00\",\"dateModified\":\"2024-02-28T20:04:10+00:00\",\"description\":\"\u0418\u0433\u0440\u0430\u0442\u044c \u0438 \u043f\u043e\u0431\u0435\u0436\u0434\u0430\u0442\u044c \u0432 \u043a\u0440\u0430\u0448 \u0438\u0433\u0440\u0435 Lucky Jet \u0432 \u043e\u043d\u043b\u0430\u0439\u043d \u043a\u0430\u0437\u0438\u043d\u043e 1win. \u0412\u044b\u0438\u0433\u0440\u044b\u0432\u0430\u0442\u044c \u043d\u0430\u0441\u0442\u043e\u044f\u0449\u0438\u0435 \u0434\u0435\u043d\u044c\u0433\u0438 \u0432 \u043e\u043d\u043b\u0430\u0439\u043d \u0441\u043b\u043e\u0442\u0435 Lucky Jet\",\"breadcrumb\":{\"@id\":\"https:\/\/jetx-player.com\/#breadcrumb\"},\"inLanguage\":\"it-IT\",\"potentialAction\":[{\"@type\":\"ReadAction\",\"target\":[\"https:\/\/jetx-player.com\/\"]}]},{\"@type\":\"BreadcrumbList\",\"@id\":\"https:\/\/jetx-player.com\/#breadcrumb\",\"itemListElement\":[{\"@type\":\"ListItem\",\"position\":1,\"name\":\"Home\",\"item\":\"https:\/\/jetx-player.com\/\"},{\"@type\":\"ListItem\",\"position\":2,\"name\":\"\u0418\u0433\u0440\u0430\u0442\u044c \u0432 Lucky Jet\"}]},{\"@type\":\"WebSite\",\"@id\":\"https:\/\/jetx-player.com\/#website\",\"url\":\"https:\/\/jetx-player.com\/\",\"name\":\"JetX\",\"description\":\"Just another WordPress site\",\"publisher\":{\"@id\":\"https:\/\/jetx-player.com\/#organization\"},\"potentialAction\":[{\"@type\":\"SearchAction\",\"target\":{\"@type\":\"EntryPoint\",\"urlTemplate\":\"https:\/\/jetx-player.com\/?s={search_term_string}\"},\"query-input\":{\"@type\":\"PropertyValueSpecification\",\"valueRequired\":true,\"valueName\":\"search_term_string\"}}],\"inLanguage\":\"it-IT\"},{\"@type\":\"Organization\",\"@id\":\"https:\/\/jetx-player.com\/#organization\",\"name\":\"JetX\",\"url\":\"https:\/\/jetx-player.com\/\",\"logo\":{\"@type\":\"ImageObject\",\"inLanguage\":\"it-IT\",\"@id\":\"https:\/\/jetx-player.com\/#\/schema\/logo\/image\/\",\"url\":\"https:\/\/jetx-player.com\/wp-content\/uploads\/lucky-jet-header-e1707648698751.webp\",\"contentUrl\":\"https:\/\/jetx-player.com\/wp-content\/uploads\/lucky-jet-header-e1707648698751.webp\",\"width\":643,\"height\":178,\"caption\":\"JetX\"},\"image\":{\"@id\":\"https:\/\/jetx-player.com\/#\/schema\/logo\/image\/\"}}]}<\/script>\n<!-- \/ Yoast SEO plugin. -->","yoast_head_json":{"title":"\u0418\u0433\u0440\u0430\u0442\u044c \u0432 Lucky Jet \u043d\u0430 \u0440\u0435\u0430\u043b\u044c\u043d\u044b\u0435 \u0434\u0435\u043d\u044c\u0433\u0438 \u0432 \u043e\u043d\u043b\u0430\u0439\u043d \u043a\u0430\u0437\u0438\u043d\u043e","description":"Gioca e vinci nel gioco crash Lucky Jet presso il casin\u00f2 online 1win. Vinci soldi veri nella slot online Lucky Jet.","robots":{"index":"index","follow":"follow","max-snippet":"max-snippet:-1","max-image-preview":"max-image-preview:large","max-video-preview":"max-video-preview:-1"},"canonical":"https:\/\/jetx-player.com\/it\/","og_locale":"it_IT","og_type":"article","og_title":"\u0418\u0433\u0440\u0430\u0442\u044c \u0432 Lucky Jet \u043d\u0430 \u0440\u0435\u0430\u043b\u044c\u043d\u044b\u0435 \u0434\u0435\u043d\u044c\u0433\u0438 \u0432 \u043e\u043d\u043b\u0430\u0439\u043d \u043a\u0430\u0437\u0438\u043d\u043e","og_description":"\u0418\u0433\u0440\u0430\u0442\u044c \u0438 \u043f\u043e\u0431\u0435\u0436\u0434\u0430\u0442\u044c \u0432 \u043a\u0440\u0430\u0448 \u0438\u0433\u0440\u0435 Lucky Jet \u0432 \u043e\u043d\u043b\u0430\u0439\u043d \u043a\u0430\u0437\u0438\u043d\u043e 1win. \u0412\u044b\u0438\u0433\u0440\u044b\u0432\u0430\u0442\u044c \u043d\u0430\u0441\u0442\u043e\u044f\u0449\u0438\u0435 \u0434\u0435\u043d\u044c\u0433\u0438 \u0432 \u043e\u043d\u043b\u0430\u0439\u043d \u0441\u043b\u043e\u0442\u0435 Lucky Jet","og_url":"https:\/\/jetx-player.com\/it\/","og_site_name":"JetX","article_modified_time":"2024-02-28T20:04:10+00:00","twitter_card":"summary_large_image","twitter_misc":{"Tempo di lettura stimato":"24 minuti"},"schema":{"@context":"https:\/\/schema.org","@graph":[{"@type":"WebPage","@id":"https:\/\/jetx-player.com\/","url":"https:\/\/jetx-player.com\/","name":"\u0418\u0433\u0440\u0430\u0442\u044c \u0432 Lucky Jet \u043d\u0430 \u0440\u0435\u0430\u043b\u044c\u043d\u044b\u0435 \u0434\u0435\u043d\u044c\u0433\u0438 \u0432 \u043e\u043d\u043b\u0430\u0439\u043d \u043a\u0430\u0437\u0438\u043d\u043e","isPartOf":{"@id":"https:\/\/jetx-player.com\/#website"},"datePublished":"2024-02-11T10:10:31+00:00","dateModified":"2024-02-28T20:04:10+00:00","description":"\u0418\u0433\u0440\u0430\u0442\u044c \u0438 \u043f\u043e\u0431\u0435\u0436\u0434\u0430\u0442\u044c \u0432 \u043a\u0440\u0430\u0448 \u0438\u0433\u0440\u0435 Lucky Jet \u0432 \u043e\u043d\u043b\u0430\u0439\u043d \u043a\u0430\u0437\u0438\u043d\u043e 1win. \u0412\u044b\u0438\u0433\u0440\u044b\u0432\u0430\u0442\u044c \u043d\u0430\u0441\u0442\u043e\u044f\u0449\u0438\u0435 \u0434\u0435\u043d\u044c\u0433\u0438 \u0432 \u043e\u043d\u043b\u0430\u0439\u043d \u0441\u043b\u043e\u0442\u0435 Lucky Jet","breadcrumb":{"@id":"https:\/\/jetx-player.com\/#breadcrumb"},"inLanguage":"it-IT","potentialAction":[{"@type":"ReadAction","target":["https:\/\/jetx-player.com\/"]}]},{"@type":"BreadcrumbList","@id":"https:\/\/jetx-player.com\/#breadcrumb","itemListElement":[{"@type":"ListItem","position":1,"name":"Home","item":"https:\/\/jetx-player.com\/"},{"@type":"ListItem","position":2,"name":"\u0418\u0433\u0440\u0430\u0442\u044c \u0432 Lucky Jet"}]},{"@type":"WebSite","@id":"https:\/\/jetx-player.com\/#website","url":"https:\/\/jetx-player.com\/","name":"JetX","description":"Just another WordPress site","publisher":{"@id":"https:\/\/jetx-player.com\/#organization"},"potentialAction":[{"@type":"SearchAction","target":{"@type":"EntryPoint","urlTemplate":"https:\/\/jetx-player.com\/?s={search_term_string}"},"query-input":{"@type":"PropertyValueSpecification","valueRequired":true,"valueName":"search_term_string"}}],"inLanguage":"it-IT"},{"@type":"Organization","@id":"https:\/\/jetx-player.com\/#organization","name":"JetX","url":"https:\/\/jetx-player.com\/","logo":{"@type":"ImageObject","inLanguage":"it-IT","@id":"https:\/\/jetx-player.com\/#\/schema\/logo\/image\/","url":"https:\/\/jetx-player.com\/wp-content\/uploads\/lucky-jet-header-e1707648698751.webp","contentUrl":"https:\/\/jetx-player.com\/wp-content\/uploads\/lucky-jet-header-e1707648698751.webp","width":643,"height":178,"caption":"JetX"},"image":{"@id":"https:\/\/jetx-player.com\/#\/schema\/logo\/image\/"}}]}},"_links":{"self":[{"href":"https:\/\/jetx-player.com\/it\/wp-json\/wp\/v2\/pages\/6","targetHints":{"allow":["GET"]}}],"collection":[{"href":"https:\/\/jetx-player.com\/it\/wp-json\/wp\/v2\/pages"}],"about":[{"href":"https:\/\/jetx-player.com\/it\/wp-json\/wp\/v2\/types\/page"}],"author":[{"embeddable":true,"href":"https:\/\/jetx-player.com\/it\/wp-json\/wp\/v2\/users\/1"}],"replies":[{"embeddable":true,"href":"https:\/\/jetx-player.com\/it\/wp-json\/wp\/v2\/comments?post=6"}],"version-history":[{"count":25,"href":"https:\/\/jetx-player.com\/it\/wp-json\/wp\/v2\/pages\/6\/revisions"}],"predecessor-version":[{"id":186,"href":"https:\/\/jetx-player.com\/it\/wp-json\/wp\/v2\/pages\/6\/revisions\/186"}],"wp:attachment":[{"href":"https:\/\/jetx-player.com\/it\/wp-json\/wp\/v2\/media?parent=6"}],"curies":[{"name":"wp","href":"https:\/\/api.w.org\/{rel}","templated":true}]}}