{"id":16,"date":"2024-02-11T10:18:21","date_gmt":"2024-02-11T10:18:21","guid":{"rendered":"https:\/\/jetx-player.com\/?page_id=16"},"modified":"2024-02-28T20:02:02","modified_gmt":"2024-02-28T20:02:02","slug":"provably-fair","status":"publish","type":"page","link":"https:\/\/jetx-player.com\/it\/provably-fair\/","title":{"rendered":"Provably Fair"},"content":{"rendered":"<p>Il gioco Lucky Jet si contraddistingue per la sua equit\u00e0, poich\u00e9 il casin\u00f2 non interviene nel processo di gioco. Questa tecnologia \u00e8 chiamata Provably Fair. Allora come funziona? Vediamolo. Prima di tutto, iniziamo con i principi generali del gioco Lucky Jet:<\/p>\n<ul>\n<li>Il moltiplicatore vincente nel gioco Lucky Jet parte da x1 e aumenta sempre di pi\u00f9 man mano che Lucky Joe sale.<\/li>\n<li>Quando un giocatore ritira denaro, l&#8217;importo vinto \u00e8 uguale alla dimensione della scommessa moltiplicata per il moltiplicatore al momento del prelievo. Ad esempio, se la scommessa \u00e8 di $2 e il moltiplicatore al momento del prelievo era x3, allora la vincita \u00e8 di $6 (3 moltiplicato per 2).<\/li>\n<li>Prima dell&#8217;inizio del round, il generatore determina un numero casuale per il moltiplicatore al quale termina il gioco e Lucky Joe vola via. In qualsiasi momento, l&#8217;equit\u00e0 del moltiplicatore per un round specifico pu\u00f2 essere verificata premendo il pulsante nella finestra della cronologia.<\/li>\n<\/ul>\n<h2><strong>Come Funziona Provably Fair<\/strong><\/h2>\n<p>Come afferma il sito web ufficiale del gioco Lucky Jet, il moltiplicatore di ogni round, cio\u00e8 il momento in cui il pilota vola via, non viene generato affatto sui server di gioco. Al contrario, la generazione del moltiplicatore \u00e8 determinata dai giocatori partecipanti che prendono parte a un round specifico del gioco. E questo processo \u00e8 completamente trasparente, poich\u00e9 ogni giocatore pu\u00f2 verificarlo. Di conseguenza, nessuno avr\u00e0 la possibilit\u00e0 di manipolare i risultati del round. Inoltre, ogni giocatore ha un&#8217;ottima opportunit\u00e0 di verificare la correttezza dei dati e assicurarsi dell&#8217;equit\u00e0 del calcolo del moltiplicatore nel gioco Lucky Jet.<\/p>\n<h2><strong>Come Viene Determinato il Moltiplicatore in Lucky Jet<\/strong><\/h2>\n<p>I risultati del round di gioco vengono generati basandosi su quattro fattori:<\/p>\n<ul>\n<li>Server di gioco<\/li>\n<li>Tre giocatori che hanno piazzato le scommesse per primi<\/li>\n<\/ul>\n<p>Ora analizziamo pi\u00f9 da vicino. L&#8217;operatore del gioco genera un seed del server (questo \u00e8 una stringa casuale di 16 caratteri). La versione criptata del seed del server \u00e8 pubblicamente disponibile prima dell&#8217;inizio del round di gioco. Per vederlo, \u00e8 necessario andare alle &#8220;Impostazioni Provably Fair&#8221;, che si trovano nell&#8217;interfaccia di gioco e ogni giocatore pu\u00f2 vederlo. Nelle impostazioni, \u00e8 possibile vedere il seed del client o crearne uno nuovo cliccando sul pulsante &#8220;Prossimo Seed del Client&#8221;.<\/p>\n<p>Successivamente, nella formazione del seed del client, partecipano i primi 3 giocatori che hanno piazzato le scommesse. Parte del seed viene generato sul lato di ciascuno di questi giocatori. All&#8217;avvio del round, il gioco combina il seed del server e i seed dei primi tre giocatori. I seed combinati vengono hashati utilizzando SHA512, e l&#8217;hash generato determina il risultato di un round specifico.<\/p>\n<h2><strong>Come Verificare l&#8217;Equit\u00e0 nel Gioco Lucky Jet<\/strong><\/h2>\n<ul>\n<li>L&#8217;interfaccia di gioco di Lucky Jet include la possibilit\u00e0 di controllare ogni round condotto dalla cronologia del gioco. Se stai solo considerando di giocare a Lucky Jet, ti consigliamo di svolgere questo compito per assicurarti dell&#8217;equit\u00e0 del round. Per farlo, basta fare clic sul pulsante verde nelle impostazioni del gioco.<\/li>\n<li>Dopo aver cliccato sul pulsante verde, la finestra aperta mostrer\u00e0 il seed del server, cos\u00ec come i tre seed dei giocatori (come dicono le regole, seed del client, questo \u00e8 il termine usato), cos\u00ec come l&#8217;hash combinato e il risultato del round.<\/li>\n<li>Se un giocatore desidera partecipare alla formazione del risultato del round, deve essere tra i primi tre giocatori a piazzare una scommessa. In caso contrario, non c&#8217;\u00e8 modo per un giocatore di partecipare alla formazione del risultato del round.<\/li>\n<li>La correttezza dell&#8217;hash pu\u00f2 essere verificata utilizzando qualsiasi calcolatrice online.<\/li>\n<\/ul>\n","protected":false},"excerpt":{"rendered":"<p>Il gioco Lucky Jet si contraddistingue per la sua equit\u00e0, poich\u00e9 il casin\u00f2 non interviene nel processo di gioco. Questa tecnologia \u00e8 chiamata Provably Fair. [&hellip;]<\/p>\n","protected":false},"author":1,"featured_media":93,"parent":0,"menu_order":0,"comment_status":"closed","ping_status":"closed","template":"","meta":{"footnotes":"","_links_to":"","_links_to_target":""},"class_list":["post-16","page","type-page","status-publish","has-post-thumbnail","hentry"],"yoast_head":"<!-- This site is optimized with the Yoast SEO plugin v27.2 - https:\/\/yoast.com\/product\/yoast-seo-wordpress\/ -->\n<title>Verifica\u00e7\u00e3o de justi\u00e7a no jogo Lucky Jet<\/title>\n<meta name=\"description\" content=\"Come controllare l&#039;equit\u00e0 nel gioco crash Lucky Jet presso il casin\u00f2 online 1win utilizzando la tecnologia Provably Fair. Come viene determinato il risultato del round nello slot Lucky Jet.\" \/>\n<meta name=\"robots\" content=\"index, follow, max-snippet:-1, max-image-preview:large, max-video-preview:-1\" \/>\n<link rel=\"canonical\" href=\"https:\/\/jetx-player.com\/it\/provably-fair\/\" \/>\n<meta property=\"og:locale\" content=\"it_IT\" \/>\n<meta property=\"og:locale:alternate\" content=\"ru_RU\" \/>\n<meta property=\"og:locale:alternate\" content=\"en_US\" \/>\n<meta property=\"og:locale:alternate\" content=\"pt_PT\" \/>\n<meta property=\"og:locale:alternate\" content=\"es_ES\" \/>\n<meta property=\"og:locale:alternate\" content=\"ro_RO\" \/>\n<meta property=\"og:locale:alternate\" content=\"sr_RS\" \/>\n<meta property=\"og:locale:alternate\" content=\"bg_BG\" \/>\n<meta property=\"og:locale:alternate\" content=\"pl_PL\" \/>\n<meta property=\"og:locale:alternate\" content=\"fr_FR\" \/>\n<meta property=\"og:type\" content=\"article\" \/>\n<meta property=\"og:title\" content=\"Verifica\u00e7\u00e3o de justi\u00e7a no jogo Lucky Jet\" \/>\n<meta property=\"og:description\" content=\"Como verificar a justi\u00e7a no jogo de crash Lucky Jet no cassino online 1win usando a tecnologia Provably Fair. Como o resultado da rodada \u00e9 determinado na slot machine Lucky Jet.\" \/>\n<meta property=\"og:url\" content=\"https:\/\/jetx-player.com\/it\/provably-fair\/\" \/>\n<meta property=\"og:site_name\" content=\"JetX\" \/>\n<meta property=\"article:modified_time\" content=\"2024-02-28T20:02:02+00:00\" \/>\n<meta property=\"og:image\" content=\"https:\/\/jetx-player.com\/wp-content\/uploads\/abstract-blue-night-space-cosmos-background-with-nebula-and-shining-star-vector.jpg\" \/>\n\t<meta property=\"og:image:width\" content=\"1920\" \/>\n\t<meta property=\"og:image:height\" content=\"1079\" \/>\n\t<meta property=\"og:image:type\" content=\"image\/jpeg\" \/>\n<meta name=\"twitter:card\" content=\"summary_large_image\" \/>\n<meta name=\"twitter:label1\" content=\"Tempo di lettura stimato\" \/>\n\t<meta name=\"twitter:data1\" content=\"22 minuti\" \/>\n<script type=\"application\/ld+json\" class=\"yoast-schema-graph\">{\"@context\":\"https:\/\/schema.org\",\"@graph\":[{\"@type\":\"WebPage\",\"@id\":\"https:\/\/jetx-player.com\/pt\/provably-fair\/\",\"url\":\"https:\/\/jetx-player.com\/pt\/provably-fair\/\",\"name\":\"Verifica\u00e7\u00e3o de justi\u00e7a no jogo Lucky Jet\",\"isPartOf\":{\"@id\":\"https:\/\/jetx-player.com\/#website\"},\"primaryImageOfPage\":{\"@id\":\"https:\/\/jetx-player.com\/pt\/provably-fair\/#primaryimage\"},\"image\":{\"@id\":\"https:\/\/jetx-player.com\/pt\/provably-fair\/#primaryimage\"},\"thumbnailUrl\":\"https:\/\/jetx-player.com\/wp-content\/uploads\/abstract-blue-night-space-cosmos-background-with-nebula-and-shining-star-vector.jpg\",\"datePublished\":\"2024-02-11T10:18:21+00:00\",\"dateModified\":\"2024-02-28T20:02:02+00:00\",\"description\":\"Como verificar a justi\u00e7a no jogo de crash Lucky Jet no cassino online 1win usando a tecnologia Provably Fair. Como o resultado da rodada \u00e9 determinado na slot machine Lucky Jet.\",\"breadcrumb\":{\"@id\":\"https:\/\/jetx-player.com\/pt\/provably-fair\/#breadcrumb\"},\"inLanguage\":\"it-IT\",\"potentialAction\":[{\"@type\":\"ReadAction\",\"target\":[\"https:\/\/jetx-player.com\/pt\/provably-fair\/\"]}]},{\"@type\":\"ImageObject\",\"inLanguage\":\"it-IT\",\"@id\":\"https:\/\/jetx-player.com\/pt\/provably-fair\/#primaryimage\",\"url\":\"https:\/\/jetx-player.com\/wp-content\/uploads\/abstract-blue-night-space-cosmos-background-with-nebula-and-shining-star-vector.jpg\",\"contentUrl\":\"https:\/\/jetx-player.com\/wp-content\/uploads\/abstract-blue-night-space-cosmos-background-with-nebula-and-shining-star-vector.jpg\",\"width\":1920,\"height\":1079},{\"@type\":\"BreadcrumbList\",\"@id\":\"https:\/\/jetx-player.com\/pt\/provably-fair\/#breadcrumb\",\"itemListElement\":[{\"@type\":\"ListItem\",\"position\":1,\"name\":\"Home\",\"item\":\"https:\/\/jetx-player.com\/\"},{\"@type\":\"ListItem\",\"position\":2,\"name\":\"Provably Fair\"}]},{\"@type\":\"WebSite\",\"@id\":\"https:\/\/jetx-player.com\/#website\",\"url\":\"https:\/\/jetx-player.com\/\",\"name\":\"JetX\",\"description\":\"Just another WordPress site\",\"publisher\":{\"@id\":\"https:\/\/jetx-player.com\/#organization\"},\"potentialAction\":[{\"@type\":\"SearchAction\",\"target\":{\"@type\":\"EntryPoint\",\"urlTemplate\":\"https:\/\/jetx-player.com\/?s={search_term_string}\"},\"query-input\":{\"@type\":\"PropertyValueSpecification\",\"valueRequired\":true,\"valueName\":\"search_term_string\"}}],\"inLanguage\":\"it-IT\"},{\"@type\":\"Organization\",\"@id\":\"https:\/\/jetx-player.com\/#organization\",\"name\":\"JetX\",\"url\":\"https:\/\/jetx-player.com\/\",\"logo\":{\"@type\":\"ImageObject\",\"inLanguage\":\"it-IT\",\"@id\":\"https:\/\/jetx-player.com\/#\/schema\/logo\/image\/\",\"url\":\"https:\/\/jetx-player.com\/wp-content\/uploads\/lucky-jet-header-e1707648698751.webp\",\"contentUrl\":\"https:\/\/jetx-player.com\/wp-content\/uploads\/lucky-jet-header-e1707648698751.webp\",\"width\":643,\"height\":178,\"caption\":\"JetX\"},\"image\":{\"@id\":\"https:\/\/jetx-player.com\/#\/schema\/logo\/image\/\"}}]}<\/script>\n<!-- \/ Yoast SEO plugin. -->","yoast_head_json":{"title":"Verifica\u00e7\u00e3o de justi\u00e7a no jogo Lucky Jet","description":"Come controllare l'equit\u00e0 nel gioco crash Lucky Jet presso il casin\u00f2 online 1win utilizzando la tecnologia Provably Fair. Come viene determinato il risultato del round nello slot Lucky Jet.","robots":{"index":"index","follow":"follow","max-snippet":"max-snippet:-1","max-image-preview":"max-image-preview:large","max-video-preview":"max-video-preview:-1"},"canonical":"https:\/\/jetx-player.com\/it\/provably-fair\/","og_locale":"it_IT","og_type":"article","og_title":"Verifica\u00e7\u00e3o de justi\u00e7a no jogo Lucky Jet","og_description":"Como verificar a justi\u00e7a no jogo de crash Lucky Jet no cassino online 1win usando a tecnologia Provably Fair. Como o resultado da rodada \u00e9 determinado na slot machine Lucky Jet.","og_url":"https:\/\/jetx-player.com\/it\/provably-fair\/","og_site_name":"JetX","article_modified_time":"2024-02-28T20:02:02+00:00","og_image":[{"width":1920,"height":1079,"url":"https:\/\/jetx-player.com\/wp-content\/uploads\/abstract-blue-night-space-cosmos-background-with-nebula-and-shining-star-vector.jpg","type":"image\/jpeg"}],"twitter_card":"summary_large_image","twitter_misc":{"Tempo di lettura stimato":"22 minuti"},"schema":{"@context":"https:\/\/schema.org","@graph":[{"@type":"WebPage","@id":"https:\/\/jetx-player.com\/pt\/provably-fair\/","url":"https:\/\/jetx-player.com\/pt\/provably-fair\/","name":"Verifica\u00e7\u00e3o de justi\u00e7a no jogo Lucky Jet","isPartOf":{"@id":"https:\/\/jetx-player.com\/#website"},"primaryImageOfPage":{"@id":"https:\/\/jetx-player.com\/pt\/provably-fair\/#primaryimage"},"image":{"@id":"https:\/\/jetx-player.com\/pt\/provably-fair\/#primaryimage"},"thumbnailUrl":"https:\/\/jetx-player.com\/wp-content\/uploads\/abstract-blue-night-space-cosmos-background-with-nebula-and-shining-star-vector.jpg","datePublished":"2024-02-11T10:18:21+00:00","dateModified":"2024-02-28T20:02:02+00:00","description":"Como verificar a justi\u00e7a no jogo de crash Lucky Jet no cassino online 1win usando a tecnologia Provably Fair. Como o resultado da rodada \u00e9 determinado na slot machine Lucky Jet.","breadcrumb":{"@id":"https:\/\/jetx-player.com\/pt\/provably-fair\/#breadcrumb"},"inLanguage":"it-IT","potentialAction":[{"@type":"ReadAction","target":["https:\/\/jetx-player.com\/pt\/provably-fair\/"]}]},{"@type":"ImageObject","inLanguage":"it-IT","@id":"https:\/\/jetx-player.com\/pt\/provably-fair\/#primaryimage","url":"https:\/\/jetx-player.com\/wp-content\/uploads\/abstract-blue-night-space-cosmos-background-with-nebula-and-shining-star-vector.jpg","contentUrl":"https:\/\/jetx-player.com\/wp-content\/uploads\/abstract-blue-night-space-cosmos-background-with-nebula-and-shining-star-vector.jpg","width":1920,"height":1079},{"@type":"BreadcrumbList","@id":"https:\/\/jetx-player.com\/pt\/provably-fair\/#breadcrumb","itemListElement":[{"@type":"ListItem","position":1,"name":"Home","item":"https:\/\/jetx-player.com\/"},{"@type":"ListItem","position":2,"name":"Provably Fair"}]},{"@type":"WebSite","@id":"https:\/\/jetx-player.com\/#website","url":"https:\/\/jetx-player.com\/","name":"JetX","description":"Just another WordPress site","publisher":{"@id":"https:\/\/jetx-player.com\/#organization"},"potentialAction":[{"@type":"SearchAction","target":{"@type":"EntryPoint","urlTemplate":"https:\/\/jetx-player.com\/?s={search_term_string}"},"query-input":{"@type":"PropertyValueSpecification","valueRequired":true,"valueName":"search_term_string"}}],"inLanguage":"it-IT"},{"@type":"Organization","@id":"https:\/\/jetx-player.com\/#organization","name":"JetX","url":"https:\/\/jetx-player.com\/","logo":{"@type":"ImageObject","inLanguage":"it-IT","@id":"https:\/\/jetx-player.com\/#\/schema\/logo\/image\/","url":"https:\/\/jetx-player.com\/wp-content\/uploads\/lucky-jet-header-e1707648698751.webp","contentUrl":"https:\/\/jetx-player.com\/wp-content\/uploads\/lucky-jet-header-e1707648698751.webp","width":643,"height":178,"caption":"JetX"},"image":{"@id":"https:\/\/jetx-player.com\/#\/schema\/logo\/image\/"}}]}},"_links":{"self":[{"href":"https:\/\/jetx-player.com\/it\/wp-json\/wp\/v2\/pages\/16","targetHints":{"allow":["GET"]}}],"collection":[{"href":"https:\/\/jetx-player.com\/it\/wp-json\/wp\/v2\/pages"}],"about":[{"href":"https:\/\/jetx-player.com\/it\/wp-json\/wp\/v2\/types\/page"}],"author":[{"embeddable":true,"href":"https:\/\/jetx-player.com\/it\/wp-json\/wp\/v2\/users\/1"}],"replies":[{"embeddable":true,"href":"https:\/\/jetx-player.com\/it\/wp-json\/wp\/v2\/comments?post=16"}],"version-history":[{"count":14,"href":"https:\/\/jetx-player.com\/it\/wp-json\/wp\/v2\/pages\/16\/revisions"}],"predecessor-version":[{"id":170,"href":"https:\/\/jetx-player.com\/it\/wp-json\/wp\/v2\/pages\/16\/revisions\/170"}],"wp:featuredmedia":[{"embeddable":true,"href":"https:\/\/jetx-player.com\/it\/wp-json\/wp\/v2\/media\/93"}],"wp:attachment":[{"href":"https:\/\/jetx-player.com\/it\/wp-json\/wp\/v2\/media?parent=16"}],"curies":[{"name":"wp","href":"https:\/\/api.w.org\/{rel}","templated":true}]}}