{"id":14,"date":"2024-02-11T10:16:50","date_gmt":"2024-02-11T10:16:50","guid":{"rendered":"https:\/\/jetx-player.com\/?page_id=14"},"modified":"2024-02-28T20:00:52","modified_gmt":"2024-02-28T20:00:52","slug":"faq-about-lucky-jet","status":"publish","type":"page","link":"https:\/\/jetx-player.com\/it\/faq-about-lucky-jet\/","title":{"rendered":"FAQ \u2014 Domande frequenti su Lucky Jet"},"content":{"rendered":"<p>Qualsiasi giocatore che stia considerando la possibilit\u00e0 di iniziare a giocare al casin\u00f2 online Lucky Jet con soldi veri nel gioco del crash \u00e8 preoccupato per quelle domande che esistono, ma sono difficili da ottenere risposte. Abbiamo raccolto le domande pi\u00f9 popolari sul gioco Lucky Jet e abbiamo cercato di fornire risposte.<\/p>\n<ol>\n<li><strong>Cos&#8217;\u00e8 il gioco online Lucky Jet?<\/strong><br \/>\nLucky Jet \u00e8 un gioco d&#8217;azzardo online in cui i giocatori piazzano scommesse su quanto alto Lucky Joe pu\u00f2 salire prima di volare via. Come giocatore, devi reclamare le tue vincite prima di questo punto.<\/li>\n<li><strong>Come si gioca a Lucky Jet?<\/strong><br \/>\nMolto semplice. Piazzi una scommessa, premi il pulsante di avvio, e il ragazzo con lo zaino inizia a salire, aumentando le tue potenziali vincite. Devi reclamare le tue vincite prima che l&#8217;oggetto voli via.<\/li>\n<li><strong>Come viene calcolata la vincita in Lucky Jet?<\/strong><br \/>\nLe tue vincite vengono calcolate moltiplicando la tua scommessa per il moltiplicatore con cui decidi di reclamare le tue vincite.<\/li>\n<li><strong>Si pu\u00f2 giocare a Lucky Jet gratuitamente?<\/strong><br \/>\nPuoi giocare a Lucky Jet gratuitamente. Il casin\u00f2 online 1win fornisce accesso alla versione gratuita del gioco. Si tratta di una versione dimostrativa di Lucky Jet, dove puoi giocare gratuitamente, ma senza la possibilit\u00e0 di vincere soldi veri.<\/li>\n<li><strong>Qual \u00e8 la dimensione minima e massima della scommessa in Lucky Jet?<\/strong><br \/>\nLa dimensione minima e massima delle scommesse pu\u00f2 variare a seconda del casin\u00f2, ma di solito partono da pochi centesimi a diverse centinaia di dollari.<\/li>\n<li><strong>Esistono delle strategie per vincere a Lucky Jet?<\/strong><br \/>\nEsistono varie strategie, come la vittoria fissa, il Martingala, le scommesse divise, ma nessuna di esse garantisce una vittoria. \u00c8 importante ricordare che una strategia aumenta le tue possibilit\u00e0 di vincere, ma in nessun caso garantisce una vittoria.<\/li>\n<li><strong>\u00c8 sicuro giocare a Lucky Jet online?<\/strong><br \/>\n\u00c8 sicuro giocare se scegli un casin\u00f2 affidabile e con licenza e con una buona reputazione. In questo caso, qualsiasi gioco da casin\u00f2 sar\u00e0 sicuro. \u00c8 importante evitare i casin\u00f2 online non autorizzati.<\/li>\n<li><strong>Si possono utilizzare bonus in Lucky Jet?<\/strong><br \/>\nS\u00ec, molti casin\u00f2 offrono bonus che possono essere utilizzati nei giochi, compreso Lucky Jet. Tuttavia, assicurati di comprendere i termini di utilizzo dei bonus. Il gioco del crash di Lucky Jet in s\u00e9 non prevede round bonus.<\/li>\n<li><strong>Quanto velocemente vengono pagate le vincite in Lucky Jet?<\/strong><br \/>\nLa velocit\u00e0 dei pagamenti dipende dal casin\u00f2, ma di solito le vincite vengono elaborate entro poche ore. In ogni caso, la velocit\u00e0 dei pagamenti non dipende dallo sviluppatore del gioco, ma dal casin\u00f2 online.<\/li>\n<li><strong>Esiste una versione mobile del gioco Lucky Jet?<\/strong><br \/>\nS\u00ec, molti casin\u00f2 offrono versioni mobile dei loro giochi, compreso Lucky Jet, disponibili tramite il browser del casin\u00f2 o tramite app.<\/li>\n<li><strong>Quali sono i principali rischi del gioco di Lucky Jet?<\/strong><br \/>\nIl rischio principale \u00e8 perdere la tua scommessa se non reclami le tue vincite prima che l&#8217;oggetto voli via. \u00c8 importante giocare responsabilmente e entro il tuo budget.<\/li>\n<li><strong>Lucky Jet pu\u00f2 manipolare i risultati?<\/strong><br \/>\nNei casin\u00f2 online affidabili con licenza e audit indipendente, le probabilit\u00e0 e gli esiti dei giochi vengono generati casualmente, garantendo l&#8217;equit\u00e0 del gioco. \u00c8 un generatore di numeri casuali che determina i risultati del gioco.<\/li>\n<li><strong>Quali sono le migliori pratiche per giocare a Lucky Jet?<\/strong><br \/>\nImposta limiti sulle scommesse e sul tempo di gioco, utilizza strategie di gestione del bankroll, e non cercare di ottenere enormi vincite di coefficiente. La cosa principale \u00e8 non perdere la testa e comprendere che il gioco d&#8217;azzardo pu\u00f2 aiutarti a passare del tempo piacevole, ma non pu\u00f2 essere un modo per guadagnare soldi.<\/li>\n<li><strong>Si pu\u00f2 giocare a Lucky Jet congli amici?<\/strong><br \/>\nAnche se Lucky Jet \u00e8 un gioco individuale, puoi condividere la tua esperienza e le tue strategie con gli amici e giocare insieme da posizioni diverse. Il gioco ha una chat in-game dove puoi scambiare opinioni con altri giocatori.<\/li>\n<li><strong>Dove trovare i migliori casin\u00f2 per giocare a Lucky Jet?<\/strong><br \/>\nIl miglior casin\u00f2 per giocare a Lucky Jet \u00e8 il noto casin\u00f2 online 1win. Si tratta di un casin\u00f2 con una buona reputazione, recensioni positive e una licenza da un regolatore noto.<\/li>\n<\/ol>\n","protected":false},"excerpt":{"rendered":"<p>Qualsiasi giocatore che stia considerando la possibilit\u00e0 di iniziare a giocare al casin\u00f2 online Lucky Jet con soldi veri nel gioco del crash \u00e8 preoccupato [&hellip;]<\/p>\n","protected":false},"author":1,"featured_media":93,"parent":0,"menu_order":0,"comment_status":"closed","ping_status":"closed","template":"","meta":{"footnotes":"","_links_to":"","_links_to_target":""},"class_list":["post-14","page","type-page","status-publish","has-post-thumbnail","hentry"],"yoast_head":"<!-- This site is optimized with the Yoast SEO plugin v27.2 - https:\/\/yoast.com\/product\/yoast-seo-wordpress\/ -->\n<title>\u0427\u0430\u0441\u0442\u043e \u0437\u0430\u0434\u0430\u0432\u0430\u0435\u043c\u044b\u0435 \u0432\u043e\u043f\u0440\u043e\u0441\u044b \u043e\u0431 \u0438\u0433\u0440\u0435 Lucky Jet \u0432 \u043a\u0430\u0437\u0438\u043d\u043e 1win<\/title>\n<meta name=\"description\" content=\"Abbiamo raccolto le domande pi\u00f9 frequenti sul gioco Lucky Jet presso il casin\u00f2 online 1win. Tutte le domande e le risposte sul gioco crash Lucky Jet.\" \/>\n<meta name=\"robots\" content=\"index, follow, max-snippet:-1, max-image-preview:large, max-video-preview:-1\" \/>\n<link rel=\"canonical\" href=\"https:\/\/jetx-player.com\/it\/faq-about-lucky-jet\/\" \/>\n<meta property=\"og:locale\" content=\"it_IT\" \/>\n<meta property=\"og:locale:alternate\" content=\"ru_RU\" \/>\n<meta property=\"og:locale:alternate\" content=\"en_US\" \/>\n<meta property=\"og:locale:alternate\" content=\"pt_PT\" \/>\n<meta property=\"og:locale:alternate\" content=\"es_ES\" \/>\n<meta property=\"og:locale:alternate\" content=\"ro_RO\" \/>\n<meta property=\"og:locale:alternate\" content=\"sr_RS\" \/>\n<meta property=\"og:locale:alternate\" content=\"bg_BG\" \/>\n<meta property=\"og:locale:alternate\" content=\"pl_PL\" \/>\n<meta property=\"og:locale:alternate\" content=\"fr_FR\" \/>\n<meta property=\"og:type\" content=\"article\" \/>\n<meta property=\"og:title\" content=\"\u0427\u0430\u0441\u0442\u043e \u0437\u0430\u0434\u0430\u0432\u0430\u0435\u043c\u044b\u0435 \u0432\u043e\u043f\u0440\u043e\u0441\u044b \u043e\u0431 \u0438\u0433\u0440\u0435 Lucky Jet \u0432 \u043a\u0430\u0437\u0438\u043d\u043e 1win\" \/>\n<meta property=\"og:description\" content=\"\u041c\u044b \u0441\u043e\u0431\u0440\u0430\u043b\u0438 \u0441\u0430\u043c\u044b\u0435 \u0447\u0430\u0441\u0442\u043e \u0437\u0430\u0434\u0430\u0432\u0430\u0435\u043c\u044b\u0435 \u0432\u043e\u043f\u0440\u043e\u0441\u044b \u043e\u0431 \u0438\u0433\u0440\u0435 Lucky Jet \u0432 \u043e\u043d\u043b\u0430\u0439\u043d \u043a\u0430\u0437\u0438\u043d\u043e 1win. \u0412\u0441\u0435 \u0432\u043e\u043f\u0440\u043e\u0441\u044b \u0438 \u043e\u0442\u0432\u0435\u0442\u044b \u043e \u043a\u0440\u0430\u0448 \u0438\u0433\u0440\u0435 Lucky Jet\" \/>\n<meta property=\"og:url\" content=\"https:\/\/jetx-player.com\/it\/faq-about-lucky-jet\/\" \/>\n<meta property=\"og:site_name\" content=\"JetX\" \/>\n<meta property=\"article:modified_time\" content=\"2024-02-28T20:00:52+00:00\" \/>\n<meta property=\"og:image\" content=\"https:\/\/jetx-player.com\/wp-content\/uploads\/abstract-blue-night-space-cosmos-background-with-nebula-and-shining-star-vector.jpg\" \/>\n\t<meta property=\"og:image:width\" content=\"1920\" \/>\n\t<meta property=\"og:image:height\" content=\"1079\" \/>\n\t<meta property=\"og:image:type\" content=\"image\/jpeg\" \/>\n<meta name=\"twitter:card\" content=\"summary_large_image\" \/>\n<meta name=\"twitter:label1\" content=\"Tempo di lettura stimato\" \/>\n\t<meta name=\"twitter:data1\" content=\"25 minuti\" \/>\n<script type=\"application\/ld+json\" class=\"yoast-schema-graph\">{\"@context\":\"https:\/\/schema.org\",\"@graph\":[{\"@type\":\"WebPage\",\"@id\":\"https:\/\/jetx-player.com\/faq-about-lucky-jet\/\",\"url\":\"https:\/\/jetx-player.com\/faq-about-lucky-jet\/\",\"name\":\"\u0427\u0430\u0441\u0442\u043e \u0437\u0430\u0434\u0430\u0432\u0430\u0435\u043c\u044b\u0435 \u0432\u043e\u043f\u0440\u043e\u0441\u044b \u043e\u0431 \u0438\u0433\u0440\u0435 Lucky Jet \u0432 \u043a\u0430\u0437\u0438\u043d\u043e 1win\",\"isPartOf\":{\"@id\":\"https:\/\/jetx-player.com\/#website\"},\"primaryImageOfPage\":{\"@id\":\"https:\/\/jetx-player.com\/faq-about-lucky-jet\/#primaryimage\"},\"image\":{\"@id\":\"https:\/\/jetx-player.com\/faq-about-lucky-jet\/#primaryimage\"},\"thumbnailUrl\":\"https:\/\/jetx-player.com\/wp-content\/uploads\/abstract-blue-night-space-cosmos-background-with-nebula-and-shining-star-vector.jpg\",\"datePublished\":\"2024-02-11T10:16:50+00:00\",\"dateModified\":\"2024-02-28T20:00:52+00:00\",\"description\":\"\u041c\u044b \u0441\u043e\u0431\u0440\u0430\u043b\u0438 \u0441\u0430\u043c\u044b\u0435 \u0447\u0430\u0441\u0442\u043e \u0437\u0430\u0434\u0430\u0432\u0430\u0435\u043c\u044b\u0435 \u0432\u043e\u043f\u0440\u043e\u0441\u044b \u043e\u0431 \u0438\u0433\u0440\u0435 Lucky Jet \u0432 \u043e\u043d\u043b\u0430\u0439\u043d \u043a\u0430\u0437\u0438\u043d\u043e 1win. \u0412\u0441\u0435 \u0432\u043e\u043f\u0440\u043e\u0441\u044b \u0438 \u043e\u0442\u0432\u0435\u0442\u044b \u043e \u043a\u0440\u0430\u0448 \u0438\u0433\u0440\u0435 Lucky Jet\",\"breadcrumb\":{\"@id\":\"https:\/\/jetx-player.com\/faq-about-lucky-jet\/#breadcrumb\"},\"inLanguage\":\"it-IT\",\"potentialAction\":[{\"@type\":\"ReadAction\",\"target\":[\"https:\/\/jetx-player.com\/faq-about-lucky-jet\/\"]}]},{\"@type\":\"ImageObject\",\"inLanguage\":\"it-IT\",\"@id\":\"https:\/\/jetx-player.com\/faq-about-lucky-jet\/#primaryimage\",\"url\":\"https:\/\/jetx-player.com\/wp-content\/uploads\/abstract-blue-night-space-cosmos-background-with-nebula-and-shining-star-vector.jpg\",\"contentUrl\":\"https:\/\/jetx-player.com\/wp-content\/uploads\/abstract-blue-night-space-cosmos-background-with-nebula-and-shining-star-vector.jpg\",\"width\":1920,\"height\":1079},{\"@type\":\"BreadcrumbList\",\"@id\":\"https:\/\/jetx-player.com\/faq-about-lucky-jet\/#breadcrumb\",\"itemListElement\":[{\"@type\":\"ListItem\",\"position\":1,\"name\":\"Home\",\"item\":\"https:\/\/jetx-player.com\/\"},{\"@type\":\"ListItem\",\"position\":2,\"name\":\"FAQ &#8212; \u0427\u0430\u0441\u0442\u043e \u0417\u0430\u0434\u0430\u0432\u0430\u0435\u043c\u044b\u0435 \u0412\u043e\u043f\u0440\u043e\u0441\u044b \u043e Lucky Jet\"}]},{\"@type\":\"WebSite\",\"@id\":\"https:\/\/jetx-player.com\/#website\",\"url\":\"https:\/\/jetx-player.com\/\",\"name\":\"JetX\",\"description\":\"Just another WordPress site\",\"publisher\":{\"@id\":\"https:\/\/jetx-player.com\/#organization\"},\"potentialAction\":[{\"@type\":\"SearchAction\",\"target\":{\"@type\":\"EntryPoint\",\"urlTemplate\":\"https:\/\/jetx-player.com\/?s={search_term_string}\"},\"query-input\":{\"@type\":\"PropertyValueSpecification\",\"valueRequired\":true,\"valueName\":\"search_term_string\"}}],\"inLanguage\":\"it-IT\"},{\"@type\":\"Organization\",\"@id\":\"https:\/\/jetx-player.com\/#organization\",\"name\":\"JetX\",\"url\":\"https:\/\/jetx-player.com\/\",\"logo\":{\"@type\":\"ImageObject\",\"inLanguage\":\"it-IT\",\"@id\":\"https:\/\/jetx-player.com\/#\/schema\/logo\/image\/\",\"url\":\"https:\/\/jetx-player.com\/wp-content\/uploads\/lucky-jet-header-e1707648698751.webp\",\"contentUrl\":\"https:\/\/jetx-player.com\/wp-content\/uploads\/lucky-jet-header-e1707648698751.webp\",\"width\":643,\"height\":178,\"caption\":\"JetX\"},\"image\":{\"@id\":\"https:\/\/jetx-player.com\/#\/schema\/logo\/image\/\"}}]}<\/script>\n<!-- \/ Yoast SEO plugin. -->","yoast_head_json":{"title":"\u0427\u0430\u0441\u0442\u043e \u0437\u0430\u0434\u0430\u0432\u0430\u0435\u043c\u044b\u0435 \u0432\u043e\u043f\u0440\u043e\u0441\u044b \u043e\u0431 \u0438\u0433\u0440\u0435 Lucky Jet \u0432 \u043a\u0430\u0437\u0438\u043d\u043e 1win","description":"Abbiamo raccolto le domande pi\u00f9 frequenti sul gioco Lucky Jet presso il casin\u00f2 online 1win. Tutte le domande e le risposte sul gioco crash Lucky Jet.","robots":{"index":"index","follow":"follow","max-snippet":"max-snippet:-1","max-image-preview":"max-image-preview:large","max-video-preview":"max-video-preview:-1"},"canonical":"https:\/\/jetx-player.com\/it\/faq-about-lucky-jet\/","og_locale":"it_IT","og_type":"article","og_title":"\u0427\u0430\u0441\u0442\u043e \u0437\u0430\u0434\u0430\u0432\u0430\u0435\u043c\u044b\u0435 \u0432\u043e\u043f\u0440\u043e\u0441\u044b \u043e\u0431 \u0438\u0433\u0440\u0435 Lucky Jet \u0432 \u043a\u0430\u0437\u0438\u043d\u043e 1win","og_description":"\u041c\u044b \u0441\u043e\u0431\u0440\u0430\u043b\u0438 \u0441\u0430\u043c\u044b\u0435 \u0447\u0430\u0441\u0442\u043e \u0437\u0430\u0434\u0430\u0432\u0430\u0435\u043c\u044b\u0435 \u0432\u043e\u043f\u0440\u043e\u0441\u044b \u043e\u0431 \u0438\u0433\u0440\u0435 Lucky Jet \u0432 \u043e\u043d\u043b\u0430\u0439\u043d \u043a\u0430\u0437\u0438\u043d\u043e 1win. \u0412\u0441\u0435 \u0432\u043e\u043f\u0440\u043e\u0441\u044b \u0438 \u043e\u0442\u0432\u0435\u0442\u044b \u043e \u043a\u0440\u0430\u0448 \u0438\u0433\u0440\u0435 Lucky Jet","og_url":"https:\/\/jetx-player.com\/it\/faq-about-lucky-jet\/","og_site_name":"JetX","article_modified_time":"2024-02-28T20:00:52+00:00","og_image":[{"width":1920,"height":1079,"url":"https:\/\/jetx-player.com\/wp-content\/uploads\/abstract-blue-night-space-cosmos-background-with-nebula-and-shining-star-vector.jpg","type":"image\/jpeg"}],"twitter_card":"summary_large_image","twitter_misc":{"Tempo di lettura stimato":"25 minuti"},"schema":{"@context":"https:\/\/schema.org","@graph":[{"@type":"WebPage","@id":"https:\/\/jetx-player.com\/faq-about-lucky-jet\/","url":"https:\/\/jetx-player.com\/faq-about-lucky-jet\/","name":"\u0427\u0430\u0441\u0442\u043e \u0437\u0430\u0434\u0430\u0432\u0430\u0435\u043c\u044b\u0435 \u0432\u043e\u043f\u0440\u043e\u0441\u044b \u043e\u0431 \u0438\u0433\u0440\u0435 Lucky Jet \u0432 \u043a\u0430\u0437\u0438\u043d\u043e 1win","isPartOf":{"@id":"https:\/\/jetx-player.com\/#website"},"primaryImageOfPage":{"@id":"https:\/\/jetx-player.com\/faq-about-lucky-jet\/#primaryimage"},"image":{"@id":"https:\/\/jetx-player.com\/faq-about-lucky-jet\/#primaryimage"},"thumbnailUrl":"https:\/\/jetx-player.com\/wp-content\/uploads\/abstract-blue-night-space-cosmos-background-with-nebula-and-shining-star-vector.jpg","datePublished":"2024-02-11T10:16:50+00:00","dateModified":"2024-02-28T20:00:52+00:00","description":"\u041c\u044b \u0441\u043e\u0431\u0440\u0430\u043b\u0438 \u0441\u0430\u043c\u044b\u0435 \u0447\u0430\u0441\u0442\u043e \u0437\u0430\u0434\u0430\u0432\u0430\u0435\u043c\u044b\u0435 \u0432\u043e\u043f\u0440\u043e\u0441\u044b \u043e\u0431 \u0438\u0433\u0440\u0435 Lucky Jet \u0432 \u043e\u043d\u043b\u0430\u0439\u043d \u043a\u0430\u0437\u0438\u043d\u043e 1win. \u0412\u0441\u0435 \u0432\u043e\u043f\u0440\u043e\u0441\u044b \u0438 \u043e\u0442\u0432\u0435\u0442\u044b \u043e \u043a\u0440\u0430\u0448 \u0438\u0433\u0440\u0435 Lucky Jet","breadcrumb":{"@id":"https:\/\/jetx-player.com\/faq-about-lucky-jet\/#breadcrumb"},"inLanguage":"it-IT","potentialAction":[{"@type":"ReadAction","target":["https:\/\/jetx-player.com\/faq-about-lucky-jet\/"]}]},{"@type":"ImageObject","inLanguage":"it-IT","@id":"https:\/\/jetx-player.com\/faq-about-lucky-jet\/#primaryimage","url":"https:\/\/jetx-player.com\/wp-content\/uploads\/abstract-blue-night-space-cosmos-background-with-nebula-and-shining-star-vector.jpg","contentUrl":"https:\/\/jetx-player.com\/wp-content\/uploads\/abstract-blue-night-space-cosmos-background-with-nebula-and-shining-star-vector.jpg","width":1920,"height":1079},{"@type":"BreadcrumbList","@id":"https:\/\/jetx-player.com\/faq-about-lucky-jet\/#breadcrumb","itemListElement":[{"@type":"ListItem","position":1,"name":"Home","item":"https:\/\/jetx-player.com\/"},{"@type":"ListItem","position":2,"name":"FAQ &#8212; \u0427\u0430\u0441\u0442\u043e \u0417\u0430\u0434\u0430\u0432\u0430\u0435\u043c\u044b\u0435 \u0412\u043e\u043f\u0440\u043e\u0441\u044b \u043e Lucky Jet"}]},{"@type":"WebSite","@id":"https:\/\/jetx-player.com\/#website","url":"https:\/\/jetx-player.com\/","name":"JetX","description":"Just another WordPress site","publisher":{"@id":"https:\/\/jetx-player.com\/#organization"},"potentialAction":[{"@type":"SearchAction","target":{"@type":"EntryPoint","urlTemplate":"https:\/\/jetx-player.com\/?s={search_term_string}"},"query-input":{"@type":"PropertyValueSpecification","valueRequired":true,"valueName":"search_term_string"}}],"inLanguage":"it-IT"},{"@type":"Organization","@id":"https:\/\/jetx-player.com\/#organization","name":"JetX","url":"https:\/\/jetx-player.com\/","logo":{"@type":"ImageObject","inLanguage":"it-IT","@id":"https:\/\/jetx-player.com\/#\/schema\/logo\/image\/","url":"https:\/\/jetx-player.com\/wp-content\/uploads\/lucky-jet-header-e1707648698751.webp","contentUrl":"https:\/\/jetx-player.com\/wp-content\/uploads\/lucky-jet-header-e1707648698751.webp","width":643,"height":178,"caption":"JetX"},"image":{"@id":"https:\/\/jetx-player.com\/#\/schema\/logo\/image\/"}}]}},"_links":{"self":[{"href":"https:\/\/jetx-player.com\/it\/wp-json\/wp\/v2\/pages\/14","targetHints":{"allow":["GET"]}}],"collection":[{"href":"https:\/\/jetx-player.com\/it\/wp-json\/wp\/v2\/pages"}],"about":[{"href":"https:\/\/jetx-player.com\/it\/wp-json\/wp\/v2\/types\/page"}],"author":[{"embeddable":true,"href":"https:\/\/jetx-player.com\/it\/wp-json\/wp\/v2\/users\/1"}],"replies":[{"embeddable":true,"href":"https:\/\/jetx-player.com\/it\/wp-json\/wp\/v2\/comments?post=14"}],"version-history":[{"count":26,"href":"https:\/\/jetx-player.com\/it\/wp-json\/wp\/v2\/pages\/14\/revisions"}],"predecessor-version":[{"id":184,"href":"https:\/\/jetx-player.com\/it\/wp-json\/wp\/v2\/pages\/14\/revisions\/184"}],"wp:featuredmedia":[{"embeddable":true,"href":"https:\/\/jetx-player.com\/it\/wp-json\/wp\/v2\/media\/93"}],"wp:attachment":[{"href":"https:\/\/jetx-player.com\/it\/wp-json\/wp\/v2\/media?parent=14"}],"curies":[{"name":"wp","href":"https:\/\/api.w.org\/{rel}","templated":true}]}}