{"id":12,"date":"2024-02-11T10:15:28","date_gmt":"2024-02-11T10:15:28","guid":{"rendered":"https:\/\/jetx-player.com\/?page_id=12"},"modified":"2024-02-28T20:06:24","modified_gmt":"2024-02-28T20:06:24","slug":"gameplay-strategies-in-lucky-jet","status":"publish","type":"page","link":"https:\/\/jetx-player.com\/it\/gameplay-strategies-in-lucky-jet\/","title":{"rendered":"Strategie di gioco in Lucky Jet"},"content":{"rendered":"<p>Le strategie per giocare a Lucky Jet possono variare a seconda dello stile di gioco di ciascun giocatore, della propensione al rischio e degli obiettivi individuali. Inoltre, la questione degli obiettivi non \u00e8 cos\u00ec semplice come sembra. Tutto dipende dalla situazione specifica di ciascun giocatore. Alcuni giocano con l&#8217;obiettivo di vincere denaro reale, cio\u00e8 fare profitto. E per alcuni giocatori \u00e8 importante passare del tempo piacevole e godersi il gioco, senza aspettarsi di vincere. Pertanto, come di consueto nella vita, ognuno ha situazioni e obiettivi diversi. Tuttavia, abbiamo compilato una recensione di alcune strategie di gioco popolari in Lucky Jet che possono aiutarti ad aumentare le tue possibilit\u00e0 di successo in questo emozionante gioco.<\/p>\n<h2><strong>Principi di base del gioco Lucky Jet<\/strong><\/h2>\n<p>Prima di discutere delle strategie, \u00e8 importante capire come funziona il gioco. In Lucky Jet, i giocatori piazzano scommesse su quanto lontano Lucky Joe &#8211; un ragazzo alla moda con uno zaino &#8211; voler\u00e0 prima di scomparire. La sua scomparsa significa che le scommesse sono perse. La vincita dipende dall&#8217;altezza a cui il ragazzo con lo zaino smette di volare, e i giocatori devono reclamare la loro vincita prima di questo punto. Pi\u00f9 aspettano, pi\u00f9 alta \u00e8 la potenziale vincita, ma con il rischio di perdere la scommessa se l&#8217;oggetto scompare. Questo \u00e8 il principio di base del gioco Lucky Jet, che \u00e8 generalmente simile ad altri giochi di crash.<\/p>\n<h2><strong>Strategia della vincita fissa<\/strong><\/h2>\n<p>Una delle strategie pi\u00f9 semplici e popolari \u00e8 la strategia della &#8220;vincita fissa&#8221;. I giocatori fissano un obiettivo di vincita, ad esempio, a 2x, e prendono la loro vincita non appena il moltiplicatore raggiunge questo segno. Questa strategia aiuta a gestire i rischi e fornisce un reddito costante, seppur piccolo. \u00c8 importante notare che questa strategia \u00e8 considerata a basso rischio, e i giocatori di solito scelgono un piccolo moltiplicatore come obiettivo, ad esempio, x2.<\/p>\n<h2><strong>Strategia di Martingale<\/strong><\/h2>\n<p>Una strategia molto popolare nei giochi di crash. La strategia di &#8220;Martingale&#8221; \u00e8 un metodo popolare di gestione delle scommesse che pu\u00f2 essere adattato per giocare a Lucky Jet. Dopo ogni scommessa persa, il giocatore raddoppia la dimensione della scommessa successiva. Quando la scommessa vince, il giocatore recupera tutte le perdite precedenti e fa un profitto pari alla scommessa iniziale. \u00c8 importante avere un saldo sufficientemente alto sul conto per resistere a una serie di perdite prima di iniziare a usare questa strategia. Ed \u00e8 importante aggiungere che non \u00e8 facile emotivamente. Dopotutto, la scommessa deve essere raddoppiata dopo ogni perdita. E se ci fossero stati diversi round perdenti consecutivi?<\/p>\n<h2><strong>Strategia della scommessa divisa<\/strong><\/h2>\n<p>Questa strategia prevede di dividere l&#8217;importo totale della scommessa in diverse scommesse pi\u00f9 piccole con obiettivi di vincita diversi. Ad esempio, parte della scommessa pu\u00f2 essere presa a un moltiplicatore basso per una vincita garantita ma piccola, mentre l&#8217;altra parte della scommessa viene lasciata a un moltiplicatore pi\u00f9 alto per la possibilit\u00e0 di una grande vincita. Questo consente al giocatore di bilanciare tra gioco conservativo e aggressivo. In questo caso, tra l&#8217;altro, sar\u00e0 utile la funzione di scommessa automatica e di incasso automatico, poich\u00e9 ti consentir\u00e0 di non distrarti dalla prima scommessa, ma di concentrare la tua attenzione sulla seconda scommessa, dove, ad esempio, desideri ottenere un coefficiente pi\u00f9 alto.<\/p>\n<h2><strong>Impostazione del Prelievo Automatico di Denaro<\/strong><\/h2>\n<p>Molti casin\u00f2 online offrono la funzione di prelievo automatico al raggiungimento di un certo moltiplicatore. Impostando il prelievo automatico a un livello che consideri ottimale, puoi evitare la tentazione di aspettare troppo a lungo e perdere la tua scommessa. Questo approccio \u00e8 adatto per un modello di gioco conservativo.<\/p>\n<h2><strong>Gestione del Capitale<\/strong><\/h2>\n<p>L&#8217;aspetto pi\u00f9 importante di qualsiasi strategia di gioco \u00e8 la gestione del capitale. Determina l&#8217;importo che sei disposto a rischiare e non superarlo. Una gestione finanziaria sensata aiuter\u00e0 a evitare grosse perdite e aumentare le tue possibilit\u00e0 di successo nel lungo periodo. Assicurati che il saldo del tuo conto di gioco sia sufficiente per un certo numero di round. \u00c8 difficile determinare il numero ideale, ma ti consigliamo di puntare a 200 round.<\/p>\n<h2><strong>Come Scegliere una Strategia di Gioco<\/strong><\/h2>\n<p>\u00c8 importante ricordare che non esiste una strategia universale che garantisca il successo nel gioco Lucky Jet. Tutte le strategie hanno i loro rischi e possono portare alla perdita di denaro. Ricorda di giocare responsabilmente, stabilire limiti sulle perdite e il tempo di gioco, e ricorda che i giochi da casin\u00f2 dovrebbero portare piacere, non diventare una fonte di problemi finanziari.<\/p>\n","protected":false},"excerpt":{"rendered":"<p>Le strategie per giocare a Lucky Jet possono variare a seconda dello stile di gioco di ciascun giocatore, della propensione al rischio e degli obiettivi [&hellip;]<\/p>\n","protected":false},"author":1,"featured_media":93,"parent":0,"menu_order":0,"comment_status":"closed","ping_status":"closed","template":"","meta":{"footnotes":"","_links_to":"","_links_to_target":""},"class_list":["post-12","page","type-page","status-publish","has-post-thumbnail","hentry"],"yoast_head":"<!-- This site is optimized with the Yoast SEO plugin v27.2 - https:\/\/yoast.com\/product\/yoast-seo-wordpress\/ -->\n<title>\u0421\u0442\u0440\u0430\u0442\u0435\u0433\u0438\u0438 \u0438\u0433\u0440\u044b Lucky Jet \u0432 \u043e\u043d\u043b\u0430\u0439\u043d \u043a\u0430\u0437\u0438\u043d\u043e<\/title>\n<meta name=\"description\" content=\"Gioca e vinci nel gioco di crash Lucky Jet. Le migliori strategie e tattiche per vincere soldi veri nel gioco di crash Lucky Jet. Gioca e vinci ora.\" \/>\n<meta name=\"robots\" content=\"index, follow, max-snippet:-1, max-image-preview:large, max-video-preview:-1\" \/>\n<link rel=\"canonical\" href=\"https:\/\/jetx-player.com\/it\/gameplay-strategies-in-lucky-jet\/\" \/>\n<meta property=\"og:locale\" content=\"it_IT\" \/>\n<meta property=\"og:locale:alternate\" content=\"ru_RU\" \/>\n<meta property=\"og:locale:alternate\" content=\"en_US\" \/>\n<meta property=\"og:locale:alternate\" content=\"pt_PT\" \/>\n<meta property=\"og:locale:alternate\" content=\"es_ES\" \/>\n<meta property=\"og:locale:alternate\" content=\"ro_RO\" \/>\n<meta property=\"og:locale:alternate\" content=\"sr_RS\" \/>\n<meta property=\"og:locale:alternate\" content=\"bg_BG\" \/>\n<meta property=\"og:locale:alternate\" content=\"pl_PL\" \/>\n<meta property=\"og:locale:alternate\" content=\"fr_FR\" \/>\n<meta property=\"og:type\" content=\"article\" \/>\n<meta property=\"og:title\" content=\"\u0421\u0442\u0440\u0430\u0442\u0435\u0433\u0438\u0438 \u0438\u0433\u0440\u044b Lucky Jet \u0432 \u043e\u043d\u043b\u0430\u0439\u043d \u043a\u0430\u0437\u0438\u043d\u043e\" \/>\n<meta property=\"og:description\" content=\"\u0418\u0433\u0440\u0430\u0442\u044c \u0438 \u0432\u044b\u0438\u0433\u0440\u044b\u0432\u0430\u0442\u044c \u0432 \u043a\u0440\u0430\u0448 \u0438\u0433\u0440\u0435 \u041b\u0430\u043a\u0438 \u0414\u0436\u0435\u0442. \u041b\u0443\u0447\u0448\u0438\u0435 \u0441\u0442\u0440\u0430\u0442\u0435\u0433\u0438\u0438 \u0438 \u0442\u0430\u043a\u0442\u0438\u043a\u0438 \u0434\u043b\u044f \u0432\u044b\u0438\u0433\u0440\u044b\u0448\u0430 \u0440\u0435\u0430\u043b\u044c\u043d\u044b\u0445 \u0434\u0435\u043d\u0435\u0433 \u0432 \u043a\u0440\u0430\u0448 \u0438\u0433\u0440\u0435 Lucky Jet. \u0418\u0433\u0440\u0430\u0442\u044c \u0438 \u0432\u044b\u0438\u0433\u0440\u044b\u0432\u0430\u0442\u044c \u0441\u0435\u0439\u0447\u0430\u0441\" \/>\n<meta property=\"og:url\" content=\"https:\/\/jetx-player.com\/it\/gameplay-strategies-in-lucky-jet\/\" \/>\n<meta property=\"og:site_name\" content=\"JetX\" \/>\n<meta property=\"article:modified_time\" content=\"2024-02-28T20:06:24+00:00\" \/>\n<meta property=\"og:image\" content=\"https:\/\/jetx-player.com\/wp-content\/uploads\/abstract-blue-night-space-cosmos-background-with-nebula-and-shining-star-vector.jpg\" \/>\n\t<meta property=\"og:image:width\" content=\"1920\" \/>\n\t<meta property=\"og:image:height\" content=\"1079\" \/>\n\t<meta property=\"og:image:type\" content=\"image\/jpeg\" \/>\n<meta name=\"twitter:card\" content=\"summary_large_image\" \/>\n<meta name=\"twitter:label1\" content=\"Tempo di lettura stimato\" \/>\n\t<meta name=\"twitter:data1\" content=\"28 minuti\" \/>\n<script type=\"application\/ld+json\" class=\"yoast-schema-graph\">{\"@context\":\"https:\/\/schema.org\",\"@graph\":[{\"@type\":\"WebPage\",\"@id\":\"https:\/\/jetx-player.com\/gameplay-strategies-in-lucky-jet\/\",\"url\":\"https:\/\/jetx-player.com\/gameplay-strategies-in-lucky-jet\/\",\"name\":\"\u0421\u0442\u0440\u0430\u0442\u0435\u0433\u0438\u0438 \u0438\u0433\u0440\u044b Lucky Jet \u0432 \u043e\u043d\u043b\u0430\u0439\u043d \u043a\u0430\u0437\u0438\u043d\u043e\",\"isPartOf\":{\"@id\":\"https:\/\/jetx-player.com\/#website\"},\"primaryImageOfPage\":{\"@id\":\"https:\/\/jetx-player.com\/gameplay-strategies-in-lucky-jet\/#primaryimage\"},\"image\":{\"@id\":\"https:\/\/jetx-player.com\/gameplay-strategies-in-lucky-jet\/#primaryimage\"},\"thumbnailUrl\":\"https:\/\/jetx-player.com\/wp-content\/uploads\/abstract-blue-night-space-cosmos-background-with-nebula-and-shining-star-vector.jpg\",\"datePublished\":\"2024-02-11T10:15:28+00:00\",\"dateModified\":\"2024-02-28T20:06:24+00:00\",\"description\":\"\u0418\u0433\u0440\u0430\u0442\u044c \u0438 \u0432\u044b\u0438\u0433\u0440\u044b\u0432\u0430\u0442\u044c \u0432 \u043a\u0440\u0430\u0448 \u0438\u0433\u0440\u0435 \u041b\u0430\u043a\u0438 \u0414\u0436\u0435\u0442. \u041b\u0443\u0447\u0448\u0438\u0435 \u0441\u0442\u0440\u0430\u0442\u0435\u0433\u0438\u0438 \u0438 \u0442\u0430\u043a\u0442\u0438\u043a\u0438 \u0434\u043b\u044f \u0432\u044b\u0438\u0433\u0440\u044b\u0448\u0430 \u0440\u0435\u0430\u043b\u044c\u043d\u044b\u0445 \u0434\u0435\u043d\u0435\u0433 \u0432 \u043a\u0440\u0430\u0448 \u0438\u0433\u0440\u0435 Lucky Jet. \u0418\u0433\u0440\u0430\u0442\u044c \u0438 \u0432\u044b\u0438\u0433\u0440\u044b\u0432\u0430\u0442\u044c \u0441\u0435\u0439\u0447\u0430\u0441\",\"breadcrumb\":{\"@id\":\"https:\/\/jetx-player.com\/gameplay-strategies-in-lucky-jet\/#breadcrumb\"},\"inLanguage\":\"it-IT\",\"potentialAction\":[{\"@type\":\"ReadAction\",\"target\":[\"https:\/\/jetx-player.com\/gameplay-strategies-in-lucky-jet\/\"]}]},{\"@type\":\"ImageObject\",\"inLanguage\":\"it-IT\",\"@id\":\"https:\/\/jetx-player.com\/gameplay-strategies-in-lucky-jet\/#primaryimage\",\"url\":\"https:\/\/jetx-player.com\/wp-content\/uploads\/abstract-blue-night-space-cosmos-background-with-nebula-and-shining-star-vector.jpg\",\"contentUrl\":\"https:\/\/jetx-player.com\/wp-content\/uploads\/abstract-blue-night-space-cosmos-background-with-nebula-and-shining-star-vector.jpg\",\"width\":1920,\"height\":1079},{\"@type\":\"BreadcrumbList\",\"@id\":\"https:\/\/jetx-player.com\/gameplay-strategies-in-lucky-jet\/#breadcrumb\",\"itemListElement\":[{\"@type\":\"ListItem\",\"position\":1,\"name\":\"Home\",\"item\":\"https:\/\/jetx-player.com\/\"},{\"@type\":\"ListItem\",\"position\":2,\"name\":\"\u0421\u0442\u0440\u0430\u0442\u0435\u0433\u0438\u0438 \u0438\u0433\u0440\u044b \u0432 Lucky Jet\"}]},{\"@type\":\"WebSite\",\"@id\":\"https:\/\/jetx-player.com\/#website\",\"url\":\"https:\/\/jetx-player.com\/\",\"name\":\"JetX\",\"description\":\"Just another WordPress site\",\"publisher\":{\"@id\":\"https:\/\/jetx-player.com\/#organization\"},\"potentialAction\":[{\"@type\":\"SearchAction\",\"target\":{\"@type\":\"EntryPoint\",\"urlTemplate\":\"https:\/\/jetx-player.com\/?s={search_term_string}\"},\"query-input\":{\"@type\":\"PropertyValueSpecification\",\"valueRequired\":true,\"valueName\":\"search_term_string\"}}],\"inLanguage\":\"it-IT\"},{\"@type\":\"Organization\",\"@id\":\"https:\/\/jetx-player.com\/#organization\",\"name\":\"JetX\",\"url\":\"https:\/\/jetx-player.com\/\",\"logo\":{\"@type\":\"ImageObject\",\"inLanguage\":\"it-IT\",\"@id\":\"https:\/\/jetx-player.com\/#\/schema\/logo\/image\/\",\"url\":\"https:\/\/jetx-player.com\/wp-content\/uploads\/lucky-jet-header-e1707648698751.webp\",\"contentUrl\":\"https:\/\/jetx-player.com\/wp-content\/uploads\/lucky-jet-header-e1707648698751.webp\",\"width\":643,\"height\":178,\"caption\":\"JetX\"},\"image\":{\"@id\":\"https:\/\/jetx-player.com\/#\/schema\/logo\/image\/\"}}]}<\/script>\n<!-- \/ Yoast SEO plugin. -->","yoast_head_json":{"title":"\u0421\u0442\u0440\u0430\u0442\u0435\u0433\u0438\u0438 \u0438\u0433\u0440\u044b Lucky Jet \u0432 \u043e\u043d\u043b\u0430\u0439\u043d \u043a\u0430\u0437\u0438\u043d\u043e","description":"Gioca e vinci nel gioco di crash Lucky Jet. Le migliori strategie e tattiche per vincere soldi veri nel gioco di crash Lucky Jet. Gioca e vinci ora.","robots":{"index":"index","follow":"follow","max-snippet":"max-snippet:-1","max-image-preview":"max-image-preview:large","max-video-preview":"max-video-preview:-1"},"canonical":"https:\/\/jetx-player.com\/it\/gameplay-strategies-in-lucky-jet\/","og_locale":"it_IT","og_type":"article","og_title":"\u0421\u0442\u0440\u0430\u0442\u0435\u0433\u0438\u0438 \u0438\u0433\u0440\u044b Lucky Jet \u0432 \u043e\u043d\u043b\u0430\u0439\u043d \u043a\u0430\u0437\u0438\u043d\u043e","og_description":"\u0418\u0433\u0440\u0430\u0442\u044c \u0438 \u0432\u044b\u0438\u0433\u0440\u044b\u0432\u0430\u0442\u044c \u0432 \u043a\u0440\u0430\u0448 \u0438\u0433\u0440\u0435 \u041b\u0430\u043a\u0438 \u0414\u0436\u0435\u0442. \u041b\u0443\u0447\u0448\u0438\u0435 \u0441\u0442\u0440\u0430\u0442\u0435\u0433\u0438\u0438 \u0438 \u0442\u0430\u043a\u0442\u0438\u043a\u0438 \u0434\u043b\u044f \u0432\u044b\u0438\u0433\u0440\u044b\u0448\u0430 \u0440\u0435\u0430\u043b\u044c\u043d\u044b\u0445 \u0434\u0435\u043d\u0435\u0433 \u0432 \u043a\u0440\u0430\u0448 \u0438\u0433\u0440\u0435 Lucky Jet. \u0418\u0433\u0440\u0430\u0442\u044c \u0438 \u0432\u044b\u0438\u0433\u0440\u044b\u0432\u0430\u0442\u044c \u0441\u0435\u0439\u0447\u0430\u0441","og_url":"https:\/\/jetx-player.com\/it\/gameplay-strategies-in-lucky-jet\/","og_site_name":"JetX","article_modified_time":"2024-02-28T20:06:24+00:00","og_image":[{"width":1920,"height":1079,"url":"https:\/\/jetx-player.com\/wp-content\/uploads\/abstract-blue-night-space-cosmos-background-with-nebula-and-shining-star-vector.jpg","type":"image\/jpeg"}],"twitter_card":"summary_large_image","twitter_misc":{"Tempo di lettura stimato":"28 minuti"},"schema":{"@context":"https:\/\/schema.org","@graph":[{"@type":"WebPage","@id":"https:\/\/jetx-player.com\/gameplay-strategies-in-lucky-jet\/","url":"https:\/\/jetx-player.com\/gameplay-strategies-in-lucky-jet\/","name":"\u0421\u0442\u0440\u0430\u0442\u0435\u0433\u0438\u0438 \u0438\u0433\u0440\u044b Lucky Jet \u0432 \u043e\u043d\u043b\u0430\u0439\u043d \u043a\u0430\u0437\u0438\u043d\u043e","isPartOf":{"@id":"https:\/\/jetx-player.com\/#website"},"primaryImageOfPage":{"@id":"https:\/\/jetx-player.com\/gameplay-strategies-in-lucky-jet\/#primaryimage"},"image":{"@id":"https:\/\/jetx-player.com\/gameplay-strategies-in-lucky-jet\/#primaryimage"},"thumbnailUrl":"https:\/\/jetx-player.com\/wp-content\/uploads\/abstract-blue-night-space-cosmos-background-with-nebula-and-shining-star-vector.jpg","datePublished":"2024-02-11T10:15:28+00:00","dateModified":"2024-02-28T20:06:24+00:00","description":"\u0418\u0433\u0440\u0430\u0442\u044c \u0438 \u0432\u044b\u0438\u0433\u0440\u044b\u0432\u0430\u0442\u044c \u0432 \u043a\u0440\u0430\u0448 \u0438\u0433\u0440\u0435 \u041b\u0430\u043a\u0438 \u0414\u0436\u0435\u0442. \u041b\u0443\u0447\u0448\u0438\u0435 \u0441\u0442\u0440\u0430\u0442\u0435\u0433\u0438\u0438 \u0438 \u0442\u0430\u043a\u0442\u0438\u043a\u0438 \u0434\u043b\u044f \u0432\u044b\u0438\u0433\u0440\u044b\u0448\u0430 \u0440\u0435\u0430\u043b\u044c\u043d\u044b\u0445 \u0434\u0435\u043d\u0435\u0433 \u0432 \u043a\u0440\u0430\u0448 \u0438\u0433\u0440\u0435 Lucky Jet. \u0418\u0433\u0440\u0430\u0442\u044c \u0438 \u0432\u044b\u0438\u0433\u0440\u044b\u0432\u0430\u0442\u044c \u0441\u0435\u0439\u0447\u0430\u0441","breadcrumb":{"@id":"https:\/\/jetx-player.com\/gameplay-strategies-in-lucky-jet\/#breadcrumb"},"inLanguage":"it-IT","potentialAction":[{"@type":"ReadAction","target":["https:\/\/jetx-player.com\/gameplay-strategies-in-lucky-jet\/"]}]},{"@type":"ImageObject","inLanguage":"it-IT","@id":"https:\/\/jetx-player.com\/gameplay-strategies-in-lucky-jet\/#primaryimage","url":"https:\/\/jetx-player.com\/wp-content\/uploads\/abstract-blue-night-space-cosmos-background-with-nebula-and-shining-star-vector.jpg","contentUrl":"https:\/\/jetx-player.com\/wp-content\/uploads\/abstract-blue-night-space-cosmos-background-with-nebula-and-shining-star-vector.jpg","width":1920,"height":1079},{"@type":"BreadcrumbList","@id":"https:\/\/jetx-player.com\/gameplay-strategies-in-lucky-jet\/#breadcrumb","itemListElement":[{"@type":"ListItem","position":1,"name":"Home","item":"https:\/\/jetx-player.com\/"},{"@type":"ListItem","position":2,"name":"\u0421\u0442\u0440\u0430\u0442\u0435\u0433\u0438\u0438 \u0438\u0433\u0440\u044b \u0432 Lucky Jet"}]},{"@type":"WebSite","@id":"https:\/\/jetx-player.com\/#website","url":"https:\/\/jetx-player.com\/","name":"JetX","description":"Just another WordPress site","publisher":{"@id":"https:\/\/jetx-player.com\/#organization"},"potentialAction":[{"@type":"SearchAction","target":{"@type":"EntryPoint","urlTemplate":"https:\/\/jetx-player.com\/?s={search_term_string}"},"query-input":{"@type":"PropertyValueSpecification","valueRequired":true,"valueName":"search_term_string"}}],"inLanguage":"it-IT"},{"@type":"Organization","@id":"https:\/\/jetx-player.com\/#organization","name":"JetX","url":"https:\/\/jetx-player.com\/","logo":{"@type":"ImageObject","inLanguage":"it-IT","@id":"https:\/\/jetx-player.com\/#\/schema\/logo\/image\/","url":"https:\/\/jetx-player.com\/wp-content\/uploads\/lucky-jet-header-e1707648698751.webp","contentUrl":"https:\/\/jetx-player.com\/wp-content\/uploads\/lucky-jet-header-e1707648698751.webp","width":643,"height":178,"caption":"JetX"},"image":{"@id":"https:\/\/jetx-player.com\/#\/schema\/logo\/image\/"}}]}},"_links":{"self":[{"href":"https:\/\/jetx-player.com\/it\/wp-json\/wp\/v2\/pages\/12","targetHints":{"allow":["GET"]}}],"collection":[{"href":"https:\/\/jetx-player.com\/it\/wp-json\/wp\/v2\/pages"}],"about":[{"href":"https:\/\/jetx-player.com\/it\/wp-json\/wp\/v2\/types\/page"}],"author":[{"embeddable":true,"href":"https:\/\/jetx-player.com\/it\/wp-json\/wp\/v2\/users\/1"}],"replies":[{"embeddable":true,"href":"https:\/\/jetx-player.com\/it\/wp-json\/wp\/v2\/comments?post=12"}],"version-history":[{"count":25,"href":"https:\/\/jetx-player.com\/it\/wp-json\/wp\/v2\/pages\/12\/revisions"}],"predecessor-version":[{"id":188,"href":"https:\/\/jetx-player.com\/it\/wp-json\/wp\/v2\/pages\/12\/revisions\/188"}],"wp:featuredmedia":[{"embeddable":true,"href":"https:\/\/jetx-player.com\/it\/wp-json\/wp\/v2\/media\/93"}],"wp:attachment":[{"href":"https:\/\/jetx-player.com\/it\/wp-json\/wp\/v2\/media?parent=12"}],"curies":[{"name":"wp","href":"https:\/\/api.w.org\/{rel}","templated":true}]}}