{"id":10,"date":"2024-02-11T10:14:25","date_gmt":"2024-02-11T10:14:25","guid":{"rendered":"https:\/\/jetx-player.com\/?page_id=10"},"modified":"2024-02-28T20:05:21","modified_gmt":"2024-02-28T20:05:21","slug":"reviews-of-the-lucky-jet-game","status":"publish","type":"page","link":"https:\/\/jetx-player.com\/it\/reviews-of-the-lucky-jet-game\/","title":{"rendered":"Recensioni del gioco Lucky Jet"},"content":{"rendered":"<p>Abbiamo raccolto recensioni e testimonianze da veri giocatori sul gioco Lucky Jet. Leggendo queste recensioni, avrai una migliore comprensione di come sia il gioco e come funziona. Consigliamo di familiarizzare con le opinioni dei giocatori prima di iniziare a giocare a Lucky Jet.<\/p>\n<p><strong>Alexey, 34 anni:<\/strong> &#8220;Lucky Jet \u00e8 stata una vera scoperta per me. L&#8217;eccitazione di ogni decollo \u00e8 indescrivibile, e il momento in cui devi decidere di incassare ti tiene sul filo del rasoio. Sono riuscito a raddoppiare le mie vincite diverse volte, ma a volte la brama prende il sopravvento, e allora devo ricominciare. Beh, succede.&#8221;<\/p>\n<p><strong>Marina, 29 anni:<\/strong> &#8220;All&#8217;inizio pensavo che Lucky Jet sarebbe stato semplice, ma \u00e8 risultato che senza una buona strategia, non si arriva lontano. Ho provato diversi approcci e ho trovato il mio stile di gioco. \u00c8 incredibile, ma le vincite possono essere davvero consistenti, specialmente se sai quando fermarti. E finora, questo \u00e8 il pi\u00f9 importante che devo imparare &#8211; sapere quando fermarmi.&#8221;<\/p>\n<p><strong>Dmitry, 42 anni:<\/strong> &#8220;Giocher\u00e0 a Lucky Jet mi ha insegnato ad essere pi\u00f9 prudente. Ogni gioco \u00e8 una lezione di autocontrollo perch\u00e9 \u00e8 importante non solo indovinare il momento di scommettere, ma anche decidere quando \u00e8 il momento di reclamare le vincite. La migliore strategia per me \u00e8 impostare limiti chiari e attenersi ad essi. Sono diventato migliore da quando ho iniziato a giocare a Lucky Jet.&#8221;<\/p>\n<p><strong>Elena, 25 anni:<\/strong> &#8220;Lucky Jet mi attira con la possibilit\u00e0 di vincere grosso grazie a moltiplicatori elevati. Tuttavia, ogni volta il gioco mi ricorda che \u00e8 importante sapere quando fermarsi. Diverse volte sono riuscita a vincere somme significative, ma ci sono anche delle perdite che mi ricordano i rischi. E i rischi, come in qualsiasi gioco di crash, sono davvero alti.&#8221;<\/p>\n<p><strong>Igor, 38 anni:<\/strong> &#8220;Dopo una giornata di lavoro, Lucky Jet \u00e8 il mio modo per rilassarmi. Mi piace che il gioco non richieda molta attenzione, ma allo stesso tempo, offre la possibilit\u00e0 di vincere. Naturalmente, non finisco sempre in positivo, ma le emozioni dal gioco valgono la pena. Mi diverto a giocare, e continuer\u00f2 a farlo.&#8221;<\/p>\n<p><strong>Victoria, 31 anni:<\/strong> &#8220;La mia parte preferita di Lucky Jet \u00e8 il senso di equit\u00e0. A differenza di alcuni altri giochi, qui il risultato sembra davvero casuale, il che rende ogni partita emozionante. Da quando ho iniziato a giocare, la mia serata non passa senza alcuni decolli. Inoltre, il gioco ha un personaggio molto carino. Gli aerei e i razzi sono noiosi, ma un giovane carino con uno zaino \u00e8 un&#8217;altra storia.&#8221;<\/p>\n<p><strong>Nikolay, 45 anni:<\/strong> &#8220;Giocher\u00e0 a Lucky Jet, ho scoperto che l&#8217;interesse per il gioco non svanisce. Ogni volta che entro nel gioco, provo eccitazione, e questa sensazione alimenta il mio desiderio di giocare ancora e ancora. Le vittorie e le sconfitte si alternano, ma l&#8217;emozione rimane. \u00c8 un gioco degno dell&#8217;attenzione di ogni giocatore.&#8221;<\/p>\n<p><strong>Anna, 27 anni:<\/strong> &#8220;In Lucky Jet, ho provato diverse strategie, da quelle conservative a quelle pi\u00f9 rischiose. \u00c8 interessante, alcune aiutano davvero ad aumentare le possibilit\u00e0 di successo. La cosa principale \u00e8 il controllo emotivo e sapere quando fermarsi prima che la scommessa venga persa. Tuttavia, questo \u00e8 un requisito fondamentale per qualsiasi gioco di crash.&#8221;<\/p>\n<p><strong>Sergey, 50 anni:<\/strong> &#8220;Mi piace che in Lucky Jet, tu controlli il gioco tu stesso. Decidere quando reclamare le vincite aggiunge strategia e psicologia. Ci sono state gi\u00e0 grandi vittorie, ma le perdite ti rendono pi\u00f9 cauto. Nel complesso, il gioco lascia un&#8217;ottima impressione.&#8221;<\/p>\n<p><strong>Olga, 22 anni:<\/strong> &#8220;Per me, Lucky Jet \u00e8 diventato un ingresso nel mondo del gioco d&#8217;azzardo. La semplicit\u00e0 delle regole combinata con l&#8217;imprevedibilit\u00e0 dell&#8217;esito rende ogni partita unica. Finora, la fortuna non \u00e8 sempre dalla mia parte, ma sto imparando a gestire i rischi. Ma i vantaggi superano i rischi.&#8221;<\/p>\n<p><strong>Artyom, 35 anni:<\/strong> &#8220;\u00c8 incredibile, ma in Lucky Jet, riesco a vincere abbastanza spesso. La chiave del successo, secondo me, sta nella giusta distribuzione delle scommesse e nel sapere quando fermarsi al momento giusto. Questo gioco mi ha insegnato ad apprezzare ogni vittoria. E vincere nel gioco \u00e8 possibile. Il gioco ti permette di vincere.&#8221;<\/p>\n<p><strong>Tatyana, 40 anni:<\/strong> &#8220;Lucky Jet \u00e8 un test non solo della fortuna ma anche della resistenza. Giocando, ho capito meglio quanto sia importante saper controllare i propri desideri ed emozioni. Le vittorie arrivano e vanno, ma l&#8217;emozione e l&#8217;eccitazione rimangono. Il gioco Lucky Jet d\u00e0 una sensazione eccellente. Gioco molto rinvigorente.&#8221;<\/p>\n<p><strong>Mikhail, 28 anni:<\/strong> &#8220;Applicando la strategia di Martingale in Lucky Jet, sono riuscito a vincere diverse volte di seguito. Questo conferma che con il giusto approccio e un po&#8217; di fortuna, si pu\u00f2 ottenere il successo. Ma \u00e8 importante ricordare i rischi e non abusare di questa strategia. Sono pronto a giocare a Lucky Jet la sera e mi diverto davvero con il gioco.&#8221;<\/p>\n<p><strong>Larisa, 33 anni:<\/strong> &#8220;Ogni partita in Lucky Jet \u00e8 una nuova avventura. L&#8217;imprevedibilit\u00e0 degli esiti rende ogni decollo unico, ed \u00e8 quello che mi attira. Nonostante le perdite, le emozioni delle vittorie sono impagabili. Apprezzo molto il casin\u00f2 1win e il gioco Lucky Jet.&#8221;<\/p>\n<p><strong>Georgiy, 36 anni:<\/strong> &#8220;Lucky Jet mi ha aiutato a sviluppare l&#8217;intuizione e ha insegnato il pensiero strategico. Nel gioco, \u00e8 importante non solo essere fortunati ma anche saper analizzare la situazione. Le vittorie aumentano la fiducia, e le perdite aggiungono esperienza. Mi piace il gioco Lucky Jet.&#8221;<\/p>\n","protected":false},"excerpt":{"rendered":"<p>Abbiamo raccolto recensioni e testimonianze da veri giocatori sul gioco Lucky Jet. Leggendo queste recensioni, avrai una migliore comprensione di come sia il gioco e [&hellip;]<\/p>\n","protected":false},"author":1,"featured_media":93,"parent":0,"menu_order":0,"comment_status":"closed","ping_status":"closed","template":"","meta":{"footnotes":"","_links_to":"","_links_to_target":""},"class_list":["post-10","page","type-page","status-publish","has-post-thumbnail","hentry"],"yoast_head":"<!-- This site is optimized with the Yoast SEO plugin v27.2 - https:\/\/yoast.com\/product\/yoast-seo-wordpress\/ -->\n<title>\u041e\u0442\u0437\u044b\u0432\u044b \u0438 \u043e\u0431\u0437\u043e\u0440\u044b \u0440\u0435\u0430\u043b\u044c\u043d\u044b\u0445 \u0438\u0433\u0440\u043e\u043a\u043e\u0432 \u043e\u0431 \u0438\u0433\u0440\u0435 Lucky Jet<\/title>\n<meta name=\"description\" content=\"Abbiamo raccolto recensioni, opinioni e panorami da parte dei giocatori di Lucky Jet sul gioco. Tutto ci\u00f2 che volevi sapere sul gioco Lucky Jet e su come giocano gli altri giocatori.\" \/>\n<meta name=\"robots\" content=\"index, follow, max-snippet:-1, max-image-preview:large, max-video-preview:-1\" \/>\n<link rel=\"canonical\" href=\"https:\/\/jetx-player.com\/it\/reviews-of-the-lucky-jet-game\/\" \/>\n<meta property=\"og:locale\" content=\"it_IT\" \/>\n<meta property=\"og:locale:alternate\" content=\"ru_RU\" \/>\n<meta property=\"og:locale:alternate\" content=\"en_US\" \/>\n<meta property=\"og:locale:alternate\" content=\"pt_PT\" \/>\n<meta property=\"og:locale:alternate\" content=\"es_ES\" \/>\n<meta property=\"og:locale:alternate\" content=\"ro_RO\" \/>\n<meta property=\"og:locale:alternate\" content=\"sr_RS\" \/>\n<meta property=\"og:locale:alternate\" content=\"bg_BG\" \/>\n<meta property=\"og:locale:alternate\" content=\"pl_PL\" \/>\n<meta property=\"og:locale:alternate\" content=\"fr_FR\" \/>\n<meta property=\"og:type\" content=\"article\" \/>\n<meta property=\"og:title\" content=\"\u041e\u0442\u0437\u044b\u0432\u044b \u0438 \u043e\u0431\u0437\u043e\u0440\u044b \u0440\u0435\u0430\u043b\u044c\u043d\u044b\u0445 \u0438\u0433\u0440\u043e\u043a\u043e\u0432 \u043e\u0431 \u0438\u0433\u0440\u0435 Lucky Jet\" \/>\n<meta property=\"og:description\" content=\"\u041c\u044b \u0441\u043e\u0431\u0440\u0430\u043b\u0438 \u043e\u0442\u0437\u044b\u0432\u044b, \u043c\u043d\u0435\u043d\u0438\u044f \u0438 \u043e\u0431\u0437\u043e\u0440\u044b \u0438\u0433\u0440\u043e\u043a\u043e\u0432 Lucky Jet \u043e\u0431 \u0438\u0433\u0440\u0435. \u0412\u0441\u0435, \u0447\u0442\u043e \u0432\u044b \u0445\u043e\u0442\u0435\u043b\u0438 \u0443\u0437\u043d\u0430\u0442\u044c \u043e\u0431 \u0438\u0433\u0440\u0435 Lucky Jet \u0438 \u043a\u0430\u043a \u0432 \u043d\u0435\u0435 \u0438\u0433\u0440\u0430\u044e\u0442 \u0434\u0440\u0443\u0433\u0438\u0435 \u0438\u0433\u0440\u043e\u043a\u0438\" \/>\n<meta property=\"og:url\" content=\"https:\/\/jetx-player.com\/it\/reviews-of-the-lucky-jet-game\/\" \/>\n<meta property=\"og:site_name\" content=\"JetX\" \/>\n<meta property=\"article:modified_time\" content=\"2024-02-28T20:05:21+00:00\" \/>\n<meta property=\"og:image\" content=\"https:\/\/jetx-player.com\/wp-content\/uploads\/abstract-blue-night-space-cosmos-background-with-nebula-and-shining-star-vector.jpg\" \/>\n\t<meta property=\"og:image:width\" content=\"1920\" \/>\n\t<meta property=\"og:image:height\" content=\"1079\" \/>\n\t<meta property=\"og:image:type\" content=\"image\/jpeg\" \/>\n<meta name=\"twitter:card\" content=\"summary_large_image\" \/>\n<meta name=\"twitter:label1\" content=\"Tempo di lettura stimato\" \/>\n\t<meta name=\"twitter:data1\" content=\"33 minuti\" \/>\n<script type=\"application\/ld+json\" class=\"yoast-schema-graph\">{\"@context\":\"https:\/\/schema.org\",\"@graph\":[{\"@type\":\"WebPage\",\"@id\":\"https:\/\/jetx-player.com\/reviews-of-the-lucky-jet-game\/\",\"url\":\"https:\/\/jetx-player.com\/reviews-of-the-lucky-jet-game\/\",\"name\":\"\u041e\u0442\u0437\u044b\u0432\u044b \u0438 \u043e\u0431\u0437\u043e\u0440\u044b \u0440\u0435\u0430\u043b\u044c\u043d\u044b\u0445 \u0438\u0433\u0440\u043e\u043a\u043e\u0432 \u043e\u0431 \u0438\u0433\u0440\u0435 Lucky Jet\",\"isPartOf\":{\"@id\":\"https:\/\/jetx-player.com\/#website\"},\"primaryImageOfPage\":{\"@id\":\"https:\/\/jetx-player.com\/reviews-of-the-lucky-jet-game\/#primaryimage\"},\"image\":{\"@id\":\"https:\/\/jetx-player.com\/reviews-of-the-lucky-jet-game\/#primaryimage\"},\"thumbnailUrl\":\"https:\/\/jetx-player.com\/wp-content\/uploads\/abstract-blue-night-space-cosmos-background-with-nebula-and-shining-star-vector.jpg\",\"datePublished\":\"2024-02-11T10:14:25+00:00\",\"dateModified\":\"2024-02-28T20:05:21+00:00\",\"description\":\"\u041c\u044b \u0441\u043e\u0431\u0440\u0430\u043b\u0438 \u043e\u0442\u0437\u044b\u0432\u044b, \u043c\u043d\u0435\u043d\u0438\u044f \u0438 \u043e\u0431\u0437\u043e\u0440\u044b \u0438\u0433\u0440\u043e\u043a\u043e\u0432 Lucky Jet \u043e\u0431 \u0438\u0433\u0440\u0435. \u0412\u0441\u0435, \u0447\u0442\u043e \u0432\u044b \u0445\u043e\u0442\u0435\u043b\u0438 \u0443\u0437\u043d\u0430\u0442\u044c \u043e\u0431 \u0438\u0433\u0440\u0435 Lucky Jet \u0438 \u043a\u0430\u043a \u0432 \u043d\u0435\u0435 \u0438\u0433\u0440\u0430\u044e\u0442 \u0434\u0440\u0443\u0433\u0438\u0435 \u0438\u0433\u0440\u043e\u043a\u0438\",\"breadcrumb\":{\"@id\":\"https:\/\/jetx-player.com\/reviews-of-the-lucky-jet-game\/#breadcrumb\"},\"inLanguage\":\"it-IT\",\"potentialAction\":[{\"@type\":\"ReadAction\",\"target\":[\"https:\/\/jetx-player.com\/reviews-of-the-lucky-jet-game\/\"]}]},{\"@type\":\"ImageObject\",\"inLanguage\":\"it-IT\",\"@id\":\"https:\/\/jetx-player.com\/reviews-of-the-lucky-jet-game\/#primaryimage\",\"url\":\"https:\/\/jetx-player.com\/wp-content\/uploads\/abstract-blue-night-space-cosmos-background-with-nebula-and-shining-star-vector.jpg\",\"contentUrl\":\"https:\/\/jetx-player.com\/wp-content\/uploads\/abstract-blue-night-space-cosmos-background-with-nebula-and-shining-star-vector.jpg\",\"width\":1920,\"height\":1079},{\"@type\":\"BreadcrumbList\",\"@id\":\"https:\/\/jetx-player.com\/reviews-of-the-lucky-jet-game\/#breadcrumb\",\"itemListElement\":[{\"@type\":\"ListItem\",\"position\":1,\"name\":\"Home\",\"item\":\"https:\/\/jetx-player.com\/\"},{\"@type\":\"ListItem\",\"position\":2,\"name\":\"\u041e\u0442\u0437\u044b\u0432\u044b \u043e\u0431 \u0438\u0433\u0440\u0435 Lucky Jet\"}]},{\"@type\":\"WebSite\",\"@id\":\"https:\/\/jetx-player.com\/#website\",\"url\":\"https:\/\/jetx-player.com\/\",\"name\":\"JetX\",\"description\":\"Just another WordPress site\",\"publisher\":{\"@id\":\"https:\/\/jetx-player.com\/#organization\"},\"potentialAction\":[{\"@type\":\"SearchAction\",\"target\":{\"@type\":\"EntryPoint\",\"urlTemplate\":\"https:\/\/jetx-player.com\/?s={search_term_string}\"},\"query-input\":{\"@type\":\"PropertyValueSpecification\",\"valueRequired\":true,\"valueName\":\"search_term_string\"}}],\"inLanguage\":\"it-IT\"},{\"@type\":\"Organization\",\"@id\":\"https:\/\/jetx-player.com\/#organization\",\"name\":\"JetX\",\"url\":\"https:\/\/jetx-player.com\/\",\"logo\":{\"@type\":\"ImageObject\",\"inLanguage\":\"it-IT\",\"@id\":\"https:\/\/jetx-player.com\/#\/schema\/logo\/image\/\",\"url\":\"https:\/\/jetx-player.com\/wp-content\/uploads\/lucky-jet-header-e1707648698751.webp\",\"contentUrl\":\"https:\/\/jetx-player.com\/wp-content\/uploads\/lucky-jet-header-e1707648698751.webp\",\"width\":643,\"height\":178,\"caption\":\"JetX\"},\"image\":{\"@id\":\"https:\/\/jetx-player.com\/#\/schema\/logo\/image\/\"}}]}<\/script>\n<!-- \/ Yoast SEO plugin. -->","yoast_head_json":{"title":"\u041e\u0442\u0437\u044b\u0432\u044b \u0438 \u043e\u0431\u0437\u043e\u0440\u044b \u0440\u0435\u0430\u043b\u044c\u043d\u044b\u0445 \u0438\u0433\u0440\u043e\u043a\u043e\u0432 \u043e\u0431 \u0438\u0433\u0440\u0435 Lucky Jet","description":"Abbiamo raccolto recensioni, opinioni e panorami da parte dei giocatori di Lucky Jet sul gioco. Tutto ci\u00f2 che volevi sapere sul gioco Lucky Jet e su come giocano gli altri giocatori.","robots":{"index":"index","follow":"follow","max-snippet":"max-snippet:-1","max-image-preview":"max-image-preview:large","max-video-preview":"max-video-preview:-1"},"canonical":"https:\/\/jetx-player.com\/it\/reviews-of-the-lucky-jet-game\/","og_locale":"it_IT","og_type":"article","og_title":"\u041e\u0442\u0437\u044b\u0432\u044b \u0438 \u043e\u0431\u0437\u043e\u0440\u044b \u0440\u0435\u0430\u043b\u044c\u043d\u044b\u0445 \u0438\u0433\u0440\u043e\u043a\u043e\u0432 \u043e\u0431 \u0438\u0433\u0440\u0435 Lucky Jet","og_description":"\u041c\u044b \u0441\u043e\u0431\u0440\u0430\u043b\u0438 \u043e\u0442\u0437\u044b\u0432\u044b, \u043c\u043d\u0435\u043d\u0438\u044f \u0438 \u043e\u0431\u0437\u043e\u0440\u044b \u0438\u0433\u0440\u043e\u043a\u043e\u0432 Lucky Jet \u043e\u0431 \u0438\u0433\u0440\u0435. \u0412\u0441\u0435, \u0447\u0442\u043e \u0432\u044b \u0445\u043e\u0442\u0435\u043b\u0438 \u0443\u0437\u043d\u0430\u0442\u044c \u043e\u0431 \u0438\u0433\u0440\u0435 Lucky Jet \u0438 \u043a\u0430\u043a \u0432 \u043d\u0435\u0435 \u0438\u0433\u0440\u0430\u044e\u0442 \u0434\u0440\u0443\u0433\u0438\u0435 \u0438\u0433\u0440\u043e\u043a\u0438","og_url":"https:\/\/jetx-player.com\/it\/reviews-of-the-lucky-jet-game\/","og_site_name":"JetX","article_modified_time":"2024-02-28T20:05:21+00:00","og_image":[{"width":1920,"height":1079,"url":"https:\/\/jetx-player.com\/wp-content\/uploads\/abstract-blue-night-space-cosmos-background-with-nebula-and-shining-star-vector.jpg","type":"image\/jpeg"}],"twitter_card":"summary_large_image","twitter_misc":{"Tempo di lettura stimato":"33 minuti"},"schema":{"@context":"https:\/\/schema.org","@graph":[{"@type":"WebPage","@id":"https:\/\/jetx-player.com\/reviews-of-the-lucky-jet-game\/","url":"https:\/\/jetx-player.com\/reviews-of-the-lucky-jet-game\/","name":"\u041e\u0442\u0437\u044b\u0432\u044b \u0438 \u043e\u0431\u0437\u043e\u0440\u044b \u0440\u0435\u0430\u043b\u044c\u043d\u044b\u0445 \u0438\u0433\u0440\u043e\u043a\u043e\u0432 \u043e\u0431 \u0438\u0433\u0440\u0435 Lucky Jet","isPartOf":{"@id":"https:\/\/jetx-player.com\/#website"},"primaryImageOfPage":{"@id":"https:\/\/jetx-player.com\/reviews-of-the-lucky-jet-game\/#primaryimage"},"image":{"@id":"https:\/\/jetx-player.com\/reviews-of-the-lucky-jet-game\/#primaryimage"},"thumbnailUrl":"https:\/\/jetx-player.com\/wp-content\/uploads\/abstract-blue-night-space-cosmos-background-with-nebula-and-shining-star-vector.jpg","datePublished":"2024-02-11T10:14:25+00:00","dateModified":"2024-02-28T20:05:21+00:00","description":"\u041c\u044b \u0441\u043e\u0431\u0440\u0430\u043b\u0438 \u043e\u0442\u0437\u044b\u0432\u044b, \u043c\u043d\u0435\u043d\u0438\u044f \u0438 \u043e\u0431\u0437\u043e\u0440\u044b \u0438\u0433\u0440\u043e\u043a\u043e\u0432 Lucky Jet \u043e\u0431 \u0438\u0433\u0440\u0435. \u0412\u0441\u0435, \u0447\u0442\u043e \u0432\u044b \u0445\u043e\u0442\u0435\u043b\u0438 \u0443\u0437\u043d\u0430\u0442\u044c \u043e\u0431 \u0438\u0433\u0440\u0435 Lucky Jet \u0438 \u043a\u0430\u043a \u0432 \u043d\u0435\u0435 \u0438\u0433\u0440\u0430\u044e\u0442 \u0434\u0440\u0443\u0433\u0438\u0435 \u0438\u0433\u0440\u043e\u043a\u0438","breadcrumb":{"@id":"https:\/\/jetx-player.com\/reviews-of-the-lucky-jet-game\/#breadcrumb"},"inLanguage":"it-IT","potentialAction":[{"@type":"ReadAction","target":["https:\/\/jetx-player.com\/reviews-of-the-lucky-jet-game\/"]}]},{"@type":"ImageObject","inLanguage":"it-IT","@id":"https:\/\/jetx-player.com\/reviews-of-the-lucky-jet-game\/#primaryimage","url":"https:\/\/jetx-player.com\/wp-content\/uploads\/abstract-blue-night-space-cosmos-background-with-nebula-and-shining-star-vector.jpg","contentUrl":"https:\/\/jetx-player.com\/wp-content\/uploads\/abstract-blue-night-space-cosmos-background-with-nebula-and-shining-star-vector.jpg","width":1920,"height":1079},{"@type":"BreadcrumbList","@id":"https:\/\/jetx-player.com\/reviews-of-the-lucky-jet-game\/#breadcrumb","itemListElement":[{"@type":"ListItem","position":1,"name":"Home","item":"https:\/\/jetx-player.com\/"},{"@type":"ListItem","position":2,"name":"\u041e\u0442\u0437\u044b\u0432\u044b \u043e\u0431 \u0438\u0433\u0440\u0435 Lucky Jet"}]},{"@type":"WebSite","@id":"https:\/\/jetx-player.com\/#website","url":"https:\/\/jetx-player.com\/","name":"JetX","description":"Just another WordPress site","publisher":{"@id":"https:\/\/jetx-player.com\/#organization"},"potentialAction":[{"@type":"SearchAction","target":{"@type":"EntryPoint","urlTemplate":"https:\/\/jetx-player.com\/?s={search_term_string}"},"query-input":{"@type":"PropertyValueSpecification","valueRequired":true,"valueName":"search_term_string"}}],"inLanguage":"it-IT"},{"@type":"Organization","@id":"https:\/\/jetx-player.com\/#organization","name":"JetX","url":"https:\/\/jetx-player.com\/","logo":{"@type":"ImageObject","inLanguage":"it-IT","@id":"https:\/\/jetx-player.com\/#\/schema\/logo\/image\/","url":"https:\/\/jetx-player.com\/wp-content\/uploads\/lucky-jet-header-e1707648698751.webp","contentUrl":"https:\/\/jetx-player.com\/wp-content\/uploads\/lucky-jet-header-e1707648698751.webp","width":643,"height":178,"caption":"JetX"},"image":{"@id":"https:\/\/jetx-player.com\/#\/schema\/logo\/image\/"}}]}},"_links":{"self":[{"href":"https:\/\/jetx-player.com\/it\/wp-json\/wp\/v2\/pages\/10","targetHints":{"allow":["GET"]}}],"collection":[{"href":"https:\/\/jetx-player.com\/it\/wp-json\/wp\/v2\/pages"}],"about":[{"href":"https:\/\/jetx-player.com\/it\/wp-json\/wp\/v2\/types\/page"}],"author":[{"embeddable":true,"href":"https:\/\/jetx-player.com\/it\/wp-json\/wp\/v2\/users\/1"}],"replies":[{"embeddable":true,"href":"https:\/\/jetx-player.com\/it\/wp-json\/wp\/v2\/comments?post=10"}],"version-history":[{"count":24,"href":"https:\/\/jetx-player.com\/it\/wp-json\/wp\/v2\/pages\/10\/revisions"}],"predecessor-version":[{"id":187,"href":"https:\/\/jetx-player.com\/it\/wp-json\/wp\/v2\/pages\/10\/revisions\/187"}],"wp:featuredmedia":[{"embeddable":true,"href":"https:\/\/jetx-player.com\/it\/wp-json\/wp\/v2\/media\/93"}],"wp:attachment":[{"href":"https:\/\/jetx-player.com\/it\/wp-json\/wp\/v2\/media?parent=10"}],"curies":[{"name":"wp","href":"https:\/\/api.w.org\/{rel}","templated":true}]}}