{"id":6,"date":"2024-02-11T10:10:31","date_gmt":"2024-02-11T10:10:31","guid":{"rendered":"https:\/\/jetx-player.com\/?page_id=6"},"modified":"2024-02-28T20:04:10","modified_gmt":"2024-02-28T20:04:10","slug":"play-lucky-jet","status":"publish","type":"page","link":"https:\/\/jetx-player.com\/fr\/","title":{"rendered":"Jouer \u00e0 Lucky Jet"},"content":{"rendered":"<p>Le jeu Lucky Jet est unique sur le march\u00e9 des jeux de hasard. Sa singularit\u00e9 r\u00e9side dans le fait qu&rsquo;il est l&rsquo;un des rares jeux de hasard o\u00f9 les joueurs peuvent v\u00e9rifier l&rsquo;\u00e9quit\u00e9 du jeu.<\/p>\n<p>Dans le jeu de crash Lucky Jet, les joueurs parient sur la hauteur \u00e0 laquelle Lucky Joe va s&rsquo;envoler. Plus le vol dure longtemps, plus le coefficient est \u00e9lev\u00e9, et donc plus les gains potentiels sont importants. Mais si Lucky Joe s&rsquo;envole et que vous ne r\u00e9clamez pas votre mise \u00e0 temps, le pari est perdu, et l&rsquo;argent br\u00fble.<\/p>\n<p>Le jeu Lucky Jet a gagn\u00e9 en popularit\u00e9 gr\u00e2ce \u00e0 sa simplicit\u00e9, son gameplay excitant et la possibilit\u00e9 pour les joueurs de contr\u00f4ler le moment o\u00f9 ils r\u00e9clament leurs gains. Cela cr\u00e9e un \u00e9l\u00e9ment de strat\u00e9gie car les joueurs doivent d\u00e9cider du moment id\u00e9al pour r\u00e9clamer leurs gains avant que l&rsquo;objet ne s&rsquo;envole.<\/p>\n<h2><strong>Comment jouer \u00e0 Lucky Jet ?<\/strong><\/h2>\n<p>Le jeu se d\u00e9roule en temps r\u00e9el. Votre t\u00e2che est de placer un pari et de regarder Lucky Joe commencer son vol. Plus il monte, plus vos gains potentiels sont importants. Mais n&rsquo;oubliez pas : vous devez encaisser vos gains avant que Lucky Jet ne s&rsquo;envole ! Votre intuition et votre capacit\u00e9 \u00e0 pr\u00e9dire le moment parfait pour vous arr\u00eater sont la cl\u00e9 du succ\u00e8s.<\/p>\n<h2><strong>Caract\u00e9ristiques du jeu Lucky Jet :<\/strong><\/h2>\n<ul>\n<li><strong>R\u00e9compenses instantan\u00e9es :<\/strong> Les gains sont pay\u00e9s instantan\u00e9ment, et vous pouvez imm\u00e9diatement les utiliser pour d&rsquo;autres jeux ou les retirer sur votre compte. Le retrait d&rsquo;argent d&rsquo;un casino en ligne sur votre carte bancaire peut prendre du temps, en fonction de la banque, du pays et de la devise.<\/li>\n<li><strong>Simplicit\u00e9 et commodit\u00e9 :<\/strong> Le jeu est facile \u00e0 apprendre pour les d\u00e9butants tout en offrant des opportunit\u00e9s strat\u00e9giques profondes pour les joueurs exp\u00e9riment\u00e9s. C&rsquo;est un jeu de crash tr\u00e8s clair et attractif.<\/li>\n<li><strong>Communication avec d&rsquo;autres joueurs :<\/strong> Discutez avec d&rsquo;autres joueurs, partagez des strat\u00e9gies et r\u00e9jouissez-vous avec les gagnants. Mais n&rsquo;oubliez pas de respecter les autres joueurs, car toute n\u00e9gativit\u00e9 sera rapidement bloqu\u00e9e par les administrateurs du chat.<\/li>\n<li><strong>S\u00e9curit\u00e9 et \u00e9quit\u00e9 :<\/strong> Nous garantissons une transparence totale et l&rsquo;\u00e9quit\u00e9 du jeu, gr\u00e2ce \u00e0 un g\u00e9n\u00e9rateur de nombres al\u00e9atoires certifi\u00e9. Vous pouvez \u00eatre s\u00fbr de l&rsquo;\u00e9quit\u00e9 du jeu Lucky Jet. Sur le site, vous trouverez une section distincte sur l&rsquo;\u00e9quit\u00e9 du jeu Lucky Jet.<\/li>\n<\/ul>\n<h2><strong>Pourquoi jouer \u00e0 Lucky Jet ?<\/strong><\/h2>\n<p>Lucky Jet n&rsquo;est pas juste un jeu. C&rsquo;est une opportunit\u00e9 de tester votre chance, de ressentir l&rsquo;excitation du risque et peut-\u00eatre de gagner une grosse somme d&rsquo;argent. Que vous fassiez de petits paris ou que vous soyez pr\u00eat \u00e0 prendre un gros risque, chaque vol de Lucky Jet promet d&rsquo;\u00eatre plein d&rsquo;\u00e9motions et d&rsquo;excitation. C&rsquo;est vraiment un jeu r\u00e9volutionnaire qui est devenu populaire dans divers pays du monde.<\/p>\n<h2><strong>Autopari et autoretrait<\/strong><\/h2>\n<p>La fonction d&rsquo;autopari peut \u00eatre activ\u00e9e sur le panneau de jeu. Cochez simplement la case \u00e0 c\u00f4t\u00e9 de la fonction correspondante. Dans ce cas, vous devez simplement d\u00e9finir le montant du pari et le nombre de tours. Cependant, le retrait des gains doit toujours \u00eatre effectu\u00e9 manuellement.<\/p>\n<p>Une autre fonction utile est l&rsquo;autoretrait. Dans ce cas, vous d\u00e9finissez la valeur du coefficient, et d\u00e8s que le coefficient atteint la valeur correspondante, l&rsquo;autoretrait fonctionnera. Cependant, si le jeune homme avec le sac \u00e0 dos s&rsquo;envole plus t\u00f4t, le pari sera perdu et le retrait automatique sera impossible.<\/p>\n<h2><strong>Chat en jeu<\/strong><\/h2>\n<p>L&rsquo;interface du jeu comprend un chat en jeu. Dans l&rsquo;interface de jeu, vous verrez une telle fonction sur le c\u00f4t\u00e9 droit. Le chat est con\u00e7u pour communiquer avec d&rsquo;autres joueurs. Cela offre une excellente opportunit\u00e9 d&rsquo;\u00e9changer des exp\u00e9riences, ainsi que la possibilit\u00e9 de suivre les r\u00e9sultats d&rsquo;autres joueurs, car les r\u00e9sultats des tours apparaissent automatiquement dans le chat.<\/p>\n<p>Mais n&rsquo;oubliez pas qu&rsquo;il est interdit de publier des liens vers d&rsquo;autres sites dans le chat. Il est interdit de faire de la publicit\u00e9 pour vos services, et vous verrez des tentatives de publicit\u00e9 pour des pr\u00e9dictions de r\u00e9sultats de tours. De plus, n&rsquo;oubliez pas les r\u00e8gles de politesse lors de la communication avec d&rsquo;autres joueurs dans le chat, car dans l&rsquo;ardeur des \u00e9motions, il est si facile d&rsquo;oublier les r\u00e8gles de d\u00e9cence.<\/p>\n","protected":false},"excerpt":{"rendered":"<p>Le jeu Lucky Jet est unique sur le march\u00e9 des jeux de hasard. Sa singularit\u00e9 r\u00e9side dans le fait qu&rsquo;il est l&rsquo;un des rares jeux [&hellip;]<\/p>\n","protected":false},"author":1,"featured_media":0,"parent":0,"menu_order":0,"comment_status":"closed","ping_status":"closed","template":"","meta":{"footnotes":"","_links_to":"","_links_to_target":""},"class_list":["post-6","page","type-page","status-publish","hentry"],"yoast_head":"<!-- This site is optimized with the Yoast SEO plugin v27.2 - https:\/\/yoast.com\/product\/yoast-seo-wordpress\/ -->\n<title>\u0418\u0433\u0440\u0430\u0442\u044c \u0432 Lucky Jet \u043d\u0430 \u0440\u0435\u0430\u043b\u044c\u043d\u044b\u0435 \u0434\u0435\u043d\u044c\u0433\u0438 \u0432 \u043e\u043d\u043b\u0430\u0439\u043d \u043a\u0430\u0437\u0438\u043d\u043e<\/title>\n<meta name=\"description\" content=\"Jouez et gagnez dans le jeu crash Lucky Jet sur le casino en ligne 1win. Gagnez de l&#039;argent r\u00e9el dans la machine \u00e0 sous en ligne Lucky Jet.\" \/>\n<meta name=\"robots\" content=\"index, follow, max-snippet:-1, max-image-preview:large, max-video-preview:-1\" \/>\n<link rel=\"canonical\" href=\"https:\/\/jetx-player.com\/fr\/\" \/>\n<meta property=\"og:locale\" content=\"fr_FR\" \/>\n<meta property=\"og:locale:alternate\" content=\"ru_RU\" \/>\n<meta property=\"og:locale:alternate\" content=\"en_US\" \/>\n<meta property=\"og:locale:alternate\" content=\"pt_PT\" \/>\n<meta property=\"og:locale:alternate\" content=\"es_ES\" \/>\n<meta property=\"og:locale:alternate\" content=\"ro_RO\" \/>\n<meta property=\"og:locale:alternate\" content=\"sr_RS\" \/>\n<meta property=\"og:locale:alternate\" content=\"bg_BG\" \/>\n<meta property=\"og:locale:alternate\" content=\"pl_PL\" \/>\n<meta property=\"og:locale:alternate\" content=\"it_IT\" \/>\n<meta property=\"og:type\" content=\"article\" \/>\n<meta property=\"og:title\" content=\"\u0418\u0433\u0440\u0430\u0442\u044c \u0432 Lucky Jet \u043d\u0430 \u0440\u0435\u0430\u043b\u044c\u043d\u044b\u0435 \u0434\u0435\u043d\u044c\u0433\u0438 \u0432 \u043e\u043d\u043b\u0430\u0439\u043d \u043a\u0430\u0437\u0438\u043d\u043e\" \/>\n<meta property=\"og:description\" content=\"\u0418\u0433\u0440\u0430\u0442\u044c \u0438 \u043f\u043e\u0431\u0435\u0436\u0434\u0430\u0442\u044c \u0432 \u043a\u0440\u0430\u0448 \u0438\u0433\u0440\u0435 Lucky Jet \u0432 \u043e\u043d\u043b\u0430\u0439\u043d \u043a\u0430\u0437\u0438\u043d\u043e 1win. \u0412\u044b\u0438\u0433\u0440\u044b\u0432\u0430\u0442\u044c \u043d\u0430\u0441\u0442\u043e\u044f\u0449\u0438\u0435 \u0434\u0435\u043d\u044c\u0433\u0438 \u0432 \u043e\u043d\u043b\u0430\u0439\u043d \u0441\u043b\u043e\u0442\u0435 Lucky Jet\" \/>\n<meta property=\"og:url\" content=\"https:\/\/jetx-player.com\/fr\/\" \/>\n<meta property=\"og:site_name\" content=\"JetX\" \/>\n<meta property=\"article:modified_time\" content=\"2024-02-28T20:04:10+00:00\" \/>\n<meta name=\"twitter:card\" content=\"summary_large_image\" \/>\n<meta name=\"twitter:label1\" content=\"Dur\u00e9e de lecture estim\u00e9e\" \/>\n\t<meta name=\"twitter:data1\" content=\"24 minutes\" \/>\n<script type=\"application\/ld+json\" class=\"yoast-schema-graph\">{\"@context\":\"https:\/\/schema.org\",\"@graph\":[{\"@type\":\"WebPage\",\"@id\":\"https:\/\/jetx-player.com\/\",\"url\":\"https:\/\/jetx-player.com\/\",\"name\":\"\u0418\u0433\u0440\u0430\u0442\u044c \u0432 Lucky Jet \u043d\u0430 \u0440\u0435\u0430\u043b\u044c\u043d\u044b\u0435 \u0434\u0435\u043d\u044c\u0433\u0438 \u0432 \u043e\u043d\u043b\u0430\u0439\u043d \u043a\u0430\u0437\u0438\u043d\u043e\",\"isPartOf\":{\"@id\":\"https:\/\/jetx-player.com\/#website\"},\"datePublished\":\"2024-02-11T10:10:31+00:00\",\"dateModified\":\"2024-02-28T20:04:10+00:00\",\"description\":\"\u0418\u0433\u0440\u0430\u0442\u044c \u0438 \u043f\u043e\u0431\u0435\u0436\u0434\u0430\u0442\u044c \u0432 \u043a\u0440\u0430\u0448 \u0438\u0433\u0440\u0435 Lucky Jet \u0432 \u043e\u043d\u043b\u0430\u0439\u043d \u043a\u0430\u0437\u0438\u043d\u043e 1win. \u0412\u044b\u0438\u0433\u0440\u044b\u0432\u0430\u0442\u044c \u043d\u0430\u0441\u0442\u043e\u044f\u0449\u0438\u0435 \u0434\u0435\u043d\u044c\u0433\u0438 \u0432 \u043e\u043d\u043b\u0430\u0439\u043d \u0441\u043b\u043e\u0442\u0435 Lucky Jet\",\"breadcrumb\":{\"@id\":\"https:\/\/jetx-player.com\/#breadcrumb\"},\"inLanguage\":\"fr-FR\",\"potentialAction\":[{\"@type\":\"ReadAction\",\"target\":[\"https:\/\/jetx-player.com\/\"]}]},{\"@type\":\"BreadcrumbList\",\"@id\":\"https:\/\/jetx-player.com\/#breadcrumb\",\"itemListElement\":[{\"@type\":\"ListItem\",\"position\":1,\"name\":\"Home\",\"item\":\"https:\/\/jetx-player.com\/\"},{\"@type\":\"ListItem\",\"position\":2,\"name\":\"\u0418\u0433\u0440\u0430\u0442\u044c \u0432 Lucky Jet\"}]},{\"@type\":\"WebSite\",\"@id\":\"https:\/\/jetx-player.com\/#website\",\"url\":\"https:\/\/jetx-player.com\/\",\"name\":\"JetX\",\"description\":\"Just another WordPress site\",\"publisher\":{\"@id\":\"https:\/\/jetx-player.com\/#organization\"},\"potentialAction\":[{\"@type\":\"SearchAction\",\"target\":{\"@type\":\"EntryPoint\",\"urlTemplate\":\"https:\/\/jetx-player.com\/?s={search_term_string}\"},\"query-input\":{\"@type\":\"PropertyValueSpecification\",\"valueRequired\":true,\"valueName\":\"search_term_string\"}}],\"inLanguage\":\"fr-FR\"},{\"@type\":\"Organization\",\"@id\":\"https:\/\/jetx-player.com\/#organization\",\"name\":\"JetX\",\"url\":\"https:\/\/jetx-player.com\/\",\"logo\":{\"@type\":\"ImageObject\",\"inLanguage\":\"fr-FR\",\"@id\":\"https:\/\/jetx-player.com\/#\/schema\/logo\/image\/\",\"url\":\"https:\/\/jetx-player.com\/wp-content\/uploads\/lucky-jet-header-e1707648698751.webp\",\"contentUrl\":\"https:\/\/jetx-player.com\/wp-content\/uploads\/lucky-jet-header-e1707648698751.webp\",\"width\":643,\"height\":178,\"caption\":\"JetX\"},\"image\":{\"@id\":\"https:\/\/jetx-player.com\/#\/schema\/logo\/image\/\"}}]}<\/script>\n<!-- \/ Yoast SEO plugin. -->","yoast_head_json":{"title":"\u0418\u0433\u0440\u0430\u0442\u044c \u0432 Lucky Jet \u043d\u0430 \u0440\u0435\u0430\u043b\u044c\u043d\u044b\u0435 \u0434\u0435\u043d\u044c\u0433\u0438 \u0432 \u043e\u043d\u043b\u0430\u0439\u043d \u043a\u0430\u0437\u0438\u043d\u043e","description":"Jouez et gagnez dans le jeu crash Lucky Jet sur le casino en ligne 1win. Gagnez de l'argent r\u00e9el dans la machine \u00e0 sous en ligne Lucky Jet.","robots":{"index":"index","follow":"follow","max-snippet":"max-snippet:-1","max-image-preview":"max-image-preview:large","max-video-preview":"max-video-preview:-1"},"canonical":"https:\/\/jetx-player.com\/fr\/","og_locale":"fr_FR","og_type":"article","og_title":"\u0418\u0433\u0440\u0430\u0442\u044c \u0432 Lucky Jet \u043d\u0430 \u0440\u0435\u0430\u043b\u044c\u043d\u044b\u0435 \u0434\u0435\u043d\u044c\u0433\u0438 \u0432 \u043e\u043d\u043b\u0430\u0439\u043d \u043a\u0430\u0437\u0438\u043d\u043e","og_description":"\u0418\u0433\u0440\u0430\u0442\u044c \u0438 \u043f\u043e\u0431\u0435\u0436\u0434\u0430\u0442\u044c \u0432 \u043a\u0440\u0430\u0448 \u0438\u0433\u0440\u0435 Lucky Jet \u0432 \u043e\u043d\u043b\u0430\u0439\u043d \u043a\u0430\u0437\u0438\u043d\u043e 1win. \u0412\u044b\u0438\u0433\u0440\u044b\u0432\u0430\u0442\u044c \u043d\u0430\u0441\u0442\u043e\u044f\u0449\u0438\u0435 \u0434\u0435\u043d\u044c\u0433\u0438 \u0432 \u043e\u043d\u043b\u0430\u0439\u043d \u0441\u043b\u043e\u0442\u0435 Lucky Jet","og_url":"https:\/\/jetx-player.com\/fr\/","og_site_name":"JetX","article_modified_time":"2024-02-28T20:04:10+00:00","twitter_card":"summary_large_image","twitter_misc":{"Dur\u00e9e de lecture estim\u00e9e":"24 minutes"},"schema":{"@context":"https:\/\/schema.org","@graph":[{"@type":"WebPage","@id":"https:\/\/jetx-player.com\/","url":"https:\/\/jetx-player.com\/","name":"\u0418\u0433\u0440\u0430\u0442\u044c \u0432 Lucky Jet \u043d\u0430 \u0440\u0435\u0430\u043b\u044c\u043d\u044b\u0435 \u0434\u0435\u043d\u044c\u0433\u0438 \u0432 \u043e\u043d\u043b\u0430\u0439\u043d \u043a\u0430\u0437\u0438\u043d\u043e","isPartOf":{"@id":"https:\/\/jetx-player.com\/#website"},"datePublished":"2024-02-11T10:10:31+00:00","dateModified":"2024-02-28T20:04:10+00:00","description":"\u0418\u0433\u0440\u0430\u0442\u044c \u0438 \u043f\u043e\u0431\u0435\u0436\u0434\u0430\u0442\u044c \u0432 \u043a\u0440\u0430\u0448 \u0438\u0433\u0440\u0435 Lucky Jet \u0432 \u043e\u043d\u043b\u0430\u0439\u043d \u043a\u0430\u0437\u0438\u043d\u043e 1win. \u0412\u044b\u0438\u0433\u0440\u044b\u0432\u0430\u0442\u044c \u043d\u0430\u0441\u0442\u043e\u044f\u0449\u0438\u0435 \u0434\u0435\u043d\u044c\u0433\u0438 \u0432 \u043e\u043d\u043b\u0430\u0439\u043d \u0441\u043b\u043e\u0442\u0435 Lucky Jet","breadcrumb":{"@id":"https:\/\/jetx-player.com\/#breadcrumb"},"inLanguage":"fr-FR","potentialAction":[{"@type":"ReadAction","target":["https:\/\/jetx-player.com\/"]}]},{"@type":"BreadcrumbList","@id":"https:\/\/jetx-player.com\/#breadcrumb","itemListElement":[{"@type":"ListItem","position":1,"name":"Home","item":"https:\/\/jetx-player.com\/"},{"@type":"ListItem","position":2,"name":"\u0418\u0433\u0440\u0430\u0442\u044c \u0432 Lucky Jet"}]},{"@type":"WebSite","@id":"https:\/\/jetx-player.com\/#website","url":"https:\/\/jetx-player.com\/","name":"JetX","description":"Just another WordPress site","publisher":{"@id":"https:\/\/jetx-player.com\/#organization"},"potentialAction":[{"@type":"SearchAction","target":{"@type":"EntryPoint","urlTemplate":"https:\/\/jetx-player.com\/?s={search_term_string}"},"query-input":{"@type":"PropertyValueSpecification","valueRequired":true,"valueName":"search_term_string"}}],"inLanguage":"fr-FR"},{"@type":"Organization","@id":"https:\/\/jetx-player.com\/#organization","name":"JetX","url":"https:\/\/jetx-player.com\/","logo":{"@type":"ImageObject","inLanguage":"fr-FR","@id":"https:\/\/jetx-player.com\/#\/schema\/logo\/image\/","url":"https:\/\/jetx-player.com\/wp-content\/uploads\/lucky-jet-header-e1707648698751.webp","contentUrl":"https:\/\/jetx-player.com\/wp-content\/uploads\/lucky-jet-header-e1707648698751.webp","width":643,"height":178,"caption":"JetX"},"image":{"@id":"https:\/\/jetx-player.com\/#\/schema\/logo\/image\/"}}]}},"_links":{"self":[{"href":"https:\/\/jetx-player.com\/fr\/wp-json\/wp\/v2\/pages\/6","targetHints":{"allow":["GET"]}}],"collection":[{"href":"https:\/\/jetx-player.com\/fr\/wp-json\/wp\/v2\/pages"}],"about":[{"href":"https:\/\/jetx-player.com\/fr\/wp-json\/wp\/v2\/types\/page"}],"author":[{"embeddable":true,"href":"https:\/\/jetx-player.com\/fr\/wp-json\/wp\/v2\/users\/1"}],"replies":[{"embeddable":true,"href":"https:\/\/jetx-player.com\/fr\/wp-json\/wp\/v2\/comments?post=6"}],"version-history":[{"count":25,"href":"https:\/\/jetx-player.com\/fr\/wp-json\/wp\/v2\/pages\/6\/revisions"}],"predecessor-version":[{"id":186,"href":"https:\/\/jetx-player.com\/fr\/wp-json\/wp\/v2\/pages\/6\/revisions\/186"}],"wp:attachment":[{"href":"https:\/\/jetx-player.com\/fr\/wp-json\/wp\/v2\/media?parent=6"}],"curies":[{"name":"wp","href":"https:\/\/api.w.org\/{rel}","templated":true}]}}