{"id":16,"date":"2024-02-11T10:18:21","date_gmt":"2024-02-11T10:18:21","guid":{"rendered":"https:\/\/jetx-player.com\/?page_id=16"},"modified":"2024-02-28T20:02:02","modified_gmt":"2024-02-28T20:02:02","slug":"provably-fair","status":"publish","type":"page","link":"https:\/\/jetx-player.com\/fr\/provably-fair\/","title":{"rendered":"Provably Fair"},"content":{"rendered":"<p>Le jeu Lucky Jet se caract\u00e9rise par son \u00e9quit\u00e9, car le casino n&rsquo;intervient pas dans le processus de jeu. Cette technologie s&rsquo;appelle Provably Fair. Alors, comment \u00e7a marche ? Jetons un coup d&rsquo;\u0153il. Tout d&rsquo;abord, commen\u00e7ons par les principes g\u00e9n\u00e9raux du jeu Lucky Jet :<\/p>\n<ul>\n<li>Le multiplicateur gagnant dans le jeu Lucky Jet commence \u00e0 x1 et augmente de plus en plus \u00e0 mesure que Lucky Joe monte.<\/li>\n<li>Lorsqu&rsquo;un joueur retire de l&rsquo;argent, le montant gagnant \u00e9quivaut \u00e0 la taille de la mise multipli\u00e9e par le multiplicateur au moment du retrait. Par exemple, si la mise est de 2 $ et le multiplicateur au moment du retrait \u00e9tait de x3, alors le gain est de 6 $ (3 multipli\u00e9 par 2).<\/li>\n<li>Avant le d\u00e9but du tour, le g\u00e9n\u00e9rateur d\u00e9termine un nombre al\u00e9atoire pour le multiplicateur auquel le jeu se termine et Lucky Joe s&rsquo;envole. \u00c0 tout moment, l&rsquo;\u00e9quit\u00e9 du multiplicateur pour un tour sp\u00e9cifique peut \u00eatre v\u00e9rifi\u00e9e en appuyant sur le bouton dans la fen\u00eatre d&rsquo;historique.<\/li>\n<\/ul>\n<h2><strong>Comment fonctionne Provably Fair<\/strong><\/h2>\n<p>Comme le pr\u00e9tend le site Web officiel du jeu Lucky Jet, le multiplicateur de chaque tour, c&rsquo;est-\u00e0-dire le moment o\u00f9 le pilote s&rsquo;envole, n&rsquo;est pas du tout g\u00e9n\u00e9r\u00e9 sur les serveurs de jeu. Au contraire, la g\u00e9n\u00e9ration du multiplicateur est d\u00e9termin\u00e9e par les joueurs participants qui participent \u00e0 un tour sp\u00e9cifique du jeu. Et ce processus est totalement transparent, car tout joueur peut le v\u00e9rifier. En cons\u00e9quence, personne n&rsquo;aura la possibilit\u00e9 de manipuler les r\u00e9sultats du tour. De plus, chaque joueur a une excellente opportunit\u00e9 de v\u00e9rifier la correction des donn\u00e9es et de s&rsquo;assurer de l&rsquo;\u00e9quit\u00e9 du calcul du multiplicateur dans le jeu Lucky Jet.<\/p>\n<h2><strong>Comment le Multiplicateur est D\u00e9termin\u00e9 dans Lucky Jet<\/strong><\/h2>\n<p>Les r\u00e9sultats du tour de jeu sont g\u00e9n\u00e9r\u00e9s sur la base de quatre facteurs :<\/p>\n<ul>\n<li>Serveur de jeu<\/li>\n<li>Trois joueurs qui ont plac\u00e9 les premiers paris<\/li>\n<\/ul>\n<p>Maintenant, regardons de plus pr\u00e8s. L&rsquo;op\u00e9rateur du jeu g\u00e9n\u00e8re une graine de serveur (c&rsquo;est une cha\u00eene de 16 caract\u00e8res al\u00e9atoires). La version crypt\u00e9e de la graine de serveur est publiquement disponible avant le d\u00e9but du tour de jeu. Pour le voir, vous devez aller dans les \u00ab\u00a0Param\u00e8tres de Provably Fair\u00a0\u00bb, qui se trouvent dans l&rsquo;interface de jeu et que chaque joueur peut voir. Dans les param\u00e8tres, vous pouvez voir la graine client ou en cr\u00e9er une nouvelle en cliquant sur le bouton \u00ab\u00a0Next Client Seed\u00a0\u00bb.<\/p>\n<p>Par la suite, dans la formation de la graine client, les trois premiers joueurs qui ont plac\u00e9 des paris participent. Une partie de la graine est g\u00e9n\u00e9r\u00e9e du c\u00f4t\u00e9 de chacun de ces joueurs. Au d\u00e9but du tour, le jeu combine la graine de serveur et les graines des trois premiers joueurs. Les graines combin\u00e9es sont hach\u00e9es \u00e0 l&rsquo;aide de SHA512, et le hash g\u00e9n\u00e9r\u00e9 d\u00e9termine le r\u00e9sultat d&rsquo;un tour sp\u00e9cifique.<\/p>\n<h2><strong>Comment V\u00e9rifier l&rsquo;\u00c9quit\u00e9 dans le Jeu Lucky Jet<\/strong><\/h2>\n<ul>\n<li>L&rsquo;interface de jeu Lucky Jet comprend la possibilit\u00e9 de v\u00e9rifier chaque tour effectu\u00e9 \u00e0 partir de l&rsquo;historique du jeu. Si vous envisagez simplement de jouer \u00e0 Lucky Jet, nous vous recommandons de faire cette t\u00e2che pour vous assurer de l&rsquo;\u00e9quit\u00e9 du tour. Pour ce faire, il vous suffit de cliquer sur le bouton vert dans les param\u00e8tres du jeu.<\/li>\n<li>Apr\u00e8s avoir cliqu\u00e9 sur le bouton vert, la fen\u00eatre ouverte affichera la graine du serveur, ainsi que les trois graines des joueurs (comme le disent les r\u00e8gles, les graines client, c&rsquo;est le terme utilis\u00e9), ainsi que le hachage combin\u00e9 et le r\u00e9sultat du tour.<\/li>\n<li>Si un joueur veut participer \u00e0 la formation du r\u00e9sultat du tour, il doit \u00eatre parmi les trois premiers joueurs \u00e0 placer un pari. Sinon, il n&rsquo;y a aucun moyen pour un joueur de participer \u00e0 la formation du r\u00e9sultat du tour.<\/li>\n<li>La v\u00e9racit\u00e9 du hachage peut \u00eatre v\u00e9rifi\u00e9e \u00e0 l&rsquo;aide de n&rsquo;importe quelle calculatrice en ligne.<\/li>\n<\/ul>\n","protected":false},"excerpt":{"rendered":"<p>Le jeu Lucky Jet se caract\u00e9rise par son \u00e9quit\u00e9, car le casino n&rsquo;intervient pas dans le processus de jeu. Cette technologie s&rsquo;appelle Provably Fair. Alors, [&hellip;]<\/p>\n","protected":false},"author":1,"featured_media":93,"parent":0,"menu_order":0,"comment_status":"closed","ping_status":"closed","template":"","meta":{"footnotes":"","_links_to":"","_links_to_target":""},"class_list":["post-16","page","type-page","status-publish","has-post-thumbnail","hentry"],"yoast_head":"<!-- This site is optimized with the Yoast SEO plugin v27.2 - https:\/\/yoast.com\/product\/yoast-seo-wordpress\/ -->\n<title>Verifica\u00e7\u00e3o de justi\u00e7a no jogo Lucky Jet<\/title>\n<meta name=\"description\" content=\"Comment v\u00e9rifier l&#039;\u00e9quit\u00e9 dans le jeu crash Lucky Jet sur le casino en ligne 1win en utilisant la technologie Provably Fair. Comment le r\u00e9sultat du tour est-il d\u00e9termin\u00e9 dans la machine \u00e0 sous Lucky Jet.\" \/>\n<meta name=\"robots\" content=\"index, follow, max-snippet:-1, max-image-preview:large, max-video-preview:-1\" \/>\n<link rel=\"canonical\" href=\"https:\/\/jetx-player.com\/fr\/provably-fair\/\" \/>\n<meta property=\"og:locale\" content=\"fr_FR\" \/>\n<meta property=\"og:locale:alternate\" content=\"ru_RU\" \/>\n<meta property=\"og:locale:alternate\" content=\"en_US\" \/>\n<meta property=\"og:locale:alternate\" content=\"pt_PT\" \/>\n<meta property=\"og:locale:alternate\" content=\"es_ES\" \/>\n<meta property=\"og:locale:alternate\" content=\"ro_RO\" \/>\n<meta property=\"og:locale:alternate\" content=\"sr_RS\" \/>\n<meta property=\"og:locale:alternate\" content=\"bg_BG\" \/>\n<meta property=\"og:locale:alternate\" content=\"pl_PL\" \/>\n<meta property=\"og:locale:alternate\" content=\"it_IT\" \/>\n<meta property=\"og:type\" content=\"article\" \/>\n<meta property=\"og:title\" content=\"Verifica\u00e7\u00e3o de justi\u00e7a no jogo Lucky Jet\" \/>\n<meta property=\"og:description\" content=\"Como verificar a justi\u00e7a no jogo de crash Lucky Jet no cassino online 1win usando a tecnologia Provably Fair. Como o resultado da rodada \u00e9 determinado na slot machine Lucky Jet.\" \/>\n<meta property=\"og:url\" content=\"https:\/\/jetx-player.com\/fr\/provably-fair\/\" \/>\n<meta property=\"og:site_name\" content=\"JetX\" \/>\n<meta property=\"article:modified_time\" content=\"2024-02-28T20:02:02+00:00\" \/>\n<meta property=\"og:image\" content=\"https:\/\/jetx-player.com\/wp-content\/uploads\/abstract-blue-night-space-cosmos-background-with-nebula-and-shining-star-vector.jpg\" \/>\n\t<meta property=\"og:image:width\" content=\"1920\" \/>\n\t<meta property=\"og:image:height\" content=\"1079\" \/>\n\t<meta property=\"og:image:type\" content=\"image\/jpeg\" \/>\n<meta name=\"twitter:card\" content=\"summary_large_image\" \/>\n<meta name=\"twitter:label1\" content=\"Dur\u00e9e de lecture estim\u00e9e\" \/>\n\t<meta name=\"twitter:data1\" content=\"22 minutes\" \/>\n<script type=\"application\/ld+json\" class=\"yoast-schema-graph\">{\"@context\":\"https:\/\/schema.org\",\"@graph\":[{\"@type\":\"WebPage\",\"@id\":\"https:\/\/jetx-player.com\/pt\/provably-fair\/\",\"url\":\"https:\/\/jetx-player.com\/pt\/provably-fair\/\",\"name\":\"Verifica\u00e7\u00e3o de justi\u00e7a no jogo Lucky Jet\",\"isPartOf\":{\"@id\":\"https:\/\/jetx-player.com\/#website\"},\"primaryImageOfPage\":{\"@id\":\"https:\/\/jetx-player.com\/pt\/provably-fair\/#primaryimage\"},\"image\":{\"@id\":\"https:\/\/jetx-player.com\/pt\/provably-fair\/#primaryimage\"},\"thumbnailUrl\":\"https:\/\/jetx-player.com\/wp-content\/uploads\/abstract-blue-night-space-cosmos-background-with-nebula-and-shining-star-vector.jpg\",\"datePublished\":\"2024-02-11T10:18:21+00:00\",\"dateModified\":\"2024-02-28T20:02:02+00:00\",\"description\":\"Como verificar a justi\u00e7a no jogo de crash Lucky Jet no cassino online 1win usando a tecnologia Provably Fair. Como o resultado da rodada \u00e9 determinado na slot machine Lucky Jet.\",\"breadcrumb\":{\"@id\":\"https:\/\/jetx-player.com\/pt\/provably-fair\/#breadcrumb\"},\"inLanguage\":\"fr-FR\",\"potentialAction\":[{\"@type\":\"ReadAction\",\"target\":[\"https:\/\/jetx-player.com\/pt\/provably-fair\/\"]}]},{\"@type\":\"ImageObject\",\"inLanguage\":\"fr-FR\",\"@id\":\"https:\/\/jetx-player.com\/pt\/provably-fair\/#primaryimage\",\"url\":\"https:\/\/jetx-player.com\/wp-content\/uploads\/abstract-blue-night-space-cosmos-background-with-nebula-and-shining-star-vector.jpg\",\"contentUrl\":\"https:\/\/jetx-player.com\/wp-content\/uploads\/abstract-blue-night-space-cosmos-background-with-nebula-and-shining-star-vector.jpg\",\"width\":1920,\"height\":1079},{\"@type\":\"BreadcrumbList\",\"@id\":\"https:\/\/jetx-player.com\/pt\/provably-fair\/#breadcrumb\",\"itemListElement\":[{\"@type\":\"ListItem\",\"position\":1,\"name\":\"Home\",\"item\":\"https:\/\/jetx-player.com\/\"},{\"@type\":\"ListItem\",\"position\":2,\"name\":\"Provably Fair\"}]},{\"@type\":\"WebSite\",\"@id\":\"https:\/\/jetx-player.com\/#website\",\"url\":\"https:\/\/jetx-player.com\/\",\"name\":\"JetX\",\"description\":\"Just another WordPress site\",\"publisher\":{\"@id\":\"https:\/\/jetx-player.com\/#organization\"},\"potentialAction\":[{\"@type\":\"SearchAction\",\"target\":{\"@type\":\"EntryPoint\",\"urlTemplate\":\"https:\/\/jetx-player.com\/?s={search_term_string}\"},\"query-input\":{\"@type\":\"PropertyValueSpecification\",\"valueRequired\":true,\"valueName\":\"search_term_string\"}}],\"inLanguage\":\"fr-FR\"},{\"@type\":\"Organization\",\"@id\":\"https:\/\/jetx-player.com\/#organization\",\"name\":\"JetX\",\"url\":\"https:\/\/jetx-player.com\/\",\"logo\":{\"@type\":\"ImageObject\",\"inLanguage\":\"fr-FR\",\"@id\":\"https:\/\/jetx-player.com\/#\/schema\/logo\/image\/\",\"url\":\"https:\/\/jetx-player.com\/wp-content\/uploads\/lucky-jet-header-e1707648698751.webp\",\"contentUrl\":\"https:\/\/jetx-player.com\/wp-content\/uploads\/lucky-jet-header-e1707648698751.webp\",\"width\":643,\"height\":178,\"caption\":\"JetX\"},\"image\":{\"@id\":\"https:\/\/jetx-player.com\/#\/schema\/logo\/image\/\"}}]}<\/script>\n<!-- \/ Yoast SEO plugin. -->","yoast_head_json":{"title":"Verifica\u00e7\u00e3o de justi\u00e7a no jogo Lucky Jet","description":"Comment v\u00e9rifier l'\u00e9quit\u00e9 dans le jeu crash Lucky Jet sur le casino en ligne 1win en utilisant la technologie Provably Fair. Comment le r\u00e9sultat du tour est-il d\u00e9termin\u00e9 dans la machine \u00e0 sous Lucky Jet.","robots":{"index":"index","follow":"follow","max-snippet":"max-snippet:-1","max-image-preview":"max-image-preview:large","max-video-preview":"max-video-preview:-1"},"canonical":"https:\/\/jetx-player.com\/fr\/provably-fair\/","og_locale":"fr_FR","og_type":"article","og_title":"Verifica\u00e7\u00e3o de justi\u00e7a no jogo Lucky Jet","og_description":"Como verificar a justi\u00e7a no jogo de crash Lucky Jet no cassino online 1win usando a tecnologia Provably Fair. Como o resultado da rodada \u00e9 determinado na slot machine Lucky Jet.","og_url":"https:\/\/jetx-player.com\/fr\/provably-fair\/","og_site_name":"JetX","article_modified_time":"2024-02-28T20:02:02+00:00","og_image":[{"width":1920,"height":1079,"url":"https:\/\/jetx-player.com\/wp-content\/uploads\/abstract-blue-night-space-cosmos-background-with-nebula-and-shining-star-vector.jpg","type":"image\/jpeg"}],"twitter_card":"summary_large_image","twitter_misc":{"Dur\u00e9e de lecture estim\u00e9e":"22 minutes"},"schema":{"@context":"https:\/\/schema.org","@graph":[{"@type":"WebPage","@id":"https:\/\/jetx-player.com\/pt\/provably-fair\/","url":"https:\/\/jetx-player.com\/pt\/provably-fair\/","name":"Verifica\u00e7\u00e3o de justi\u00e7a no jogo Lucky Jet","isPartOf":{"@id":"https:\/\/jetx-player.com\/#website"},"primaryImageOfPage":{"@id":"https:\/\/jetx-player.com\/pt\/provably-fair\/#primaryimage"},"image":{"@id":"https:\/\/jetx-player.com\/pt\/provably-fair\/#primaryimage"},"thumbnailUrl":"https:\/\/jetx-player.com\/wp-content\/uploads\/abstract-blue-night-space-cosmos-background-with-nebula-and-shining-star-vector.jpg","datePublished":"2024-02-11T10:18:21+00:00","dateModified":"2024-02-28T20:02:02+00:00","description":"Como verificar a justi\u00e7a no jogo de crash Lucky Jet no cassino online 1win usando a tecnologia Provably Fair. Como o resultado da rodada \u00e9 determinado na slot machine Lucky Jet.","breadcrumb":{"@id":"https:\/\/jetx-player.com\/pt\/provably-fair\/#breadcrumb"},"inLanguage":"fr-FR","potentialAction":[{"@type":"ReadAction","target":["https:\/\/jetx-player.com\/pt\/provably-fair\/"]}]},{"@type":"ImageObject","inLanguage":"fr-FR","@id":"https:\/\/jetx-player.com\/pt\/provably-fair\/#primaryimage","url":"https:\/\/jetx-player.com\/wp-content\/uploads\/abstract-blue-night-space-cosmos-background-with-nebula-and-shining-star-vector.jpg","contentUrl":"https:\/\/jetx-player.com\/wp-content\/uploads\/abstract-blue-night-space-cosmos-background-with-nebula-and-shining-star-vector.jpg","width":1920,"height":1079},{"@type":"BreadcrumbList","@id":"https:\/\/jetx-player.com\/pt\/provably-fair\/#breadcrumb","itemListElement":[{"@type":"ListItem","position":1,"name":"Home","item":"https:\/\/jetx-player.com\/"},{"@type":"ListItem","position":2,"name":"Provably Fair"}]},{"@type":"WebSite","@id":"https:\/\/jetx-player.com\/#website","url":"https:\/\/jetx-player.com\/","name":"JetX","description":"Just another WordPress site","publisher":{"@id":"https:\/\/jetx-player.com\/#organization"},"potentialAction":[{"@type":"SearchAction","target":{"@type":"EntryPoint","urlTemplate":"https:\/\/jetx-player.com\/?s={search_term_string}"},"query-input":{"@type":"PropertyValueSpecification","valueRequired":true,"valueName":"search_term_string"}}],"inLanguage":"fr-FR"},{"@type":"Organization","@id":"https:\/\/jetx-player.com\/#organization","name":"JetX","url":"https:\/\/jetx-player.com\/","logo":{"@type":"ImageObject","inLanguage":"fr-FR","@id":"https:\/\/jetx-player.com\/#\/schema\/logo\/image\/","url":"https:\/\/jetx-player.com\/wp-content\/uploads\/lucky-jet-header-e1707648698751.webp","contentUrl":"https:\/\/jetx-player.com\/wp-content\/uploads\/lucky-jet-header-e1707648698751.webp","width":643,"height":178,"caption":"JetX"},"image":{"@id":"https:\/\/jetx-player.com\/#\/schema\/logo\/image\/"}}]}},"_links":{"self":[{"href":"https:\/\/jetx-player.com\/fr\/wp-json\/wp\/v2\/pages\/16","targetHints":{"allow":["GET"]}}],"collection":[{"href":"https:\/\/jetx-player.com\/fr\/wp-json\/wp\/v2\/pages"}],"about":[{"href":"https:\/\/jetx-player.com\/fr\/wp-json\/wp\/v2\/types\/page"}],"author":[{"embeddable":true,"href":"https:\/\/jetx-player.com\/fr\/wp-json\/wp\/v2\/users\/1"}],"replies":[{"embeddable":true,"href":"https:\/\/jetx-player.com\/fr\/wp-json\/wp\/v2\/comments?post=16"}],"version-history":[{"count":14,"href":"https:\/\/jetx-player.com\/fr\/wp-json\/wp\/v2\/pages\/16\/revisions"}],"predecessor-version":[{"id":170,"href":"https:\/\/jetx-player.com\/fr\/wp-json\/wp\/v2\/pages\/16\/revisions\/170"}],"wp:featuredmedia":[{"embeddable":true,"href":"https:\/\/jetx-player.com\/fr\/wp-json\/wp\/v2\/media\/93"}],"wp:attachment":[{"href":"https:\/\/jetx-player.com\/fr\/wp-json\/wp\/v2\/media?parent=16"}],"curies":[{"name":"wp","href":"https:\/\/api.w.org\/{rel}","templated":true}]}}