{"id":14,"date":"2024-02-11T10:16:50","date_gmt":"2024-02-11T10:16:50","guid":{"rendered":"https:\/\/jetx-player.com\/?page_id=14"},"modified":"2024-02-28T20:00:52","modified_gmt":"2024-02-28T20:00:52","slug":"faq-about-lucky-jet","status":"publish","type":"page","link":"https:\/\/jetx-player.com\/fr\/faq-about-lucky-jet\/","title":{"rendered":"FAQ \u2014 Foire aux questions sur Lucky Jet"},"content":{"rendered":"<p>Tout joueur qui envisage de commencer \u00e0 jouer au casino en ligne Lucky Jet pour de l&rsquo;argent r\u00e9el dans le jeu Crash se pose des questions difficiles \u00e0 obtenir des r\u00e9ponses. Nous avons recueilli les questions les plus populaires sur le jeu Lucky Jet et avons essay\u00e9 de fournir des r\u00e9ponses.<\/p>\n<ol>\n<li><strong>Qu&rsquo;est-ce que le jeu en ligne Lucky Jet ?<\/strong><br \/>\nLucky Jet est un jeu de hasard en ligne o\u00f9 les joueurs placent des paris sur la hauteur \u00e0 laquelle Lucky Joe peut monter avant de s&rsquo;envoler. En tant que joueur, vous devez r\u00e9clamer vos gains avant ce point.<\/li>\n<li><strong>Comment jouer \u00e0 Lucky Jet ?<\/strong><br \/>\nTr\u00e8s simple. Vous placez un pari, appuyez sur le bouton de d\u00e9marrage, et le gars avec le sac \u00e0 dos commence \u00e0 monter, augmentant vos gains potentiels. Vous devez r\u00e9clamer vos gains avant que l&rsquo;objet ne s&rsquo;envole.<\/li>\n<li><strong>Comment est calcul\u00e9 le gain dans Lucky Jet ?<\/strong><br \/>\nVos gains sont calcul\u00e9s en multipliant votre mise par le multiplicateur auquel vous d\u00e9cidez de r\u00e9clamer vos gains.<\/li>\n<li><strong>Peut-on jouer \u00e0 Lucky Jet gratuitement ?<\/strong><br \/>\nVous pouvez jouer \u00e0 Lucky Jet gratuitement. Le casino en ligne 1win fournit un acc\u00e8s \u00e0 la version gratuite du jeu. Il s&rsquo;agit d&rsquo;une version de d\u00e9monstration de Lucky Jet, o\u00f9 vous pouvez jouer gratuitement, mais sans avoir la chance de gagner de l&rsquo;argent r\u00e9el.<\/li>\n<li><strong>Quelle est la taille de pari minimum et maximum dans Lucky Jet ?<\/strong><br \/>\nLes mises minimum et maximum peuvent varier en fonction du casino, mais elles commencent g\u00e9n\u00e9ralement \u00e0 quelques centimes jusqu&rsquo;\u00e0 plusieurs centaines de dollars.<\/li>\n<li><strong>Y a-t-il des strat\u00e9gies pour gagner \u00e0 Lucky Jet ?<\/strong><br \/>\nIl existe diff\u00e9rentes strat\u00e9gies, telles que le gain fixe, le Martingale, les paris divis\u00e9s, mais aucune d&rsquo;entre elles ne garantit une victoire. Il est important de se rappeler qu&rsquo;une strat\u00e9gie augmente vos chances de gagner, mais ne garantit en aucun cas une victoire.<\/li>\n<li><strong>Est-il s\u00fbr de jouer \u00e0 Lucky Jet en ligne ?<\/strong><br \/>\nIl est s\u00fbr de jouer si vous choisissez un casino fiable et agr\u00e9\u00e9 avec une bonne r\u00e9putation. Dans ce cas, tout jeu de casino sera s\u00fbr. Il est important d&rsquo;\u00e9viter les casinos en ligne non autoris\u00e9s.<\/li>\n<li><strong>Les bonus peuvent-ils \u00eatre utilis\u00e9s dans Lucky Jet ?<\/strong><br \/>\nOui, de nombreux casinos offrent des bonus qui peuvent \u00eatre utilis\u00e9s dans les jeux, y compris Lucky Jet. Cependant, assurez-vous de comprendre les conditions d&rsquo;utilisation des bonus. Le jeu Crash Lucky Jet lui-m\u00eame ne propose pas de tours bonus.<\/li>\n<li><strong>\u00c0 quelle vitesse les gains sont-ils pay\u00e9s dans Lucky Jet ?<\/strong><br \/>\nLa vitesse des paiements d\u00e9pend du casino, mais g\u00e9n\u00e9ralement les gains sont trait\u00e9s dans les quelques heures. Dans tous les cas, la vitesse des paiements ne d\u00e9pend pas du d\u00e9veloppeur du jeu, mais du casino en ligne.<\/li>\n<li><strong>Y a-t-il une version mobile du jeu Lucky Jet ?<\/strong><br \/>\nOui, de nombreux casinos proposent des versions mobiles de leurs jeux, y compris Lucky Jet, disponibles via le navigateur ou l&rsquo;application du casino.<\/li>\n<li><strong>Quels sont les principaux risques de jouer \u00e0 Lucky Jet ?<\/strong><br \/>\nLe principal risque est de perdre votre mise si vous ne r\u00e9clamez pas vos gains avant que l&rsquo;objet ne s&rsquo;envole. Il est important de jouer de mani\u00e8re responsable et dans vos moyens.<\/li>\n<li><strong>Lucky Jet peut-il truquer les r\u00e9sultats ?<\/strong><br \/>\nDans les casinos en ligne fiables avec une licence et une v\u00e9rification ind\u00e9pendante, les cotes et les r\u00e9sultats des jeux sont g\u00e9n\u00e9r\u00e9s de mani\u00e8re al\u00e9atoire, garantissant l&rsquo;\u00e9quit\u00e9 du jeu. C&rsquo;est un g\u00e9n\u00e9rateur de nombres al\u00e9atoires qui d\u00e9termine les r\u00e9sultats du jeu.<\/li>\n<li><strong>Quelles sont les meilleures pratiques pour jouer \u00e0 Lucky Jet ?<\/strong><br \/>\nD\u00e9finissez des limites sur les mises et le temps de jeu, utilisez des strat\u00e9gies de gestion de bankroll, et ne poursuivez pas de gros gains de coefficient. Le principal est de ne pas perdre la t\u00eate et de comprendre que les jeux de hasard peuvent vous aider \u00e0 passer un bon moment, mais ne peuvent pas \u00eatre un moyen de gagner de l&rsquo;argent.<\/li>\n<li><strong>Peut-on jouer \u00e0 Lucky Jet avec des amis ?<\/strong><br \/>\nBien que Lucky Jet soit un jeu individuel, vous pouvez partager votre exp\u00e9rience et vos strat\u00e9gies avec des amis et jouer ensemble depuis diff\u00e9rents endroits. Le jeu dispose d&rsquo;un chat en jeu o\u00f9 vous pouvez \u00e9changer des opinions avec d&rsquo;autres joueurs.<\/li>\n<li><strong>O\u00f9 trouver les meilleurs casinos pour jouer \u00e0 Lucky Jet ?<\/strong><br \/>\nLe meilleur casino pour jouer \u00e0 Lucky Jet est le c\u00e9l\u00e8bre casino en ligne 1win. C&rsquo;est un casino avec une bonne r\u00e9putation, des avis positifs et\u00a0une licence d&rsquo;un r\u00e9gulateur bien connu.<\/li>\n<\/ol>\n","protected":false},"excerpt":{"rendered":"<p>Tout joueur qui envisage de commencer \u00e0 jouer au casino en ligne Lucky Jet pour de l&rsquo;argent r\u00e9el dans le jeu Crash se pose des [&hellip;]<\/p>\n","protected":false},"author":1,"featured_media":93,"parent":0,"menu_order":0,"comment_status":"closed","ping_status":"closed","template":"","meta":{"footnotes":"","_links_to":"","_links_to_target":""},"class_list":["post-14","page","type-page","status-publish","has-post-thumbnail","hentry"],"yoast_head":"<!-- This site is optimized with the Yoast SEO plugin v27.2 - https:\/\/yoast.com\/product\/yoast-seo-wordpress\/ -->\n<title>\u0427\u0430\u0441\u0442\u043e \u0437\u0430\u0434\u0430\u0432\u0430\u0435\u043c\u044b\u0435 \u0432\u043e\u043f\u0440\u043e\u0441\u044b \u043e\u0431 \u0438\u0433\u0440\u0435 Lucky Jet \u0432 \u043a\u0430\u0437\u0438\u043d\u043e 1win<\/title>\n<meta name=\"description\" content=\"Nous avons rassembl\u00e9 les questions les plus fr\u00e9quemment pos\u00e9es sur le jeu Lucky Jet au casino en ligne 1win. Toutes les questions et r\u00e9ponses sur le jeu crash Lucky Jet.\" \/>\n<meta name=\"robots\" content=\"index, follow, max-snippet:-1, max-image-preview:large, max-video-preview:-1\" \/>\n<link rel=\"canonical\" href=\"https:\/\/jetx-player.com\/fr\/faq-about-lucky-jet\/\" \/>\n<meta property=\"og:locale\" content=\"fr_FR\" \/>\n<meta property=\"og:locale:alternate\" content=\"ru_RU\" \/>\n<meta property=\"og:locale:alternate\" content=\"en_US\" \/>\n<meta property=\"og:locale:alternate\" content=\"pt_PT\" \/>\n<meta property=\"og:locale:alternate\" content=\"es_ES\" \/>\n<meta property=\"og:locale:alternate\" content=\"ro_RO\" \/>\n<meta property=\"og:locale:alternate\" content=\"sr_RS\" \/>\n<meta property=\"og:locale:alternate\" content=\"bg_BG\" \/>\n<meta property=\"og:locale:alternate\" content=\"pl_PL\" \/>\n<meta property=\"og:locale:alternate\" content=\"it_IT\" \/>\n<meta property=\"og:type\" content=\"article\" \/>\n<meta property=\"og:title\" content=\"\u0427\u0430\u0441\u0442\u043e \u0437\u0430\u0434\u0430\u0432\u0430\u0435\u043c\u044b\u0435 \u0432\u043e\u043f\u0440\u043e\u0441\u044b \u043e\u0431 \u0438\u0433\u0440\u0435 Lucky Jet \u0432 \u043a\u0430\u0437\u0438\u043d\u043e 1win\" \/>\n<meta property=\"og:description\" content=\"\u041c\u044b \u0441\u043e\u0431\u0440\u0430\u043b\u0438 \u0441\u0430\u043c\u044b\u0435 \u0447\u0430\u0441\u0442\u043e \u0437\u0430\u0434\u0430\u0432\u0430\u0435\u043c\u044b\u0435 \u0432\u043e\u043f\u0440\u043e\u0441\u044b \u043e\u0431 \u0438\u0433\u0440\u0435 Lucky Jet \u0432 \u043e\u043d\u043b\u0430\u0439\u043d \u043a\u0430\u0437\u0438\u043d\u043e 1win. \u0412\u0441\u0435 \u0432\u043e\u043f\u0440\u043e\u0441\u044b \u0438 \u043e\u0442\u0432\u0435\u0442\u044b \u043e \u043a\u0440\u0430\u0448 \u0438\u0433\u0440\u0435 Lucky Jet\" \/>\n<meta property=\"og:url\" content=\"https:\/\/jetx-player.com\/fr\/faq-about-lucky-jet\/\" \/>\n<meta property=\"og:site_name\" content=\"JetX\" \/>\n<meta property=\"article:modified_time\" content=\"2024-02-28T20:00:52+00:00\" \/>\n<meta property=\"og:image\" content=\"https:\/\/jetx-player.com\/wp-content\/uploads\/abstract-blue-night-space-cosmos-background-with-nebula-and-shining-star-vector.jpg\" \/>\n\t<meta property=\"og:image:width\" content=\"1920\" \/>\n\t<meta property=\"og:image:height\" content=\"1079\" \/>\n\t<meta property=\"og:image:type\" content=\"image\/jpeg\" \/>\n<meta name=\"twitter:card\" content=\"summary_large_image\" \/>\n<meta name=\"twitter:label1\" content=\"Dur\u00e9e de lecture estim\u00e9e\" \/>\n\t<meta name=\"twitter:data1\" content=\"25 minutes\" \/>\n<script type=\"application\/ld+json\" class=\"yoast-schema-graph\">{\"@context\":\"https:\/\/schema.org\",\"@graph\":[{\"@type\":\"WebPage\",\"@id\":\"https:\/\/jetx-player.com\/faq-about-lucky-jet\/\",\"url\":\"https:\/\/jetx-player.com\/faq-about-lucky-jet\/\",\"name\":\"\u0427\u0430\u0441\u0442\u043e \u0437\u0430\u0434\u0430\u0432\u0430\u0435\u043c\u044b\u0435 \u0432\u043e\u043f\u0440\u043e\u0441\u044b \u043e\u0431 \u0438\u0433\u0440\u0435 Lucky Jet \u0432 \u043a\u0430\u0437\u0438\u043d\u043e 1win\",\"isPartOf\":{\"@id\":\"https:\/\/jetx-player.com\/#website\"},\"primaryImageOfPage\":{\"@id\":\"https:\/\/jetx-player.com\/faq-about-lucky-jet\/#primaryimage\"},\"image\":{\"@id\":\"https:\/\/jetx-player.com\/faq-about-lucky-jet\/#primaryimage\"},\"thumbnailUrl\":\"https:\/\/jetx-player.com\/wp-content\/uploads\/abstract-blue-night-space-cosmos-background-with-nebula-and-shining-star-vector.jpg\",\"datePublished\":\"2024-02-11T10:16:50+00:00\",\"dateModified\":\"2024-02-28T20:00:52+00:00\",\"description\":\"\u041c\u044b \u0441\u043e\u0431\u0440\u0430\u043b\u0438 \u0441\u0430\u043c\u044b\u0435 \u0447\u0430\u0441\u0442\u043e \u0437\u0430\u0434\u0430\u0432\u0430\u0435\u043c\u044b\u0435 \u0432\u043e\u043f\u0440\u043e\u0441\u044b \u043e\u0431 \u0438\u0433\u0440\u0435 Lucky Jet \u0432 \u043e\u043d\u043b\u0430\u0439\u043d \u043a\u0430\u0437\u0438\u043d\u043e 1win. \u0412\u0441\u0435 \u0432\u043e\u043f\u0440\u043e\u0441\u044b \u0438 \u043e\u0442\u0432\u0435\u0442\u044b \u043e \u043a\u0440\u0430\u0448 \u0438\u0433\u0440\u0435 Lucky Jet\",\"breadcrumb\":{\"@id\":\"https:\/\/jetx-player.com\/faq-about-lucky-jet\/#breadcrumb\"},\"inLanguage\":\"fr-FR\",\"potentialAction\":[{\"@type\":\"ReadAction\",\"target\":[\"https:\/\/jetx-player.com\/faq-about-lucky-jet\/\"]}]},{\"@type\":\"ImageObject\",\"inLanguage\":\"fr-FR\",\"@id\":\"https:\/\/jetx-player.com\/faq-about-lucky-jet\/#primaryimage\",\"url\":\"https:\/\/jetx-player.com\/wp-content\/uploads\/abstract-blue-night-space-cosmos-background-with-nebula-and-shining-star-vector.jpg\",\"contentUrl\":\"https:\/\/jetx-player.com\/wp-content\/uploads\/abstract-blue-night-space-cosmos-background-with-nebula-and-shining-star-vector.jpg\",\"width\":1920,\"height\":1079},{\"@type\":\"BreadcrumbList\",\"@id\":\"https:\/\/jetx-player.com\/faq-about-lucky-jet\/#breadcrumb\",\"itemListElement\":[{\"@type\":\"ListItem\",\"position\":1,\"name\":\"Home\",\"item\":\"https:\/\/jetx-player.com\/\"},{\"@type\":\"ListItem\",\"position\":2,\"name\":\"FAQ &#8212; \u0427\u0430\u0441\u0442\u043e \u0417\u0430\u0434\u0430\u0432\u0430\u0435\u043c\u044b\u0435 \u0412\u043e\u043f\u0440\u043e\u0441\u044b \u043e Lucky Jet\"}]},{\"@type\":\"WebSite\",\"@id\":\"https:\/\/jetx-player.com\/#website\",\"url\":\"https:\/\/jetx-player.com\/\",\"name\":\"JetX\",\"description\":\"Just another WordPress site\",\"publisher\":{\"@id\":\"https:\/\/jetx-player.com\/#organization\"},\"potentialAction\":[{\"@type\":\"SearchAction\",\"target\":{\"@type\":\"EntryPoint\",\"urlTemplate\":\"https:\/\/jetx-player.com\/?s={search_term_string}\"},\"query-input\":{\"@type\":\"PropertyValueSpecification\",\"valueRequired\":true,\"valueName\":\"search_term_string\"}}],\"inLanguage\":\"fr-FR\"},{\"@type\":\"Organization\",\"@id\":\"https:\/\/jetx-player.com\/#organization\",\"name\":\"JetX\",\"url\":\"https:\/\/jetx-player.com\/\",\"logo\":{\"@type\":\"ImageObject\",\"inLanguage\":\"fr-FR\",\"@id\":\"https:\/\/jetx-player.com\/#\/schema\/logo\/image\/\",\"url\":\"https:\/\/jetx-player.com\/wp-content\/uploads\/lucky-jet-header-e1707648698751.webp\",\"contentUrl\":\"https:\/\/jetx-player.com\/wp-content\/uploads\/lucky-jet-header-e1707648698751.webp\",\"width\":643,\"height\":178,\"caption\":\"JetX\"},\"image\":{\"@id\":\"https:\/\/jetx-player.com\/#\/schema\/logo\/image\/\"}}]}<\/script>\n<!-- \/ Yoast SEO plugin. -->","yoast_head_json":{"title":"\u0427\u0430\u0441\u0442\u043e \u0437\u0430\u0434\u0430\u0432\u0430\u0435\u043c\u044b\u0435 \u0432\u043e\u043f\u0440\u043e\u0441\u044b \u043e\u0431 \u0438\u0433\u0440\u0435 Lucky Jet \u0432 \u043a\u0430\u0437\u0438\u043d\u043e 1win","description":"Nous avons rassembl\u00e9 les questions les plus fr\u00e9quemment pos\u00e9es sur le jeu Lucky Jet au casino en ligne 1win. Toutes les questions et r\u00e9ponses sur le jeu crash Lucky Jet.","robots":{"index":"index","follow":"follow","max-snippet":"max-snippet:-1","max-image-preview":"max-image-preview:large","max-video-preview":"max-video-preview:-1"},"canonical":"https:\/\/jetx-player.com\/fr\/faq-about-lucky-jet\/","og_locale":"fr_FR","og_type":"article","og_title":"\u0427\u0430\u0441\u0442\u043e \u0437\u0430\u0434\u0430\u0432\u0430\u0435\u043c\u044b\u0435 \u0432\u043e\u043f\u0440\u043e\u0441\u044b \u043e\u0431 \u0438\u0433\u0440\u0435 Lucky Jet \u0432 \u043a\u0430\u0437\u0438\u043d\u043e 1win","og_description":"\u041c\u044b \u0441\u043e\u0431\u0440\u0430\u043b\u0438 \u0441\u0430\u043c\u044b\u0435 \u0447\u0430\u0441\u0442\u043e \u0437\u0430\u0434\u0430\u0432\u0430\u0435\u043c\u044b\u0435 \u0432\u043e\u043f\u0440\u043e\u0441\u044b \u043e\u0431 \u0438\u0433\u0440\u0435 Lucky Jet \u0432 \u043e\u043d\u043b\u0430\u0439\u043d \u043a\u0430\u0437\u0438\u043d\u043e 1win. \u0412\u0441\u0435 \u0432\u043e\u043f\u0440\u043e\u0441\u044b \u0438 \u043e\u0442\u0432\u0435\u0442\u044b \u043e \u043a\u0440\u0430\u0448 \u0438\u0433\u0440\u0435 Lucky Jet","og_url":"https:\/\/jetx-player.com\/fr\/faq-about-lucky-jet\/","og_site_name":"JetX","article_modified_time":"2024-02-28T20:00:52+00:00","og_image":[{"width":1920,"height":1079,"url":"https:\/\/jetx-player.com\/wp-content\/uploads\/abstract-blue-night-space-cosmos-background-with-nebula-and-shining-star-vector.jpg","type":"image\/jpeg"}],"twitter_card":"summary_large_image","twitter_misc":{"Dur\u00e9e de lecture estim\u00e9e":"25 minutes"},"schema":{"@context":"https:\/\/schema.org","@graph":[{"@type":"WebPage","@id":"https:\/\/jetx-player.com\/faq-about-lucky-jet\/","url":"https:\/\/jetx-player.com\/faq-about-lucky-jet\/","name":"\u0427\u0430\u0441\u0442\u043e \u0437\u0430\u0434\u0430\u0432\u0430\u0435\u043c\u044b\u0435 \u0432\u043e\u043f\u0440\u043e\u0441\u044b \u043e\u0431 \u0438\u0433\u0440\u0435 Lucky Jet \u0432 \u043a\u0430\u0437\u0438\u043d\u043e 1win","isPartOf":{"@id":"https:\/\/jetx-player.com\/#website"},"primaryImageOfPage":{"@id":"https:\/\/jetx-player.com\/faq-about-lucky-jet\/#primaryimage"},"image":{"@id":"https:\/\/jetx-player.com\/faq-about-lucky-jet\/#primaryimage"},"thumbnailUrl":"https:\/\/jetx-player.com\/wp-content\/uploads\/abstract-blue-night-space-cosmos-background-with-nebula-and-shining-star-vector.jpg","datePublished":"2024-02-11T10:16:50+00:00","dateModified":"2024-02-28T20:00:52+00:00","description":"\u041c\u044b \u0441\u043e\u0431\u0440\u0430\u043b\u0438 \u0441\u0430\u043c\u044b\u0435 \u0447\u0430\u0441\u0442\u043e \u0437\u0430\u0434\u0430\u0432\u0430\u0435\u043c\u044b\u0435 \u0432\u043e\u043f\u0440\u043e\u0441\u044b \u043e\u0431 \u0438\u0433\u0440\u0435 Lucky Jet \u0432 \u043e\u043d\u043b\u0430\u0439\u043d \u043a\u0430\u0437\u0438\u043d\u043e 1win. \u0412\u0441\u0435 \u0432\u043e\u043f\u0440\u043e\u0441\u044b \u0438 \u043e\u0442\u0432\u0435\u0442\u044b \u043e \u043a\u0440\u0430\u0448 \u0438\u0433\u0440\u0435 Lucky Jet","breadcrumb":{"@id":"https:\/\/jetx-player.com\/faq-about-lucky-jet\/#breadcrumb"},"inLanguage":"fr-FR","potentialAction":[{"@type":"ReadAction","target":["https:\/\/jetx-player.com\/faq-about-lucky-jet\/"]}]},{"@type":"ImageObject","inLanguage":"fr-FR","@id":"https:\/\/jetx-player.com\/faq-about-lucky-jet\/#primaryimage","url":"https:\/\/jetx-player.com\/wp-content\/uploads\/abstract-blue-night-space-cosmos-background-with-nebula-and-shining-star-vector.jpg","contentUrl":"https:\/\/jetx-player.com\/wp-content\/uploads\/abstract-blue-night-space-cosmos-background-with-nebula-and-shining-star-vector.jpg","width":1920,"height":1079},{"@type":"BreadcrumbList","@id":"https:\/\/jetx-player.com\/faq-about-lucky-jet\/#breadcrumb","itemListElement":[{"@type":"ListItem","position":1,"name":"Home","item":"https:\/\/jetx-player.com\/"},{"@type":"ListItem","position":2,"name":"FAQ &#8212; \u0427\u0430\u0441\u0442\u043e \u0417\u0430\u0434\u0430\u0432\u0430\u0435\u043c\u044b\u0435 \u0412\u043e\u043f\u0440\u043e\u0441\u044b \u043e Lucky Jet"}]},{"@type":"WebSite","@id":"https:\/\/jetx-player.com\/#website","url":"https:\/\/jetx-player.com\/","name":"JetX","description":"Just another WordPress site","publisher":{"@id":"https:\/\/jetx-player.com\/#organization"},"potentialAction":[{"@type":"SearchAction","target":{"@type":"EntryPoint","urlTemplate":"https:\/\/jetx-player.com\/?s={search_term_string}"},"query-input":{"@type":"PropertyValueSpecification","valueRequired":true,"valueName":"search_term_string"}}],"inLanguage":"fr-FR"},{"@type":"Organization","@id":"https:\/\/jetx-player.com\/#organization","name":"JetX","url":"https:\/\/jetx-player.com\/","logo":{"@type":"ImageObject","inLanguage":"fr-FR","@id":"https:\/\/jetx-player.com\/#\/schema\/logo\/image\/","url":"https:\/\/jetx-player.com\/wp-content\/uploads\/lucky-jet-header-e1707648698751.webp","contentUrl":"https:\/\/jetx-player.com\/wp-content\/uploads\/lucky-jet-header-e1707648698751.webp","width":643,"height":178,"caption":"JetX"},"image":{"@id":"https:\/\/jetx-player.com\/#\/schema\/logo\/image\/"}}]}},"_links":{"self":[{"href":"https:\/\/jetx-player.com\/fr\/wp-json\/wp\/v2\/pages\/14","targetHints":{"allow":["GET"]}}],"collection":[{"href":"https:\/\/jetx-player.com\/fr\/wp-json\/wp\/v2\/pages"}],"about":[{"href":"https:\/\/jetx-player.com\/fr\/wp-json\/wp\/v2\/types\/page"}],"author":[{"embeddable":true,"href":"https:\/\/jetx-player.com\/fr\/wp-json\/wp\/v2\/users\/1"}],"replies":[{"embeddable":true,"href":"https:\/\/jetx-player.com\/fr\/wp-json\/wp\/v2\/comments?post=14"}],"version-history":[{"count":26,"href":"https:\/\/jetx-player.com\/fr\/wp-json\/wp\/v2\/pages\/14\/revisions"}],"predecessor-version":[{"id":184,"href":"https:\/\/jetx-player.com\/fr\/wp-json\/wp\/v2\/pages\/14\/revisions\/184"}],"wp:featuredmedia":[{"embeddable":true,"href":"https:\/\/jetx-player.com\/fr\/wp-json\/wp\/v2\/media\/93"}],"wp:attachment":[{"href":"https:\/\/jetx-player.com\/fr\/wp-json\/wp\/v2\/media?parent=14"}],"curies":[{"name":"wp","href":"https:\/\/api.w.org\/{rel}","templated":true}]}}