{"id":10,"date":"2024-02-11T10:14:25","date_gmt":"2024-02-11T10:14:25","guid":{"rendered":"https:\/\/jetx-player.com\/?page_id=10"},"modified":"2024-02-28T20:05:21","modified_gmt":"2024-02-28T20:05:21","slug":"reviews-of-the-lucky-jet-game","status":"publish","type":"page","link":"https:\/\/jetx-player.com\/fr\/reviews-of-the-lucky-jet-game\/","title":{"rendered":"Avis sur le jeu Lucky Jet"},"content":{"rendered":"<p>Nous avons rassembl\u00e9 des avis et des t\u00e9moignages de v\u00e9ritables joueurs sur le jeu Lucky Jet. En lisant ces avis, vous aurez une meilleure compr\u00e9hension de ce \u00e0 quoi ressemble le jeu et comment il fonctionne. Nous vous recommandons de vous familiariser avec les opinions des joueurs avant de commencer \u00e0 jouer \u00e0 Lucky Jet.<\/p>\n<p><strong>Alexey, 34 ans :<\/strong> \u00ab\u00a0Lucky Jet a \u00e9t\u00e9 une v\u00e9ritable d\u00e9couverte pour moi. L&rsquo;excitation de chaque d\u00e9collage est indescriptible, et le moment o\u00f9 vous devez d\u00e9cider d&rsquo;encaisser vous tient en haleine. J&rsquo;ai r\u00e9ussi \u00e0 doubler mes gains plusieurs fois, mais parfois, la cupidit\u00e9 prend le dessus, et alors je dois recommencer. Eh bien, \u00e7a arrive.\u00a0\u00bb<\/p>\n<p><strong>Marina, 29 ans :<\/strong> \u00ab\u00a0Au d\u00e9but, je pensais que Lucky Jet serait simple, mais il s&rsquo;est av\u00e9r\u00e9 qu&rsquo;il n&rsquo;est pas facile sans une bonne strat\u00e9gie. J&rsquo;ai essay\u00e9 plusieurs approches et trouv\u00e9 mon style de jeu. C&rsquo;est incroyable, mais les gains peuvent \u00eatre vraiment importants, surtout si vous savez quand vous arr\u00eater. Et jusqu&rsquo;\u00e0 pr\u00e9sent, c&rsquo;est la chose la plus importante que je dois apprendre &#8211; savoir quand m&rsquo;arr\u00eater.\u00a0\u00bb<\/p>\n<p><strong>Dmitry, 42 ans :<\/strong> \u00ab\u00a0Jouer \u00e0 Lucky Jet m&rsquo;a appris \u00e0 \u00eatre plus retenu. Chaque partie est une le\u00e7on de ma\u00eetrise de soi car il est important non seulement de deviner le moment de parier, mais aussi de d\u00e9cider quand il est temps de r\u00e9clamer ses gains. La meilleure strat\u00e9gie pour moi est de fixer des limites claires et de m&rsquo;y tenir. Je suis devenu meilleur depuis que j&rsquo;ai commenc\u00e9 \u00e0 jouer \u00e0 Lucky Jet.\u00a0\u00bb<\/p>\n<p><strong>Elena, 25 ans :<\/strong> \u00ab\u00a0Lucky Jet m&rsquo;attire avec la possibilit\u00e9 de gagner gros gr\u00e2ce \u00e0 des multiplicateurs \u00e9lev\u00e9s. Cependant, \u00e0 chaque fois, le jeu me rappelle qu&rsquo;il est important de savoir quand s&rsquo;arr\u00eater. Plusieurs fois, j&rsquo;ai r\u00e9ussi \u00e0 gagner des montants significatifs, mais il y a aussi des pertes qui me rappellent les risques. Et les risques, comme dans tout jeu de crash, sont en effet \u00e9lev\u00e9s.\u00a0\u00bb<\/p>\n<p><strong>Igor, 38 ans :<\/strong> \u00ab\u00a0Apr\u00e8s une journ\u00e9e de travail, Lucky Jet est mon moyen de me d\u00e9tendre. J&rsquo;aime que le jeu ne n\u00e9cessite pas beaucoup d&rsquo;attention, mais qu&rsquo;il offre en m\u00eame temps la possibilit\u00e9 de gagner. Bien s\u00fbr, je ne suis pas toujours gagnant, mais les \u00e9motions du jeu en valent la peine. J&rsquo;aime jouer, et je continuerai \u00e0 jouer.\u00a0\u00bb<\/p>\n<p><strong>Victoria, 31 ans :<\/strong> \u00ab\u00a0Ma partie pr\u00e9f\u00e9r\u00e9e de Lucky Jet est le sentiment de justice. Contrairement \u00e0 certains autres jeux, ici, le r\u00e9sultat semble vraiment al\u00e9atoire, ce qui rend chaque partie excitante. Depuis que j&rsquo;ai commenc\u00e9 \u00e0 jouer, mes soir\u00e9es ne se passent pas sans quelques d\u00e9collages. De plus, le jeu a un personnage tr\u00e8s mignon. Les avions et les fus\u00e9es sont ennuyeux, mais un jeune homme mignon avec un sac \u00e0 dos, c&rsquo;est une autre histoire.\u00a0\u00bb<\/p>\n<p><strong>Nikolay, 45 ans :<\/strong> \u00ab\u00a0En jouant \u00e0 Lucky Jet, j&rsquo;ai d\u00e9couvert que l&rsquo;int\u00e9r\u00eat pour le jeu ne s&rsquo;estompe pas. Chaque fois que je rentre dans le jeu, je ressens de l&rsquo;excitation, et ce sentiment alimente mon d\u00e9sir de jouer encore et encore. Les victoires et les d\u00e9faites s&rsquo;alternent, mais le frisson demeure. C&rsquo;est un jeu digne de l&rsquo;attention de tout joueur.\u00a0\u00bb<\/p>\n<p><strong>Anna, 27 ans :<\/strong> \u00ab\u00a0Dans Lucky Jet, j&rsquo;ai essay\u00e9 diff\u00e9rentes strat\u00e9gies, des plus conservatrices aux plus risqu\u00e9es. De mani\u00e8re int\u00e9ressante, certaines aident vraiment \u00e0 augmenter les chances de succ\u00e8s. Le principal est le contr\u00f4le \u00e9motionnel et le fait de savoir quand s&rsquo;arr\u00eater avant que le pari ne soit perdu. Cependant, c&rsquo;est une exigence cl\u00e9 pour tout jeu de crash.\u00a0\u00bb<\/p>\n<p><strong>Sergey, 50 ans :<\/strong> \u00ab\u00a0J&rsquo;aime que dans Lucky Jet, vous contr\u00f4liez le jeu vous-m\u00eame. D\u00e9cider quand r\u00e9clamer ses gains ajoute de la strat\u00e9gie et de la psychologie. Il y a d\u00e9j\u00e0 eu de gros gains, mais les pertes vous rendent plus prudent. Dans l&rsquo;ensemble, le jeu laisse une bonne impression.\u00a0\u00bb<\/p>\n<p><strong>Olga, 22 ans :<\/strong> \u00ab\u00a0Pour moi, Lucky Jet est devenu une porte d&rsquo;entr\u00e9e dans le monde des jeux d&rsquo;argent. La simplicit\u00e9 des r\u00e8gles combin\u00e9e \u00e0 l&rsquo;impr\u00e9visibilit\u00e9 du r\u00e9sultat rend chaque partie unique. Jusqu&rsquo;\u00e0 pr\u00e9sent, la chance n&rsquo;est pas toujours de mon c\u00f4t\u00e9, mais j&rsquo;apprends \u00e0 g\u00e9rer les risques. Mais les avantages l&#8217;emportent sur les risques.\u00a0\u00bb<\/p>\n<p><strong>Artyom, 35 ans :<\/strong> \u00ab\u00a0C&rsquo;est incroyable, mais dans Lucky Jet, je parviens \u00e0 gagner assez souvent. La cl\u00e9 du succ\u00e8s, \u00e0 mon avis, r\u00e9side dans la bonne r\u00e9partition des paris et le fait de savoir quand s&rsquo;arr\u00eater au bon moment. Ce jeu m&rsquo;a appris \u00e0 appr\u00e9cier chaque victoire. Et gagner dans le jeu est possible. Le jeu vous permet de gagner.\u00a0\u00bb<\/p>\n<p><strong>Tatyana, 40 ans :<\/strong> \u00ab\u00a0Lucky Jet est non seulement un test de chance, mais aussi un test d&rsquo;endurance. En jouant, j&rsquo;ai mieux compris \u00e0 quel point il<\/p>\n<p>est important de savoir contr\u00f4ler ses d\u00e9sirs et ses \u00e9motions. Les victoires viennent et vont, mais le frisson et l&rsquo;excitation demeurent. Le jeu Lucky Jet procure une excellente sensation. Jeu tr\u00e8s revigorant.\u00a0\u00bb<\/p>\n<p><strong>Mikhail, 28 ans :<\/strong> \u00ab\u00a0En appliquant la strat\u00e9gie de Martingale dans Lucky Jet, j&rsquo;ai r\u00e9ussi \u00e0 gagner plusieurs fois d&rsquo;affil\u00e9e. Cela confirme qu&rsquo;avec la bonne approche et un peu de chance, on peut r\u00e9ussir. Mais il est important de se rappeler les risques et de ne pas abuser de cette strat\u00e9gie. Je suis pr\u00eat \u00e0 jouer \u00e0 Lucky Jet le soir et \u00e0 vraiment appr\u00e9cier le jeu.\u00a0\u00bb<\/p>\n<p><strong>Larisa, 33 ans :<\/strong> \u00ab\u00a0Chaque partie \u00e0 Lucky Jet est une nouvelle aventure. L&rsquo;impr\u00e9visibilit\u00e9 des r\u00e9sultats rend chaque d\u00e9collage unique, et c&rsquo;est ce qui m&rsquo;attire. Malgr\u00e9 les pertes, les \u00e9motions des victoires sont inestimables. Je valorise beaucoup le casino 1win et le jeu Lucky Jet.\u00a0\u00bb<\/p>\n<p><strong>Georgiy, 36 ans :<\/strong> \u00ab\u00a0Lucky Jet m&rsquo;a aid\u00e9 \u00e0 d\u00e9velopper l&rsquo;intuition et m&rsquo;a appris \u00e0 penser strat\u00e9giquement. Dans le jeu, il est important non seulement d&rsquo;avoir de la chance, mais aussi de savoir analyser la situation. Les victoires ajoutent de la confiance, et les pertes ajoutent de l&rsquo;exp\u00e9rience. J&rsquo;aime le jeu Lucky Jet.\u00a0\u00bb<\/p>\n","protected":false},"excerpt":{"rendered":"<p>Nous avons rassembl\u00e9 des avis et des t\u00e9moignages de v\u00e9ritables joueurs sur le jeu Lucky Jet. En lisant ces avis, vous aurez une meilleure compr\u00e9hension [&hellip;]<\/p>\n","protected":false},"author":1,"featured_media":93,"parent":0,"menu_order":0,"comment_status":"closed","ping_status":"closed","template":"","meta":{"footnotes":"","_links_to":"","_links_to_target":""},"class_list":["post-10","page","type-page","status-publish","has-post-thumbnail","hentry"],"yoast_head":"<!-- This site is optimized with the Yoast SEO plugin v27.2 - https:\/\/yoast.com\/product\/yoast-seo-wordpress\/ -->\n<title>\u041e\u0442\u0437\u044b\u0432\u044b \u0438 \u043e\u0431\u0437\u043e\u0440\u044b \u0440\u0435\u0430\u043b\u044c\u043d\u044b\u0445 \u0438\u0433\u0440\u043e\u043a\u043e\u0432 \u043e\u0431 \u0438\u0433\u0440\u0435 Lucky Jet<\/title>\n<meta name=\"description\" content=\"Nous avons rassembl\u00e9 des avis, des opinions et des aper\u00e7us de joueurs de Lucky Jet sur le jeu. Tout ce que vous vouliez savoir sur le jeu Lucky Jet et comment les autres joueurs y jouent.\" \/>\n<meta name=\"robots\" content=\"index, follow, max-snippet:-1, max-image-preview:large, max-video-preview:-1\" \/>\n<link rel=\"canonical\" href=\"https:\/\/jetx-player.com\/fr\/reviews-of-the-lucky-jet-game\/\" \/>\n<meta property=\"og:locale\" content=\"fr_FR\" \/>\n<meta property=\"og:locale:alternate\" content=\"ru_RU\" \/>\n<meta property=\"og:locale:alternate\" content=\"en_US\" \/>\n<meta property=\"og:locale:alternate\" content=\"pt_PT\" \/>\n<meta property=\"og:locale:alternate\" content=\"es_ES\" \/>\n<meta property=\"og:locale:alternate\" content=\"ro_RO\" \/>\n<meta property=\"og:locale:alternate\" content=\"sr_RS\" \/>\n<meta property=\"og:locale:alternate\" content=\"bg_BG\" \/>\n<meta property=\"og:locale:alternate\" content=\"pl_PL\" \/>\n<meta property=\"og:locale:alternate\" content=\"it_IT\" \/>\n<meta property=\"og:type\" content=\"article\" \/>\n<meta property=\"og:title\" content=\"\u041e\u0442\u0437\u044b\u0432\u044b \u0438 \u043e\u0431\u0437\u043e\u0440\u044b \u0440\u0435\u0430\u043b\u044c\u043d\u044b\u0445 \u0438\u0433\u0440\u043e\u043a\u043e\u0432 \u043e\u0431 \u0438\u0433\u0440\u0435 Lucky Jet\" \/>\n<meta property=\"og:description\" content=\"\u041c\u044b \u0441\u043e\u0431\u0440\u0430\u043b\u0438 \u043e\u0442\u0437\u044b\u0432\u044b, \u043c\u043d\u0435\u043d\u0438\u044f \u0438 \u043e\u0431\u0437\u043e\u0440\u044b \u0438\u0433\u0440\u043e\u043a\u043e\u0432 Lucky Jet \u043e\u0431 \u0438\u0433\u0440\u0435. \u0412\u0441\u0435, \u0447\u0442\u043e \u0432\u044b \u0445\u043e\u0442\u0435\u043b\u0438 \u0443\u0437\u043d\u0430\u0442\u044c \u043e\u0431 \u0438\u0433\u0440\u0435 Lucky Jet \u0438 \u043a\u0430\u043a \u0432 \u043d\u0435\u0435 \u0438\u0433\u0440\u0430\u044e\u0442 \u0434\u0440\u0443\u0433\u0438\u0435 \u0438\u0433\u0440\u043e\u043a\u0438\" \/>\n<meta property=\"og:url\" content=\"https:\/\/jetx-player.com\/fr\/reviews-of-the-lucky-jet-game\/\" \/>\n<meta property=\"og:site_name\" content=\"JetX\" \/>\n<meta property=\"article:modified_time\" content=\"2024-02-28T20:05:21+00:00\" \/>\n<meta property=\"og:image\" content=\"https:\/\/jetx-player.com\/wp-content\/uploads\/abstract-blue-night-space-cosmos-background-with-nebula-and-shining-star-vector.jpg\" \/>\n\t<meta property=\"og:image:width\" content=\"1920\" \/>\n\t<meta property=\"og:image:height\" content=\"1079\" \/>\n\t<meta property=\"og:image:type\" content=\"image\/jpeg\" \/>\n<meta name=\"twitter:card\" content=\"summary_large_image\" \/>\n<meta name=\"twitter:label1\" content=\"Dur\u00e9e de lecture estim\u00e9e\" \/>\n\t<meta name=\"twitter:data1\" content=\"33 minutes\" \/>\n<script type=\"application\/ld+json\" class=\"yoast-schema-graph\">{\"@context\":\"https:\/\/schema.org\",\"@graph\":[{\"@type\":\"WebPage\",\"@id\":\"https:\/\/jetx-player.com\/reviews-of-the-lucky-jet-game\/\",\"url\":\"https:\/\/jetx-player.com\/reviews-of-the-lucky-jet-game\/\",\"name\":\"\u041e\u0442\u0437\u044b\u0432\u044b \u0438 \u043e\u0431\u0437\u043e\u0440\u044b \u0440\u0435\u0430\u043b\u044c\u043d\u044b\u0445 \u0438\u0433\u0440\u043e\u043a\u043e\u0432 \u043e\u0431 \u0438\u0433\u0440\u0435 Lucky Jet\",\"isPartOf\":{\"@id\":\"https:\/\/jetx-player.com\/#website\"},\"primaryImageOfPage\":{\"@id\":\"https:\/\/jetx-player.com\/reviews-of-the-lucky-jet-game\/#primaryimage\"},\"image\":{\"@id\":\"https:\/\/jetx-player.com\/reviews-of-the-lucky-jet-game\/#primaryimage\"},\"thumbnailUrl\":\"https:\/\/jetx-player.com\/wp-content\/uploads\/abstract-blue-night-space-cosmos-background-with-nebula-and-shining-star-vector.jpg\",\"datePublished\":\"2024-02-11T10:14:25+00:00\",\"dateModified\":\"2024-02-28T20:05:21+00:00\",\"description\":\"\u041c\u044b \u0441\u043e\u0431\u0440\u0430\u043b\u0438 \u043e\u0442\u0437\u044b\u0432\u044b, \u043c\u043d\u0435\u043d\u0438\u044f \u0438 \u043e\u0431\u0437\u043e\u0440\u044b \u0438\u0433\u0440\u043e\u043a\u043e\u0432 Lucky Jet \u043e\u0431 \u0438\u0433\u0440\u0435. \u0412\u0441\u0435, \u0447\u0442\u043e \u0432\u044b \u0445\u043e\u0442\u0435\u043b\u0438 \u0443\u0437\u043d\u0430\u0442\u044c \u043e\u0431 \u0438\u0433\u0440\u0435 Lucky Jet \u0438 \u043a\u0430\u043a \u0432 \u043d\u0435\u0435 \u0438\u0433\u0440\u0430\u044e\u0442 \u0434\u0440\u0443\u0433\u0438\u0435 \u0438\u0433\u0440\u043e\u043a\u0438\",\"breadcrumb\":{\"@id\":\"https:\/\/jetx-player.com\/reviews-of-the-lucky-jet-game\/#breadcrumb\"},\"inLanguage\":\"fr-FR\",\"potentialAction\":[{\"@type\":\"ReadAction\",\"target\":[\"https:\/\/jetx-player.com\/reviews-of-the-lucky-jet-game\/\"]}]},{\"@type\":\"ImageObject\",\"inLanguage\":\"fr-FR\",\"@id\":\"https:\/\/jetx-player.com\/reviews-of-the-lucky-jet-game\/#primaryimage\",\"url\":\"https:\/\/jetx-player.com\/wp-content\/uploads\/abstract-blue-night-space-cosmos-background-with-nebula-and-shining-star-vector.jpg\",\"contentUrl\":\"https:\/\/jetx-player.com\/wp-content\/uploads\/abstract-blue-night-space-cosmos-background-with-nebula-and-shining-star-vector.jpg\",\"width\":1920,\"height\":1079},{\"@type\":\"BreadcrumbList\",\"@id\":\"https:\/\/jetx-player.com\/reviews-of-the-lucky-jet-game\/#breadcrumb\",\"itemListElement\":[{\"@type\":\"ListItem\",\"position\":1,\"name\":\"Home\",\"item\":\"https:\/\/jetx-player.com\/\"},{\"@type\":\"ListItem\",\"position\":2,\"name\":\"\u041e\u0442\u0437\u044b\u0432\u044b \u043e\u0431 \u0438\u0433\u0440\u0435 Lucky Jet\"}]},{\"@type\":\"WebSite\",\"@id\":\"https:\/\/jetx-player.com\/#website\",\"url\":\"https:\/\/jetx-player.com\/\",\"name\":\"JetX\",\"description\":\"Just another WordPress site\",\"publisher\":{\"@id\":\"https:\/\/jetx-player.com\/#organization\"},\"potentialAction\":[{\"@type\":\"SearchAction\",\"target\":{\"@type\":\"EntryPoint\",\"urlTemplate\":\"https:\/\/jetx-player.com\/?s={search_term_string}\"},\"query-input\":{\"@type\":\"PropertyValueSpecification\",\"valueRequired\":true,\"valueName\":\"search_term_string\"}}],\"inLanguage\":\"fr-FR\"},{\"@type\":\"Organization\",\"@id\":\"https:\/\/jetx-player.com\/#organization\",\"name\":\"JetX\",\"url\":\"https:\/\/jetx-player.com\/\",\"logo\":{\"@type\":\"ImageObject\",\"inLanguage\":\"fr-FR\",\"@id\":\"https:\/\/jetx-player.com\/#\/schema\/logo\/image\/\",\"url\":\"https:\/\/jetx-player.com\/wp-content\/uploads\/lucky-jet-header-e1707648698751.webp\",\"contentUrl\":\"https:\/\/jetx-player.com\/wp-content\/uploads\/lucky-jet-header-e1707648698751.webp\",\"width\":643,\"height\":178,\"caption\":\"JetX\"},\"image\":{\"@id\":\"https:\/\/jetx-player.com\/#\/schema\/logo\/image\/\"}}]}<\/script>\n<!-- \/ Yoast SEO plugin. -->","yoast_head_json":{"title":"\u041e\u0442\u0437\u044b\u0432\u044b \u0438 \u043e\u0431\u0437\u043e\u0440\u044b \u0440\u0435\u0430\u043b\u044c\u043d\u044b\u0445 \u0438\u0433\u0440\u043e\u043a\u043e\u0432 \u043e\u0431 \u0438\u0433\u0440\u0435 Lucky Jet","description":"Nous avons rassembl\u00e9 des avis, des opinions et des aper\u00e7us de joueurs de Lucky Jet sur le jeu. Tout ce que vous vouliez savoir sur le jeu Lucky Jet et comment les autres joueurs y jouent.","robots":{"index":"index","follow":"follow","max-snippet":"max-snippet:-1","max-image-preview":"max-image-preview:large","max-video-preview":"max-video-preview:-1"},"canonical":"https:\/\/jetx-player.com\/fr\/reviews-of-the-lucky-jet-game\/","og_locale":"fr_FR","og_type":"article","og_title":"\u041e\u0442\u0437\u044b\u0432\u044b \u0438 \u043e\u0431\u0437\u043e\u0440\u044b \u0440\u0435\u0430\u043b\u044c\u043d\u044b\u0445 \u0438\u0433\u0440\u043e\u043a\u043e\u0432 \u043e\u0431 \u0438\u0433\u0440\u0435 Lucky Jet","og_description":"\u041c\u044b \u0441\u043e\u0431\u0440\u0430\u043b\u0438 \u043e\u0442\u0437\u044b\u0432\u044b, \u043c\u043d\u0435\u043d\u0438\u044f \u0438 \u043e\u0431\u0437\u043e\u0440\u044b \u0438\u0433\u0440\u043e\u043a\u043e\u0432 Lucky Jet \u043e\u0431 \u0438\u0433\u0440\u0435. \u0412\u0441\u0435, \u0447\u0442\u043e \u0432\u044b \u0445\u043e\u0442\u0435\u043b\u0438 \u0443\u0437\u043d\u0430\u0442\u044c \u043e\u0431 \u0438\u0433\u0440\u0435 Lucky Jet \u0438 \u043a\u0430\u043a \u0432 \u043d\u0435\u0435 \u0438\u0433\u0440\u0430\u044e\u0442 \u0434\u0440\u0443\u0433\u0438\u0435 \u0438\u0433\u0440\u043e\u043a\u0438","og_url":"https:\/\/jetx-player.com\/fr\/reviews-of-the-lucky-jet-game\/","og_site_name":"JetX","article_modified_time":"2024-02-28T20:05:21+00:00","og_image":[{"width":1920,"height":1079,"url":"https:\/\/jetx-player.com\/wp-content\/uploads\/abstract-blue-night-space-cosmos-background-with-nebula-and-shining-star-vector.jpg","type":"image\/jpeg"}],"twitter_card":"summary_large_image","twitter_misc":{"Dur\u00e9e de lecture estim\u00e9e":"33 minutes"},"schema":{"@context":"https:\/\/schema.org","@graph":[{"@type":"WebPage","@id":"https:\/\/jetx-player.com\/reviews-of-the-lucky-jet-game\/","url":"https:\/\/jetx-player.com\/reviews-of-the-lucky-jet-game\/","name":"\u041e\u0442\u0437\u044b\u0432\u044b \u0438 \u043e\u0431\u0437\u043e\u0440\u044b \u0440\u0435\u0430\u043b\u044c\u043d\u044b\u0445 \u0438\u0433\u0440\u043e\u043a\u043e\u0432 \u043e\u0431 \u0438\u0433\u0440\u0435 Lucky Jet","isPartOf":{"@id":"https:\/\/jetx-player.com\/#website"},"primaryImageOfPage":{"@id":"https:\/\/jetx-player.com\/reviews-of-the-lucky-jet-game\/#primaryimage"},"image":{"@id":"https:\/\/jetx-player.com\/reviews-of-the-lucky-jet-game\/#primaryimage"},"thumbnailUrl":"https:\/\/jetx-player.com\/wp-content\/uploads\/abstract-blue-night-space-cosmos-background-with-nebula-and-shining-star-vector.jpg","datePublished":"2024-02-11T10:14:25+00:00","dateModified":"2024-02-28T20:05:21+00:00","description":"\u041c\u044b \u0441\u043e\u0431\u0440\u0430\u043b\u0438 \u043e\u0442\u0437\u044b\u0432\u044b, \u043c\u043d\u0435\u043d\u0438\u044f \u0438 \u043e\u0431\u0437\u043e\u0440\u044b \u0438\u0433\u0440\u043e\u043a\u043e\u0432 Lucky Jet \u043e\u0431 \u0438\u0433\u0440\u0435. \u0412\u0441\u0435, \u0447\u0442\u043e \u0432\u044b \u0445\u043e\u0442\u0435\u043b\u0438 \u0443\u0437\u043d\u0430\u0442\u044c \u043e\u0431 \u0438\u0433\u0440\u0435 Lucky Jet \u0438 \u043a\u0430\u043a \u0432 \u043d\u0435\u0435 \u0438\u0433\u0440\u0430\u044e\u0442 \u0434\u0440\u0443\u0433\u0438\u0435 \u0438\u0433\u0440\u043e\u043a\u0438","breadcrumb":{"@id":"https:\/\/jetx-player.com\/reviews-of-the-lucky-jet-game\/#breadcrumb"},"inLanguage":"fr-FR","potentialAction":[{"@type":"ReadAction","target":["https:\/\/jetx-player.com\/reviews-of-the-lucky-jet-game\/"]}]},{"@type":"ImageObject","inLanguage":"fr-FR","@id":"https:\/\/jetx-player.com\/reviews-of-the-lucky-jet-game\/#primaryimage","url":"https:\/\/jetx-player.com\/wp-content\/uploads\/abstract-blue-night-space-cosmos-background-with-nebula-and-shining-star-vector.jpg","contentUrl":"https:\/\/jetx-player.com\/wp-content\/uploads\/abstract-blue-night-space-cosmos-background-with-nebula-and-shining-star-vector.jpg","width":1920,"height":1079},{"@type":"BreadcrumbList","@id":"https:\/\/jetx-player.com\/reviews-of-the-lucky-jet-game\/#breadcrumb","itemListElement":[{"@type":"ListItem","position":1,"name":"Home","item":"https:\/\/jetx-player.com\/"},{"@type":"ListItem","position":2,"name":"\u041e\u0442\u0437\u044b\u0432\u044b \u043e\u0431 \u0438\u0433\u0440\u0435 Lucky Jet"}]},{"@type":"WebSite","@id":"https:\/\/jetx-player.com\/#website","url":"https:\/\/jetx-player.com\/","name":"JetX","description":"Just another WordPress site","publisher":{"@id":"https:\/\/jetx-player.com\/#organization"},"potentialAction":[{"@type":"SearchAction","target":{"@type":"EntryPoint","urlTemplate":"https:\/\/jetx-player.com\/?s={search_term_string}"},"query-input":{"@type":"PropertyValueSpecification","valueRequired":true,"valueName":"search_term_string"}}],"inLanguage":"fr-FR"},{"@type":"Organization","@id":"https:\/\/jetx-player.com\/#organization","name":"JetX","url":"https:\/\/jetx-player.com\/","logo":{"@type":"ImageObject","inLanguage":"fr-FR","@id":"https:\/\/jetx-player.com\/#\/schema\/logo\/image\/","url":"https:\/\/jetx-player.com\/wp-content\/uploads\/lucky-jet-header-e1707648698751.webp","contentUrl":"https:\/\/jetx-player.com\/wp-content\/uploads\/lucky-jet-header-e1707648698751.webp","width":643,"height":178,"caption":"JetX"},"image":{"@id":"https:\/\/jetx-player.com\/#\/schema\/logo\/image\/"}}]}},"_links":{"self":[{"href":"https:\/\/jetx-player.com\/fr\/wp-json\/wp\/v2\/pages\/10","targetHints":{"allow":["GET"]}}],"collection":[{"href":"https:\/\/jetx-player.com\/fr\/wp-json\/wp\/v2\/pages"}],"about":[{"href":"https:\/\/jetx-player.com\/fr\/wp-json\/wp\/v2\/types\/page"}],"author":[{"embeddable":true,"href":"https:\/\/jetx-player.com\/fr\/wp-json\/wp\/v2\/users\/1"}],"replies":[{"embeddable":true,"href":"https:\/\/jetx-player.com\/fr\/wp-json\/wp\/v2\/comments?post=10"}],"version-history":[{"count":24,"href":"https:\/\/jetx-player.com\/fr\/wp-json\/wp\/v2\/pages\/10\/revisions"}],"predecessor-version":[{"id":187,"href":"https:\/\/jetx-player.com\/fr\/wp-json\/wp\/v2\/pages\/10\/revisions\/187"}],"wp:featuredmedia":[{"embeddable":true,"href":"https:\/\/jetx-player.com\/fr\/wp-json\/wp\/v2\/media\/93"}],"wp:attachment":[{"href":"https:\/\/jetx-player.com\/fr\/wp-json\/wp\/v2\/media?parent=10"}],"curies":[{"name":"wp","href":"https:\/\/api.w.org\/{rel}","templated":true}]}}