{"id":6,"date":"2024-02-11T10:10:31","date_gmt":"2024-02-11T10:10:31","guid":{"rendered":"https:\/\/jetx-player.com\/?page_id=6"},"modified":"2024-02-28T20:04:10","modified_gmt":"2024-02-28T20:04:10","slug":"play-lucky-jet","status":"publish","type":"page","link":"https:\/\/jetx-player.com\/es\/","title":{"rendered":"Jugar a Lucky Jet"},"content":{"rendered":"<p>El juego Lucky Jet es \u00fanico en el mercado de apuestas. Su singularidad radica en ser uno de los pocos juegos de azar donde los jugadores pueden verificar la equidad del juego.<\/p>\n<p>En el juego de colisi\u00f3n de Lucky Jet, los jugadores hacen apuestas sobre qu\u00e9 tan alto volar\u00e1 Lucky Joe. Porque cuanto m\u00e1s dure el vuelo, m\u00e1s alto ser\u00e1 el coeficiente y, por lo tanto, mayores ser\u00e1n las posibles ganancias. Pero si Lucky Joe se aleja y no logras cobrar tu apuesta a tiempo, la apuesta se pierde y el dinero se quema.<\/p>\n<p>El juego Lucky Jet ha ganado popularidad debido a su simplicidad, jugabilidad emocionante y la capacidad para que los jugadores controlen el momento en que reclaman sus ganancias. Esto crea un elemento de estrategia ya que los jugadores deben decidir cu\u00e1ndo es el mejor momento para reclamar sus ganancias antes de que el objeto se aleje.<\/p>\n<h2><strong>\u00bfC\u00f3mo se juega Lucky Jet?<\/strong><\/h2>\n<p>El juego se desarrolla en tiempo real. Tu tarea es hacer una apuesta y observar c\u00f3mo Lucky Joe comienza su vuelo. Cuanto m\u00e1s alto suba, mayores ser\u00e1n tus posibles ganancias. \u00a1Pero recuerda: necesitas cobrar tus ganancias antes de que Lucky Jet se vaya! Tu intuici\u00f3n y habilidad para predecir el momento perfecto para detenerte son clave para el \u00e9xito.<\/p>\n<h2><strong>Caracter\u00edsticas del juego Lucky Jet:<\/strong><\/h2>\n<ul>\n<li><strong>Recompensas instant\u00e1neas:<\/strong> Las ganancias se pagan al instante y puedes usarlas de inmediato para m\u00e1s juegos o retirarlas a tu cuenta. Retirar dinero de un casino en l\u00ednea a tu tarjeta bancaria puede llevar algo de tiempo, dependiendo del banco, pa\u00eds y moneda.<\/li>\n<li><strong>Simplicidad y conveniencia:<\/strong> El juego es f\u00e1cil de aprender para principiantes y ofrece oportunidades estrat\u00e9gicas profundas para jugadores experimentados. Es un juego de colisi\u00f3n muy claro y atractivo.<\/li>\n<li><strong>Comunicaci\u00f3n con otros jugadores:<\/strong> Chatea con otros jugadores, comparte estrategias y al\u00e9grate junto con los ganadores. Pero recuerda respetar a los dem\u00e1s jugadores, ya que cualquier negatividad ser\u00e1 r\u00e1pidamente bloqueada por los administradores del chat.<\/li>\n<li><strong>Seguridad y equidad:<\/strong> Garantizamos total transparencia y equidad del juego, gracias a un generador de n\u00fameros aleatorios certificado. Puedes estar seguro de la equidad del juego Lucky Jet. En el sitio web, encontrar\u00e1s una secci\u00f3n separada sobre la equidad del juego Lucky Jet.<\/li>\n<\/ul>\n<h2><strong>\u00bfPor qu\u00e9 jugar a Lucky Jet?<\/strong><\/h2>\n<p>Lucky Jet no es solo un juego. Es una oportunidad para probar tu suerte, sentir la emoci\u00f3n del riesgo y tal vez ganar una gran suma de dinero. Ya sea que hagas apuestas peque\u00f1as o est\u00e9s listo para correr un gran riesgo, cada vuelo de Lucky Jet promete estar lleno de emociones y excitaci\u00f3n. Es verdaderamente un juego revolucionario que se ha vuelto popular en varios pa\u00edses de todo el mundo.<\/p>\n<h2><strong>Autobet y Autowithdrawal<\/strong><\/h2>\n<p>La funci\u00f3n de autobet se puede activar en el panel del juego. Simplemente marca la casilla junto a la funci\u00f3n correspondiente. En este caso, solo necesitas establecer el monto de la apuesta y el n\u00famero de rondas. Sin embargo, los retiros de ganancias a\u00fan deben hacerse manualmente.<\/p>\n<p>Otra funci\u00f3n \u00fatil es el autoretiro. En este caso, estableces el valor del coeficiente y tan pronto como el coeficiente alcance el valor correspondiente, el autoretiro funcionar\u00e1. Sin embargo, si el joven con la mochila se va antes, la apuesta se perder\u00e1 y el retiro autom\u00e1tico ser\u00e1 imposible.<\/p>\n<h2><strong>Chat del juego<\/strong><\/h2>\n<p>La interfaz del juego incluye un chat del juego. En la interfaz del juego, ver\u00e1s dicha funci\u00f3n en el lado derecho. El chat est\u00e1 dise\u00f1ado para comunicarse con otros jugadores. Esto proporciona una excelente oportunidad para intercambiar experiencias, as\u00ed como la oportunidad de hacer un seguimiento de los resultados de otros jugadores, ya que los resultados de la ronda aparecen autom\u00e1ticamente en el chat.<\/p>\n<p>Pero recuerda que est\u00e1 prohibido publicar enlaces a otros sitios en el chat. Est\u00e1 prohibido publicitar tus servicios, y ver\u00e1s intentos de publicitar predicciones de resultados de rondas. Adem\u00e1s, no olvides las reglas de cortes\u00eda al comunicarte con otros jugadores en el chat, ya que en el calor de las emociones, es tan f\u00e1cil olvidar las reglas de decencia.<\/p>\n","protected":false},"excerpt":{"rendered":"<p>El juego Lucky Jet es \u00fanico en el mercado de apuestas. Su singularidad radica en ser uno de los pocos juegos de azar donde los [&hellip;]<\/p>\n","protected":false},"author":1,"featured_media":0,"parent":0,"menu_order":0,"comment_status":"closed","ping_status":"closed","template":"","meta":{"footnotes":"","_links_to":"","_links_to_target":""},"class_list":["post-6","page","type-page","status-publish","hentry"],"yoast_head":"<!-- This site is optimized with the Yoast SEO plugin v27.2 - https:\/\/yoast.com\/product\/yoast-seo-wordpress\/ -->\n<title>\u0418\u0433\u0440\u0430\u0442\u044c \u0432 Lucky Jet \u043d\u0430 \u0440\u0435\u0430\u043b\u044c\u043d\u044b\u0435 \u0434\u0435\u043d\u044c\u0433\u0438 \u0432 \u043e\u043d\u043b\u0430\u0439\u043d \u043a\u0430\u0437\u0438\u043d\u043e<\/title>\n<meta name=\"description\" content=\"Juega y gana en el juego de crash Lucky Jet en el casino en l\u00ednea 1win. Gana dinero real en la tragamonedas en l\u00ednea Lucky Jet.\" \/>\n<meta name=\"robots\" content=\"index, follow, max-snippet:-1, max-image-preview:large, max-video-preview:-1\" \/>\n<link rel=\"canonical\" href=\"https:\/\/jetx-player.com\/es\/\" \/>\n<meta property=\"og:locale\" content=\"es_ES\" \/>\n<meta property=\"og:locale:alternate\" content=\"ru_RU\" \/>\n<meta property=\"og:locale:alternate\" content=\"en_US\" \/>\n<meta property=\"og:locale:alternate\" content=\"pt_PT\" \/>\n<meta property=\"og:locale:alternate\" content=\"ro_RO\" \/>\n<meta property=\"og:locale:alternate\" content=\"sr_RS\" \/>\n<meta property=\"og:locale:alternate\" content=\"bg_BG\" \/>\n<meta property=\"og:locale:alternate\" content=\"pl_PL\" \/>\n<meta property=\"og:locale:alternate\" content=\"it_IT\" \/>\n<meta property=\"og:locale:alternate\" content=\"fr_FR\" \/>\n<meta property=\"og:type\" content=\"article\" \/>\n<meta property=\"og:title\" content=\"\u0418\u0433\u0440\u0430\u0442\u044c \u0432 Lucky Jet \u043d\u0430 \u0440\u0435\u0430\u043b\u044c\u043d\u044b\u0435 \u0434\u0435\u043d\u044c\u0433\u0438 \u0432 \u043e\u043d\u043b\u0430\u0439\u043d \u043a\u0430\u0437\u0438\u043d\u043e\" \/>\n<meta property=\"og:description\" content=\"\u0418\u0433\u0440\u0430\u0442\u044c \u0438 \u043f\u043e\u0431\u0435\u0436\u0434\u0430\u0442\u044c \u0432 \u043a\u0440\u0430\u0448 \u0438\u0433\u0440\u0435 Lucky Jet \u0432 \u043e\u043d\u043b\u0430\u0439\u043d \u043a\u0430\u0437\u0438\u043d\u043e 1win. \u0412\u044b\u0438\u0433\u0440\u044b\u0432\u0430\u0442\u044c \u043d\u0430\u0441\u0442\u043e\u044f\u0449\u0438\u0435 \u0434\u0435\u043d\u044c\u0433\u0438 \u0432 \u043e\u043d\u043b\u0430\u0439\u043d \u0441\u043b\u043e\u0442\u0435 Lucky Jet\" \/>\n<meta property=\"og:url\" content=\"https:\/\/jetx-player.com\/es\/\" \/>\n<meta property=\"og:site_name\" content=\"JetX\" \/>\n<meta property=\"article:modified_time\" content=\"2024-02-28T20:04:10+00:00\" \/>\n<meta name=\"twitter:card\" content=\"summary_large_image\" \/>\n<meta name=\"twitter:label1\" content=\"Tiempo de lectura\" \/>\n\t<meta name=\"twitter:data1\" content=\"24 minutos\" \/>\n<script type=\"application\/ld+json\" class=\"yoast-schema-graph\">{\"@context\":\"https:\/\/schema.org\",\"@graph\":[{\"@type\":\"WebPage\",\"@id\":\"https:\/\/jetx-player.com\/\",\"url\":\"https:\/\/jetx-player.com\/\",\"name\":\"\u0418\u0433\u0440\u0430\u0442\u044c \u0432 Lucky Jet \u043d\u0430 \u0440\u0435\u0430\u043b\u044c\u043d\u044b\u0435 \u0434\u0435\u043d\u044c\u0433\u0438 \u0432 \u043e\u043d\u043b\u0430\u0439\u043d \u043a\u0430\u0437\u0438\u043d\u043e\",\"isPartOf\":{\"@id\":\"https:\/\/jetx-player.com\/#website\"},\"datePublished\":\"2024-02-11T10:10:31+00:00\",\"dateModified\":\"2024-02-28T20:04:10+00:00\",\"description\":\"\u0418\u0433\u0440\u0430\u0442\u044c \u0438 \u043f\u043e\u0431\u0435\u0436\u0434\u0430\u0442\u044c \u0432 \u043a\u0440\u0430\u0448 \u0438\u0433\u0440\u0435 Lucky Jet \u0432 \u043e\u043d\u043b\u0430\u0439\u043d \u043a\u0430\u0437\u0438\u043d\u043e 1win. \u0412\u044b\u0438\u0433\u0440\u044b\u0432\u0430\u0442\u044c \u043d\u0430\u0441\u0442\u043e\u044f\u0449\u0438\u0435 \u0434\u0435\u043d\u044c\u0433\u0438 \u0432 \u043e\u043d\u043b\u0430\u0439\u043d \u0441\u043b\u043e\u0442\u0435 Lucky Jet\",\"breadcrumb\":{\"@id\":\"https:\/\/jetx-player.com\/#breadcrumb\"},\"inLanguage\":\"es-ES\",\"potentialAction\":[{\"@type\":\"ReadAction\",\"target\":[\"https:\/\/jetx-player.com\/\"]}]},{\"@type\":\"BreadcrumbList\",\"@id\":\"https:\/\/jetx-player.com\/#breadcrumb\",\"itemListElement\":[{\"@type\":\"ListItem\",\"position\":1,\"name\":\"Home\",\"item\":\"https:\/\/jetx-player.com\/\"},{\"@type\":\"ListItem\",\"position\":2,\"name\":\"\u0418\u0433\u0440\u0430\u0442\u044c \u0432 Lucky Jet\"}]},{\"@type\":\"WebSite\",\"@id\":\"https:\/\/jetx-player.com\/#website\",\"url\":\"https:\/\/jetx-player.com\/\",\"name\":\"JetX\",\"description\":\"Just another WordPress site\",\"publisher\":{\"@id\":\"https:\/\/jetx-player.com\/#organization\"},\"potentialAction\":[{\"@type\":\"SearchAction\",\"target\":{\"@type\":\"EntryPoint\",\"urlTemplate\":\"https:\/\/jetx-player.com\/?s={search_term_string}\"},\"query-input\":{\"@type\":\"PropertyValueSpecification\",\"valueRequired\":true,\"valueName\":\"search_term_string\"}}],\"inLanguage\":\"es-ES\"},{\"@type\":\"Organization\",\"@id\":\"https:\/\/jetx-player.com\/#organization\",\"name\":\"JetX\",\"url\":\"https:\/\/jetx-player.com\/\",\"logo\":{\"@type\":\"ImageObject\",\"inLanguage\":\"es-ES\",\"@id\":\"https:\/\/jetx-player.com\/#\/schema\/logo\/image\/\",\"url\":\"https:\/\/jetx-player.com\/wp-content\/uploads\/lucky-jet-header-e1707648698751.webp\",\"contentUrl\":\"https:\/\/jetx-player.com\/wp-content\/uploads\/lucky-jet-header-e1707648698751.webp\",\"width\":643,\"height\":178,\"caption\":\"JetX\"},\"image\":{\"@id\":\"https:\/\/jetx-player.com\/#\/schema\/logo\/image\/\"}}]}<\/script>\n<!-- \/ Yoast SEO plugin. -->","yoast_head_json":{"title":"\u0418\u0433\u0440\u0430\u0442\u044c \u0432 Lucky Jet \u043d\u0430 \u0440\u0435\u0430\u043b\u044c\u043d\u044b\u0435 \u0434\u0435\u043d\u044c\u0433\u0438 \u0432 \u043e\u043d\u043b\u0430\u0439\u043d \u043a\u0430\u0437\u0438\u043d\u043e","description":"Juega y gana en el juego de crash Lucky Jet en el casino en l\u00ednea 1win. Gana dinero real en la tragamonedas en l\u00ednea Lucky Jet.","robots":{"index":"index","follow":"follow","max-snippet":"max-snippet:-1","max-image-preview":"max-image-preview:large","max-video-preview":"max-video-preview:-1"},"canonical":"https:\/\/jetx-player.com\/es\/","og_locale":"es_ES","og_type":"article","og_title":"\u0418\u0433\u0440\u0430\u0442\u044c \u0432 Lucky Jet \u043d\u0430 \u0440\u0435\u0430\u043b\u044c\u043d\u044b\u0435 \u0434\u0435\u043d\u044c\u0433\u0438 \u0432 \u043e\u043d\u043b\u0430\u0439\u043d \u043a\u0430\u0437\u0438\u043d\u043e","og_description":"\u0418\u0433\u0440\u0430\u0442\u044c \u0438 \u043f\u043e\u0431\u0435\u0436\u0434\u0430\u0442\u044c \u0432 \u043a\u0440\u0430\u0448 \u0438\u0433\u0440\u0435 Lucky Jet \u0432 \u043e\u043d\u043b\u0430\u0439\u043d \u043a\u0430\u0437\u0438\u043d\u043e 1win. \u0412\u044b\u0438\u0433\u0440\u044b\u0432\u0430\u0442\u044c \u043d\u0430\u0441\u0442\u043e\u044f\u0449\u0438\u0435 \u0434\u0435\u043d\u044c\u0433\u0438 \u0432 \u043e\u043d\u043b\u0430\u0439\u043d \u0441\u043b\u043e\u0442\u0435 Lucky Jet","og_url":"https:\/\/jetx-player.com\/es\/","og_site_name":"JetX","article_modified_time":"2024-02-28T20:04:10+00:00","twitter_card":"summary_large_image","twitter_misc":{"Tiempo de lectura":"24 minutos"},"schema":{"@context":"https:\/\/schema.org","@graph":[{"@type":"WebPage","@id":"https:\/\/jetx-player.com\/","url":"https:\/\/jetx-player.com\/","name":"\u0418\u0433\u0440\u0430\u0442\u044c \u0432 Lucky Jet \u043d\u0430 \u0440\u0435\u0430\u043b\u044c\u043d\u044b\u0435 \u0434\u0435\u043d\u044c\u0433\u0438 \u0432 \u043e\u043d\u043b\u0430\u0439\u043d \u043a\u0430\u0437\u0438\u043d\u043e","isPartOf":{"@id":"https:\/\/jetx-player.com\/#website"},"datePublished":"2024-02-11T10:10:31+00:00","dateModified":"2024-02-28T20:04:10+00:00","description":"\u0418\u0433\u0440\u0430\u0442\u044c \u0438 \u043f\u043e\u0431\u0435\u0436\u0434\u0430\u0442\u044c \u0432 \u043a\u0440\u0430\u0448 \u0438\u0433\u0440\u0435 Lucky Jet \u0432 \u043e\u043d\u043b\u0430\u0439\u043d \u043a\u0430\u0437\u0438\u043d\u043e 1win. \u0412\u044b\u0438\u0433\u0440\u044b\u0432\u0430\u0442\u044c \u043d\u0430\u0441\u0442\u043e\u044f\u0449\u0438\u0435 \u0434\u0435\u043d\u044c\u0433\u0438 \u0432 \u043e\u043d\u043b\u0430\u0439\u043d \u0441\u043b\u043e\u0442\u0435 Lucky Jet","breadcrumb":{"@id":"https:\/\/jetx-player.com\/#breadcrumb"},"inLanguage":"es-ES","potentialAction":[{"@type":"ReadAction","target":["https:\/\/jetx-player.com\/"]}]},{"@type":"BreadcrumbList","@id":"https:\/\/jetx-player.com\/#breadcrumb","itemListElement":[{"@type":"ListItem","position":1,"name":"Home","item":"https:\/\/jetx-player.com\/"},{"@type":"ListItem","position":2,"name":"\u0418\u0433\u0440\u0430\u0442\u044c \u0432 Lucky Jet"}]},{"@type":"WebSite","@id":"https:\/\/jetx-player.com\/#website","url":"https:\/\/jetx-player.com\/","name":"JetX","description":"Just another WordPress site","publisher":{"@id":"https:\/\/jetx-player.com\/#organization"},"potentialAction":[{"@type":"SearchAction","target":{"@type":"EntryPoint","urlTemplate":"https:\/\/jetx-player.com\/?s={search_term_string}"},"query-input":{"@type":"PropertyValueSpecification","valueRequired":true,"valueName":"search_term_string"}}],"inLanguage":"es-ES"},{"@type":"Organization","@id":"https:\/\/jetx-player.com\/#organization","name":"JetX","url":"https:\/\/jetx-player.com\/","logo":{"@type":"ImageObject","inLanguage":"es-ES","@id":"https:\/\/jetx-player.com\/#\/schema\/logo\/image\/","url":"https:\/\/jetx-player.com\/wp-content\/uploads\/lucky-jet-header-e1707648698751.webp","contentUrl":"https:\/\/jetx-player.com\/wp-content\/uploads\/lucky-jet-header-e1707648698751.webp","width":643,"height":178,"caption":"JetX"},"image":{"@id":"https:\/\/jetx-player.com\/#\/schema\/logo\/image\/"}}]}},"_links":{"self":[{"href":"https:\/\/jetx-player.com\/es\/wp-json\/wp\/v2\/pages\/6","targetHints":{"allow":["GET"]}}],"collection":[{"href":"https:\/\/jetx-player.com\/es\/wp-json\/wp\/v2\/pages"}],"about":[{"href":"https:\/\/jetx-player.com\/es\/wp-json\/wp\/v2\/types\/page"}],"author":[{"embeddable":true,"href":"https:\/\/jetx-player.com\/es\/wp-json\/wp\/v2\/users\/1"}],"replies":[{"embeddable":true,"href":"https:\/\/jetx-player.com\/es\/wp-json\/wp\/v2\/comments?post=6"}],"version-history":[{"count":25,"href":"https:\/\/jetx-player.com\/es\/wp-json\/wp\/v2\/pages\/6\/revisions"}],"predecessor-version":[{"id":186,"href":"https:\/\/jetx-player.com\/es\/wp-json\/wp\/v2\/pages\/6\/revisions\/186"}],"wp:attachment":[{"href":"https:\/\/jetx-player.com\/es\/wp-json\/wp\/v2\/media?parent=6"}],"curies":[{"name":"wp","href":"https:\/\/api.w.org\/{rel}","templated":true}]}}