{"id":16,"date":"2024-02-11T10:18:21","date_gmt":"2024-02-11T10:18:21","guid":{"rendered":"https:\/\/jetx-player.com\/?page_id=16"},"modified":"2024-02-28T20:02:02","modified_gmt":"2024-02-28T20:02:02","slug":"provably-fair","status":"publish","type":"page","link":"https:\/\/jetx-player.com\/es\/provably-fair\/","title":{"rendered":"Provably Fair"},"content":{"rendered":"<p>El juego Lucky Jet se caracteriza por su equidad, ya que el casino no interviene en el proceso del juego. Esta tecnolog\u00eda se llama Provably Fair. Entonces, \u00bfc\u00f3mo funciona? Echemos un vistazo. Primero, comencemos con los principios generales del juego Lucky Jet:<\/p>\n<ul>\n<li>El multiplicador ganador en el juego Lucky Jet comienza en x1 y aumenta cada vez m\u00e1s alto a medida que Lucky Joe sube.<\/li>\n<li>Cuando un jugador retira dinero, la cantidad ganadora es igual al tama\u00f1o de la apuesta multiplicado por el multiplicador en el momento del retiro. Por ejemplo, si la apuesta es de $2 y el multiplicador en el momento del retiro fue x3, entonces la ganancia es de $6 (3 multiplicado por 2).<\/li>\n<li>Antes del inicio de la ronda, el generador determina un n\u00famero aleatorio para el multiplicador en el que el juego termina y Lucky Joe se va volando. En cualquier momento, la equidad del multiplicador para una ronda espec\u00edfica se puede verificar presionando el bot\u00f3n en la ventana de historial.<\/li>\n<\/ul>\n<h2><strong>C\u00f3mo Funciona Provably Fair<\/strong><\/h2>\n<p>Seg\u00fan afirma el sitio web oficial del juego Lucky Jet, el multiplicador de cada ronda, es decir, el momento en que el piloto se va volando, no se genera en absoluto en los servidores del juego. Por el contrario, la generaci\u00f3n del multiplicador la determinan los jugadores participantes que toman parte en una ronda espec\u00edfica del juego. Y este proceso es completamente transparente, ya que cualquier jugador puede verificarlo. En consecuencia, nadie tendr\u00e1 la oportunidad de manipular los resultados de la ronda. Adem\u00e1s, cada jugador tiene una excelente oportunidad de verificar la correcci\u00f3n de los datos y garantizar la equidad del c\u00e1lculo del multiplicador en el juego Lucky Jet.<\/p>\n<h2><strong>C\u00f3mo se Determina el Multiplicador en Lucky Jet<\/strong><\/h2>\n<p>Los resultados de la ronda del juego se generan en funci\u00f3n de cuatro factores:<\/p>\n<ul>\n<li>Servidor de juego<\/li>\n<li>Tres jugadores que hicieron apuestas primero<\/li>\n<\/ul>\n<p>Ahora veamos m\u00e1s de cerca. El operador del juego genera una semilla del servidor (esto es una cadena aleatoria de 16 caracteres). La versi\u00f3n cifrada de la semilla del servidor est\u00e1 disponible p\u00fablicamente antes del inicio de la ronda del juego. Para verlo, debes ir a la \u00abConfiguraci\u00f3n de Provably Fair\u00bb, que se encuentra en la interfaz del juego y cualquier jugador puede verlo. En la configuraci\u00f3n, puedes ver la semilla del cliente o crear una nueva haciendo clic en el bot\u00f3n \u00abSiguiente Semilla del Cliente\u00bb.<\/p>\n<p>Posteriormente, en la formaci\u00f3n de la semilla del cliente, participan los primeros 3 jugadores que hicieron apuestas. Parte de la semilla se genera en el lado de cada uno de estos jugadores. Al comienzo de la ronda, el juego combina la semilla del servidor y las semillas de los primeros tres jugadores. Las semillas combinadas se hashean utilizando SHA512, y el hash generado determina el resultado de una ronda espec\u00edfica.<\/p>\n<h2><strong>C\u00f3mo Verificar la Equidad en el Juego Lucky Jet<\/strong><\/h2>\n<ul>\n<li>La interfaz del juego Lucky Jet incluye la capacidad de verificar cada ronda realizada desde el historial del juego. Si est\u00e1s considerando jugar Lucky Jet, te recomendamos realizar esta tarea para asegurarte de la equidad de la ronda. Para hacerlo, simplemente haz clic en el bot\u00f3n verde en la configuraci\u00f3n del juego.<\/li>\n<li>Despu\u00e9s de hacer clic en el bot\u00f3n verde, la ventana abierta mostrar\u00e1 la semilla del servidor, as\u00ed como las tres semillas de los jugadores (seg\u00fan las reglas, semillas de clientes, este es el t\u00e9rmino utilizado), as\u00ed como el hash combinado y el resultado de la ronda.<\/li>\n<li>Si un jugador desea participar en la formaci\u00f3n del resultado de la ronda, debe estar entre los primeros tres jugadores en hacer una apuesta. De lo contrario, no hay forma de que un jugador participe en la formaci\u00f3n del resultado de la ronda.<\/li>\n<li>La correcci\u00f3n del hash se puede verificar utilizando cualquier calculadora en l\u00ednea.<\/li>\n<\/ul>\n","protected":false},"excerpt":{"rendered":"<p>El juego Lucky Jet se caracteriza por su equidad, ya que el casino no interviene en el proceso del juego. Esta tecnolog\u00eda se llama Provably [&hellip;]<\/p>\n","protected":false},"author":1,"featured_media":93,"parent":0,"menu_order":0,"comment_status":"closed","ping_status":"closed","template":"","meta":{"footnotes":"","_links_to":"","_links_to_target":""},"class_list":["post-16","page","type-page","status-publish","has-post-thumbnail","hentry"],"yoast_head":"<!-- This site is optimized with the Yoast SEO plugin v27.2 - https:\/\/yoast.com\/product\/yoast-seo-wordpress\/ -->\n<title>Verifica\u00e7\u00e3o de justi\u00e7a no jogo Lucky Jet<\/title>\n<meta name=\"description\" content=\"C\u00f3mo verificar la equidad en el juego de crash Lucky Jet en el casino en l\u00ednea 1win utilizando la tecnolog\u00eda Provably Fair. C\u00f3mo se determina el resultado de la ronda en la tragamonedas Lucky Jet.\" \/>\n<meta name=\"robots\" content=\"index, follow, max-snippet:-1, max-image-preview:large, max-video-preview:-1\" \/>\n<link rel=\"canonical\" href=\"https:\/\/jetx-player.com\/es\/provably-fair\/\" \/>\n<meta property=\"og:locale\" content=\"es_ES\" \/>\n<meta property=\"og:locale:alternate\" content=\"ru_RU\" \/>\n<meta property=\"og:locale:alternate\" content=\"en_US\" \/>\n<meta property=\"og:locale:alternate\" content=\"pt_PT\" \/>\n<meta property=\"og:locale:alternate\" content=\"ro_RO\" \/>\n<meta property=\"og:locale:alternate\" content=\"sr_RS\" \/>\n<meta property=\"og:locale:alternate\" content=\"bg_BG\" \/>\n<meta property=\"og:locale:alternate\" content=\"pl_PL\" \/>\n<meta property=\"og:locale:alternate\" content=\"it_IT\" \/>\n<meta property=\"og:locale:alternate\" content=\"fr_FR\" \/>\n<meta property=\"og:type\" content=\"article\" \/>\n<meta property=\"og:title\" content=\"Verifica\u00e7\u00e3o de justi\u00e7a no jogo Lucky Jet\" \/>\n<meta property=\"og:description\" content=\"Como verificar a justi\u00e7a no jogo de crash Lucky Jet no cassino online 1win usando a tecnologia Provably Fair. Como o resultado da rodada \u00e9 determinado na slot machine Lucky Jet.\" \/>\n<meta property=\"og:url\" content=\"https:\/\/jetx-player.com\/es\/provably-fair\/\" \/>\n<meta property=\"og:site_name\" content=\"JetX\" \/>\n<meta property=\"article:modified_time\" content=\"2024-02-28T20:02:02+00:00\" \/>\n<meta property=\"og:image\" content=\"https:\/\/jetx-player.com\/wp-content\/uploads\/abstract-blue-night-space-cosmos-background-with-nebula-and-shining-star-vector.jpg\" \/>\n\t<meta property=\"og:image:width\" content=\"1920\" \/>\n\t<meta property=\"og:image:height\" content=\"1079\" \/>\n\t<meta property=\"og:image:type\" content=\"image\/jpeg\" \/>\n<meta name=\"twitter:card\" content=\"summary_large_image\" \/>\n<meta name=\"twitter:label1\" content=\"Tiempo de lectura\" \/>\n\t<meta name=\"twitter:data1\" content=\"22 minutos\" \/>\n<script type=\"application\/ld+json\" class=\"yoast-schema-graph\">{\"@context\":\"https:\/\/schema.org\",\"@graph\":[{\"@type\":\"WebPage\",\"@id\":\"https:\/\/jetx-player.com\/pt\/provably-fair\/\",\"url\":\"https:\/\/jetx-player.com\/pt\/provably-fair\/\",\"name\":\"Verifica\u00e7\u00e3o de justi\u00e7a no jogo Lucky Jet\",\"isPartOf\":{\"@id\":\"https:\/\/jetx-player.com\/#website\"},\"primaryImageOfPage\":{\"@id\":\"https:\/\/jetx-player.com\/pt\/provably-fair\/#primaryimage\"},\"image\":{\"@id\":\"https:\/\/jetx-player.com\/pt\/provably-fair\/#primaryimage\"},\"thumbnailUrl\":\"https:\/\/jetx-player.com\/wp-content\/uploads\/abstract-blue-night-space-cosmos-background-with-nebula-and-shining-star-vector.jpg\",\"datePublished\":\"2024-02-11T10:18:21+00:00\",\"dateModified\":\"2024-02-28T20:02:02+00:00\",\"description\":\"Como verificar a justi\u00e7a no jogo de crash Lucky Jet no cassino online 1win usando a tecnologia Provably Fair. Como o resultado da rodada \u00e9 determinado na slot machine Lucky Jet.\",\"breadcrumb\":{\"@id\":\"https:\/\/jetx-player.com\/pt\/provably-fair\/#breadcrumb\"},\"inLanguage\":\"es-ES\",\"potentialAction\":[{\"@type\":\"ReadAction\",\"target\":[\"https:\/\/jetx-player.com\/pt\/provably-fair\/\"]}]},{\"@type\":\"ImageObject\",\"inLanguage\":\"es-ES\",\"@id\":\"https:\/\/jetx-player.com\/pt\/provably-fair\/#primaryimage\",\"url\":\"https:\/\/jetx-player.com\/wp-content\/uploads\/abstract-blue-night-space-cosmos-background-with-nebula-and-shining-star-vector.jpg\",\"contentUrl\":\"https:\/\/jetx-player.com\/wp-content\/uploads\/abstract-blue-night-space-cosmos-background-with-nebula-and-shining-star-vector.jpg\",\"width\":1920,\"height\":1079},{\"@type\":\"BreadcrumbList\",\"@id\":\"https:\/\/jetx-player.com\/pt\/provably-fair\/#breadcrumb\",\"itemListElement\":[{\"@type\":\"ListItem\",\"position\":1,\"name\":\"Home\",\"item\":\"https:\/\/jetx-player.com\/\"},{\"@type\":\"ListItem\",\"position\":2,\"name\":\"Provably Fair\"}]},{\"@type\":\"WebSite\",\"@id\":\"https:\/\/jetx-player.com\/#website\",\"url\":\"https:\/\/jetx-player.com\/\",\"name\":\"JetX\",\"description\":\"Just another WordPress site\",\"publisher\":{\"@id\":\"https:\/\/jetx-player.com\/#organization\"},\"potentialAction\":[{\"@type\":\"SearchAction\",\"target\":{\"@type\":\"EntryPoint\",\"urlTemplate\":\"https:\/\/jetx-player.com\/?s={search_term_string}\"},\"query-input\":{\"@type\":\"PropertyValueSpecification\",\"valueRequired\":true,\"valueName\":\"search_term_string\"}}],\"inLanguage\":\"es-ES\"},{\"@type\":\"Organization\",\"@id\":\"https:\/\/jetx-player.com\/#organization\",\"name\":\"JetX\",\"url\":\"https:\/\/jetx-player.com\/\",\"logo\":{\"@type\":\"ImageObject\",\"inLanguage\":\"es-ES\",\"@id\":\"https:\/\/jetx-player.com\/#\/schema\/logo\/image\/\",\"url\":\"https:\/\/jetx-player.com\/wp-content\/uploads\/lucky-jet-header-e1707648698751.webp\",\"contentUrl\":\"https:\/\/jetx-player.com\/wp-content\/uploads\/lucky-jet-header-e1707648698751.webp\",\"width\":643,\"height\":178,\"caption\":\"JetX\"},\"image\":{\"@id\":\"https:\/\/jetx-player.com\/#\/schema\/logo\/image\/\"}}]}<\/script>\n<!-- \/ Yoast SEO plugin. -->","yoast_head_json":{"title":"Verifica\u00e7\u00e3o de justi\u00e7a no jogo Lucky Jet","description":"C\u00f3mo verificar la equidad en el juego de crash Lucky Jet en el casino en l\u00ednea 1win utilizando la tecnolog\u00eda Provably Fair. C\u00f3mo se determina el resultado de la ronda en la tragamonedas Lucky Jet.","robots":{"index":"index","follow":"follow","max-snippet":"max-snippet:-1","max-image-preview":"max-image-preview:large","max-video-preview":"max-video-preview:-1"},"canonical":"https:\/\/jetx-player.com\/es\/provably-fair\/","og_locale":"es_ES","og_type":"article","og_title":"Verifica\u00e7\u00e3o de justi\u00e7a no jogo Lucky Jet","og_description":"Como verificar a justi\u00e7a no jogo de crash Lucky Jet no cassino online 1win usando a tecnologia Provably Fair. Como o resultado da rodada \u00e9 determinado na slot machine Lucky Jet.","og_url":"https:\/\/jetx-player.com\/es\/provably-fair\/","og_site_name":"JetX","article_modified_time":"2024-02-28T20:02:02+00:00","og_image":[{"width":1920,"height":1079,"url":"https:\/\/jetx-player.com\/wp-content\/uploads\/abstract-blue-night-space-cosmos-background-with-nebula-and-shining-star-vector.jpg","type":"image\/jpeg"}],"twitter_card":"summary_large_image","twitter_misc":{"Tiempo de lectura":"22 minutos"},"schema":{"@context":"https:\/\/schema.org","@graph":[{"@type":"WebPage","@id":"https:\/\/jetx-player.com\/pt\/provably-fair\/","url":"https:\/\/jetx-player.com\/pt\/provably-fair\/","name":"Verifica\u00e7\u00e3o de justi\u00e7a no jogo Lucky Jet","isPartOf":{"@id":"https:\/\/jetx-player.com\/#website"},"primaryImageOfPage":{"@id":"https:\/\/jetx-player.com\/pt\/provably-fair\/#primaryimage"},"image":{"@id":"https:\/\/jetx-player.com\/pt\/provably-fair\/#primaryimage"},"thumbnailUrl":"https:\/\/jetx-player.com\/wp-content\/uploads\/abstract-blue-night-space-cosmos-background-with-nebula-and-shining-star-vector.jpg","datePublished":"2024-02-11T10:18:21+00:00","dateModified":"2024-02-28T20:02:02+00:00","description":"Como verificar a justi\u00e7a no jogo de crash Lucky Jet no cassino online 1win usando a tecnologia Provably Fair. Como o resultado da rodada \u00e9 determinado na slot machine Lucky Jet.","breadcrumb":{"@id":"https:\/\/jetx-player.com\/pt\/provably-fair\/#breadcrumb"},"inLanguage":"es-ES","potentialAction":[{"@type":"ReadAction","target":["https:\/\/jetx-player.com\/pt\/provably-fair\/"]}]},{"@type":"ImageObject","inLanguage":"es-ES","@id":"https:\/\/jetx-player.com\/pt\/provably-fair\/#primaryimage","url":"https:\/\/jetx-player.com\/wp-content\/uploads\/abstract-blue-night-space-cosmos-background-with-nebula-and-shining-star-vector.jpg","contentUrl":"https:\/\/jetx-player.com\/wp-content\/uploads\/abstract-blue-night-space-cosmos-background-with-nebula-and-shining-star-vector.jpg","width":1920,"height":1079},{"@type":"BreadcrumbList","@id":"https:\/\/jetx-player.com\/pt\/provably-fair\/#breadcrumb","itemListElement":[{"@type":"ListItem","position":1,"name":"Home","item":"https:\/\/jetx-player.com\/"},{"@type":"ListItem","position":2,"name":"Provably Fair"}]},{"@type":"WebSite","@id":"https:\/\/jetx-player.com\/#website","url":"https:\/\/jetx-player.com\/","name":"JetX","description":"Just another WordPress site","publisher":{"@id":"https:\/\/jetx-player.com\/#organization"},"potentialAction":[{"@type":"SearchAction","target":{"@type":"EntryPoint","urlTemplate":"https:\/\/jetx-player.com\/?s={search_term_string}"},"query-input":{"@type":"PropertyValueSpecification","valueRequired":true,"valueName":"search_term_string"}}],"inLanguage":"es-ES"},{"@type":"Organization","@id":"https:\/\/jetx-player.com\/#organization","name":"JetX","url":"https:\/\/jetx-player.com\/","logo":{"@type":"ImageObject","inLanguage":"es-ES","@id":"https:\/\/jetx-player.com\/#\/schema\/logo\/image\/","url":"https:\/\/jetx-player.com\/wp-content\/uploads\/lucky-jet-header-e1707648698751.webp","contentUrl":"https:\/\/jetx-player.com\/wp-content\/uploads\/lucky-jet-header-e1707648698751.webp","width":643,"height":178,"caption":"JetX"},"image":{"@id":"https:\/\/jetx-player.com\/#\/schema\/logo\/image\/"}}]}},"_links":{"self":[{"href":"https:\/\/jetx-player.com\/es\/wp-json\/wp\/v2\/pages\/16","targetHints":{"allow":["GET"]}}],"collection":[{"href":"https:\/\/jetx-player.com\/es\/wp-json\/wp\/v2\/pages"}],"about":[{"href":"https:\/\/jetx-player.com\/es\/wp-json\/wp\/v2\/types\/page"}],"author":[{"embeddable":true,"href":"https:\/\/jetx-player.com\/es\/wp-json\/wp\/v2\/users\/1"}],"replies":[{"embeddable":true,"href":"https:\/\/jetx-player.com\/es\/wp-json\/wp\/v2\/comments?post=16"}],"version-history":[{"count":14,"href":"https:\/\/jetx-player.com\/es\/wp-json\/wp\/v2\/pages\/16\/revisions"}],"predecessor-version":[{"id":170,"href":"https:\/\/jetx-player.com\/es\/wp-json\/wp\/v2\/pages\/16\/revisions\/170"}],"wp:featuredmedia":[{"embeddable":true,"href":"https:\/\/jetx-player.com\/es\/wp-json\/wp\/v2\/media\/93"}],"wp:attachment":[{"href":"https:\/\/jetx-player.com\/es\/wp-json\/wp\/v2\/media?parent=16"}],"curies":[{"name":"wp","href":"https:\/\/api.w.org\/{rel}","templated":true}]}}