{"id":12,"date":"2024-02-11T10:15:28","date_gmt":"2024-02-11T10:15:28","guid":{"rendered":"https:\/\/jetx-player.com\/?page_id=12"},"modified":"2024-02-28T20:06:24","modified_gmt":"2024-02-28T20:06:24","slug":"gameplay-strategies-in-lucky-jet","status":"publish","type":"page","link":"https:\/\/jetx-player.com\/es\/gameplay-strategies-in-lucky-jet\/","title":{"rendered":"Estrategias de juego en Lucky Jet"},"content":{"rendered":"<p>Las estrategias para jugar a Lucky Jet pueden variar dependiendo del estilo de juego de cada jugador, su disposici\u00f3n para correr riesgos y sus objetivos individuales. Adem\u00e1s, la cuesti\u00f3n de los objetivos no es tan simple como parece. Todo depende de la situaci\u00f3n espec\u00edfica de cada jugador. Algunos juegan con el objetivo de ganar dinero real, es decir, obtener beneficios. Y para algunos jugadores, es importante pasar un buen rato y disfrutar del juego, sin esperar ganar. Por lo tanto, como suele ocurrir en la vida, todos tienen situaciones y objetivos diferentes. Sin embargo, hemos recopilado una revisi\u00f3n de algunas estrategias de juego populares en Lucky Jet que pueden ayudarte a aumentar tus posibilidades de \u00e9xito en este emocionante juego.<\/p>\n<h2><strong>Principios del juego Lucky Jet<\/strong><\/h2>\n<p>Antes de discutir estrategias, es importante entender c\u00f3mo funciona el juego. En Lucky Jet, los jugadores hacen apuestas sobre cu\u00e1n lejos volar\u00e1 Lucky Joe, un chico con mochila de moda, antes de desaparecer. Su desaparici\u00f3n significa que las apuestas se pierden. El premio depende de la altura a la que el chico con la mochila deje de volar, y los jugadores deben reclamar su premio antes de este punto. Cuanto m\u00e1s tiempo esperen, mayor ser\u00e1 el premio potencial, pero con el riesgo de perder la apuesta si el objeto desaparece. Este es el principio b\u00e1sico del juego Lucky Jet, que en general es similar a otros juegos de crash.<\/p>\n<h2><strong>Estrategia de Ganancia Fija<\/strong><\/h2>\n<p>Una de las estrategias m\u00e1s simples y populares es la estrategia de \u00abganancia fija\u00bb. Los jugadores establecen un objetivo de ganancia, por ejemplo, 2x, y toman su ganancia tan pronto como el multiplicador alcanza esta marca. Esta estrategia ayuda a gestionar los riesgos y proporciona un ingreso constante, aunque peque\u00f1o. Cabe se\u00f1alar que esta estrategia se considera de bajo riesgo, y los jugadores suelen elegir un multiplicador peque\u00f1o como su objetivo, por ejemplo, x2.<\/p>\n<h2><strong>Estrategia Martingala<\/strong><\/h2>\n<p>Una estrategia muy popular en juegos de crash. La estrategia \u00abMartingala\u00bb es un m\u00e9todo popular de gesti\u00f3n de apuestas que se puede adaptar para jugar a Lucky Jet. Despu\u00e9s de cada apuesta perdida, el jugador duplica el tama\u00f1o de la siguiente apuesta. Cuando la apuesta gana, el jugador recupera todas las p\u00e9rdidas anteriores m\u00e1s obtiene una ganancia igual a la apuesta inicial. Es importante tener un saldo de cuenta lo suficientemente alto para resistir una serie de p\u00e9rdidas antes de comenzar a usar esta estrategia. Y vale la pena agregar que no es f\u00e1cil emocionalmente. Despu\u00e9s de todo, la apuesta necesita ser duplicada despu\u00e9s de cada p\u00e9rdida. \u00bfQu\u00e9 pasa si hubo varias rondas consecutivas de p\u00e9rdidas?<\/p>\n<h2><strong>Estrategia de Apuestas Divididas<\/strong><\/h2>\n<p>Esta estrategia implica dividir la cantidad total de apuesta en varias apuestas m\u00e1s peque\u00f1as con diferentes objetivos de ganancia. Por ejemplo, parte de la apuesta se puede tomar a un multiplicador bajo para una ganancia garantizada pero peque\u00f1a, mientras que la otra parte de la apuesta se deja a un multiplicador m\u00e1s alto para la posibilidad de una gran ganancia. Esto permite al jugador equilibrar entre juego conservador y agresivo. En este caso, por cierto, la funci\u00f3n de apuestas autom\u00e1ticas y retiro autom\u00e1tico ser\u00e1 \u00fatil, ya que te permitir\u00e1 no distraerte con la primera apuesta, sino concentrarte en la segunda apuesta, donde, por ejemplo, quieres obtener un coeficiente m\u00e1s alto.<\/p>\n<h2><strong>Configuraci\u00f3n de Retiro Autom\u00e1tico de Dinero<\/strong><\/h2>\n<p>Muchos casinos en l\u00ednea ofrecen la funci\u00f3n de retiro autom\u00e1tico al alcanzar cierto multiplicador. Al configurar el retiro autom\u00e1tico en un nivel que consideres \u00f3ptimo, puedes evitar la tentaci\u00f3n de esperar demasiado y perder tu apuesta. Este enfoque es adecuado para un modelo de juego conservador.<\/p>\n<h2><strong>Gesti\u00f3n del Banca<\/strong><\/h2>\n<p>El aspecto m\u00e1s importante de cualquier estrategia de juego es la gesti\u00f3n del banca. Determina la cantidad que est\u00e1s dispuesto a arriesgar y no la excedas. Una gesti\u00f3n financiera sensata ayudar\u00e1 a evitar grandes p\u00e9rdidas y aumentar\u00e1 tus posibilidades de \u00e9xito a largo plazo. Aseg\u00farate de que el saldo de tu cuenta de juego sea suficiente para cierto n\u00famero de rondas. Es dif\u00edcil determinar el n\u00famero ideal, pero recomendamos apuntar a 200 rondas.<\/p>\n<h2><strong>C\u00f3mo Elegir una Estrategia de Juego<\/strong><\/h2>\n<p>Es importante recordar que no hay una estrategia universal que garantice el \u00e9xito en el juego de Lucky Jet. Todas las estrategias tienen sus riesgos y pueden llevar a la p\u00e9rdida de dinero. Recuerda jugar de manera responsable, establecer l\u00edmites en las p\u00e9rdidas y el tiempo de juego, y recuerda que los juegos de casino deben brindar placer, no convertirse en una fuente de problemas financieros.<\/p>\n","protected":false},"excerpt":{"rendered":"<p>Las estrategias para jugar a Lucky Jet pueden variar dependiendo del estilo de juego de cada jugador, su disposici\u00f3n para correr riesgos y sus objetivos [&hellip;]<\/p>\n","protected":false},"author":1,"featured_media":93,"parent":0,"menu_order":0,"comment_status":"closed","ping_status":"closed","template":"","meta":{"footnotes":"","_links_to":"","_links_to_target":""},"class_list":["post-12","page","type-page","status-publish","has-post-thumbnail","hentry"],"yoast_head":"<!-- This site is optimized with the Yoast SEO plugin v27.2 - https:\/\/yoast.com\/product\/yoast-seo-wordpress\/ -->\n<title>\u0421\u0442\u0440\u0430\u0442\u0435\u0433\u0438\u0438 \u0438\u0433\u0440\u044b Lucky Jet \u0432 \u043e\u043d\u043b\u0430\u0439\u043d \u043a\u0430\u0437\u0438\u043d\u043e<\/title>\n<meta name=\"description\" content=\"Juega y gana en el juego de colisi\u00f3n Lucky Jet. Las mejores estrategias y t\u00e1cticas para ganar dinero real en el juego de colisi\u00f3n Lucky Jet. Juega y gana ahora.\" \/>\n<meta name=\"robots\" content=\"index, follow, max-snippet:-1, max-image-preview:large, max-video-preview:-1\" \/>\n<link rel=\"canonical\" href=\"https:\/\/jetx-player.com\/es\/gameplay-strategies-in-lucky-jet\/\" \/>\n<meta property=\"og:locale\" content=\"es_ES\" \/>\n<meta property=\"og:locale:alternate\" content=\"ru_RU\" \/>\n<meta property=\"og:locale:alternate\" content=\"en_US\" \/>\n<meta property=\"og:locale:alternate\" content=\"pt_PT\" \/>\n<meta property=\"og:locale:alternate\" content=\"ro_RO\" \/>\n<meta property=\"og:locale:alternate\" content=\"sr_RS\" \/>\n<meta property=\"og:locale:alternate\" content=\"bg_BG\" \/>\n<meta property=\"og:locale:alternate\" content=\"pl_PL\" \/>\n<meta property=\"og:locale:alternate\" content=\"it_IT\" \/>\n<meta property=\"og:locale:alternate\" content=\"fr_FR\" \/>\n<meta property=\"og:type\" content=\"article\" \/>\n<meta property=\"og:title\" content=\"\u0421\u0442\u0440\u0430\u0442\u0435\u0433\u0438\u0438 \u0438\u0433\u0440\u044b Lucky Jet \u0432 \u043e\u043d\u043b\u0430\u0439\u043d \u043a\u0430\u0437\u0438\u043d\u043e\" \/>\n<meta property=\"og:description\" content=\"\u0418\u0433\u0440\u0430\u0442\u044c \u0438 \u0432\u044b\u0438\u0433\u0440\u044b\u0432\u0430\u0442\u044c \u0432 \u043a\u0440\u0430\u0448 \u0438\u0433\u0440\u0435 \u041b\u0430\u043a\u0438 \u0414\u0436\u0435\u0442. \u041b\u0443\u0447\u0448\u0438\u0435 \u0441\u0442\u0440\u0430\u0442\u0435\u0433\u0438\u0438 \u0438 \u0442\u0430\u043a\u0442\u0438\u043a\u0438 \u0434\u043b\u044f \u0432\u044b\u0438\u0433\u0440\u044b\u0448\u0430 \u0440\u0435\u0430\u043b\u044c\u043d\u044b\u0445 \u0434\u0435\u043d\u0435\u0433 \u0432 \u043a\u0440\u0430\u0448 \u0438\u0433\u0440\u0435 Lucky Jet. \u0418\u0433\u0440\u0430\u0442\u044c \u0438 \u0432\u044b\u0438\u0433\u0440\u044b\u0432\u0430\u0442\u044c \u0441\u0435\u0439\u0447\u0430\u0441\" \/>\n<meta property=\"og:url\" content=\"https:\/\/jetx-player.com\/es\/gameplay-strategies-in-lucky-jet\/\" \/>\n<meta property=\"og:site_name\" content=\"JetX\" \/>\n<meta property=\"article:modified_time\" content=\"2024-02-28T20:06:24+00:00\" \/>\n<meta property=\"og:image\" content=\"https:\/\/jetx-player.com\/wp-content\/uploads\/abstract-blue-night-space-cosmos-background-with-nebula-and-shining-star-vector.jpg\" \/>\n\t<meta property=\"og:image:width\" content=\"1920\" \/>\n\t<meta property=\"og:image:height\" content=\"1079\" \/>\n\t<meta property=\"og:image:type\" content=\"image\/jpeg\" \/>\n<meta name=\"twitter:card\" content=\"summary_large_image\" \/>\n<meta name=\"twitter:label1\" content=\"Tiempo de lectura\" \/>\n\t<meta name=\"twitter:data1\" content=\"28 minutos\" \/>\n<script type=\"application\/ld+json\" class=\"yoast-schema-graph\">{\"@context\":\"https:\/\/schema.org\",\"@graph\":[{\"@type\":\"WebPage\",\"@id\":\"https:\/\/jetx-player.com\/gameplay-strategies-in-lucky-jet\/\",\"url\":\"https:\/\/jetx-player.com\/gameplay-strategies-in-lucky-jet\/\",\"name\":\"\u0421\u0442\u0440\u0430\u0442\u0435\u0433\u0438\u0438 \u0438\u0433\u0440\u044b Lucky Jet \u0432 \u043e\u043d\u043b\u0430\u0439\u043d \u043a\u0430\u0437\u0438\u043d\u043e\",\"isPartOf\":{\"@id\":\"https:\/\/jetx-player.com\/#website\"},\"primaryImageOfPage\":{\"@id\":\"https:\/\/jetx-player.com\/gameplay-strategies-in-lucky-jet\/#primaryimage\"},\"image\":{\"@id\":\"https:\/\/jetx-player.com\/gameplay-strategies-in-lucky-jet\/#primaryimage\"},\"thumbnailUrl\":\"https:\/\/jetx-player.com\/wp-content\/uploads\/abstract-blue-night-space-cosmos-background-with-nebula-and-shining-star-vector.jpg\",\"datePublished\":\"2024-02-11T10:15:28+00:00\",\"dateModified\":\"2024-02-28T20:06:24+00:00\",\"description\":\"\u0418\u0433\u0440\u0430\u0442\u044c \u0438 \u0432\u044b\u0438\u0433\u0440\u044b\u0432\u0430\u0442\u044c \u0432 \u043a\u0440\u0430\u0448 \u0438\u0433\u0440\u0435 \u041b\u0430\u043a\u0438 \u0414\u0436\u0435\u0442. \u041b\u0443\u0447\u0448\u0438\u0435 \u0441\u0442\u0440\u0430\u0442\u0435\u0433\u0438\u0438 \u0438 \u0442\u0430\u043a\u0442\u0438\u043a\u0438 \u0434\u043b\u044f \u0432\u044b\u0438\u0433\u0440\u044b\u0448\u0430 \u0440\u0435\u0430\u043b\u044c\u043d\u044b\u0445 \u0434\u0435\u043d\u0435\u0433 \u0432 \u043a\u0440\u0430\u0448 \u0438\u0433\u0440\u0435 Lucky Jet. \u0418\u0433\u0440\u0430\u0442\u044c \u0438 \u0432\u044b\u0438\u0433\u0440\u044b\u0432\u0430\u0442\u044c \u0441\u0435\u0439\u0447\u0430\u0441\",\"breadcrumb\":{\"@id\":\"https:\/\/jetx-player.com\/gameplay-strategies-in-lucky-jet\/#breadcrumb\"},\"inLanguage\":\"es-ES\",\"potentialAction\":[{\"@type\":\"ReadAction\",\"target\":[\"https:\/\/jetx-player.com\/gameplay-strategies-in-lucky-jet\/\"]}]},{\"@type\":\"ImageObject\",\"inLanguage\":\"es-ES\",\"@id\":\"https:\/\/jetx-player.com\/gameplay-strategies-in-lucky-jet\/#primaryimage\",\"url\":\"https:\/\/jetx-player.com\/wp-content\/uploads\/abstract-blue-night-space-cosmos-background-with-nebula-and-shining-star-vector.jpg\",\"contentUrl\":\"https:\/\/jetx-player.com\/wp-content\/uploads\/abstract-blue-night-space-cosmos-background-with-nebula-and-shining-star-vector.jpg\",\"width\":1920,\"height\":1079},{\"@type\":\"BreadcrumbList\",\"@id\":\"https:\/\/jetx-player.com\/gameplay-strategies-in-lucky-jet\/#breadcrumb\",\"itemListElement\":[{\"@type\":\"ListItem\",\"position\":1,\"name\":\"Home\",\"item\":\"https:\/\/jetx-player.com\/\"},{\"@type\":\"ListItem\",\"position\":2,\"name\":\"\u0421\u0442\u0440\u0430\u0442\u0435\u0433\u0438\u0438 \u0438\u0433\u0440\u044b \u0432 Lucky Jet\"}]},{\"@type\":\"WebSite\",\"@id\":\"https:\/\/jetx-player.com\/#website\",\"url\":\"https:\/\/jetx-player.com\/\",\"name\":\"JetX\",\"description\":\"Just another WordPress site\",\"publisher\":{\"@id\":\"https:\/\/jetx-player.com\/#organization\"},\"potentialAction\":[{\"@type\":\"SearchAction\",\"target\":{\"@type\":\"EntryPoint\",\"urlTemplate\":\"https:\/\/jetx-player.com\/?s={search_term_string}\"},\"query-input\":{\"@type\":\"PropertyValueSpecification\",\"valueRequired\":true,\"valueName\":\"search_term_string\"}}],\"inLanguage\":\"es-ES\"},{\"@type\":\"Organization\",\"@id\":\"https:\/\/jetx-player.com\/#organization\",\"name\":\"JetX\",\"url\":\"https:\/\/jetx-player.com\/\",\"logo\":{\"@type\":\"ImageObject\",\"inLanguage\":\"es-ES\",\"@id\":\"https:\/\/jetx-player.com\/#\/schema\/logo\/image\/\",\"url\":\"https:\/\/jetx-player.com\/wp-content\/uploads\/lucky-jet-header-e1707648698751.webp\",\"contentUrl\":\"https:\/\/jetx-player.com\/wp-content\/uploads\/lucky-jet-header-e1707648698751.webp\",\"width\":643,\"height\":178,\"caption\":\"JetX\"},\"image\":{\"@id\":\"https:\/\/jetx-player.com\/#\/schema\/logo\/image\/\"}}]}<\/script>\n<!-- \/ Yoast SEO plugin. -->","yoast_head_json":{"title":"\u0421\u0442\u0440\u0430\u0442\u0435\u0433\u0438\u0438 \u0438\u0433\u0440\u044b Lucky Jet \u0432 \u043e\u043d\u043b\u0430\u0439\u043d \u043a\u0430\u0437\u0438\u043d\u043e","description":"Juega y gana en el juego de colisi\u00f3n Lucky Jet. Las mejores estrategias y t\u00e1cticas para ganar dinero real en el juego de colisi\u00f3n Lucky Jet. Juega y gana ahora.","robots":{"index":"index","follow":"follow","max-snippet":"max-snippet:-1","max-image-preview":"max-image-preview:large","max-video-preview":"max-video-preview:-1"},"canonical":"https:\/\/jetx-player.com\/es\/gameplay-strategies-in-lucky-jet\/","og_locale":"es_ES","og_type":"article","og_title":"\u0421\u0442\u0440\u0430\u0442\u0435\u0433\u0438\u0438 \u0438\u0433\u0440\u044b Lucky Jet \u0432 \u043e\u043d\u043b\u0430\u0439\u043d \u043a\u0430\u0437\u0438\u043d\u043e","og_description":"\u0418\u0433\u0440\u0430\u0442\u044c \u0438 \u0432\u044b\u0438\u0433\u0440\u044b\u0432\u0430\u0442\u044c \u0432 \u043a\u0440\u0430\u0448 \u0438\u0433\u0440\u0435 \u041b\u0430\u043a\u0438 \u0414\u0436\u0435\u0442. \u041b\u0443\u0447\u0448\u0438\u0435 \u0441\u0442\u0440\u0430\u0442\u0435\u0433\u0438\u0438 \u0438 \u0442\u0430\u043a\u0442\u0438\u043a\u0438 \u0434\u043b\u044f \u0432\u044b\u0438\u0433\u0440\u044b\u0448\u0430 \u0440\u0435\u0430\u043b\u044c\u043d\u044b\u0445 \u0434\u0435\u043d\u0435\u0433 \u0432 \u043a\u0440\u0430\u0448 \u0438\u0433\u0440\u0435 Lucky Jet. \u0418\u0433\u0440\u0430\u0442\u044c \u0438 \u0432\u044b\u0438\u0433\u0440\u044b\u0432\u0430\u0442\u044c \u0441\u0435\u0439\u0447\u0430\u0441","og_url":"https:\/\/jetx-player.com\/es\/gameplay-strategies-in-lucky-jet\/","og_site_name":"JetX","article_modified_time":"2024-02-28T20:06:24+00:00","og_image":[{"width":1920,"height":1079,"url":"https:\/\/jetx-player.com\/wp-content\/uploads\/abstract-blue-night-space-cosmos-background-with-nebula-and-shining-star-vector.jpg","type":"image\/jpeg"}],"twitter_card":"summary_large_image","twitter_misc":{"Tiempo de lectura":"28 minutos"},"schema":{"@context":"https:\/\/schema.org","@graph":[{"@type":"WebPage","@id":"https:\/\/jetx-player.com\/gameplay-strategies-in-lucky-jet\/","url":"https:\/\/jetx-player.com\/gameplay-strategies-in-lucky-jet\/","name":"\u0421\u0442\u0440\u0430\u0442\u0435\u0433\u0438\u0438 \u0438\u0433\u0440\u044b Lucky Jet \u0432 \u043e\u043d\u043b\u0430\u0439\u043d \u043a\u0430\u0437\u0438\u043d\u043e","isPartOf":{"@id":"https:\/\/jetx-player.com\/#website"},"primaryImageOfPage":{"@id":"https:\/\/jetx-player.com\/gameplay-strategies-in-lucky-jet\/#primaryimage"},"image":{"@id":"https:\/\/jetx-player.com\/gameplay-strategies-in-lucky-jet\/#primaryimage"},"thumbnailUrl":"https:\/\/jetx-player.com\/wp-content\/uploads\/abstract-blue-night-space-cosmos-background-with-nebula-and-shining-star-vector.jpg","datePublished":"2024-02-11T10:15:28+00:00","dateModified":"2024-02-28T20:06:24+00:00","description":"\u0418\u0433\u0440\u0430\u0442\u044c \u0438 \u0432\u044b\u0438\u0433\u0440\u044b\u0432\u0430\u0442\u044c \u0432 \u043a\u0440\u0430\u0448 \u0438\u0433\u0440\u0435 \u041b\u0430\u043a\u0438 \u0414\u0436\u0435\u0442. \u041b\u0443\u0447\u0448\u0438\u0435 \u0441\u0442\u0440\u0430\u0442\u0435\u0433\u0438\u0438 \u0438 \u0442\u0430\u043a\u0442\u0438\u043a\u0438 \u0434\u043b\u044f \u0432\u044b\u0438\u0433\u0440\u044b\u0448\u0430 \u0440\u0435\u0430\u043b\u044c\u043d\u044b\u0445 \u0434\u0435\u043d\u0435\u0433 \u0432 \u043a\u0440\u0430\u0448 \u0438\u0433\u0440\u0435 Lucky Jet. \u0418\u0433\u0440\u0430\u0442\u044c \u0438 \u0432\u044b\u0438\u0433\u0440\u044b\u0432\u0430\u0442\u044c \u0441\u0435\u0439\u0447\u0430\u0441","breadcrumb":{"@id":"https:\/\/jetx-player.com\/gameplay-strategies-in-lucky-jet\/#breadcrumb"},"inLanguage":"es-ES","potentialAction":[{"@type":"ReadAction","target":["https:\/\/jetx-player.com\/gameplay-strategies-in-lucky-jet\/"]}]},{"@type":"ImageObject","inLanguage":"es-ES","@id":"https:\/\/jetx-player.com\/gameplay-strategies-in-lucky-jet\/#primaryimage","url":"https:\/\/jetx-player.com\/wp-content\/uploads\/abstract-blue-night-space-cosmos-background-with-nebula-and-shining-star-vector.jpg","contentUrl":"https:\/\/jetx-player.com\/wp-content\/uploads\/abstract-blue-night-space-cosmos-background-with-nebula-and-shining-star-vector.jpg","width":1920,"height":1079},{"@type":"BreadcrumbList","@id":"https:\/\/jetx-player.com\/gameplay-strategies-in-lucky-jet\/#breadcrumb","itemListElement":[{"@type":"ListItem","position":1,"name":"Home","item":"https:\/\/jetx-player.com\/"},{"@type":"ListItem","position":2,"name":"\u0421\u0442\u0440\u0430\u0442\u0435\u0433\u0438\u0438 \u0438\u0433\u0440\u044b \u0432 Lucky Jet"}]},{"@type":"WebSite","@id":"https:\/\/jetx-player.com\/#website","url":"https:\/\/jetx-player.com\/","name":"JetX","description":"Just another WordPress site","publisher":{"@id":"https:\/\/jetx-player.com\/#organization"},"potentialAction":[{"@type":"SearchAction","target":{"@type":"EntryPoint","urlTemplate":"https:\/\/jetx-player.com\/?s={search_term_string}"},"query-input":{"@type":"PropertyValueSpecification","valueRequired":true,"valueName":"search_term_string"}}],"inLanguage":"es-ES"},{"@type":"Organization","@id":"https:\/\/jetx-player.com\/#organization","name":"JetX","url":"https:\/\/jetx-player.com\/","logo":{"@type":"ImageObject","inLanguage":"es-ES","@id":"https:\/\/jetx-player.com\/#\/schema\/logo\/image\/","url":"https:\/\/jetx-player.com\/wp-content\/uploads\/lucky-jet-header-e1707648698751.webp","contentUrl":"https:\/\/jetx-player.com\/wp-content\/uploads\/lucky-jet-header-e1707648698751.webp","width":643,"height":178,"caption":"JetX"},"image":{"@id":"https:\/\/jetx-player.com\/#\/schema\/logo\/image\/"}}]}},"_links":{"self":[{"href":"https:\/\/jetx-player.com\/es\/wp-json\/wp\/v2\/pages\/12","targetHints":{"allow":["GET"]}}],"collection":[{"href":"https:\/\/jetx-player.com\/es\/wp-json\/wp\/v2\/pages"}],"about":[{"href":"https:\/\/jetx-player.com\/es\/wp-json\/wp\/v2\/types\/page"}],"author":[{"embeddable":true,"href":"https:\/\/jetx-player.com\/es\/wp-json\/wp\/v2\/users\/1"}],"replies":[{"embeddable":true,"href":"https:\/\/jetx-player.com\/es\/wp-json\/wp\/v2\/comments?post=12"}],"version-history":[{"count":25,"href":"https:\/\/jetx-player.com\/es\/wp-json\/wp\/v2\/pages\/12\/revisions"}],"predecessor-version":[{"id":188,"href":"https:\/\/jetx-player.com\/es\/wp-json\/wp\/v2\/pages\/12\/revisions\/188"}],"wp:featuredmedia":[{"embeddable":true,"href":"https:\/\/jetx-player.com\/es\/wp-json\/wp\/v2\/media\/93"}],"wp:attachment":[{"href":"https:\/\/jetx-player.com\/es\/wp-json\/wp\/v2\/media?parent=12"}],"curies":[{"name":"wp","href":"https:\/\/api.w.org\/{rel}","templated":true}]}}