{"id":10,"date":"2024-02-11T10:14:25","date_gmt":"2024-02-11T10:14:25","guid":{"rendered":"https:\/\/jetx-player.com\/?page_id=10"},"modified":"2024-02-28T20:05:21","modified_gmt":"2024-02-28T20:05:21","slug":"reviews-of-the-lucky-jet-game","status":"publish","type":"page","link":"https:\/\/jetx-player.com\/es\/reviews-of-the-lucky-jet-game\/","title":{"rendered":"Rese\u00f1as del juego Lucky Jet"},"content":{"rendered":"<p>Hemos recopilado opiniones y testimonios de jugadores reales sobre el juego Lucky Jet. Al leer estas rese\u00f1as, obtendr\u00e1s una mejor comprensi\u00f3n de c\u00f3mo es el juego y c\u00f3mo funciona. Recomendamos familiarizarte con las opiniones de los jugadores antes de comenzar a jugar a Lucky Jet.<\/p>\n<p><strong>Alexey, 34 a\u00f1os:<\/strong> \u00abLucky Jet ha sido un verdadero descubrimiento para m\u00ed. La emoci\u00f3n de cada despegue es indescriptible, y el momento en que necesitas decidir si cobrar te mantiene en vilo. He logrado duplicar mis ganancias varias veces, pero a veces la codicia se apodera, y entonces tengo que empezar de nuevo. Bueno, eso pasa.\u00bb<\/p>\n<p><strong>Marina, 29 a\u00f1os:<\/strong> \u00abAl principio, pens\u00e9 que Lucky Jet ser\u00eda sencillo, pero result\u00f3 que sin una buena estrategia, no llegar\u00e1s lejos. Prob\u00e9 varios enfoques y encontr\u00e9 mi estilo de juego. Es sorprendente, pero las ganancias pueden ser realmente sustanciales, especialmente si sabes cu\u00e1ndo parar. Y hasta ahora, eso es lo m\u00e1s importante que necesito aprender: saber cu\u00e1ndo parar.\u00bb<\/p>\n<p><strong>Dmitry, 42 a\u00f1os:<\/strong> \u00abJugar a Lucky Jet me ha ense\u00f1ado a ser m\u00e1s moderado. Cada juego es una lecci\u00f3n de autocontrol porque no solo es importante adivinar el momento para apostar, sino tambi\u00e9n decidir cu\u00e1ndo es el momento de reclamar tus ganancias. La mejor estrategia para m\u00ed es establecer l\u00edmites claros y ce\u00f1irme a ellos. He mejorado desde que empec\u00e9 a jugar a Lucky Jet.\u00bb<\/p>\n<p><strong>Elena, 25 a\u00f1os:<\/strong> \u00abLucky Jet me atrae con la posibilidad de ganar mucho debido a los multiplicadores altos. Sin embargo, cada vez que juego, me recuerda que es importante saber cu\u00e1ndo parar. Varias veces he logrado ganar cantidades significativas, pero tambi\u00e9n hay p\u00e9rdidas que me recuerdan los riesgos. Y los riesgos, como en cualquier juego de crash, son realmente altos.\u00bb<\/p>\n<p><strong>Igor, 38 a\u00f1os:<\/strong> \u00abDespu\u00e9s de un d\u00eda de trabajo, Lucky Jet es mi manera de relajarme. Me gusta que el juego no requiera mucha atenci\u00f3n, pero al mismo tiempo, ofrece la oportunidad de ganar. Por supuesto, no siempre termino en positivo, pero las emociones del juego lo valen. Disfruto jugando, y seguir\u00e9 jugando.\u00bb<\/p>\n<p><strong>Victoria, 31 a\u00f1os:<\/strong> \u00abMi parte favorita de Lucky Jet es la sensaci\u00f3n de justicia. A diferencia de algunos otros juegos, aqu\u00ed el resultado realmente parece aleatorio, lo que hace que cada juego sea emocionante. Desde que empec\u00e9 a jugar, mi noche no pasa sin algunos despegues. Adem\u00e1s, el juego tiene un personaje muy lindo. Los aviones y los cohetes son aburridos, pero un joven lindo con una mochila es otra historia.\u00bb<\/p>\n<p><strong>Nikolay, 45 a\u00f1os:<\/strong> \u00abJugando a Lucky Jet, he descubierto que el inter\u00e9s en el juego no se desvanece. Cada vez que entro al juego, siento emoci\u00f3n, y este sentimiento alimenta mi deseo de jugar una y otra vez. Las ganancias y las p\u00e9rdidas se alternan, pero la emoci\u00f3n permanece. Es un juego que merece la atenci\u00f3n de cualquier jugador.\u00bb<\/p>\n<p><strong>Anna, 27 a\u00f1os:<\/strong> \u00abEn Lucky Jet, he probado diferentes estrategias, desde conservadoras hasta m\u00e1s arriesgadas. Curiosamente, algunas realmente ayudan a aumentar las posibilidades de \u00e9xito. Lo principal es el control emocional y saber cu\u00e1ndo detenerse antes de que se pierda la apuesta. Sin embargo, este es un requisito clave para cualquier juego de crash.\u00bb<\/p>\n<p><strong>Sergey, 50 a\u00f1os:<\/strong> \u00abMe gusta que en Lucky Jet, t\u00fa controlas el juego. Decidir cu\u00e1ndo reclamar tus ganancias agrega estrategia y psicolog\u00eda. Ya ha habido grandes victorias, pero las p\u00e9rdidas te hacen m\u00e1s cauteloso. En general, el juego deja una buena impresi\u00f3n.\u00bb<\/p>\n<p><strong>Olga, 22 a\u00f1os:<\/strong> \u00abPara m\u00ed, Lucky Jet se ha convertido en una puerta de entrada al mundo de los juegos de azar. La simplicidad de las reglas combinada con la imprevisibilidad del resultado hace que cada juego sea \u00fanico. Hasta ahora, la suerte no siempre est\u00e1 de mi lado, pero estoy aprendiendo a manejar los riesgos. Pero las ventajas superan a los riesgos.\u00bb<\/p>\n<p><strong>Artyom, 35 a\u00f1os:<\/strong> \u00abEs sorprendente, pero en Lucky Jet, logro ganar bastante seguido. La clave del \u00e9xito, en mi opini\u00f3n, radica en la distribuci\u00f3n correcta de las apuestas y en saber cu\u00e1ndo detenerse en el momento adecuado. Este juego me ha ense\u00f1ado a apreciar cada victoria. Y ganar en el juego es posible. El juego te deja ganar.\u00bb<\/p>\n<p><strong>Tatyana, 40 a\u00f1os:<\/strong> \u00abLucky Jet no solo es una prueba de suerte, sino tambi\u00e9n una prueba de resistencia. Jugando, entend\u00ed mejor lo importante que es poder controlar tus deseos y emociones. Las victorias vienen y van, pero la emoci\u00f3n y la excitaci\u00f3n permanecen. El juego Lucky Jet brinda una excelente sensaci\u00f3n. Juego muy estimulante.\u00bb<\/p>\n<p><strong>Mikhail, 28 a\u00f1os:<\/strong> \u00abAplicando la estrategia de Martingala en Lucky Jet, he logrado ganar varias veces seguidas. Esto confirma que con el enfoque correcto y un poco de suerte, se puede lograr el \u00e9xito. Pero es importante recordar los riesgos y no abusar de esta estrategia. Estoy listo para jugar a Lucky Jet por las tardes y realmente disfrutar del juego.\u00bb<\/p>\n<p><strong>Larisa, 33 a\u00f1os:<\/strong> \u00abCada juego en Lucky Jet es una nueva aventura. La imprevisibilidad de los resultados hace que cada despegue sea \u00fanico, y eso es lo que me atrae. A pesar de las p\u00e9rdidas, las emociones de las victorias no tienen precio. Valoro mucho el casino 1win y el juego Lucky Jet.\u00bb<\/p>\n<p><strong>Georgiy, 36 a\u00f1os:<\/strong> \u00abLucky Jet me ayud\u00f3 a desarrollar la intuici\u00f3n y me ense\u00f1\u00f3 a pensar estrat\u00e9gicamente. En el juego, no solo es importante tener suerte, sino tambi\u00e9n poder analizar la situaci\u00f3n. Las victorias agregan confianza, y las p\u00e9rdidas agregan experiencia. Me gusta el juego Lucky Jet.\u00bb<\/p>\n","protected":false},"excerpt":{"rendered":"<p>Hemos recopilado opiniones y testimonios de jugadores reales sobre el juego Lucky Jet. Al leer estas rese\u00f1as, obtendr\u00e1s una mejor comprensi\u00f3n de c\u00f3mo es el [&hellip;]<\/p>\n","protected":false},"author":1,"featured_media":93,"parent":0,"menu_order":0,"comment_status":"closed","ping_status":"closed","template":"","meta":{"footnotes":"","_links_to":"","_links_to_target":""},"class_list":["post-10","page","type-page","status-publish","has-post-thumbnail","hentry"],"yoast_head":"<!-- This site is optimized with the Yoast SEO plugin v27.2 - https:\/\/yoast.com\/product\/yoast-seo-wordpress\/ -->\n<title>\u041e\u0442\u0437\u044b\u0432\u044b \u0438 \u043e\u0431\u0437\u043e\u0440\u044b \u0440\u0435\u0430\u043b\u044c\u043d\u044b\u0445 \u0438\u0433\u0440\u043e\u043a\u043e\u0432 \u043e\u0431 \u0438\u0433\u0440\u0435 Lucky Jet<\/title>\n<meta name=\"description\" content=\"Hemos recopilado rese\u00f1as, opiniones y descripciones de jugadores de Lucky Jet sobre el juego. Todo lo que quer\u00edas saber sobre el juego Lucky Jet y c\u00f3mo lo juegan otros jugadores.\" \/>\n<meta name=\"robots\" content=\"index, follow, max-snippet:-1, max-image-preview:large, max-video-preview:-1\" \/>\n<link rel=\"canonical\" href=\"https:\/\/jetx-player.com\/es\/reviews-of-the-lucky-jet-game\/\" \/>\n<meta property=\"og:locale\" content=\"es_ES\" \/>\n<meta property=\"og:locale:alternate\" content=\"ru_RU\" \/>\n<meta property=\"og:locale:alternate\" content=\"en_US\" \/>\n<meta property=\"og:locale:alternate\" content=\"pt_PT\" \/>\n<meta property=\"og:locale:alternate\" content=\"ro_RO\" \/>\n<meta property=\"og:locale:alternate\" content=\"sr_RS\" \/>\n<meta property=\"og:locale:alternate\" content=\"bg_BG\" \/>\n<meta property=\"og:locale:alternate\" content=\"pl_PL\" \/>\n<meta property=\"og:locale:alternate\" content=\"it_IT\" \/>\n<meta property=\"og:locale:alternate\" content=\"fr_FR\" \/>\n<meta property=\"og:type\" content=\"article\" \/>\n<meta property=\"og:title\" content=\"\u041e\u0442\u0437\u044b\u0432\u044b \u0438 \u043e\u0431\u0437\u043e\u0440\u044b \u0440\u0435\u0430\u043b\u044c\u043d\u044b\u0445 \u0438\u0433\u0440\u043e\u043a\u043e\u0432 \u043e\u0431 \u0438\u0433\u0440\u0435 Lucky Jet\" \/>\n<meta property=\"og:description\" content=\"\u041c\u044b \u0441\u043e\u0431\u0440\u0430\u043b\u0438 \u043e\u0442\u0437\u044b\u0432\u044b, \u043c\u043d\u0435\u043d\u0438\u044f \u0438 \u043e\u0431\u0437\u043e\u0440\u044b \u0438\u0433\u0440\u043e\u043a\u043e\u0432 Lucky Jet \u043e\u0431 \u0438\u0433\u0440\u0435. \u0412\u0441\u0435, \u0447\u0442\u043e \u0432\u044b \u0445\u043e\u0442\u0435\u043b\u0438 \u0443\u0437\u043d\u0430\u0442\u044c \u043e\u0431 \u0438\u0433\u0440\u0435 Lucky Jet \u0438 \u043a\u0430\u043a \u0432 \u043d\u0435\u0435 \u0438\u0433\u0440\u0430\u044e\u0442 \u0434\u0440\u0443\u0433\u0438\u0435 \u0438\u0433\u0440\u043e\u043a\u0438\" \/>\n<meta property=\"og:url\" content=\"https:\/\/jetx-player.com\/es\/reviews-of-the-lucky-jet-game\/\" \/>\n<meta property=\"og:site_name\" content=\"JetX\" \/>\n<meta property=\"article:modified_time\" content=\"2024-02-28T20:05:21+00:00\" \/>\n<meta property=\"og:image\" content=\"https:\/\/jetx-player.com\/wp-content\/uploads\/abstract-blue-night-space-cosmos-background-with-nebula-and-shining-star-vector.jpg\" \/>\n\t<meta property=\"og:image:width\" content=\"1920\" \/>\n\t<meta property=\"og:image:height\" content=\"1079\" \/>\n\t<meta property=\"og:image:type\" content=\"image\/jpeg\" \/>\n<meta name=\"twitter:card\" content=\"summary_large_image\" \/>\n<meta name=\"twitter:label1\" content=\"Tiempo de lectura\" \/>\n\t<meta name=\"twitter:data1\" content=\"33 minutos\" \/>\n<script type=\"application\/ld+json\" class=\"yoast-schema-graph\">{\"@context\":\"https:\/\/schema.org\",\"@graph\":[{\"@type\":\"WebPage\",\"@id\":\"https:\/\/jetx-player.com\/reviews-of-the-lucky-jet-game\/\",\"url\":\"https:\/\/jetx-player.com\/reviews-of-the-lucky-jet-game\/\",\"name\":\"\u041e\u0442\u0437\u044b\u0432\u044b \u0438 \u043e\u0431\u0437\u043e\u0440\u044b \u0440\u0435\u0430\u043b\u044c\u043d\u044b\u0445 \u0438\u0433\u0440\u043e\u043a\u043e\u0432 \u043e\u0431 \u0438\u0433\u0440\u0435 Lucky Jet\",\"isPartOf\":{\"@id\":\"https:\/\/jetx-player.com\/#website\"},\"primaryImageOfPage\":{\"@id\":\"https:\/\/jetx-player.com\/reviews-of-the-lucky-jet-game\/#primaryimage\"},\"image\":{\"@id\":\"https:\/\/jetx-player.com\/reviews-of-the-lucky-jet-game\/#primaryimage\"},\"thumbnailUrl\":\"https:\/\/jetx-player.com\/wp-content\/uploads\/abstract-blue-night-space-cosmos-background-with-nebula-and-shining-star-vector.jpg\",\"datePublished\":\"2024-02-11T10:14:25+00:00\",\"dateModified\":\"2024-02-28T20:05:21+00:00\",\"description\":\"\u041c\u044b \u0441\u043e\u0431\u0440\u0430\u043b\u0438 \u043e\u0442\u0437\u044b\u0432\u044b, \u043c\u043d\u0435\u043d\u0438\u044f \u0438 \u043e\u0431\u0437\u043e\u0440\u044b \u0438\u0433\u0440\u043e\u043a\u043e\u0432 Lucky Jet \u043e\u0431 \u0438\u0433\u0440\u0435. \u0412\u0441\u0435, \u0447\u0442\u043e \u0432\u044b \u0445\u043e\u0442\u0435\u043b\u0438 \u0443\u0437\u043d\u0430\u0442\u044c \u043e\u0431 \u0438\u0433\u0440\u0435 Lucky Jet \u0438 \u043a\u0430\u043a \u0432 \u043d\u0435\u0435 \u0438\u0433\u0440\u0430\u044e\u0442 \u0434\u0440\u0443\u0433\u0438\u0435 \u0438\u0433\u0440\u043e\u043a\u0438\",\"breadcrumb\":{\"@id\":\"https:\/\/jetx-player.com\/reviews-of-the-lucky-jet-game\/#breadcrumb\"},\"inLanguage\":\"es-ES\",\"potentialAction\":[{\"@type\":\"ReadAction\",\"target\":[\"https:\/\/jetx-player.com\/reviews-of-the-lucky-jet-game\/\"]}]},{\"@type\":\"ImageObject\",\"inLanguage\":\"es-ES\",\"@id\":\"https:\/\/jetx-player.com\/reviews-of-the-lucky-jet-game\/#primaryimage\",\"url\":\"https:\/\/jetx-player.com\/wp-content\/uploads\/abstract-blue-night-space-cosmos-background-with-nebula-and-shining-star-vector.jpg\",\"contentUrl\":\"https:\/\/jetx-player.com\/wp-content\/uploads\/abstract-blue-night-space-cosmos-background-with-nebula-and-shining-star-vector.jpg\",\"width\":1920,\"height\":1079},{\"@type\":\"BreadcrumbList\",\"@id\":\"https:\/\/jetx-player.com\/reviews-of-the-lucky-jet-game\/#breadcrumb\",\"itemListElement\":[{\"@type\":\"ListItem\",\"position\":1,\"name\":\"Home\",\"item\":\"https:\/\/jetx-player.com\/\"},{\"@type\":\"ListItem\",\"position\":2,\"name\":\"\u041e\u0442\u0437\u044b\u0432\u044b \u043e\u0431 \u0438\u0433\u0440\u0435 Lucky Jet\"}]},{\"@type\":\"WebSite\",\"@id\":\"https:\/\/jetx-player.com\/#website\",\"url\":\"https:\/\/jetx-player.com\/\",\"name\":\"JetX\",\"description\":\"Just another WordPress site\",\"publisher\":{\"@id\":\"https:\/\/jetx-player.com\/#organization\"},\"potentialAction\":[{\"@type\":\"SearchAction\",\"target\":{\"@type\":\"EntryPoint\",\"urlTemplate\":\"https:\/\/jetx-player.com\/?s={search_term_string}\"},\"query-input\":{\"@type\":\"PropertyValueSpecification\",\"valueRequired\":true,\"valueName\":\"search_term_string\"}}],\"inLanguage\":\"es-ES\"},{\"@type\":\"Organization\",\"@id\":\"https:\/\/jetx-player.com\/#organization\",\"name\":\"JetX\",\"url\":\"https:\/\/jetx-player.com\/\",\"logo\":{\"@type\":\"ImageObject\",\"inLanguage\":\"es-ES\",\"@id\":\"https:\/\/jetx-player.com\/#\/schema\/logo\/image\/\",\"url\":\"https:\/\/jetx-player.com\/wp-content\/uploads\/lucky-jet-header-e1707648698751.webp\",\"contentUrl\":\"https:\/\/jetx-player.com\/wp-content\/uploads\/lucky-jet-header-e1707648698751.webp\",\"width\":643,\"height\":178,\"caption\":\"JetX\"},\"image\":{\"@id\":\"https:\/\/jetx-player.com\/#\/schema\/logo\/image\/\"}}]}<\/script>\n<!-- \/ Yoast SEO plugin. -->","yoast_head_json":{"title":"\u041e\u0442\u0437\u044b\u0432\u044b \u0438 \u043e\u0431\u0437\u043e\u0440\u044b \u0440\u0435\u0430\u043b\u044c\u043d\u044b\u0445 \u0438\u0433\u0440\u043e\u043a\u043e\u0432 \u043e\u0431 \u0438\u0433\u0440\u0435 Lucky Jet","description":"Hemos recopilado rese\u00f1as, opiniones y descripciones de jugadores de Lucky Jet sobre el juego. Todo lo que quer\u00edas saber sobre el juego Lucky Jet y c\u00f3mo lo juegan otros jugadores.","robots":{"index":"index","follow":"follow","max-snippet":"max-snippet:-1","max-image-preview":"max-image-preview:large","max-video-preview":"max-video-preview:-1"},"canonical":"https:\/\/jetx-player.com\/es\/reviews-of-the-lucky-jet-game\/","og_locale":"es_ES","og_type":"article","og_title":"\u041e\u0442\u0437\u044b\u0432\u044b \u0438 \u043e\u0431\u0437\u043e\u0440\u044b \u0440\u0435\u0430\u043b\u044c\u043d\u044b\u0445 \u0438\u0433\u0440\u043e\u043a\u043e\u0432 \u043e\u0431 \u0438\u0433\u0440\u0435 Lucky Jet","og_description":"\u041c\u044b \u0441\u043e\u0431\u0440\u0430\u043b\u0438 \u043e\u0442\u0437\u044b\u0432\u044b, \u043c\u043d\u0435\u043d\u0438\u044f \u0438 \u043e\u0431\u0437\u043e\u0440\u044b \u0438\u0433\u0440\u043e\u043a\u043e\u0432 Lucky Jet \u043e\u0431 \u0438\u0433\u0440\u0435. \u0412\u0441\u0435, \u0447\u0442\u043e \u0432\u044b \u0445\u043e\u0442\u0435\u043b\u0438 \u0443\u0437\u043d\u0430\u0442\u044c \u043e\u0431 \u0438\u0433\u0440\u0435 Lucky Jet \u0438 \u043a\u0430\u043a \u0432 \u043d\u0435\u0435 \u0438\u0433\u0440\u0430\u044e\u0442 \u0434\u0440\u0443\u0433\u0438\u0435 \u0438\u0433\u0440\u043e\u043a\u0438","og_url":"https:\/\/jetx-player.com\/es\/reviews-of-the-lucky-jet-game\/","og_site_name":"JetX","article_modified_time":"2024-02-28T20:05:21+00:00","og_image":[{"width":1920,"height":1079,"url":"https:\/\/jetx-player.com\/wp-content\/uploads\/abstract-blue-night-space-cosmos-background-with-nebula-and-shining-star-vector.jpg","type":"image\/jpeg"}],"twitter_card":"summary_large_image","twitter_misc":{"Tiempo de lectura":"33 minutos"},"schema":{"@context":"https:\/\/schema.org","@graph":[{"@type":"WebPage","@id":"https:\/\/jetx-player.com\/reviews-of-the-lucky-jet-game\/","url":"https:\/\/jetx-player.com\/reviews-of-the-lucky-jet-game\/","name":"\u041e\u0442\u0437\u044b\u0432\u044b \u0438 \u043e\u0431\u0437\u043e\u0440\u044b \u0440\u0435\u0430\u043b\u044c\u043d\u044b\u0445 \u0438\u0433\u0440\u043e\u043a\u043e\u0432 \u043e\u0431 \u0438\u0433\u0440\u0435 Lucky Jet","isPartOf":{"@id":"https:\/\/jetx-player.com\/#website"},"primaryImageOfPage":{"@id":"https:\/\/jetx-player.com\/reviews-of-the-lucky-jet-game\/#primaryimage"},"image":{"@id":"https:\/\/jetx-player.com\/reviews-of-the-lucky-jet-game\/#primaryimage"},"thumbnailUrl":"https:\/\/jetx-player.com\/wp-content\/uploads\/abstract-blue-night-space-cosmos-background-with-nebula-and-shining-star-vector.jpg","datePublished":"2024-02-11T10:14:25+00:00","dateModified":"2024-02-28T20:05:21+00:00","description":"\u041c\u044b \u0441\u043e\u0431\u0440\u0430\u043b\u0438 \u043e\u0442\u0437\u044b\u0432\u044b, \u043c\u043d\u0435\u043d\u0438\u044f \u0438 \u043e\u0431\u0437\u043e\u0440\u044b \u0438\u0433\u0440\u043e\u043a\u043e\u0432 Lucky Jet \u043e\u0431 \u0438\u0433\u0440\u0435. \u0412\u0441\u0435, \u0447\u0442\u043e \u0432\u044b \u0445\u043e\u0442\u0435\u043b\u0438 \u0443\u0437\u043d\u0430\u0442\u044c \u043e\u0431 \u0438\u0433\u0440\u0435 Lucky Jet \u0438 \u043a\u0430\u043a \u0432 \u043d\u0435\u0435 \u0438\u0433\u0440\u0430\u044e\u0442 \u0434\u0440\u0443\u0433\u0438\u0435 \u0438\u0433\u0440\u043e\u043a\u0438","breadcrumb":{"@id":"https:\/\/jetx-player.com\/reviews-of-the-lucky-jet-game\/#breadcrumb"},"inLanguage":"es-ES","potentialAction":[{"@type":"ReadAction","target":["https:\/\/jetx-player.com\/reviews-of-the-lucky-jet-game\/"]}]},{"@type":"ImageObject","inLanguage":"es-ES","@id":"https:\/\/jetx-player.com\/reviews-of-the-lucky-jet-game\/#primaryimage","url":"https:\/\/jetx-player.com\/wp-content\/uploads\/abstract-blue-night-space-cosmos-background-with-nebula-and-shining-star-vector.jpg","contentUrl":"https:\/\/jetx-player.com\/wp-content\/uploads\/abstract-blue-night-space-cosmos-background-with-nebula-and-shining-star-vector.jpg","width":1920,"height":1079},{"@type":"BreadcrumbList","@id":"https:\/\/jetx-player.com\/reviews-of-the-lucky-jet-game\/#breadcrumb","itemListElement":[{"@type":"ListItem","position":1,"name":"Home","item":"https:\/\/jetx-player.com\/"},{"@type":"ListItem","position":2,"name":"\u041e\u0442\u0437\u044b\u0432\u044b \u043e\u0431 \u0438\u0433\u0440\u0435 Lucky Jet"}]},{"@type":"WebSite","@id":"https:\/\/jetx-player.com\/#website","url":"https:\/\/jetx-player.com\/","name":"JetX","description":"Just another WordPress site","publisher":{"@id":"https:\/\/jetx-player.com\/#organization"},"potentialAction":[{"@type":"SearchAction","target":{"@type":"EntryPoint","urlTemplate":"https:\/\/jetx-player.com\/?s={search_term_string}"},"query-input":{"@type":"PropertyValueSpecification","valueRequired":true,"valueName":"search_term_string"}}],"inLanguage":"es-ES"},{"@type":"Organization","@id":"https:\/\/jetx-player.com\/#organization","name":"JetX","url":"https:\/\/jetx-player.com\/","logo":{"@type":"ImageObject","inLanguage":"es-ES","@id":"https:\/\/jetx-player.com\/#\/schema\/logo\/image\/","url":"https:\/\/jetx-player.com\/wp-content\/uploads\/lucky-jet-header-e1707648698751.webp","contentUrl":"https:\/\/jetx-player.com\/wp-content\/uploads\/lucky-jet-header-e1707648698751.webp","width":643,"height":178,"caption":"JetX"},"image":{"@id":"https:\/\/jetx-player.com\/#\/schema\/logo\/image\/"}}]}},"_links":{"self":[{"href":"https:\/\/jetx-player.com\/es\/wp-json\/wp\/v2\/pages\/10","targetHints":{"allow":["GET"]}}],"collection":[{"href":"https:\/\/jetx-player.com\/es\/wp-json\/wp\/v2\/pages"}],"about":[{"href":"https:\/\/jetx-player.com\/es\/wp-json\/wp\/v2\/types\/page"}],"author":[{"embeddable":true,"href":"https:\/\/jetx-player.com\/es\/wp-json\/wp\/v2\/users\/1"}],"replies":[{"embeddable":true,"href":"https:\/\/jetx-player.com\/es\/wp-json\/wp\/v2\/comments?post=10"}],"version-history":[{"count":24,"href":"https:\/\/jetx-player.com\/es\/wp-json\/wp\/v2\/pages\/10\/revisions"}],"predecessor-version":[{"id":187,"href":"https:\/\/jetx-player.com\/es\/wp-json\/wp\/v2\/pages\/10\/revisions\/187"}],"wp:featuredmedia":[{"embeddable":true,"href":"https:\/\/jetx-player.com\/es\/wp-json\/wp\/v2\/media\/93"}],"wp:attachment":[{"href":"https:\/\/jetx-player.com\/es\/wp-json\/wp\/v2\/media?parent=10"}],"curies":[{"name":"wp","href":"https:\/\/api.w.org\/{rel}","templated":true}]}}